{"id":2359,"date":"2023-04-03T19:36:36","date_gmt":"2023-04-04T00:36:36","guid":{"rendered":"https:\/\/soloaseo.com\/web\/?page_id=2359"},"modified":"2024-05-03T14:23:55","modified_gmt":"2024-05-03T19:23:55","slug":"somos-distribuidores","status":"publish","type":"page","link":"https:\/\/soloaseo.com\/web\/somos-distribuidores\/","title":{"rendered":"Manten tus espacio Limpios"},"content":{"rendered":"<h2 class=\"wp-block-heading\"><\/h2><p>En Soloaseo sabemos que un lugar de trabajo limpio y ordenado es esencial para la productividad de la empresa. Nosotros recomendamos que la limpieza en&nbsp;<strong>oficinas y despachos<\/strong> sea un infaltable en tu empresa, pero sin descuidar otras \u00e1reas como en salones, pasillos, ba\u00f1os, recibidores, entre otros.<\/p><figure class=\"wp-block-gallery aligncenter columns-2 is-cropped wp-block-gallery-1 is-layout-flex wp-block-gallery-is-layout-flex\"><ul class=\"blocks-gallery-grid\"><li class=\"blocks-gallery-item\"><figure><img loading=\"lazy\" decoding=\"async\" width=\"1024\" height=\"576\" src=\"https:\/\/soloaseo.com\/web\/wp-content\/uploads\/2023\/04\/Dise\u00f1o-sin-t\u00edtulo-7-1024x576.jpg\" alt=\"\" data-id=\"2362\" data-link=\"https:\/\/soloaseo.com\/web\/?attachment_id=2362\" class=\"wp-image-2362\" srcset=\"https:\/\/soloaseo.com\/web\/wp-content\/uploads\/2023\/04\/Dise\u00f1o-sin-t\u00edtulo-7-1024x576.jpg 1024w, https:\/\/soloaseo.com\/web\/wp-content\/uploads\/2023\/04\/Dise\u00f1o-sin-t\u00edtulo-7-300x169.jpg 300w, https:\/\/soloaseo.com\/web\/wp-content\/uploads\/2023\/04\/Dise\u00f1o-sin-t\u00edtulo-7-768x432.jpg 768w, https:\/\/soloaseo.com\/web\/wp-content\/uploads\/2023\/04\/Dise\u00f1o-sin-t\u00edtulo-7-859x483.jpg 859w, https:\/\/soloaseo.com\/web\/wp-content\/uploads\/2023\/04\/Dise\u00f1o-sin-t\u00edtulo-7-600x337.jpg 600w, https:\/\/soloaseo.com\/web\/wp-content\/uploads\/2023\/04\/Dise\u00f1o-sin-t\u00edtulo-7.jpg 1366w\" sizes=\"(max-width: 1024px) 100vw, 1024px\" \/><\/figure><\/li><li class=\"blocks-gallery-item\"><figure><img loading=\"lazy\" decoding=\"async\" width=\"1024\" height=\"576\" src=\"https:\/\/soloaseo.com\/web\/wp-content\/uploads\/2023\/04\/Dise\u00f1o-sin-t\u00edtulo-6-1024x576.jpg\" alt=\"\" data-id=\"2364\" data-link=\"https:\/\/soloaseo.com\/web\/?attachment_id=2364\" class=\"wp-image-2364\" srcset=\"https:\/\/soloaseo.com\/web\/wp-content\/uploads\/2023\/04\/Dise\u00f1o-sin-t\u00edtulo-6-1024x576.jpg 1024w, https:\/\/soloaseo.com\/web\/wp-content\/uploads\/2023\/04\/Dise\u00f1o-sin-t\u00edtulo-6-300x169.jpg 300w, https:\/\/soloaseo.com\/web\/wp-content\/uploads\/2023\/04\/Dise\u00f1o-sin-t\u00edtulo-6-768x432.jpg 768w, https:\/\/soloaseo.com\/web\/wp-content\/uploads\/2023\/04\/Dise\u00f1o-sin-t\u00edtulo-6-859x483.jpg 859w, https:\/\/soloaseo.com\/web\/wp-content\/uploads\/2023\/04\/Dise\u00f1o-sin-t\u00edtulo-6-600x337.jpg 600w, https:\/\/soloaseo.com\/web\/wp-content\/uploads\/2023\/04\/Dise\u00f1o-sin-t\u00edtulo-6.jpg 1366w\" sizes=\"(max-width: 1024px) 100vw, 1024px\" \/><\/figure><\/li><\/ul><\/figure><p>Tenemos m\u00e1s de <strong>3.000 productos de limpieza <\/strong>en nuestro cat\u00e1logo para realizar la limpieza de tu empresa, contamos con gran variedad de marcas y referencias que te facilitaran tu proceso de compras, todas las marcas que manejamos son reconocidas en el mercado institucional con calidad profesional en los resultados de limpieza y desinfecci\u00f3n.<\/p><p>Contar con productos de limpieza profesional y quimicos especializados es fundamental para los profesionales que se encargan de limpiar los despachos y oficinas, dando resultados mejores y m\u00e1s efectivos.<\/p><p><\/p><h2 class=\"wp-block-heading\"><\/h2><p>Revisa este listado de los&nbsp;<strong>productos<\/strong>&nbsp;m\u00e1s utilizados por un profesional para&nbsp;<strong>limpiar despachos y oficinas<\/strong>, con el fin de que puedan desarrollar su actividad diaria de la mejor forma posible.<\/p><p><strong>1) Desinfectantes<\/strong><\/p><p>Son limpiadores desinfectantes espec\u00edficos para diferentes superficies. Este tipo de productos debe ser usado con precauci\u00f3n y se recomienda utilizarlos siempre con guantes protectores.<\/p><p><a href=\"https:\/\/www.eurosanex.com\/blog\/wp-content\/uploads\/2016\/05\/limpieza-despachos-y-oficinas-1.jpg\"><\/a>El<em> <a href=\"https:\/\/soloaseo.com\/web\/product\/limpiador-desinfectante\" target=\"_blank\" rel=\"noreferrer noopener\"><strong>limpiador desinfectante Soloaseo<\/strong><\/a><\/em> es muy eficaz para limpiar cualquier superficie como pisos laminados, baldosas de ba\u00f1os. tambien se puede utilizar sobre superficies de formica, pl\u00e1sticos y metales.<\/p><p><strong>2) Limpiavidrios<\/strong><\/p><div class=\"wp-block-image\"><figure class=\"alignright size-large is-resized\"><img loading=\"lazy\" decoding=\"async\" src=\"https:\/\/soloaseo.com\/web\/wp-content\/uploads\/2023\/04\/Dise\u00f1o-sin-t\u00edtulo-12-1024x576.jpg\" alt=\"\" class=\"wp-image-2378\" width=\"741\" height=\"417\" srcset=\"https:\/\/soloaseo.com\/web\/wp-content\/uploads\/2023\/04\/Dise\u00f1o-sin-t\u00edtulo-12-1024x576.jpg 1024w, https:\/\/soloaseo.com\/web\/wp-content\/uploads\/2023\/04\/Dise\u00f1o-sin-t\u00edtulo-12-300x169.jpg 300w, https:\/\/soloaseo.com\/web\/wp-content\/uploads\/2023\/04\/Dise\u00f1o-sin-t\u00edtulo-12-768x432.jpg 768w, https:\/\/soloaseo.com\/web\/wp-content\/uploads\/2023\/04\/Dise\u00f1o-sin-t\u00edtulo-12-859x483.jpg 859w, https:\/\/soloaseo.com\/web\/wp-content\/uploads\/2023\/04\/Dise\u00f1o-sin-t\u00edtulo-12-600x337.jpg 600w, https:\/\/soloaseo.com\/web\/wp-content\/uploads\/2023\/04\/Dise\u00f1o-sin-t\u00edtulo-12.jpg 1366w\" sizes=\"(max-width: 741px) 100vw, 741px\" \/><\/figure><\/div><p>Son limpiadores y desengrasantes para cristales de uso profesional. Para su uso, se debe aplicar el producto con la ayuda de un pa\u00f1o limpio sobre vidrios y espejos, previa limpieza con un trapo para eliminar el polvo y la suciedad.<\/p><p>El<em><strong> <a rel=\"noreferrer noopener\" href=\"https:\/\/soloaseo.com\/web\/product\/limpiavidrios\/\" target=\"_blank\">limpiavidrios Soloaseo<\/a> <\/strong><\/em>es un producto profesional, este resulta muy eficaz para limpiar superficies y no solo cristales y espejos, sino tambi\u00e9n formica, pl\u00e1sticos y metales.<\/p><p>Con una gran capacidad limpiadora, este limpiavidrios elimina la suciedad, se evapora r\u00e1pidamente y facilita enormemente las tareas de limpieza sobre cualquier superficie.<\/p><p><strong><strong>3) Ambientadores, eliminadores de malos olores<\/strong><\/strong><\/p><p>Son una buena herramienta para quitar el mal olor, y dejar un aroma agradable en todas las oficinas y despachos despu\u00e9s de la jornada laboral.<\/p><p>En Soloaseo contamos con varios productos que cumplen con esta funci\u00f3n, el<strong> <a href=\"https:\/\/soloaseo.com\/web\/product\/ambientador-lavanda\/\" target=\"_blank\" rel=\"noreferrer noopener\">ambientador Soloaseo<\/a><\/strong> cuenta con varias fragancias, adem\u00e1s de ser un potente desodorante que perfuma el ambiente y elimina los malos olores. Su gran concentraci\u00f3n, calidad y rendimiento, hacen de este ambientador un producto muy adecuado para perfumar y complementar la higiene profesional de todo tipo de espacios p\u00fablicos y colectividades. Su uso en oficinas, despachos, restaurantes, hoteles, centros comerciales o tiendas es muy habitual.<\/p><p><strong>4) Mopas, trapos, escobas y traperos<\/strong><\/p><p>Aunque puedan parecer rudimentarios, hoy por hoy, no existe una forma mejor de eliminar el polvo y dejar unos buenos acabados, dando lustre al mobiliario y las superficies de gres, cer\u00e1mica, vidrio o cristal, etc.<\/p><p>En Soloaseo disponemos tanto de mopas abrillantadores Task y sus correspondientes recambio. Tambi\u00e9n contamos con <strong>traperos Soloaseo <\/strong>en referencias (400, 800, 1.000 y 1.200) muy \u00fatiles para aplicar todos los productos de cuidado de pisos. En escobas y trapos contamos con gran variedad de marcas y referencias que se adaptan a las necesidades de tu empresa<\/p><p><strong>5) Bolsas para basura<\/strong><\/p><p>Este material es indispensable para la eliminaci\u00f3n de basura, desechos y residuos. Pregunta a nuestros asesores por nuestras<strong> Bolsas Soloaseo<\/strong>, contamos con las referencias Papelera, Apartamento, Industrial y Jumbo.<\/p><p><a href=\"https:\/\/www.eurosanex.com\/blog\/wp-content\/uploads\/2016\/05\/limpieza-despachos-y-oficinas-2.jpg\"><\/a><em>Los guantes de protecci\u00f3n son necesarios para prevenir posibles accidentes con productos de limpieza peligrosos como los desinfectantes<\/em><\/p><p><strong>6) Baldes, canecas de basura y recogedores<\/strong><\/p><p>Aunque hoy en d\u00eda se utiliza maquinaria profesional de limpieza por parte de muchos profesionales de la limpieza de despachos, siempre hay situaciones y zonas que requieren de los m\u00e9todos de limpieza tradicionales.<\/p><p><strong>7) Guantes de protecci\u00f3n<\/strong><\/p><p>Son imprescindibles para prevenir posibles accidentes con productos de limpieza peligrosos como los desinfectantes. Los guantes de doble capa reforzados en la palma con l\u00e1tex&nbsp;que tenemos en nuestro cat\u00e1logo te pueden ser muy \u00fatiles. <\/p><figure class=\"wp-block-gallery columns-2 is-cropped wp-block-gallery-2 is-layout-flex wp-block-gallery-is-layout-flex\"><ul class=\"blocks-gallery-grid\"><li class=\"blocks-gallery-item\"><figure><img loading=\"lazy\" decoding=\"async\" width=\"1024\" height=\"576\" src=\"https:\/\/soloaseo.com\/web\/wp-content\/uploads\/2023\/04\/Dise\u00f1o-sin-t\u00edtulo-11-1024x576.jpg\" alt=\"\" data-id=\"2375\" data-link=\"https:\/\/soloaseo.com\/web\/somos-distribuidores\/diseno-sin-titulo-11\/\" class=\"wp-image-2375\" srcset=\"https:\/\/soloaseo.com\/web\/wp-content\/uploads\/2023\/04\/Dise\u00f1o-sin-t\u00edtulo-11-1024x576.jpg 1024w, https:\/\/soloaseo.com\/web\/wp-content\/uploads\/2023\/04\/Dise\u00f1o-sin-t\u00edtulo-11-300x169.jpg 300w, https:\/\/soloaseo.com\/web\/wp-content\/uploads\/2023\/04\/Dise\u00f1o-sin-t\u00edtulo-11-768x432.jpg 768w, https:\/\/soloaseo.com\/web\/wp-content\/uploads\/2023\/04\/Dise\u00f1o-sin-t\u00edtulo-11-859x483.jpg 859w, https:\/\/soloaseo.com\/web\/wp-content\/uploads\/2023\/04\/Dise\u00f1o-sin-t\u00edtulo-11-600x337.jpg 600w, https:\/\/soloaseo.com\/web\/wp-content\/uploads\/2023\/04\/Dise\u00f1o-sin-t\u00edtulo-11.jpg 1366w\" sizes=\"(max-width: 1024px) 100vw, 1024px\" \/><\/figure><\/li><li class=\"blocks-gallery-item\"><figure><img loading=\"lazy\" decoding=\"async\" width=\"1024\" height=\"576\" src=\"https:\/\/soloaseo.com\/web\/wp-content\/uploads\/2023\/04\/Dise\u00f1o-sin-t\u00edtulo-10-1024x576.jpg\" alt=\"\" data-id=\"2376\" data-link=\"https:\/\/soloaseo.com\/web\/somos-distribuidores\/diseno-sin-titulo-10\/\" class=\"wp-image-2376\" srcset=\"https:\/\/soloaseo.com\/web\/wp-content\/uploads\/2023\/04\/Dise\u00f1o-sin-t\u00edtulo-10-1024x576.jpg 1024w, https:\/\/soloaseo.com\/web\/wp-content\/uploads\/2023\/04\/Dise\u00f1o-sin-t\u00edtulo-10-300x169.jpg 300w, https:\/\/soloaseo.com\/web\/wp-content\/uploads\/2023\/04\/Dise\u00f1o-sin-t\u00edtulo-10-768x432.jpg 768w, https:\/\/soloaseo.com\/web\/wp-content\/uploads\/2023\/04\/Dise\u00f1o-sin-t\u00edtulo-10-859x483.jpg 859w, https:\/\/soloaseo.com\/web\/wp-content\/uploads\/2023\/04\/Dise\u00f1o-sin-t\u00edtulo-10-600x337.jpg 600w, https:\/\/soloaseo.com\/web\/wp-content\/uploads\/2023\/04\/Dise\u00f1o-sin-t\u00edtulo-10.jpg 1366w\" sizes=\"(max-width: 1024px) 100vw, 1024px\" \/><\/figure><\/li><\/ul><\/figure><p><strong>8) Maquinaria de limpieza para oficinas<\/strong><\/p><p>Pregunta a nuestros asesores por los pads para las m\u00e1quinas rotativas, contamos con varias marcas y referencias de acuerdo a las necesidades de tus pisos. Los baldes exprimidores son muy \u00fatiles para el lavado de traperos, su mecanismo de escurrido es muy pr\u00e1ctico, ahorra tiempo y facilita el trabajo a los profesionales que realizan el aseo en tu empresa.<\/p><p><\/p>","protected":false},"excerpt":{"rendered":"<p>En Soloaseo sabemos que un lugar de trabajo limpio y ordenado es esencial para la productividad de la empresa. Nosotros recomendamos que la limpieza en&nbsp;oficinas y despachos sea un infaltable en tu empresa, pero sin descuidar otras \u00e1reas como en salones, pasillos, ba\u00f1os, recibidores, entre otros. Tenemos m\u00e1s de 3.000 productos de limpieza en nuestro [&hellip;]<\/p>\n","protected":false},"author":2,"featured_media":0,"parent":0,"menu_order":0,"comment_status":"closed","ping_status":"closed","template":"","meta":{"_editorskit_title_hidden":false,"_editorskit_reading_time":0,"_editorskit_is_block_options_detached":false,"_editorskit_block_options_position":"{}","_joinchat":[],"footnotes":""},"class_list":["post-2359","page","type-page","status-publish","hentry"],"yoast_head":"<!-- This site is optimized with the Yoast SEO plugin v25.6 - https:\/\/yoast.com\/wordpress\/plugins\/seo\/ -->\n<title>Manten tus espacio Limpios - Soloaseo Distribuciones SAS<\/title>\n<meta name=\"robots\" content=\"index, follow, max-snippet:-1, max-image-preview:large, max-video-preview:-1\" \/>\n<link rel=\"canonical\" href=\"https:\/\/soloaseo.com\/web\/somos-distribuidores\/\" \/>\n<meta property=\"og:locale\" content=\"es_ES\" \/>\n<meta property=\"og:type\" content=\"article\" \/>\n<meta property=\"og:title\" content=\"Manten tus espacio Limpios - Soloaseo Distribuciones SAS\" \/>\n<meta property=\"og:description\" content=\"En Soloaseo sabemos que un lugar de trabajo limpio y ordenado es esencial para la productividad de la empresa. Nosotros recomendamos que la limpieza en&nbsp;oficinas y despachos sea un infaltable en tu empresa, pero sin descuidar otras \u00e1reas como en salones, pasillos, ba\u00f1os, recibidores, entre otros. Tenemos m\u00e1s de 3.000 productos de limpieza en nuestro [&hellip;]\" \/>\n<meta property=\"og:url\" content=\"https:\/\/soloaseo.com\/web\/somos-distribuidores\/\" \/>\n<meta property=\"og:site_name\" content=\"Soloaseo Distribuciones SAS\" \/>\n<meta property=\"article:publisher\" content=\"https:\/\/www.facebook.com\/Soloaseo\/\" \/>\n<meta property=\"article:modified_time\" content=\"2024-05-03T19:23:55+00:00\" \/>\n<meta name=\"twitter:card\" content=\"summary_large_image\" \/>\n<meta name=\"twitter:label1\" content=\"Tiempo de lectura\" \/>\n\t<meta name=\"twitter:data1\" content=\"4 minutos\" \/>\n<script type=\"application\/ld+json\" class=\"yoast-schema-graph\">{\"@context\":\"https:\/\/schema.org\",\"@graph\":[{\"@type\":\"WebPage\",\"@id\":\"https:\/\/soloaseo.com\/web\/somos-distribuidores\/\",\"url\":\"https:\/\/soloaseo.com\/web\/somos-distribuidores\/\",\"name\":\"Manten tus espacio Limpios - Soloaseo Distribuciones SAS\",\"isPartOf\":{\"@id\":\"https:\/\/soloaseo.com\/web\/#website\"},\"datePublished\":\"2023-04-04T00:36:36+00:00\",\"dateModified\":\"2024-05-03T19:23:55+00:00\",\"breadcrumb\":{\"@id\":\"https:\/\/soloaseo.com\/web\/somos-distribuidores\/#breadcrumb\"},\"inLanguage\":\"es\",\"potentialAction\":[{\"@type\":\"ReadAction\",\"target\":[\"https:\/\/soloaseo.com\/web\/somos-distribuidores\/\"]}]},{\"@type\":\"BreadcrumbList\",\"@id\":\"https:\/\/soloaseo.com\/web\/somos-distribuidores\/#breadcrumb\",\"itemListElement\":[{\"@type\":\"ListItem\",\"position\":1,\"name\":\"Home\",\"item\":\"https:\/\/soloaseo.com\/web\/\"},{\"@type\":\"ListItem\",\"position\":2,\"name\":\"Manten tus espacio Limpios\"}]},{\"@type\":\"WebSite\",\"@id\":\"https:\/\/soloaseo.com\/web\/#website\",\"url\":\"https:\/\/soloaseo.com\/web\/\",\"name\":\"Soloaseo Distribuciones SAS\",\"description\":\"Empresa distribuidora de productos de limpieza y suministros de higiene para su negocio.\",\"potentialAction\":[{\"@type\":\"SearchAction\",\"target\":{\"@type\":\"EntryPoint\",\"urlTemplate\":\"https:\/\/soloaseo.com\/web\/?s={search_term_string}\"},\"query-input\":{\"@type\":\"PropertyValueSpecification\",\"valueRequired\":true,\"valueName\":\"search_term_string\"}}],\"inLanguage\":\"es\"}]}<\/script>\n<!-- \/ Yoast SEO plugin. -->","yoast_head_json":{"title":"Manten tus espacio Limpios - Soloaseo Distribuciones SAS","robots":{"index":"index","follow":"follow","max-snippet":"max-snippet:-1","max-image-preview":"max-image-preview:large","max-video-preview":"max-video-preview:-1"},"canonical":"https:\/\/soloaseo.com\/web\/somos-distribuidores\/","og_locale":"es_ES","og_type":"article","og_title":"Manten tus espacio Limpios - Soloaseo Distribuciones SAS","og_description":"En Soloaseo sabemos que un lugar de trabajo limpio y ordenado es esencial para la productividad de la empresa. Nosotros recomendamos que la limpieza en&nbsp;oficinas y despachos sea un infaltable en tu empresa, pero sin descuidar otras \u00e1reas como en salones, pasillos, ba\u00f1os, recibidores, entre otros. Tenemos m\u00e1s de 3.000 productos de limpieza en nuestro [&hellip;]","og_url":"https:\/\/soloaseo.com\/web\/somos-distribuidores\/","og_site_name":"Soloaseo Distribuciones SAS","article_publisher":"https:\/\/www.facebook.com\/Soloaseo\/","article_modified_time":"2024-05-03T19:23:55+00:00","twitter_card":"summary_large_image","twitter_misc":{"Tiempo de lectura":"4 minutos"},"schema":{"@context":"https:\/\/schema.org","@graph":[{"@type":"WebPage","@id":"https:\/\/soloaseo.com\/web\/somos-distribuidores\/","url":"https:\/\/soloaseo.com\/web\/somos-distribuidores\/","name":"Manten tus espacio Limpios - Soloaseo Distribuciones SAS","isPartOf":{"@id":"https:\/\/soloaseo.com\/web\/#website"},"datePublished":"2023-04-04T00:36:36+00:00","dateModified":"2024-05-03T19:23:55+00:00","breadcrumb":{"@id":"https:\/\/soloaseo.com\/web\/somos-distribuidores\/#breadcrumb"},"inLanguage":"es","potentialAction":[{"@type":"ReadAction","target":["https:\/\/soloaseo.com\/web\/somos-distribuidores\/"]}]},{"@type":"BreadcrumbList","@id":"https:\/\/soloaseo.com\/web\/somos-distribuidores\/#breadcrumb","itemListElement":[{"@type":"ListItem","position":1,"name":"Home","item":"https:\/\/soloaseo.com\/web\/"},{"@type":"ListItem","position":2,"name":"Manten tus espacio Limpios"}]},{"@type":"WebSite","@id":"https:\/\/soloaseo.com\/web\/#website","url":"https:\/\/soloaseo.com\/web\/","name":"Soloaseo Distribuciones SAS","description":"Empresa distribuidora de productos de limpieza y suministros de higiene para su negocio.","potentialAction":[{"@type":"SearchAction","target":{"@type":"EntryPoint","urlTemplate":"https:\/\/soloaseo.com\/web\/?s={search_term_string}"},"query-input":{"@type":"PropertyValueSpecification","valueRequired":true,"valueName":"search_term_string"}}],"inLanguage":"es"}]}},"jetpack_sharing_enabled":true,"_links":{"self":[{"href":"https:\/\/soloaseo.com\/web\/wp-json\/wp\/v2\/pages\/2359"}],"collection":[{"href":"https:\/\/soloaseo.com\/web\/wp-json\/wp\/v2\/pages"}],"about":[{"href":"https:\/\/soloaseo.com\/web\/wp-json\/wp\/v2\/types\/page"}],"author":[{"embeddable":true,"href":"https:\/\/soloaseo.com\/web\/wp-json\/wp\/v2\/users\/2"}],"replies":[{"embeddable":true,"href":"https:\/\/soloaseo.com\/web\/wp-json\/wp\/v2\/comments?post=2359"}],"version-history":[{"count":4,"href":"https:\/\/soloaseo.com\/web\/wp-json\/wp\/v2\/pages\/2359\/revisions"}],"predecessor-version":[{"id":2764,"href":"https:\/\/soloaseo.com\/web\/wp-json\/wp\/v2\/pages\/2359\/revisions\/2764"}],"wp:attachment":[{"href":"https:\/\/soloaseo.com\/web\/wp-json\/wp\/v2\/media?parent=2359"}],"curies":[{"name":"wp","href":"https:\/\/api.w.org\/{rel}","templated":true}]}}