{"id":2778,"date":"2024-05-03T14:54:45","date_gmt":"2024-05-03T19:54:45","guid":{"rendered":"https:\/\/soloaseo.com\/web\/?page_id=2778"},"modified":"2024-05-03T15:53:55","modified_gmt":"2024-05-03T20:53:55","slug":"bebidas-para-la-oficina","status":"publish","type":"page","link":"https:\/\/soloaseo.com\/web\/bebidas-para-la-oficina\/","title":{"rendered":"Bebidas para la Oficina"},"content":{"rendered":"<p>[vc_row][vc_column][vc_column_text css=\u00bb.vc_custom_1714766084254{margin-bottom: 28px !important;}\u00bb]Descubre nuestra amplia selecci\u00f3n de bebidas especialmente dise\u00f1adas para satisfacer las necesidades del entorno de oficina. Desde refrescantes aguas arom\u00e1ticas hasta revitalizantes t\u00e9s y saludables aguas minerales, ofrecemos una variedad de opciones para mantener a tu equipo hidratado y energizado durante todo el d\u00eda. Eleva la experiencia de tu pausa con nuestras bebidas de calidad, perfectas para el ambiente profesional de tu empresa.[\/vc_column_text][\/vc_column][\/vc_row][vc_row css=\u00bb.vc_custom_1505798191164{margin-top: 50px !important;}\u00bb el_class=\u00bbhome-calender\u00bb][vc_column][\/vc_column][\/vc_row][vc_row css=\u00bb.vc_custom_1505798191164{margin-top: 50px !important;}\u00bb el_class=\u00bbhome-calender\u00bb][vc_column]\r\n\r\n        <div class=\"services-grid style-2 services-mobile-carousel\">\r\n                <div class=\"col-xs-6 col-sm-4 col-md-4 service-box\">\r\n                            <a href=\"https:\/\/soloaseo.com\/web\/producto\/agua-sin-gas-bt-600cc-cristal\/\"   class=\"service-box-img\"  rel=\"\"  >   \r\n                  \r\n                <img decoding=\"async\" src=\"https:\/\/soloaseo.com\/web\/wp-content\/uploads\/2024\/04\/A00006-AGUA-SIN-GAS-BT-600-CC-CRISTAL-309x309.png\" alt=\"Services Images\">\r\n                                     <\/a>\r\n                        <h4 class=\"service-box-title\">Agua sin Gas 600cc Cristal<\/h4>\r\n            <div class=\"service-box-text\">A00006<\/div>\r\n                            <a href=\"https:\/\/soloaseo.com\/web\/producto\/agua-sin-gas-bt-600cc-cristal\/\"     class=\"service-box-more\"  rel=\"\"  >   \r\n                Conoce m\u00e1s<i class=\"icon-play\"><\/i>  \r\n                <\/a>\r\n                    <\/div>\r\n\r\n            <div class=\"col-xs-6 col-sm-4 col-md-4 service-box\">\r\n                            <a href=\"https:\/\/soloaseo.com\/web\/producto\/agua-con-gas-600cc-cristal\/\"   class=\"service-box-img\"  rel=\"\"  >   \r\n                  \r\n                <img decoding=\"async\" src=\"https:\/\/soloaseo.com\/web\/wp-content\/uploads\/2024\/04\/A00002-AGUA-CON-GAS-BT-600-CC-CRISTAL-309x309.png\" alt=\"Services Images\">\r\n                                     <\/a>\r\n                        <h4 class=\"service-box-title\">Agua con Gas 600cc Cristal<\/h4>\r\n            <div class=\"service-box-text\">A00002<\/div>\r\n                            <a href=\"https:\/\/soloaseo.com\/web\/producto\/agua-con-gas-600cc-cristal\/\"     class=\"service-box-more\"  rel=\"\"  >   \r\n                Conoce m\u00e1s<i class=\"icon-play\"><\/i>  \r\n                <\/a>\r\n                    <\/div>\r\n\r\n            <div class=\"col-xs-6 col-sm-4 col-md-4 service-box\">\r\n                            <a href=\"https:\/\/soloaseo.com\/web\/producto\/agua-sin-gas-bt-420cc-cristal\/\"   class=\"service-box-img\"  rel=\"\"  >   \r\n                  \r\n                <img decoding=\"async\" src=\"https:\/\/soloaseo.com\/web\/wp-content\/uploads\/2024\/04\/A00005-AGUA-SIN-GAS-BT-420-CC-CRISTAL-309x309.png\" alt=\"Services Images\">\r\n                                     <\/a>\r\n                        <h4 class=\"service-box-title\">Agua sin Gas 420cc Cristal<\/h4>\r\n            <div class=\"service-box-text\">A00005<\/div>\r\n                            <a href=\"https:\/\/soloaseo.com\/web\/producto\/agua-sin-gas-bt-420cc-cristal\/\"     class=\"service-box-more\"  rel=\"\"  >   \r\n                Conoce m\u00e1s<i class=\"icon-play\"><\/i>  \r\n                <\/a>\r\n                    <\/div>\r\n\r\n            <div class=\"col-xs-6 col-sm-4 col-md-4 service-box\">\r\n                            <a href=\"https:\/\/soloaseo.com\/web\/producto\/aromatica-infusion-frutal-de-frutos-salvajes-hindu\/\"   class=\"service-box-img\"  rel=\"\"  >   \r\n                  \r\n                <img decoding=\"async\" src=\"https:\/\/soloaseo.com\/web\/wp-content\/uploads\/2024\/04\/A00003-AROMATICA-INFUSION-FRUTAL-SB-5-GR-FRUTOS-SALVAJES-SB-CJ-X-20-HINDU-309x309.png\" alt=\"Services Images\">\r\n                                     <\/a>\r\n                        <h4 class=\"service-box-title\">Aromatica Infusi\u00f3n Frutal Frutos Salvajes Hindu<\/h4>\r\n            <div class=\"service-box-text\">A00003<\/div>\r\n                            <a href=\"https:\/\/soloaseo.com\/web\/producto\/aromatica-infusion-frutal-de-frutos-salvajes-hindu\/\"     class=\"service-box-more\"  rel=\"\"  >   \r\n                Conoce m\u00e1s<i class=\"icon-play\"><\/i>  \r\n                <\/a>\r\n                    <\/div>\r\n\r\n            <div class=\"col-xs-6 col-sm-4 col-md-4 service-box\">\r\n                            <a href=\"https:\/\/soloaseo.com\/web\/producto\/aromatica-infusion-frutal-frutos-rojos-hindu\/\"   class=\"service-box-img\"  rel=\"\"  >   \r\n                  \r\n                <img decoding=\"async\" src=\"https:\/\/soloaseo.com\/web\/wp-content\/uploads\/2024\/04\/A00032-AROMATICA-INFUSION-FRUTAL-SB-5-GR-FRUTOS-ROJOS-CJ-X-20-HINDU-309x309.png\" alt=\"Services Images\">\r\n                                     <\/a>\r\n                        <h4 class=\"service-box-title\">Aromatica Infusi\u00f3n Frutal Frutos Rojos Hindu<\/h4>\r\n            <div class=\"service-box-text\">A00032<\/div>\r\n                            <a href=\"https:\/\/soloaseo.com\/web\/producto\/aromatica-infusion-frutal-frutos-rojos-hindu\/\"     class=\"service-box-more\"  rel=\"\"  >   \r\n                Conoce m\u00e1s<i class=\"icon-play\"><\/i>  \r\n                <\/a>\r\n                    <\/div>\r\n\r\n            <div class=\"col-xs-6 col-sm-4 col-md-4 service-box\">\r\n                            <a href=\"https:\/\/soloaseo.com\/web\/producto\/aromatica-de-hierbas-hindu\/\"   class=\"service-box-img\"  rel=\"\"  >   \r\n                  \r\n                <img decoding=\"async\" src=\"https:\/\/soloaseo.com\/web\/wp-content\/uploads\/2024\/04\/A00028-AROMATICA-HIERBAS-SB-5-GR-CJ-X-20-HINDU-309x309.png\" alt=\"Services Images\">\r\n                                     <\/a>\r\n                        <h4 class=\"service-box-title\">Aromatica Hierbas Hindu<\/h4>\r\n            <div class=\"service-box-text\">A00028<\/div>\r\n                            <a href=\"https:\/\/soloaseo.com\/web\/producto\/aromatica-de-hierbas-hindu\/\"     class=\"service-box-more\"  rel=\"\"  >   \r\n                Conoce m\u00e1s<i class=\"icon-play\"><\/i>  \r\n                <\/a>\r\n                    <\/div>\r\n\r\n            <div class=\"col-xs-6 col-sm-4 col-md-4 service-box\">\r\n                            <a href=\"https:\/\/soloaseo.com\/web\/producto\/aromatica-tradicional-jaibel-caja-x-20\/\"   class=\"service-box-img\"  rel=\"\"  >   \r\n                  \r\n                <img decoding=\"async\" src=\"https:\/\/soloaseo.com\/web\/wp-content\/uploads\/2024\/04\/A00043-AROMATICA-TRADICIONAL-SB-CJ-X-20-JAIBEL-309x309.png\" alt=\"Services Images\">\r\n                                     <\/a>\r\n                        <h4 class=\"service-box-title\">Aromatica Tradicional Jaibel caja x 20Unds<\/h4>\r\n            <div class=\"service-box-text\">A00043<\/div>\r\n                            <a href=\"https:\/\/soloaseo.com\/web\/producto\/aromatica-tradicional-jaibel-caja-x-20\/\"     class=\"service-box-more\"  rel=\"\"  >   \r\n                Conoce m\u00e1s<i class=\"icon-play\"><\/i>  \r\n                <\/a>\r\n                    <\/div>\r\n\r\n            <div class=\"col-xs-6 col-sm-4 col-md-4 service-box\">\r\n                            <a href=\"https:\/\/soloaseo.com\/web\/producto\/aromatica-tradicional-jaibel\/\"   class=\"service-box-img\"  rel=\"\"  >   \r\n                  \r\n                <img decoding=\"async\" src=\"https:\/\/soloaseo.com\/web\/wp-content\/uploads\/2024\/04\/A00042-AROMATICA-TRADICIONAL-SB-CJ-X-100-JAIBEL-309x309.png\" alt=\"Services Images\">\r\n                                     <\/a>\r\n                        <h4 class=\"service-box-title\">Aromatica Tradicional Jaibel caja x 100Unds<\/h4>\r\n            <div class=\"service-box-text\">A00042<\/div>\r\n                            <a href=\"https:\/\/soloaseo.com\/web\/producto\/aromatica-tradicional-jaibel\/\"     class=\"service-box-more\"  rel=\"\"  >   \r\n                Conoce m\u00e1s<i class=\"icon-play\"><\/i>  \r\n                <\/a>\r\n                    <\/div>\r\n\r\n            <div class=\"col-xs-6 col-sm-4 col-md-4 service-box\">\r\n                            <a href=\"https:\/\/soloaseo.com\/web\/producto\/aromatica-panela-caja-x-25-sobres-jaibel\/\"   class=\"service-box-img\"  rel=\"\"  >   \r\n                  \r\n                <img decoding=\"async\" src=\"https:\/\/soloaseo.com\/web\/wp-content\/uploads\/2024\/04\/A00039-AROMATICA-PANELA-SURT-SB-CJ-X-25-JAIBEL-309x309.png\" alt=\"Services Images\">\r\n                                     <\/a>\r\n                        <h4 class=\"service-box-title\">Aromatica Panela Jaibel caja x 25Unds<\/h4>\r\n            <div class=\"service-box-text\">A00039<\/div>\r\n                            <a href=\"https:\/\/soloaseo.com\/web\/producto\/aromatica-panela-caja-x-25-sobres-jaibel\/\"     class=\"service-box-more\"  rel=\"\"  >   \r\n                Conoce m\u00e1s<i class=\"icon-play\"><\/i>  \r\n                <\/a>\r\n                    <\/div>\r\n\r\n            <div class=\"col-xs-6 col-sm-4 col-md-4 service-box\">\r\n                            <a href=\"https:\/\/soloaseo.com\/web\/producto\/aromatica-infusion-frutal-caja-x-20-sobres-jaibel\/\"   class=\"service-box-img\"  rel=\"\"  >   \r\n                  \r\n                <img decoding=\"async\" src=\"https:\/\/soloaseo.com\/web\/wp-content\/uploads\/2024\/04\/A00031-AROMATICA-INFUSION-FRUTAL-SB-CJ-X-20-JAIBEL-309x309.png\" alt=\"Services Images\">\r\n                                     <\/a>\r\n                        <h4 class=\"service-box-title\">Aromatica Infusi\u00f3n Frutal Jaibel caja x 20Unds<\/h4>\r\n            <div class=\"service-box-text\">A00031<\/div>\r\n                            <a href=\"https:\/\/soloaseo.com\/web\/producto\/aromatica-infusion-frutal-caja-x-20-sobres-jaibel\/\"     class=\"service-box-more\"  rel=\"\"  >   \r\n                Conoce m\u00e1s<i class=\"icon-play\"><\/i>  \r\n                <\/a>\r\n                    <\/div>\r\n\r\n            <div class=\"col-xs-6 col-sm-4 col-md-4 service-box\">\r\n                            <a href=\"https:\/\/soloaseo.com\/web\/producto\/aromatica-infusion-frutal-jaibel\/\"   class=\"service-box-img\"  rel=\"\"  >   \r\n                  \r\n                <img decoding=\"async\" src=\"https:\/\/soloaseo.com\/web\/wp-content\/uploads\/2024\/04\/A00030-AROMATICA-INFUSION-FRUTAL-SB-CJ-X-100-JAIBEL-309x309.png\" alt=\"Services Images\">\r\n                                     <\/a>\r\n                        <h4 class=\"service-box-title\">Aromatica Infusi\u00f3n Frutal Jaibel caja x 1000Unds<\/h4>\r\n            <div class=\"service-box-text\">A00030<\/div>\r\n                            <a href=\"https:\/\/soloaseo.com\/web\/producto\/aromatica-infusion-frutal-jaibel\/\"     class=\"service-box-more\"  rel=\"\"  >   \r\n                Conoce m\u00e1s<i class=\"icon-play\"><\/i>  \r\n                <\/a>\r\n                    <\/div>\r\n\r\n            <div class=\"col-xs-6 col-sm-4 col-md-4 service-box\">\r\n                            <a href=\"https:\/\/soloaseo.com\/web\/producto\/canela-en-astilla-500gr\/\"   class=\"service-box-img\"  rel=\"\"  >   \r\n                  \r\n                <img decoding=\"async\" src=\"https:\/\/soloaseo.com\/web\/wp-content\/uploads\/2024\/04\/A00971-CANELA-EN-ASTILLA-500-GR-309x309.png\" alt=\"Services Images\">\r\n                                     <\/a>\r\n                        <h4 class=\"service-box-title\">Canela en Astillas 500gr<\/h4>\r\n            <div class=\"service-box-text\">A00971<\/div>\r\n                            <a href=\"https:\/\/soloaseo.com\/web\/producto\/canela-en-astilla-500gr\/\"     class=\"service-box-more\"  rel=\"\"  >   \r\n                Conoce m\u00e1s<i class=\"icon-play\"><\/i>  \r\n                <\/a>\r\n                    <\/div>\r\n\r\n                <\/div>\r\n        [\/vc_column][\/vc_row][vc_row css=\u00bb.vc_custom_1505798191164{margin-top: 50px !important;}\u00bb el_class=\u00bbhome-calender\u00bb][vc_column][vc_cta h2=\u00bb\u00bfListo para solicitar tu cotizaci\u00f3n hoy mismo?\u00bb txt_align=\u00bbcenter\u00bb color=\u00bbwhite\u00bb add_button=\u00bbbottom\u00bb btn_title=\u00bbM\u00e1s informaci\u00f3n\u00bb btn_color=\u00bbdefault\u00bb btn_align=\u00bbcenter\u00bb btn_link=\u00bburl:https%3A%2F%2Fapi.whatsapp.com%2Fsend%2F%3Fphone%3D573173710952%26text%26type%3Dphone_number%26app_absent%3D0|||\u00bb css=\u00bb.vc_custom_1714761419034{background-image: url(https:\/\/soloaseo.com\/web\/wp-content\/uploads\/2024\/05\/BIENVENIDOS-SOLOASEO-1.png?id=2753) !important;border-radius: 1px !important;}\u00bb][\/vc_cta][\/vc_column][\/vc_row][vc_row css=\u00bb.vc_custom_1505798191164{margin-top: 50px !important;}\u00bb el_class=\u00bbhome-calender\u00bb][vc_column][vc_single_image image=\u00bb2797&#8243; img_size=\u00bbfull\u00bb alignment=\u00bbcenter\u00bb][\/vc_column][\/vc_row][vc_column][\/vc_column]<\/p>\n","protected":false},"excerpt":{"rendered":"<p>[vc_row][vc_column][vc_column_text css=\u00bb.vc_custom_1714766084254{margin-bottom: 28px !important;}\u00bb]Descubre nuestra amplia selecci\u00f3n de bebidas especialmente dise\u00f1adas para satisfacer las necesidades del entorno de oficina. Desde refrescantes aguas arom\u00e1ticas hasta revitalizantes t\u00e9s y saludables aguas minerales, ofrecemos una variedad de opciones para mantener a tu equipo hidratado y energizado durante todo el d\u00eda. Eleva la experiencia de tu pausa con nuestras [&hellip;]<\/p>\n","protected":false},"author":2,"featured_media":0,"parent":0,"menu_order":0,"comment_status":"closed","ping_status":"closed","template":"","meta":{"_editorskit_title_hidden":false,"_editorskit_reading_time":0,"_editorskit_is_block_options_detached":false,"_editorskit_block_options_position":"{}","_joinchat":[],"footnotes":""},"class_list":["post-2778","page","type-page","status-publish","hentry"],"yoast_head":"<!-- This site is optimized with the Yoast SEO plugin v25.6 - https:\/\/yoast.com\/wordpress\/plugins\/seo\/ -->\n<title>Bebidas para la Oficina - Soloaseo Distribuciones SAS<\/title>\n<meta name=\"robots\" content=\"index, follow, max-snippet:-1, max-image-preview:large, max-video-preview:-1\" \/>\n<link rel=\"canonical\" href=\"https:\/\/soloaseo.com\/web\/bebidas-para-la-oficina\/\" \/>\n<meta property=\"og:locale\" content=\"es_ES\" \/>\n<meta property=\"og:type\" content=\"article\" \/>\n<meta property=\"og:title\" content=\"Bebidas para la Oficina - Soloaseo Distribuciones SAS\" \/>\n<meta property=\"og:description\" content=\"[vc_row][vc_column][vc_column_text css=\u00bb.vc_custom_1714766084254{margin-bottom: 28px !important;}\u00bb]Descubre nuestra amplia selecci\u00f3n de bebidas especialmente dise\u00f1adas para satisfacer las necesidades del entorno de oficina. Desde refrescantes aguas arom\u00e1ticas hasta revitalizantes t\u00e9s y saludables aguas minerales, ofrecemos una variedad de opciones para mantener a tu equipo hidratado y energizado durante todo el d\u00eda. Eleva la experiencia de tu pausa con nuestras [&hellip;]\" \/>\n<meta property=\"og:url\" content=\"https:\/\/soloaseo.com\/web\/bebidas-para-la-oficina\/\" \/>\n<meta property=\"og:site_name\" content=\"Soloaseo Distribuciones SAS\" \/>\n<meta property=\"article:publisher\" content=\"https:\/\/www.facebook.com\/Soloaseo\/\" \/>\n<meta property=\"article:modified_time\" content=\"2024-05-03T20:53:55+00:00\" \/>\n<meta name=\"twitter:card\" content=\"summary_large_image\" \/>\n<meta name=\"twitter:label1\" content=\"Tiempo de lectura\" \/>\n\t<meta name=\"twitter:data1\" content=\"1 minuto\" \/>\n<script type=\"application\/ld+json\" class=\"yoast-schema-graph\">{\"@context\":\"https:\/\/schema.org\",\"@graph\":[{\"@type\":\"WebPage\",\"@id\":\"https:\/\/soloaseo.com\/web\/bebidas-para-la-oficina\/\",\"url\":\"https:\/\/soloaseo.com\/web\/bebidas-para-la-oficina\/\",\"name\":\"Bebidas para la Oficina - Soloaseo Distribuciones SAS\",\"isPartOf\":{\"@id\":\"https:\/\/soloaseo.com\/web\/#website\"},\"datePublished\":\"2024-05-03T19:54:45+00:00\",\"dateModified\":\"2024-05-03T20:53:55+00:00\",\"breadcrumb\":{\"@id\":\"https:\/\/soloaseo.com\/web\/bebidas-para-la-oficina\/#breadcrumb\"},\"inLanguage\":\"es\",\"potentialAction\":[{\"@type\":\"ReadAction\",\"target\":[\"https:\/\/soloaseo.com\/web\/bebidas-para-la-oficina\/\"]}]},{\"@type\":\"BreadcrumbList\",\"@id\":\"https:\/\/soloaseo.com\/web\/bebidas-para-la-oficina\/#breadcrumb\",\"itemListElement\":[{\"@type\":\"ListItem\",\"position\":1,\"name\":\"Home\",\"item\":\"https:\/\/soloaseo.com\/web\/\"},{\"@type\":\"ListItem\",\"position\":2,\"name\":\"Bebidas para la Oficina\"}]},{\"@type\":\"WebSite\",\"@id\":\"https:\/\/soloaseo.com\/web\/#website\",\"url\":\"https:\/\/soloaseo.com\/web\/\",\"name\":\"Soloaseo Distribuciones SAS\",\"description\":\"Empresa distribuidora de productos de limpieza y suministros de higiene para su negocio.\",\"potentialAction\":[{\"@type\":\"SearchAction\",\"target\":{\"@type\":\"EntryPoint\",\"urlTemplate\":\"https:\/\/soloaseo.com\/web\/?s={search_term_string}\"},\"query-input\":{\"@type\":\"PropertyValueSpecification\",\"valueRequired\":true,\"valueName\":\"search_term_string\"}}],\"inLanguage\":\"es\"}]}<\/script>\n<!-- \/ Yoast SEO plugin. -->","yoast_head_json":{"title":"Bebidas para la Oficina - Soloaseo Distribuciones SAS","robots":{"index":"index","follow":"follow","max-snippet":"max-snippet:-1","max-image-preview":"max-image-preview:large","max-video-preview":"max-video-preview:-1"},"canonical":"https:\/\/soloaseo.com\/web\/bebidas-para-la-oficina\/","og_locale":"es_ES","og_type":"article","og_title":"Bebidas para la Oficina - Soloaseo Distribuciones SAS","og_description":"[vc_row][vc_column][vc_column_text css=\u00bb.vc_custom_1714766084254{margin-bottom: 28px !important;}\u00bb]Descubre nuestra amplia selecci\u00f3n de bebidas especialmente dise\u00f1adas para satisfacer las necesidades del entorno de oficina. Desde refrescantes aguas arom\u00e1ticas hasta revitalizantes t\u00e9s y saludables aguas minerales, ofrecemos una variedad de opciones para mantener a tu equipo hidratado y energizado durante todo el d\u00eda. Eleva la experiencia de tu pausa con nuestras [&hellip;]","og_url":"https:\/\/soloaseo.com\/web\/bebidas-para-la-oficina\/","og_site_name":"Soloaseo Distribuciones SAS","article_publisher":"https:\/\/www.facebook.com\/Soloaseo\/","article_modified_time":"2024-05-03T20:53:55+00:00","twitter_card":"summary_large_image","twitter_misc":{"Tiempo de lectura":"1 minuto"},"schema":{"@context":"https:\/\/schema.org","@graph":[{"@type":"WebPage","@id":"https:\/\/soloaseo.com\/web\/bebidas-para-la-oficina\/","url":"https:\/\/soloaseo.com\/web\/bebidas-para-la-oficina\/","name":"Bebidas para la Oficina - Soloaseo Distribuciones SAS","isPartOf":{"@id":"https:\/\/soloaseo.com\/web\/#website"},"datePublished":"2024-05-03T19:54:45+00:00","dateModified":"2024-05-03T20:53:55+00:00","breadcrumb":{"@id":"https:\/\/soloaseo.com\/web\/bebidas-para-la-oficina\/#breadcrumb"},"inLanguage":"es","potentialAction":[{"@type":"ReadAction","target":["https:\/\/soloaseo.com\/web\/bebidas-para-la-oficina\/"]}]},{"@type":"BreadcrumbList","@id":"https:\/\/soloaseo.com\/web\/bebidas-para-la-oficina\/#breadcrumb","itemListElement":[{"@type":"ListItem","position":1,"name":"Home","item":"https:\/\/soloaseo.com\/web\/"},{"@type":"ListItem","position":2,"name":"Bebidas para la Oficina"}]},{"@type":"WebSite","@id":"https:\/\/soloaseo.com\/web\/#website","url":"https:\/\/soloaseo.com\/web\/","name":"Soloaseo Distribuciones SAS","description":"Empresa distribuidora de productos de limpieza y suministros de higiene para su negocio.","potentialAction":[{"@type":"SearchAction","target":{"@type":"EntryPoint","urlTemplate":"https:\/\/soloaseo.com\/web\/?s={search_term_string}"},"query-input":{"@type":"PropertyValueSpecification","valueRequired":true,"valueName":"search_term_string"}}],"inLanguage":"es"}]}},"jetpack_sharing_enabled":true,"_links":{"self":[{"href":"https:\/\/soloaseo.com\/web\/wp-json\/wp\/v2\/pages\/2778"}],"collection":[{"href":"https:\/\/soloaseo.com\/web\/wp-json\/wp\/v2\/pages"}],"about":[{"href":"https:\/\/soloaseo.com\/web\/wp-json\/wp\/v2\/types\/page"}],"author":[{"embeddable":true,"href":"https:\/\/soloaseo.com\/web\/wp-json\/wp\/v2\/users\/2"}],"replies":[{"embeddable":true,"href":"https:\/\/soloaseo.com\/web\/wp-json\/wp\/v2\/comments?post=2778"}],"version-history":[{"count":4,"href":"https:\/\/soloaseo.com\/web\/wp-json\/wp\/v2\/pages\/2778\/revisions"}],"predecessor-version":[{"id":2800,"href":"https:\/\/soloaseo.com\/web\/wp-json\/wp\/v2\/pages\/2778\/revisions\/2800"}],"wp:attachment":[{"href":"https:\/\/soloaseo.com\/web\/wp-json\/wp\/v2\/media?parent=2778"}],"curies":[{"name":"wp","href":"https:\/\/api.w.org\/{rel}","templated":true}]}}