{"id":2805,"date":"2024-05-03T16:04:53","date_gmt":"2024-05-03T21:04:53","guid":{"rendered":"https:\/\/soloaseo.com\/web\/?page_id=2805"},"modified":"2024-05-04T20:14:55","modified_gmt":"2024-05-05T01:14:55","slug":"limpiadores","status":"publish","type":"page","link":"https:\/\/soloaseo.com\/web\/limpiadores\/","title":{"rendered":"Limpiadores"},"content":{"rendered":"<p>[vc_row][vc_column][vc_column_text css=\u00bb.vc_custom_1714770473990{margin-bottom: 28px !important;}\u00bb]<\/p>\n<p class=\"text-center\">Explora nuestra selecci\u00f3n de limpiadores industriales, dise\u00f1ados para abordar las necesidades espec\u00edficas de limpieza en entornos comerciales e industriales. Desde desengrasantes potentes hasta limpiadores multiusos, nuestros productos ofrecen soluciones efectivas para mantener tus instalaciones impecables. Conf\u00eda en nuestra calidad y eficacia para lograr resultados \u00f3ptimos en la limpieza de tu empresa.<\/p>\n<p>[\/vc_column_text][\/vc_column][\/vc_row][vc_row][vc_column]\r\n\r\n        <div class=\"services-grid services-mobile-carousel\">\r\n                    <div class=\"col-xs-6 col-sm-6 col-md-4 service-box\">\r\n                            <a href=\"https:\/\/soloaseo.com\/web\/producto\/limpiador-desinfectante\/\"   class=\"service-box-img\"  rel=\"\"  >   \r\n                  \r\n                <img decoding=\"async\" src=\"https:\/\/soloaseo.com\/web\/wp-content\/uploads\/2017\/06\/A00277-LIMPIADOR-DESINFECTANTE-GL-3.8-L-SOLOASEO-309x309.png\" alt=\"Services Images\">\r\n                                     <\/a>\r\n                        <h3 class=\"service-box-title\">LIMPIADOR DESINFECTANTE<\/h3>\r\n            <div class=\"service-box-text\">A00277<\/div>\r\n                            <a href=\"https:\/\/soloaseo.com\/web\/producto\/limpiador-desinfectante\/\"     class=\"service-box-link\"  rel=\"\"  >   \r\n                    Conoce m\u00e1s   \r\n                <\/a>\r\n                    <\/div>\r\n\r\n                <div class=\"col-xs-6 col-sm-6 col-md-4 service-box\">\r\n                            <a href=\" https:\/\/soloaseo.com\/web\/product\/jabon-limpiador-multiusos\/\"   class=\"service-box-img\"  rel=\"\"  >   \r\n                  \r\n                <img decoding=\"async\" src=\"https:\/\/soloaseo.com\/web\/wp-content\/uploads\/2024\/04\/A00165-JABON-LIMPIADOR-MULTIUSOS-NEUTRO-GL-3.8-L-SOLOASEO-309x309.png\" alt=\"Services Images\">\r\n                                     <\/a>\r\n                        <h3 class=\"service-box-title\">JABON LIMPIADOR MULTIUSOS<\/h3>\r\n            <div class=\"service-box-text\">A00165<\/div>\r\n                            <a href=\" https:\/\/soloaseo.com\/web\/product\/jabon-limpiador-multiusos\/\"     class=\"service-box-link\"  rel=\"\"  >   \r\n                    Conoce m\u00e1s   \r\n                <\/a>\r\n                    <\/div>\r\n\r\n                <div class=\"col-xs-6 col-sm-6 col-md-4 service-box\">\r\n                            <a href=\"https:\/\/soloaseo.com\/web\/producto\/jabon-limpiador-multiusos-ph-nivelado\/\"   class=\"service-box-img\"  rel=\"\"  >   \r\n                  \r\n                <img decoding=\"async\" src=\"https:\/\/soloaseo.com\/web\/wp-content\/uploads\/2024\/04\/357-309x309.png\" alt=\"Services Images\">\r\n                                     <\/a>\r\n                        <h3 class=\"service-box-title\">JABON LIMPIADOR MULTIUSOS NEUTRO<\/h3>\r\n            <div class=\"service-box-text\">A00165<\/div>\r\n                            <a href=\"https:\/\/soloaseo.com\/web\/producto\/jabon-limpiador-multiusos-ph-nivelado\/\"     class=\"service-box-link\"  rel=\"\"  >   \r\n                    Conoce m\u00e1s   \r\n                <\/a>\r\n                    <\/div>\r\n\r\n                <div class=\"col-xs-6 col-sm-6 col-md-4 service-box\">\r\n                            <a href=\" https:\/\/soloaseo.com\/web\/product\/jabon-limpiador-multiusos\/\"   class=\"service-box-img\"  rel=\"\"  >   \r\n                  \r\n                <img decoding=\"async\" src=\"https:\/\/soloaseo.com\/web\/wp-content\/uploads\/2024\/04\/A00360-JABON-LIMPIADOR-ALFOMBRAS-GL-3.8-L-SOLOASEO-309x309.png\" alt=\"Services Images\">\r\n                                     <\/a>\r\n                        <h3 class=\"service-box-title\">JABON LIMPIADOR ALFOMBRAS<\/h3>\r\n            <div class=\"service-box-text\">A00360<\/div>\r\n                            <a href=\" https:\/\/soloaseo.com\/web\/product\/jabon-limpiador-multiusos\/\"     class=\"service-box-link\"  rel=\"\"  >   \r\n                    Conoce m\u00e1s   \r\n                <\/a>\r\n                    <\/div>\r\n\r\n                <div class=\"col-xs-6 col-sm-6 col-md-4 service-box\">\r\n                            <a href=\" https:\/\/soloaseo.com\/web\/product\/limpiavidrios\/\"   class=\"service-box-img\"  rel=\"\"  >   \r\n                  \r\n                <img decoding=\"async\" src=\"https:\/\/soloaseo.com\/web\/wp-content\/uploads\/2024\/04\/A00287-LIMPIAVIDRIOS-GL-3.8-L-SOLOASEO-309x309.png\" alt=\"Services Images\">\r\n                                     <\/a>\r\n                        <h3 class=\"service-box-title\">LIMPIAVIDRIOS<\/h3>\r\n            <div class=\"service-box-text\">A00287<\/div>\r\n                            <a href=\" https:\/\/soloaseo.com\/web\/product\/limpiavidrios\/\"     class=\"service-box-link\"  rel=\"\"  >   \r\n                    Conoce m\u00e1s   \r\n                <\/a>\r\n                    <\/div>\r\n\r\n                <div class=\"col-xs-6 col-sm-6 col-md-4 service-box\">\r\n                            <a href=\"https:\/\/soloaseo.com\/web\/product\/lavaloza\/\"   class=\"service-box-img\"  rel=\"\"  >   \r\n                  \r\n                <img decoding=\"async\" src=\"https:\/\/soloaseo.com\/web\/wp-content\/uploads\/2024\/04\/A00275-LAVALOZA-LIQUIDO-GL-3.8-L-SOLOASEO-309x309.png\" alt=\"Services Images\">\r\n                                     <\/a>\r\n                        <h3 class=\"service-box-title\">LAVALOZA<\/h3>\r\n            <div class=\"service-box-text\">A00275<\/div>\r\n                            <a href=\"https:\/\/soloaseo.com\/web\/product\/lavaloza\/\"     class=\"service-box-link\"  rel=\"\"  >   \r\n                    Conoce m\u00e1s   \r\n                <\/a>\r\n                    <\/div>\r\n\r\n                <div class=\"col-xs-6 col-sm-6 col-md-4 service-box\">\r\n                            <a href=\"https:\/\/soloaseo.com\/web\/producto\/silicona-lustramuebles\/\"   class=\"service-box-img\"  rel=\"\"  >   \r\n                  \r\n                <img decoding=\"async\" src=\"https:\/\/soloaseo.com\/web\/wp-content\/uploads\/2024\/04\/369-309x309.png\" alt=\"Services Images\">\r\n                                     <\/a>\r\n                        <h3 class=\"service-box-title\">LUSTRAMUEBLES<\/h3>\r\n            <div class=\"service-box-text\">A01324<\/div>\r\n                            <a href=\"https:\/\/soloaseo.com\/web\/producto\/silicona-lustramuebles\/\"     class=\"service-box-link\"  rel=\"\"  >   \r\n                    Conoce m\u00e1s   \r\n                <\/a>\r\n                    <\/div>\r\n\r\n                <div class=\"col-xs-6 col-sm-6 col-md-4 service-box\">\r\n                            <a href=\"https:\/\/soloaseo.com\/web\/product\/desengrasante\/\"   class=\"service-box-img\"  rel=\"\"  >   \r\n                  \r\n                <img decoding=\"async\" src=\"https:\/\/soloaseo.com\/web\/wp-content\/uploads\/2024\/04\/A00145-DESENGRASANTE-GL-3.8-L-SOLOASEO-309x309.png\" alt=\"Services Images\">\r\n                                     <\/a>\r\n                        <h3 class=\"service-box-title\">DESENGRASANTE<\/h3>\r\n            <div class=\"service-box-text\">A00145<\/div>\r\n                            <a href=\"https:\/\/soloaseo.com\/web\/product\/desengrasante\/\"     class=\"service-box-link\"  rel=\"\"  >   \r\n                    Conoce m\u00e1s   \r\n                <\/a>\r\n                    <\/div>\r\n\r\n                <div class=\"col-xs-6 col-sm-6 col-md-4 service-box\">\r\n                            <a href=\"https:\/\/soloaseo.com\/web\/product\/varsol-ecologico\/\"   class=\"service-box-img\"  rel=\"\"  >   \r\n                  \r\n                <img decoding=\"async\" src=\"https:\/\/soloaseo.com\/web\/wp-content\/uploads\/2024\/04\/A00088-VARSOL-ECOLOGICO-GL-3.8-L-SOLOASEO-309x309.png\" alt=\"Services Images\">\r\n                                     <\/a>\r\n                        <h3 class=\"service-box-title\">VARSOL ECOLOGICO<\/h3>\r\n            <div class=\"service-box-text\">A00088<\/div>\r\n                            <a href=\"https:\/\/soloaseo.com\/web\/product\/varsol-ecologico\/\"     class=\"service-box-link\"  rel=\"\"  >   \r\n                    Conoce m\u00e1s   \r\n                <\/a>\r\n                    <\/div>\r\n\r\n                <div class=\"col-xs-6 col-sm-6 col-md-4 service-box\">\r\n                            <a href=\"https:\/\/soloaseo.com\/web\/producto\/varsol\/\"   class=\"service-box-img\"  rel=\"\"  >   \r\n                  \r\n                <img decoding=\"async\" src=\"https:\/\/soloaseo.com\/web\/wp-content\/uploads\/2017\/06\/A00398-VARSOL-GL-3.8-L-SOLOASEO-309x309.png\" alt=\"Services Images\">\r\n                                     <\/a>\r\n                        <h3 class=\"service-box-title\">VARSOL<\/h3>\r\n            <div class=\"service-box-text\">A00398<\/div>\r\n                            <a href=\"https:\/\/soloaseo.com\/web\/producto\/varsol\/\"     class=\"service-box-link\"  rel=\"\"  >   \r\n                    Conoce m\u00e1s   \r\n                <\/a>\r\n                    <\/div>\r\n\r\n                <div class=\"col-xs-6 col-sm-6 col-md-4 service-box\">\r\n                            <a href=\"https:\/\/soloaseo.com\/web\/producto\/cera-polimerica\/\"   class=\"service-box-img\"  rel=\"\"  >   \r\n                  \r\n                <img decoding=\"async\" src=\"https:\/\/soloaseo.com\/web\/wp-content\/uploads\/2024\/04\/A00350-REMOVEDOR-DE-CERAS-GL-3.8-L-SOLOASEO-309x309.png\" alt=\"Services Images\">\r\n                                     <\/a>\r\n                        <h3 class=\"service-box-title\">REMOVEDOR DE CERAS<\/h3>\r\n            <div class=\"service-box-text\">A00350<\/div>\r\n                            <a href=\"https:\/\/soloaseo.com\/web\/producto\/cera-polimerica\/\"     class=\"service-box-link\"  rel=\"\"  >   \r\n                    Conoce m\u00e1s   \r\n                <\/a>\r\n                    <\/div>\r\n\r\n                <\/div>\r\n        [\/vc_column][\/vc_row][vc_column][\/vc_column][vc_row][vc_column][vc_single_image image=\u00bb2798&#8243; img_size=\u00bbfull\u00bb alignment=\u00bbcenter\u00bb][\/vc_column][vc_column][\/vc_column][\/vc_row]<\/p>\n","protected":false},"excerpt":{"rendered":"<p>[vc_row][vc_column][vc_column_text css=\u00bb.vc_custom_1714770473990{margin-bottom: 28px !important;}\u00bb] Explora nuestra selecci\u00f3n de limpiadores industriales, dise\u00f1ados para abordar las necesidades espec\u00edficas de limpieza en entornos comerciales e industriales. Desde desengrasantes potentes hasta limpiadores multiusos, nuestros productos ofrecen soluciones efectivas para mantener tus instalaciones impecables. Conf\u00eda en nuestra calidad y eficacia para lograr resultados \u00f3ptimos en la limpieza de tu empresa. [&hellip;]<\/p>\n","protected":false},"author":2,"featured_media":0,"parent":0,"menu_order":0,"comment_status":"closed","ping_status":"closed","template":"","meta":{"_editorskit_title_hidden":false,"_editorskit_reading_time":0,"_editorskit_is_block_options_detached":false,"_editorskit_block_options_position":"{}","_joinchat":[],"footnotes":""},"class_list":["post-2805","page","type-page","status-publish","hentry"],"yoast_head":"<!-- This site is optimized with the Yoast SEO plugin v25.6 - https:\/\/yoast.com\/wordpress\/plugins\/seo\/ -->\n<title>Limpiadores - Soloaseo Distribuciones SAS<\/title>\n<meta name=\"robots\" content=\"index, follow, max-snippet:-1, max-image-preview:large, max-video-preview:-1\" \/>\n<link rel=\"canonical\" href=\"https:\/\/soloaseo.com\/web\/limpiadores\/\" \/>\n<meta property=\"og:locale\" content=\"es_ES\" \/>\n<meta property=\"og:type\" content=\"article\" \/>\n<meta property=\"og:title\" content=\"Limpiadores - Soloaseo Distribuciones SAS\" \/>\n<meta property=\"og:description\" content=\"[vc_row][vc_column][vc_column_text css=\u00bb.vc_custom_1714770473990{margin-bottom: 28px !important;}\u00bb] Explora nuestra selecci\u00f3n de limpiadores industriales, dise\u00f1ados para abordar las necesidades espec\u00edficas de limpieza en entornos comerciales e industriales. Desde desengrasantes potentes hasta limpiadores multiusos, nuestros productos ofrecen soluciones efectivas para mantener tus instalaciones impecables. Conf\u00eda en nuestra calidad y eficacia para lograr resultados \u00f3ptimos en la limpieza de tu empresa. [&hellip;]\" \/>\n<meta property=\"og:url\" content=\"https:\/\/soloaseo.com\/web\/limpiadores\/\" \/>\n<meta property=\"og:site_name\" content=\"Soloaseo Distribuciones SAS\" \/>\n<meta property=\"article:publisher\" content=\"https:\/\/www.facebook.com\/Soloaseo\/\" \/>\n<meta property=\"article:modified_time\" content=\"2024-05-05T01:14:55+00:00\" \/>\n<meta name=\"twitter:card\" content=\"summary_large_image\" \/>\n<meta name=\"twitter:label1\" content=\"Tiempo de lectura\" \/>\n\t<meta name=\"twitter:data1\" content=\"1 minuto\" \/>\n<script type=\"application\/ld+json\" class=\"yoast-schema-graph\">{\"@context\":\"https:\/\/schema.org\",\"@graph\":[{\"@type\":\"WebPage\",\"@id\":\"https:\/\/soloaseo.com\/web\/limpiadores\/\",\"url\":\"https:\/\/soloaseo.com\/web\/limpiadores\/\",\"name\":\"Limpiadores - Soloaseo Distribuciones SAS\",\"isPartOf\":{\"@id\":\"https:\/\/soloaseo.com\/web\/#website\"},\"datePublished\":\"2024-05-03T21:04:53+00:00\",\"dateModified\":\"2024-05-05T01:14:55+00:00\",\"breadcrumb\":{\"@id\":\"https:\/\/soloaseo.com\/web\/limpiadores\/#breadcrumb\"},\"inLanguage\":\"es\",\"potentialAction\":[{\"@type\":\"ReadAction\",\"target\":[\"https:\/\/soloaseo.com\/web\/limpiadores\/\"]}]},{\"@type\":\"BreadcrumbList\",\"@id\":\"https:\/\/soloaseo.com\/web\/limpiadores\/#breadcrumb\",\"itemListElement\":[{\"@type\":\"ListItem\",\"position\":1,\"name\":\"Home\",\"item\":\"https:\/\/soloaseo.com\/web\/\"},{\"@type\":\"ListItem\",\"position\":2,\"name\":\"Limpiadores\"}]},{\"@type\":\"WebSite\",\"@id\":\"https:\/\/soloaseo.com\/web\/#website\",\"url\":\"https:\/\/soloaseo.com\/web\/\",\"name\":\"Soloaseo Distribuciones SAS\",\"description\":\"Empresa distribuidora de productos de limpieza y suministros de higiene para su negocio.\",\"potentialAction\":[{\"@type\":\"SearchAction\",\"target\":{\"@type\":\"EntryPoint\",\"urlTemplate\":\"https:\/\/soloaseo.com\/web\/?s={search_term_string}\"},\"query-input\":{\"@type\":\"PropertyValueSpecification\",\"valueRequired\":true,\"valueName\":\"search_term_string\"}}],\"inLanguage\":\"es\"}]}<\/script>\n<!-- \/ Yoast SEO plugin. -->","yoast_head_json":{"title":"Limpiadores - Soloaseo Distribuciones SAS","robots":{"index":"index","follow":"follow","max-snippet":"max-snippet:-1","max-image-preview":"max-image-preview:large","max-video-preview":"max-video-preview:-1"},"canonical":"https:\/\/soloaseo.com\/web\/limpiadores\/","og_locale":"es_ES","og_type":"article","og_title":"Limpiadores - Soloaseo Distribuciones SAS","og_description":"[vc_row][vc_column][vc_column_text css=\u00bb.vc_custom_1714770473990{margin-bottom: 28px !important;}\u00bb] Explora nuestra selecci\u00f3n de limpiadores industriales, dise\u00f1ados para abordar las necesidades espec\u00edficas de limpieza en entornos comerciales e industriales. Desde desengrasantes potentes hasta limpiadores multiusos, nuestros productos ofrecen soluciones efectivas para mantener tus instalaciones impecables. Conf\u00eda en nuestra calidad y eficacia para lograr resultados \u00f3ptimos en la limpieza de tu empresa. [&hellip;]","og_url":"https:\/\/soloaseo.com\/web\/limpiadores\/","og_site_name":"Soloaseo Distribuciones SAS","article_publisher":"https:\/\/www.facebook.com\/Soloaseo\/","article_modified_time":"2024-05-05T01:14:55+00:00","twitter_card":"summary_large_image","twitter_misc":{"Tiempo de lectura":"1 minuto"},"schema":{"@context":"https:\/\/schema.org","@graph":[{"@type":"WebPage","@id":"https:\/\/soloaseo.com\/web\/limpiadores\/","url":"https:\/\/soloaseo.com\/web\/limpiadores\/","name":"Limpiadores - Soloaseo Distribuciones SAS","isPartOf":{"@id":"https:\/\/soloaseo.com\/web\/#website"},"datePublished":"2024-05-03T21:04:53+00:00","dateModified":"2024-05-05T01:14:55+00:00","breadcrumb":{"@id":"https:\/\/soloaseo.com\/web\/limpiadores\/#breadcrumb"},"inLanguage":"es","potentialAction":[{"@type":"ReadAction","target":["https:\/\/soloaseo.com\/web\/limpiadores\/"]}]},{"@type":"BreadcrumbList","@id":"https:\/\/soloaseo.com\/web\/limpiadores\/#breadcrumb","itemListElement":[{"@type":"ListItem","position":1,"name":"Home","item":"https:\/\/soloaseo.com\/web\/"},{"@type":"ListItem","position":2,"name":"Limpiadores"}]},{"@type":"WebSite","@id":"https:\/\/soloaseo.com\/web\/#website","url":"https:\/\/soloaseo.com\/web\/","name":"Soloaseo Distribuciones SAS","description":"Empresa distribuidora de productos de limpieza y suministros de higiene para su negocio.","potentialAction":[{"@type":"SearchAction","target":{"@type":"EntryPoint","urlTemplate":"https:\/\/soloaseo.com\/web\/?s={search_term_string}"},"query-input":{"@type":"PropertyValueSpecification","valueRequired":true,"valueName":"search_term_string"}}],"inLanguage":"es"}]}},"jetpack_sharing_enabled":true,"_links":{"self":[{"href":"https:\/\/soloaseo.com\/web\/wp-json\/wp\/v2\/pages\/2805"}],"collection":[{"href":"https:\/\/soloaseo.com\/web\/wp-json\/wp\/v2\/pages"}],"about":[{"href":"https:\/\/soloaseo.com\/web\/wp-json\/wp\/v2\/types\/page"}],"author":[{"embeddable":true,"href":"https:\/\/soloaseo.com\/web\/wp-json\/wp\/v2\/users\/2"}],"replies":[{"embeddable":true,"href":"https:\/\/soloaseo.com\/web\/wp-json\/wp\/v2\/comments?post=2805"}],"version-history":[{"count":7,"href":"https:\/\/soloaseo.com\/web\/wp-json\/wp\/v2\/pages\/2805\/revisions"}],"predecessor-version":[{"id":2876,"href":"https:\/\/soloaseo.com\/web\/wp-json\/wp\/v2\/pages\/2805\/revisions\/2876"}],"wp:attachment":[{"href":"https:\/\/soloaseo.com\/web\/wp-json\/wp\/v2\/media?parent=2805"}],"curies":[{"name":"wp","href":"https:\/\/api.w.org\/{rel}","templated":true}]}}