{"id":290,"date":"2017-06-21T04:59:10","date_gmt":"2017-06-21T04:59:10","guid":{"rendered":"http:\/\/smartdata.tonytemplates.com\/cleaning-service\/?page_id=290"},"modified":"2024-05-22T17:19:13","modified_gmt":"2024-05-22T22:19:13","slug":"nosotros","status":"publish","type":"page","link":"https:\/\/soloaseo.com\/web\/nosotros\/","title":{"rendered":"Nosotros"},"content":{"rendered":"<p>[vc_row css=\u00bb.vc_custom_1517547723395{margin-top: -25px !important;}\u00bb][vc_column][vc_column_text]<\/p>\n<h1 class=\"text-center h-decor\"><span style=\"color: #0c7fcc;\">Sobre Nuestra Compa\u00f1\u00eda<\/span><\/h1>\n<p>[\/vc_column_text][\/vc_column][\/vc_row][vc_row full_width=\u00bbstretch_row_content_no_spaces\u00bb css=\u00bb.vc_custom_1517543773820{background-color: #f6f6f7 !important;}\u00bb el_class=\u00bbabout-top-txt row-flex-text\u00bb][vc_column width=\u00bb1\/2&#8243;][vc_single_image image=\u00bb2718&#8243; img_size=\u00bbfull\u00bb css=\u00bb.vc_custom_1714683566959{margin-bottom: 0px !important;}\u00bb][\/vc_column][vc_column width=\u00bb1\/2&#8243; el_class=\u00bbbg-text\u00bb][vc_column_text el_class=\u00bbcol-50 ab-pages\u00bb css=\u00bb.vc_custom_1714682866957{margin-bottom: 0px !important;}\u00bb]<\/p>\n<div class=\"bg-text-inside\">\n<h3>Innovando desde 1995: nuestra historia es un testimonio de dedicaci\u00f3n, calidad y compromiso con nuestros clientes.<\/h3>\n<p>Nos destacamos como tu aliado confiable para suministros empresariales e industriales, ofreciendo una amplia gama de productos para la limpieza y m\u00e1s. Como fabricantes de productos de limpieza y distribuidores de las mejores marcas en aseo, cafeter\u00eda, papeler\u00eda y ferreter\u00eda, nos enorgullece brindarte soluciones integrales para todas tus necesidades.<\/p>\n<p>Desde nuestra fundaci\u00f3n, nos hemos dedicado a satisfacer las demandas del mercado con un servicio excepcional y productos de calidad superior. Nos esforzamos por ser mucho m\u00e1s que un simple proveedor; somos tu socio estrat\u00e9gico en la optimizaci\u00f3n de tus operaciones y la mejora de tu entorno laboral.<\/p>\n<p>&nbsp;<\/p>\n<\/div>\n<p>[\/vc_column_text][\/vc_column][\/vc_row][vc_row][vc_column][vc_tta_pageable no_fill_content_area=\u00bb1&#8243; active_section=\u00bb1&#8243; pagination_color=\u00bbsky\u00bb][vc_tta_section title=\u00bbSecci\u00f3n 1&#8243; tab_id=\u00bb1714752077190-d976b288-be3b\u00bb][vc_column_text]<\/p>\n<h1 class=\"text-center h-decor\"><span style=\"color: #0c7fcc;\">Nuestra Misi\u00f3n<\/span><\/h1>\n<p>[\/vc_column_text][vc_column_text css=\u00bb.vc_custom_1714770072685{margin-bottom: 20px !important;}\u00bb]Satisfacer los requerimientos de nuestros clientes, mediante la fabricaci\u00f3n y distribuci\u00f3n de productos que cumplan con todos los est\u00e1ndares de calidad exigidos, construyendo un equipo humano id\u00f3neo y capacitado, que est\u00e1 siempre en b\u00fasqueda de la excelencia mediante la mejora continua en nuestro servicio, la eficiencia de los procesos, fundamentados en la creaci\u00f3n de valor y el compromiso con el medio ambiente.[\/vc_column_text][\/vc_tta_section][vc_tta_section title=\u00bbSecci\u00f3n 2&#8243; tab_id=\u00bb1714752077205-93d4682b-1efa\u00bb][vc_column_text]<\/p>\n<h1 class=\"text-center h-decor\"><span style=\"color: #0c7fcc;\">Nuestra Visi\u00f3n<\/span><\/h1>\n<p>[\/vc_column_text][vc_column_text css=\u00bb.vc_custom_1716416353099{margin-bottom: 20px !important;}\u00bb]<\/p>\n<p class=\"text-center\">Para el a\u00f1o 2025 posicionarnos como una empresa l\u00edder, con reconocimiento a nivel nacional mediante la expansi\u00f3n y modernizaci\u00f3n industrial, innovando constantemente en el suministro de insumos, desarrollando una ventaja competitiva basados en los valores que gu\u00edan el accionar de nuestros colaboradores.<\/p>\n<p>[\/vc_column_text][\/vc_tta_section][\/vc_tta_pageable][\/vc_column][\/vc_row][vc_row css=\u00bb.vc_custom_1498114056290{padding-top: 80px !important;}\u00bb][vc_column width=\u00bb1\/2&#8243;][\/vc_column][vc_column width=\u00bb1\/2&#8243;][\/vc_column][\/vc_row][vc_row css=\u00bb.vc_custom_1506935343627{padding-bottom: 60px !important;}\u00bb][vc_column][vc_column_text]<\/p>\n<h1 class=\"text-center h-decor\"><span style=\"color: #0c7fcc;\">Nuestra Historia<\/span><\/h1>\n<p>[\/vc_column_text][vc_column_text][\/vc_column_text]<div class=\"row  person-carousel\">                    <div class=\"col-md-3 col-sm-4 col-xs-12 person\">\r\n                <div class=\"person-img\">\r\n                    <img loading=\"lazy\" decoding=\"async\" width=\"500\" height=\"500\" src=\"https:\/\/soloaseo.com\/web\/wp-content\/uploads\/2024\/05\/Logos-Soloaseo-6.png\" class=\"attachment-full size-full\" alt=\"\" srcset=\"https:\/\/soloaseo.com\/web\/wp-content\/uploads\/2024\/05\/Logos-Soloaseo-6.png 500w, https:\/\/soloaseo.com\/web\/wp-content\/uploads\/2024\/05\/Logos-Soloaseo-6-300x300.png 300w, https:\/\/soloaseo.com\/web\/wp-content\/uploads\/2024\/05\/Logos-Soloaseo-6-150x150.png 150w, https:\/\/soloaseo.com\/web\/wp-content\/uploads\/2024\/05\/Logos-Soloaseo-6-483x483.png 483w, https:\/\/soloaseo.com\/web\/wp-content\/uploads\/2024\/05\/Logos-Soloaseo-6-309x309.png 309w, https:\/\/soloaseo.com\/web\/wp-content\/uploads\/2024\/05\/Logos-Soloaseo-6-369x369.png 369w, https:\/\/soloaseo.com\/web\/wp-content\/uploads\/2024\/05\/Logos-Soloaseo-6-100x100.png 100w\" sizes=\"(max-width: 500px) 100vw, 500px\" \/>    \r\n                                    <\/div>\r\n                <h3 class=\"person-name\">Los Or\u00edgenes<\/h3>\r\n                <h6 class=\"person-position\">Soloaseo y Cafeter\u00eda<\/h6>\r\n                <div class=\"person-divider\"><\/div>\r\n                <p class=\"person-text\"><\/p>\n<p class=\"person-text\">En la ciudad de Bogot\u00e1, naci\u00f3 Soloaseo y Cafeter\u00eda como un modesto negocio, fundado con determinaci\u00f3n y visi\u00f3n por Nelson Espitia y Martha Pinto. Desde sus inicios, nos dedicamos a atender las necesidades de nuestros clientes en suministros de limpieza y art\u00edculos de cafeter\u00eda<\/p>\n<p><\/p>\r\n            <\/div>\r\n                                    <div class=\"col-md-3 col-sm-4 col-xs-12 person\">\r\n                <div class=\"person-img\">\r\n                    <img loading=\"lazy\" decoding=\"async\" width=\"500\" height=\"500\" src=\"https:\/\/soloaseo.com\/web\/wp-content\/uploads\/2024\/05\/Logos-Soloaseo-7.png\" class=\"attachment-full size-full\" alt=\"\" srcset=\"https:\/\/soloaseo.com\/web\/wp-content\/uploads\/2024\/05\/Logos-Soloaseo-7.png 500w, https:\/\/soloaseo.com\/web\/wp-content\/uploads\/2024\/05\/Logos-Soloaseo-7-300x300.png 300w, https:\/\/soloaseo.com\/web\/wp-content\/uploads\/2024\/05\/Logos-Soloaseo-7-150x150.png 150w, https:\/\/soloaseo.com\/web\/wp-content\/uploads\/2024\/05\/Logos-Soloaseo-7-483x483.png 483w, https:\/\/soloaseo.com\/web\/wp-content\/uploads\/2024\/05\/Logos-Soloaseo-7-309x309.png 309w, https:\/\/soloaseo.com\/web\/wp-content\/uploads\/2024\/05\/Logos-Soloaseo-7-369x369.png 369w, https:\/\/soloaseo.com\/web\/wp-content\/uploads\/2024\/05\/Logos-Soloaseo-7-100x100.png 100w\" sizes=\"(max-width: 500px) 100vw, 500px\" \/>    \r\n                                    <\/div>\r\n                <h3 class=\"person-name\">La Transformaci\u00f3n<\/h3>\r\n                <h6 class=\"person-position\">Soloaseo Distribuciones SAS<\/h6>\r\n                <div class=\"person-divider\"><\/div>\r\n                <p class=\"person-text\">Nos transformamos en Soloaseo y Distribuciones SAS. Esta evoluci\u00f3n marc\u00f3 un hito en nuestra historia, simbolizando nuestro crecimiento y adaptaci\u00f3n a nuevas demandas del mercado.<\/p>\r\n            <\/div>\r\n                                    <div class=\"col-md-3 col-sm-4 col-xs-12 person\">\r\n                <div class=\"person-img\">\r\n                    <img loading=\"lazy\" decoding=\"async\" width=\"500\" height=\"500\" src=\"https:\/\/soloaseo.com\/web\/wp-content\/uploads\/2024\/05\/Logos-Soloaseo-8.png\" class=\"attachment-full size-full\" alt=\"\" srcset=\"https:\/\/soloaseo.com\/web\/wp-content\/uploads\/2024\/05\/Logos-Soloaseo-8.png 500w, https:\/\/soloaseo.com\/web\/wp-content\/uploads\/2024\/05\/Logos-Soloaseo-8-300x300.png 300w, https:\/\/soloaseo.com\/web\/wp-content\/uploads\/2024\/05\/Logos-Soloaseo-8-150x150.png 150w, https:\/\/soloaseo.com\/web\/wp-content\/uploads\/2024\/05\/Logos-Soloaseo-8-483x483.png 483w, https:\/\/soloaseo.com\/web\/wp-content\/uploads\/2024\/05\/Logos-Soloaseo-8-309x309.png 309w, https:\/\/soloaseo.com\/web\/wp-content\/uploads\/2024\/05\/Logos-Soloaseo-8-369x369.png 369w, https:\/\/soloaseo.com\/web\/wp-content\/uploads\/2024\/05\/Logos-Soloaseo-8-100x100.png 100w\" sizes=\"(max-width: 500px) 100vw, 500px\" \/>    \r\n                                    <\/div>\r\n                <h3 class=\"person-name\">Ingreso Triunfal<\/h3>\r\n                <h6 class=\"person-position\">Colombia Compra Eficiente<\/h6>\r\n                <div class=\"person-divider\"><\/div>\r\n                <p class=\"person-text\"><span class=\"OYPEnA text-decoration-none text-strikethrough-none\">Ascendimos a nuevos horizontes al ingresar como proveedores al Acuerdo Marco de Precios de Colombia Compra Eficiente.<\/span><\/p>\r\n            <\/div>\r\n                                    <div class=\"col-md-3 col-sm-4 col-xs-12 person\">\r\n                <div class=\"person-img\">\r\n                    <img loading=\"lazy\" decoding=\"async\" width=\"500\" height=\"500\" src=\"https:\/\/soloaseo.com\/web\/wp-content\/uploads\/2024\/05\/Logos-Soloaseo-9.png\" class=\"attachment-full size-full\" alt=\"\" srcset=\"https:\/\/soloaseo.com\/web\/wp-content\/uploads\/2024\/05\/Logos-Soloaseo-9.png 500w, https:\/\/soloaseo.com\/web\/wp-content\/uploads\/2024\/05\/Logos-Soloaseo-9-300x300.png 300w, https:\/\/soloaseo.com\/web\/wp-content\/uploads\/2024\/05\/Logos-Soloaseo-9-150x150.png 150w, https:\/\/soloaseo.com\/web\/wp-content\/uploads\/2024\/05\/Logos-Soloaseo-9-483x483.png 483w, https:\/\/soloaseo.com\/web\/wp-content\/uploads\/2024\/05\/Logos-Soloaseo-9-309x309.png 309w, https:\/\/soloaseo.com\/web\/wp-content\/uploads\/2024\/05\/Logos-Soloaseo-9-369x369.png 369w, https:\/\/soloaseo.com\/web\/wp-content\/uploads\/2024\/05\/Logos-Soloaseo-9-100x100.png 100w\" sizes=\"(max-width: 500px) 100vw, 500px\" \/>    \r\n                                    <\/div>\r\n                <h3 class=\"person-name\">Expandiendo nuestra operaci\u00f3n<\/h3>\r\n                <h6 class=\"person-position\">Por Colombia<\/h6>\r\n                <div class=\"person-divider\"><\/div>\r\n                <p class=\"person-text\"><\/p>\n<p class=\"person-text\"><span class=\"OYPEnA text-decoration-none text-strikethrough-none\">Expandiendo nuestras operaciones para abarcar toda Colombia, extendiendo nuestro compromiso de excelencia de costa a costa.<\/span><\/p>\n<p><\/p>\r\n            <\/div>\r\n                                    <div class=\"col-md-3 col-sm-4 col-xs-12 person\">\r\n                <div class=\"person-img\">\r\n                    <img loading=\"lazy\" decoding=\"async\" width=\"500\" height=\"500\" src=\"https:\/\/soloaseo.com\/web\/wp-content\/uploads\/2024\/05\/Logos-Soloaseo-10.png\" class=\"attachment-full size-full\" alt=\"\" srcset=\"https:\/\/soloaseo.com\/web\/wp-content\/uploads\/2024\/05\/Logos-Soloaseo-10.png 500w, https:\/\/soloaseo.com\/web\/wp-content\/uploads\/2024\/05\/Logos-Soloaseo-10-300x300.png 300w, https:\/\/soloaseo.com\/web\/wp-content\/uploads\/2024\/05\/Logos-Soloaseo-10-150x150.png 150w, https:\/\/soloaseo.com\/web\/wp-content\/uploads\/2024\/05\/Logos-Soloaseo-10-483x483.png 483w, https:\/\/soloaseo.com\/web\/wp-content\/uploads\/2024\/05\/Logos-Soloaseo-10-309x309.png 309w, https:\/\/soloaseo.com\/web\/wp-content\/uploads\/2024\/05\/Logos-Soloaseo-10-369x369.png 369w, https:\/\/soloaseo.com\/web\/wp-content\/uploads\/2024\/05\/Logos-Soloaseo-10-100x100.png 100w\" sizes=\"(max-width: 500px) 100vw, 500px\" \/>    \r\n                                    <\/div>\r\n                <h3 class=\"person-name\">Principal proveedor<\/h3>\r\n                <h6 class=\"person-position\">Sector Publico<\/h6>\r\n                <div class=\"person-divider\"><\/div>\r\n                <p class=\"person-text\"><span class=\"OYPEnA text-decoration-none text-strikethrough-none\">Nos consolidamos como uno de los principales proveedores en el sector p\u00fablico, un logro que corona a\u00f1os de dedicaci\u00f3n y esfuerzo incansable.<\/span><\/p>\r\n            <\/div>\r\n                                    <div class=\"col-md-3 col-sm-4 col-xs-12 person\">\r\n                <div class=\"person-img\">\r\n                    <img loading=\"lazy\" decoding=\"async\" width=\"500\" height=\"500\" src=\"https:\/\/soloaseo.com\/web\/wp-content\/uploads\/2024\/05\/Logos-Soloaseo-11.png\" class=\"attachment-full size-full\" alt=\"\" srcset=\"https:\/\/soloaseo.com\/web\/wp-content\/uploads\/2024\/05\/Logos-Soloaseo-11.png 500w, https:\/\/soloaseo.com\/web\/wp-content\/uploads\/2024\/05\/Logos-Soloaseo-11-300x300.png 300w, https:\/\/soloaseo.com\/web\/wp-content\/uploads\/2024\/05\/Logos-Soloaseo-11-150x150.png 150w, https:\/\/soloaseo.com\/web\/wp-content\/uploads\/2024\/05\/Logos-Soloaseo-11-483x483.png 483w, https:\/\/soloaseo.com\/web\/wp-content\/uploads\/2024\/05\/Logos-Soloaseo-11-309x309.png 309w, https:\/\/soloaseo.com\/web\/wp-content\/uploads\/2024\/05\/Logos-Soloaseo-11-369x369.png 369w, https:\/\/soloaseo.com\/web\/wp-content\/uploads\/2024\/05\/Logos-Soloaseo-11-100x100.png 100w\" sizes=\"(max-width: 500px) 100vw, 500px\" \/>    \r\n                                    <\/div>\r\n                <h3 class=\"person-name\">Juntos contra la pandemia<\/h3>\r\n                <h6 class=\"person-position\">Desinfectando<\/h6>\r\n                <div class=\"person-divider\"><\/div>\r\n                <p class=\"person-text\"><span class=\"OYPEnA text-decoration-none text-strikethrough-none\">Enfrentamos nuestra primera pandemia con valent\u00eda, demostrando resiliencia y compromiso con nuestra comunidad y clientes, fortaleciendo nuestro legado de servicio inquebrantable.<\/span><\/p>\r\n            <\/div>\r\n                <\/div>[\/vc_column][\/vc_row][vc_row full_width=\u00bbstretch_row_content_no_spaces\u00bb el_class=\u00bbblock fullwidth-bg bg-gradient-1 inset-35 home-block-1&#8243;][vc_column][vc_column_text el_class=\u00bbget-banner\u00bb]<\/p>\n<h2>Si quieres contarnos algo para mejorar nuestro servicio, siempre estamos atentos a las sugerencias<\/h2>\n<p>[\/vc_column_text]                    <a href=\"https:\/\/soloaseo.com\/web\/contactenos\/\" class=\"btn \">\r\n             <i class=\"icon \"><\/i>\r\n             Cont\u00e1ctenos             <\/a>\r\n        [\/vc_column][\/vc_row][vc_row][vc_column][vc_column_text]<\/p>\n<h1 class=\"text-center h-decor\"><span style=\"color: #0c7fcc;\">Nuestros Valores<\/span><\/h1>\n<p>[\/vc_column_text][vc_column_text]<\/p>\n<p class=\"text-center\">Nuestra reputaci\u00f3n de calidad en los productos y servicio al cliente durante m\u00e1s de 20 a\u00f1os se ha construido con un equipo humano capacitado y comprometido.<\/p>\n<p>[\/vc_column_text][\/vc_column][\/vc_row][vc_row css=\u00bb.vc_custom_1506592745251{padding-top: 20px !important;}\u00bb el_class=\u00bbabout-pages-23&#8243;][vc_column]<div class=\"row \">        <div class=\"col-md-3 col-sm-6 col-xs-12 text-icon\">\r\n            <div class=\"text-icon-icon\">\r\n           \r\n                <i class=\"icon icon-reward-lined\"><\/i>\r\n            <\/div>\r\n                       <h5 class=\"text-icon-title\">Orientaci\u00f3n al cliente<\/h5>\r\n                       <div class=\"text-icon-text\">\r\n                <strong>Nuestra Raz\u00f3n de Ser:<\/strong>\u00a0Nos esforzamos por conocer a nuestros clientes y anticiparnos a sus requerimiento.            <\/div>\r\n        <\/div>\r\n                <div class=\"col-md-3 col-sm-6 col-xs-12 text-icon\">\r\n            <div class=\"text-icon-icon\">\r\n           \r\n                <i class=\"icon icon-night\"><\/i>\r\n            <\/div>\r\n                       <h5 class=\"text-icon-title\">Innovaci\u00f3n<\/h5>\r\n                       <div class=\"text-icon-text\">\r\n                <strong>El futuro en Nuestras Manos:<\/strong>\u00a0Cuestionamos paradigmas y movilizamos cambios.            <\/div>\r\n        <\/div>\r\n                <div class=\"col-md-3 col-sm-6 col-xs-12 text-icon\">\r\n            <div class=\"text-icon-icon\">\r\n           \r\n                <i class=\"icon icon-648324users\"><\/i>\r\n            <\/div>\r\n                       <h5 class=\"text-icon-title\">Confianza<\/h5>\r\n                       <div class=\"text-icon-text\">\r\n                <strong>Generamos Credibilidad:<\/strong>\u00a0Somos coherentes entre lo que pensamos, decimos y hacemos, siendo leales a nuestra Organizaci\u00f3n y actuando con honestidad            <\/div>\r\n        <\/div>\r\n                <div class=\"col-md-3 col-sm-6 col-xs-12 text-icon\">\r\n            <div class=\"text-icon-icon\">\r\n           \r\n                <i class=\"icon icon-users-lined\"><\/i>\r\n            <\/div>\r\n                       <h5 class=\"text-icon-title\">Trabajo en Equipo<\/h5>\r\n                       <div class=\"text-icon-text\">\r\n                Reconocemos las necesidades y expectativas de todas las partes interesadas.            <\/div>\r\n        <\/div>\r\n        <\/div>[\/vc_column][\/vc_row]<\/p>\n","protected":false},"excerpt":{"rendered":"<p>[vc_row css=\u00bb.vc_custom_1517547723395{margin-top: -25px !important;}\u00bb][vc_column][vc_column_text] Sobre Nuestra Compa\u00f1\u00eda [\/vc_column_text][\/vc_column][\/vc_row][vc_row full_width=\u00bbstretch_row_content_no_spaces\u00bb css=\u00bb.vc_custom_1517543773820{background-color: #f6f6f7 !important;}\u00bb el_class=\u00bbabout-top-txt row-flex-text\u00bb][vc_column width=\u00bb1\/2&#8243;][vc_single_image image=\u00bb2718&#8243; img_size=\u00bbfull\u00bb css=\u00bb.vc_custom_1714683566959{margin-bottom: 0px !important;}\u00bb][\/vc_column][vc_column width=\u00bb1\/2&#8243; el_class=\u00bbbg-text\u00bb][vc_column_text el_class=\u00bbcol-50 ab-pages\u00bb css=\u00bb.vc_custom_1714682866957{margin-bottom: 0px !important;}\u00bb] Innovando desde 1995: nuestra historia es un testimonio de dedicaci\u00f3n, calidad y compromiso con nuestros clientes. Nos destacamos como tu aliado confiable para suministros empresariales e industriales, ofreciendo [&hellip;]<\/p>\n","protected":false},"author":2,"featured_media":0,"parent":0,"menu_order":0,"comment_status":"closed","ping_status":"closed","template":"","meta":{"_editorskit_title_hidden":false,"_editorskit_reading_time":0,"_editorskit_is_block_options_detached":false,"_editorskit_block_options_position":"{}","_joinchat":[],"footnotes":""},"class_list":["post-290","page","type-page","status-publish","hentry"],"yoast_head":"<!-- This site is optimized with the Yoast SEO plugin v25.6 - https:\/\/yoast.com\/wordpress\/plugins\/seo\/ -->\n<title>Nosotros - Soloaseo Distribuciones SAS<\/title>\n<meta name=\"description\" content=\"Somos una empresa colombiana proveedora de productos de aseo y cafeter\u00eda, con la filosof\u00eda de satisfacer oportunamente las necesidades de nuestros clientes.Nos caracterizamos por ofrecer un servicio amigable, oportuno y eficiente, gracias a que contamos con un equipo de trabajo capacitado y comprometido.\" \/>\n<meta name=\"robots\" content=\"index, follow, max-snippet:-1, max-image-preview:large, max-video-preview:-1\" \/>\n<link rel=\"canonical\" href=\"https:\/\/soloaseo.com\/web\/nosotros\/\" \/>\n<meta property=\"og:locale\" content=\"es_ES\" \/>\n<meta property=\"og:type\" content=\"article\" \/>\n<meta property=\"og:title\" content=\"Nosotros - Soloaseo Distribuciones SAS\" \/>\n<meta property=\"og:description\" content=\"Somos una empresa colombiana proveedora de productos de aseo y cafeter\u00eda, con la filosof\u00eda de satisfacer oportunamente las necesidades de nuestros clientes.Nos caracterizamos por ofrecer un servicio amigable, oportuno y eficiente, gracias a que contamos con un equipo de trabajo capacitado y comprometido.\" \/>\n<meta property=\"og:url\" content=\"https:\/\/soloaseo.com\/web\/nosotros\/\" \/>\n<meta property=\"og:site_name\" content=\"Soloaseo Distribuciones SAS\" \/>\n<meta property=\"article:publisher\" content=\"https:\/\/www.facebook.com\/Soloaseo\/\" \/>\n<meta property=\"article:modified_time\" content=\"2024-05-22T22:19:13+00:00\" \/>\n<meta name=\"twitter:card\" content=\"summary_large_image\" \/>\n<meta name=\"twitter:label1\" content=\"Tiempo de lectura\" \/>\n\t<meta name=\"twitter:data1\" content=\"3 minutos\" \/>\n<script type=\"application\/ld+json\" class=\"yoast-schema-graph\">{\"@context\":\"https:\/\/schema.org\",\"@graph\":[{\"@type\":\"WebPage\",\"@id\":\"https:\/\/soloaseo.com\/web\/nosotros\/\",\"url\":\"https:\/\/soloaseo.com\/web\/nosotros\/\",\"name\":\"Nosotros - Soloaseo Distribuciones SAS\",\"isPartOf\":{\"@id\":\"https:\/\/soloaseo.com\/web\/#website\"},\"datePublished\":\"2017-06-21T04:59:10+00:00\",\"dateModified\":\"2024-05-22T22:19:13+00:00\",\"description\":\"Somos una empresa colombiana proveedora de productos de aseo y cafeter\u00eda, con la filosof\u00eda de satisfacer oportunamente las necesidades de nuestros clientes.Nos caracterizamos por ofrecer un servicio amigable, oportuno y eficiente, gracias a que contamos con un equipo de trabajo capacitado y comprometido.\",\"breadcrumb\":{\"@id\":\"https:\/\/soloaseo.com\/web\/nosotros\/#breadcrumb\"},\"inLanguage\":\"es\",\"potentialAction\":[{\"@type\":\"ReadAction\",\"target\":[\"https:\/\/soloaseo.com\/web\/nosotros\/\"]}]},{\"@type\":\"BreadcrumbList\",\"@id\":\"https:\/\/soloaseo.com\/web\/nosotros\/#breadcrumb\",\"itemListElement\":[{\"@type\":\"ListItem\",\"position\":1,\"name\":\"Home\",\"item\":\"https:\/\/soloaseo.com\/web\/\"},{\"@type\":\"ListItem\",\"position\":2,\"name\":\"Nosotros\"}]},{\"@type\":\"WebSite\",\"@id\":\"https:\/\/soloaseo.com\/web\/#website\",\"url\":\"https:\/\/soloaseo.com\/web\/\",\"name\":\"Soloaseo Distribuciones SAS\",\"description\":\"Empresa distribuidora de productos de limpieza y suministros de higiene para su negocio.\",\"potentialAction\":[{\"@type\":\"SearchAction\",\"target\":{\"@type\":\"EntryPoint\",\"urlTemplate\":\"https:\/\/soloaseo.com\/web\/?s={search_term_string}\"},\"query-input\":{\"@type\":\"PropertyValueSpecification\",\"valueRequired\":true,\"valueName\":\"search_term_string\"}}],\"inLanguage\":\"es\"}]}<\/script>\n<!-- \/ Yoast SEO plugin. -->","yoast_head_json":{"title":"Nosotros - Soloaseo Distribuciones SAS","description":"Somos una empresa colombiana proveedora de productos de aseo y cafeter\u00eda, con la filosof\u00eda de satisfacer oportunamente las necesidades de nuestros clientes.Nos caracterizamos por ofrecer un servicio amigable, oportuno y eficiente, gracias a que contamos con un equipo de trabajo capacitado y comprometido.","robots":{"index":"index","follow":"follow","max-snippet":"max-snippet:-1","max-image-preview":"max-image-preview:large","max-video-preview":"max-video-preview:-1"},"canonical":"https:\/\/soloaseo.com\/web\/nosotros\/","og_locale":"es_ES","og_type":"article","og_title":"Nosotros - Soloaseo Distribuciones SAS","og_description":"Somos una empresa colombiana proveedora de productos de aseo y cafeter\u00eda, con la filosof\u00eda de satisfacer oportunamente las necesidades de nuestros clientes.Nos caracterizamos por ofrecer un servicio amigable, oportuno y eficiente, gracias a que contamos con un equipo de trabajo capacitado y comprometido.","og_url":"https:\/\/soloaseo.com\/web\/nosotros\/","og_site_name":"Soloaseo Distribuciones SAS","article_publisher":"https:\/\/www.facebook.com\/Soloaseo\/","article_modified_time":"2024-05-22T22:19:13+00:00","twitter_card":"summary_large_image","twitter_misc":{"Tiempo de lectura":"3 minutos"},"schema":{"@context":"https:\/\/schema.org","@graph":[{"@type":"WebPage","@id":"https:\/\/soloaseo.com\/web\/nosotros\/","url":"https:\/\/soloaseo.com\/web\/nosotros\/","name":"Nosotros - Soloaseo Distribuciones SAS","isPartOf":{"@id":"https:\/\/soloaseo.com\/web\/#website"},"datePublished":"2017-06-21T04:59:10+00:00","dateModified":"2024-05-22T22:19:13+00:00","description":"Somos una empresa colombiana proveedora de productos de aseo y cafeter\u00eda, con la filosof\u00eda de satisfacer oportunamente las necesidades de nuestros clientes.Nos caracterizamos por ofrecer un servicio amigable, oportuno y eficiente, gracias a que contamos con un equipo de trabajo capacitado y comprometido.","breadcrumb":{"@id":"https:\/\/soloaseo.com\/web\/nosotros\/#breadcrumb"},"inLanguage":"es","potentialAction":[{"@type":"ReadAction","target":["https:\/\/soloaseo.com\/web\/nosotros\/"]}]},{"@type":"BreadcrumbList","@id":"https:\/\/soloaseo.com\/web\/nosotros\/#breadcrumb","itemListElement":[{"@type":"ListItem","position":1,"name":"Home","item":"https:\/\/soloaseo.com\/web\/"},{"@type":"ListItem","position":2,"name":"Nosotros"}]},{"@type":"WebSite","@id":"https:\/\/soloaseo.com\/web\/#website","url":"https:\/\/soloaseo.com\/web\/","name":"Soloaseo Distribuciones SAS","description":"Empresa distribuidora de productos de limpieza y suministros de higiene para su negocio.","potentialAction":[{"@type":"SearchAction","target":{"@type":"EntryPoint","urlTemplate":"https:\/\/soloaseo.com\/web\/?s={search_term_string}"},"query-input":{"@type":"PropertyValueSpecification","valueRequired":true,"valueName":"search_term_string"}}],"inLanguage":"es"}]}},"jetpack_sharing_enabled":true,"_links":{"self":[{"href":"https:\/\/soloaseo.com\/web\/wp-json\/wp\/v2\/pages\/290"}],"collection":[{"href":"https:\/\/soloaseo.com\/web\/wp-json\/wp\/v2\/pages"}],"about":[{"href":"https:\/\/soloaseo.com\/web\/wp-json\/wp\/v2\/types\/page"}],"author":[{"embeddable":true,"href":"https:\/\/soloaseo.com\/web\/wp-json\/wp\/v2\/users\/2"}],"replies":[{"embeddable":true,"href":"https:\/\/soloaseo.com\/web\/wp-json\/wp\/v2\/comments?post=290"}],"version-history":[{"count":79,"href":"https:\/\/soloaseo.com\/web\/wp-json\/wp\/v2\/pages\/290\/revisions"}],"predecessor-version":[{"id":3270,"href":"https:\/\/soloaseo.com\/web\/wp-json\/wp\/v2\/pages\/290\/revisions\/3270"}],"wp:attachment":[{"href":"https:\/\/soloaseo.com\/web\/wp-json\/wp\/v2\/media?parent=290"}],"curies":[{"name":"wp","href":"https:\/\/api.w.org\/{rel}","templated":true}]}}