{"id":3510,"date":"2024-06-05T12:15:58","date_gmt":"2024-06-05T17:15:58","guid":{"rendered":"https:\/\/soloaseo.com\/web\/?page_id=3510"},"modified":"2024-09-04T15:53:37","modified_gmt":"2024-09-04T20:53:37","slug":"higienicos","status":"publish","type":"page","link":"https:\/\/soloaseo.com\/web\/higienicos\/","title":{"rendered":"Higi\u00e9nicos"},"content":{"rendered":"<p>[vc_row][vc_column]\r\n\r\n        <div class=\"services-grid services-mobile-carousel\">\r\n                    <div class=\"col-xs-6 col-sm-6 col-md-4 service-box\">\r\n                            <a href=\"https:\/\/soloaseo.com\/web\/coltisu\/\"   class=\"service-box-img\"  rel=\"\"  >   \r\n                  \r\n                <img decoding=\"async\" src=\"https:\/\/soloaseo.com\/web\/wp-content\/uploads\/2024\/06\/productos-de-cafeteria-soloaseo-3-309x309.png\" alt=\"Services Images\">\r\n                                     <\/a>\r\n                        <h3 class=\"service-box-title\">COLTIS\u00da<\/h3>\r\n            <div class=\"service-box-text\"><\/div>\r\n                            <a href=\"https:\/\/soloaseo.com\/web\/coltisu\/\"     class=\"service-box-link\"  rel=\"\"  >   \r\n                    Conoce m\u00e1s   \r\n                <\/a>\r\n                    <\/div>\r\n\r\n                <div class=\"col-xs-6 col-sm-6 col-md-4 service-box\">\r\n                            <a href=\"https:\/\/soloaseo.com\/web\/elite\/\"   class=\"service-box-img\"  rel=\"\"  >   \r\n                  \r\n                <img decoding=\"async\" src=\"https:\/\/soloaseo.com\/web\/wp-content\/uploads\/2024\/06\/productos-de-cafeteria-soloaseo-309x309.png\" alt=\"Services Images\">\r\n                                     <\/a>\r\n                        <h3 class=\"service-box-title\">ELITE PROFESIONAL<\/h3>\r\n            <div class=\"service-box-text\"><\/div>\r\n                            <a href=\"https:\/\/soloaseo.com\/web\/elite\/\"     class=\"service-box-link\"  rel=\"\"  >   \r\n                    Conoce m\u00e1s   \r\n                <\/a>\r\n                    <\/div>\r\n\r\n                <div class=\"col-xs-6 col-sm-6 col-md-4 service-box\">\r\n                            <a href=\"https:\/\/soloaseo.com\/web\/sanitisu\/\"   class=\"service-box-img\"  rel=\"\"  >   \r\n                  \r\n                <img decoding=\"async\" src=\"https:\/\/soloaseo.com\/web\/wp-content\/uploads\/2024\/06\/productos-de-cafeteria-soloaseo-4-309x309.png\" alt=\"Services Images\">\r\n                                     <\/a>\r\n                        <h3 class=\"service-box-title\">SANITISU<\/h3>\r\n            <div class=\"service-box-text\"><\/div>\r\n                            <a href=\"https:\/\/soloaseo.com\/web\/sanitisu\/\"     class=\"service-box-link\"  rel=\"\"  >   \r\n                    Conoce m\u00e1s   \r\n                <\/a>\r\n                    <\/div>\r\n\r\n                <div class=\"col-xs-6 col-sm-6 col-md-4 service-box\">\r\n                            <a href=\"https:\/\/soloaseo.com\/web\/wypall\/\"   class=\"service-box-img\"  rel=\"\"  >   \r\n                  \r\n                <img decoding=\"async\" src=\"https:\/\/soloaseo.com\/web\/wp-content\/uploads\/2024\/06\/productos-de-cafeteria-soloaseo-5-309x309.png\" alt=\"Services Images\">\r\n                                     <\/a>\r\n                        <h3 class=\"service-box-title\">WYPALL<\/h3>\r\n            <div class=\"service-box-text\"><\/div>\r\n                            <a href=\"https:\/\/soloaseo.com\/web\/wypall\/\"     class=\"service-box-link\"  rel=\"\"  >   \r\n                    Conoce m\u00e1s   \r\n                <\/a>\r\n                    <\/div>\r\n\r\n                <div class=\"col-xs-6 col-sm-6 col-md-4 service-box\">\r\n                            <a href=\"https:\/\/soloaseo.com\/web\/scott\/\"   class=\"service-box-img\"  rel=\"\"  >   \r\n                  \r\n                <img decoding=\"async\" src=\"https:\/\/soloaseo.com\/web\/wp-content\/uploads\/2024\/06\/productos-de-cafeteria-soloaseo-3-2-309x309.png\" alt=\"Services Images\">\r\n                                     <\/a>\r\n                        <h3 class=\"service-box-title\">SCOTT<\/h3>\r\n            <div class=\"service-box-text\"><\/div>\r\n                            <a href=\"https:\/\/soloaseo.com\/web\/scott\/\"     class=\"service-box-link\"  rel=\"\"  >   \r\n                    Conoce m\u00e1s   \r\n                <\/a>\r\n                    <\/div>\r\n\r\n                <div class=\"col-xs-6 col-sm-6 col-md-4 service-box\">\r\n                            <a href=\"https:\/\/soloaseo.com\/web\/kleenex\/\"   class=\"service-box-img\"  rel=\"\"  >   \r\n                  \r\n                <img decoding=\"async\" src=\"https:\/\/soloaseo.com\/web\/wp-content\/uploads\/2024\/06\/productos-de-cafeteria-soloaseo-2-309x309.png\" alt=\"Services Images\">\r\n                                     <\/a>\r\n                        <h3 class=\"service-box-title\">KLEENEX<\/h3>\r\n            <div class=\"service-box-text\"><\/div>\r\n                            <a href=\"https:\/\/soloaseo.com\/web\/kleenex\/\"     class=\"service-box-link\"  rel=\"\"  >   \r\n                    Conoce m\u00e1s   \r\n                <\/a>\r\n                    <\/div>\r\n\r\n                <\/div>\r\n        [vc_empty_space height=\u00bb150px\u00bb][\/vc_column][\/vc_row][vc_row full_width=\u00bbstretch_row_content_no_spaces\u00bb content_placement=\u00bbtop\u00bb parallax=\u00bbcontent-moving\u00bb parallax_image=\u00bb3529&#8243;][vc_column][vc_empty_space height=\u00bb410px\u00bb][vc_cta h2=\u00bb\u00a1Cont\u00e1ctanos Ahora!\u00bb h4=\u00bbEnv\u00eda un mensaje a nuestro WhatsApp y recibe una respuesta r\u00e1pida y personalizada.\u00bb txt_align=\u00bbcenter\u00bb]<\/p>\r\n<p>\u00a1Estamos a solo un clic de distancia!<\/p>\r\n<p>[\/vc_cta][vc_btn title=\u00bb\u00a1Hablemos por WhatsApp!\u00bb color=\u00bbgreen\u00bb align=\u00bbcenter\u00bb css_animation=\u00bbbounceIn\u00bb link=\u00bburl:https%3A%2F%2Fweb.whatsapp.com%2Fsend%3Fphone%3D573173710952%26text%3D%25C2%25A1Hola!%2520%25F0%259F%2598%258A%2520Estoy%2520visitando%2520tu%2520p%25C3%25A1gina%2520web%2520y%2520me%2520gustar%25C3%25ADa%2520obtener%2520m%25C3%25A1s%2520informaci%25C3%25B3n%2520sobre&#8230;||target:%20_blank|\u00bb][vc_empty_space height=\u00bb50px\u00bb][vc_column_text]<\/p>\r\n<!-- \/wp:shortcode -->\r\n<p><!-- wp:paragraph -->[\/vc_column_text][\/vc_column][vc_column][\/vc_column][\/vc_row][vc_column][\/vc_column]<\/p>","protected":false},"excerpt":{"rendered":"<p>[vc_row][vc_column][vc_empty_space height=\u00bb150px\u00bb][\/vc_column][\/vc_row][vc_row full_width=\u00bbstretch_row_content_no_spaces\u00bb content_placement=\u00bbtop\u00bb parallax=\u00bbcontent-moving\u00bb parallax_image=\u00bb3529&#8243;][vc_column][vc_empty_space height=\u00bb410px\u00bb][vc_cta h2=\u00bb\u00a1Cont\u00e1ctanos Ahora!\u00bb h4=\u00bbEnv\u00eda un mensaje a nuestro WhatsApp y recibe una respuesta r\u00e1pida y personalizada.\u00bb txt_align=\u00bbcenter\u00bb] \u00a1Estamos a solo un clic de distancia! [\/vc_cta][vc_btn title=\u00bb\u00a1Hablemos por WhatsApp!\u00bb color=\u00bbgreen\u00bb align=\u00bbcenter\u00bb css_animation=\u00bbbounceIn\u00bb link=\u00bburl:https%3A%2F%2Fweb.whatsapp.com%2Fsend%3Fphone%3D573173710952%26text%3D%25C2%25A1Hola!%2520%25F0%259F%2598%258A%2520Estoy%2520visitando%2520tu%2520p%25C3%25A1gina%2520web%2520y%2520me%2520gustar%25C3%25ADa%2520obtener%2520m%25C3%25A1s%2520informaci%25C3%25B3n%2520sobre&#8230;||target:%20_blank|\u00bb][vc_empty_space height=\u00bb50px\u00bb][vc_column_text] [\/vc_column_text][\/vc_column][vc_column][\/vc_column][\/vc_row][vc_column][\/vc_column]<\/p>\n","protected":false},"author":2,"featured_media":0,"parent":0,"menu_order":0,"comment_status":"closed","ping_status":"closed","template":"","meta":{"_editorskit_title_hidden":false,"_editorskit_reading_time":0,"_editorskit_is_block_options_detached":false,"_editorskit_block_options_position":"{}","_joinchat":{"telephone":"+573173710952","message_text":"\u00bfPrefieres hablar directamente?\n\nEnv\u00eda un mensaje a nuestro WhatsApp y recibe una respuesta r\u00e1pida y personalizada.\n\n\u00a1Estamos a solo un clic de distancia!","message_send":"\u00a1Hola! \ud83d\ude0a Estoy visitando tu p\u00e1gina web y me gustar\u00eda obtener m\u00e1s informaci\u00f3n sobre ..."},"footnotes":""},"class_list":["post-3510","page","type-page","status-publish","hentry"],"yoast_head":"<!-- This site is optimized with the Yoast SEO plugin v25.6 - https:\/\/yoast.com\/wordpress\/plugins\/seo\/ -->\n<title>Higi\u00e9nicos - Soloaseo Distribuciones SAS<\/title>\n<meta name=\"description\" content=\"Descubre nuestra exclusiva l\u00ednea de higi\u00e9nicos, dise\u00f1ada para ofrecer m\u00e1xima comodidad y limpieza en cada uso. encuentra todo aqui en Soloaseo\" \/>\n<meta name=\"robots\" content=\"index, follow, max-snippet:-1, max-image-preview:large, max-video-preview:-1\" \/>\n<link rel=\"canonical\" href=\"https:\/\/soloaseo.com\/web\/higienicos\/\" \/>\n<meta property=\"og:locale\" content=\"es_ES\" \/>\n<meta property=\"og:type\" content=\"article\" \/>\n<meta property=\"og:title\" content=\"Higi\u00e9nicos - Soloaseo Distribuciones SAS\" \/>\n<meta property=\"og:description\" content=\"Descubre nuestra exclusiva l\u00ednea de higi\u00e9nicos, dise\u00f1ada para ofrecer m\u00e1xima comodidad y limpieza en cada uso. encuentra todo aqui en Soloaseo\" \/>\n<meta property=\"og:url\" content=\"https:\/\/soloaseo.com\/web\/higienicos\/\" \/>\n<meta property=\"og:site_name\" content=\"Soloaseo Distribuciones SAS\" \/>\n<meta property=\"article:publisher\" content=\"https:\/\/www.facebook.com\/Soloaseo\/\" \/>\n<meta property=\"article:modified_time\" content=\"2024-09-04T20:53:37+00:00\" \/>\n<meta name=\"twitter:card\" content=\"summary_large_image\" \/>\n<meta name=\"twitter:label1\" content=\"Tiempo de lectura\" \/>\n\t<meta name=\"twitter:data1\" content=\"1 minuto\" \/>\n<script type=\"application\/ld+json\" class=\"yoast-schema-graph\">{\"@context\":\"https:\/\/schema.org\",\"@graph\":[{\"@type\":\"WebPage\",\"@id\":\"https:\/\/soloaseo.com\/web\/higienicos\/\",\"url\":\"https:\/\/soloaseo.com\/web\/higienicos\/\",\"name\":\"Higi\u00e9nicos - Soloaseo Distribuciones SAS\",\"isPartOf\":{\"@id\":\"https:\/\/soloaseo.com\/web\/#website\"},\"datePublished\":\"2024-06-05T17:15:58+00:00\",\"dateModified\":\"2024-09-04T20:53:37+00:00\",\"description\":\"Descubre nuestra exclusiva l\u00ednea de higi\u00e9nicos, dise\u00f1ada para ofrecer m\u00e1xima comodidad y limpieza en cada uso. encuentra todo aqui en Soloaseo\",\"breadcrumb\":{\"@id\":\"https:\/\/soloaseo.com\/web\/higienicos\/#breadcrumb\"},\"inLanguage\":\"es\",\"potentialAction\":[{\"@type\":\"ReadAction\",\"target\":[\"https:\/\/soloaseo.com\/web\/higienicos\/\"]}]},{\"@type\":\"BreadcrumbList\",\"@id\":\"https:\/\/soloaseo.com\/web\/higienicos\/#breadcrumb\",\"itemListElement\":[{\"@type\":\"ListItem\",\"position\":1,\"name\":\"Home\",\"item\":\"https:\/\/soloaseo.com\/web\/\"},{\"@type\":\"ListItem\",\"position\":2,\"name\":\"Higi\u00e9nicos\"}]},{\"@type\":\"WebSite\",\"@id\":\"https:\/\/soloaseo.com\/web\/#website\",\"url\":\"https:\/\/soloaseo.com\/web\/\",\"name\":\"Soloaseo Distribuciones SAS\",\"description\":\"Empresa distribuidora de productos de limpieza y suministros de higiene para su negocio.\",\"potentialAction\":[{\"@type\":\"SearchAction\",\"target\":{\"@type\":\"EntryPoint\",\"urlTemplate\":\"https:\/\/soloaseo.com\/web\/?s={search_term_string}\"},\"query-input\":{\"@type\":\"PropertyValueSpecification\",\"valueRequired\":true,\"valueName\":\"search_term_string\"}}],\"inLanguage\":\"es\"}]}<\/script>\n<!-- \/ Yoast SEO plugin. -->","yoast_head_json":{"title":"Higi\u00e9nicos - Soloaseo Distribuciones SAS","description":"Descubre nuestra exclusiva l\u00ednea de higi\u00e9nicos, dise\u00f1ada para ofrecer m\u00e1xima comodidad y limpieza en cada uso. encuentra todo aqui en Soloaseo","robots":{"index":"index","follow":"follow","max-snippet":"max-snippet:-1","max-image-preview":"max-image-preview:large","max-video-preview":"max-video-preview:-1"},"canonical":"https:\/\/soloaseo.com\/web\/higienicos\/","og_locale":"es_ES","og_type":"article","og_title":"Higi\u00e9nicos - Soloaseo Distribuciones SAS","og_description":"Descubre nuestra exclusiva l\u00ednea de higi\u00e9nicos, dise\u00f1ada para ofrecer m\u00e1xima comodidad y limpieza en cada uso. encuentra todo aqui en Soloaseo","og_url":"https:\/\/soloaseo.com\/web\/higienicos\/","og_site_name":"Soloaseo Distribuciones SAS","article_publisher":"https:\/\/www.facebook.com\/Soloaseo\/","article_modified_time":"2024-09-04T20:53:37+00:00","twitter_card":"summary_large_image","twitter_misc":{"Tiempo de lectura":"1 minuto"},"schema":{"@context":"https:\/\/schema.org","@graph":[{"@type":"WebPage","@id":"https:\/\/soloaseo.com\/web\/higienicos\/","url":"https:\/\/soloaseo.com\/web\/higienicos\/","name":"Higi\u00e9nicos - Soloaseo Distribuciones SAS","isPartOf":{"@id":"https:\/\/soloaseo.com\/web\/#website"},"datePublished":"2024-06-05T17:15:58+00:00","dateModified":"2024-09-04T20:53:37+00:00","description":"Descubre nuestra exclusiva l\u00ednea de higi\u00e9nicos, dise\u00f1ada para ofrecer m\u00e1xima comodidad y limpieza en cada uso. encuentra todo aqui en Soloaseo","breadcrumb":{"@id":"https:\/\/soloaseo.com\/web\/higienicos\/#breadcrumb"},"inLanguage":"es","potentialAction":[{"@type":"ReadAction","target":["https:\/\/soloaseo.com\/web\/higienicos\/"]}]},{"@type":"BreadcrumbList","@id":"https:\/\/soloaseo.com\/web\/higienicos\/#breadcrumb","itemListElement":[{"@type":"ListItem","position":1,"name":"Home","item":"https:\/\/soloaseo.com\/web\/"},{"@type":"ListItem","position":2,"name":"Higi\u00e9nicos"}]},{"@type":"WebSite","@id":"https:\/\/soloaseo.com\/web\/#website","url":"https:\/\/soloaseo.com\/web\/","name":"Soloaseo Distribuciones SAS","description":"Empresa distribuidora de productos de limpieza y suministros de higiene para su negocio.","potentialAction":[{"@type":"SearchAction","target":{"@type":"EntryPoint","urlTemplate":"https:\/\/soloaseo.com\/web\/?s={search_term_string}"},"query-input":{"@type":"PropertyValueSpecification","valueRequired":true,"valueName":"search_term_string"}}],"inLanguage":"es"}]}},"jetpack_sharing_enabled":true,"_links":{"self":[{"href":"https:\/\/soloaseo.com\/web\/wp-json\/wp\/v2\/pages\/3510"}],"collection":[{"href":"https:\/\/soloaseo.com\/web\/wp-json\/wp\/v2\/pages"}],"about":[{"href":"https:\/\/soloaseo.com\/web\/wp-json\/wp\/v2\/types\/page"}],"author":[{"embeddable":true,"href":"https:\/\/soloaseo.com\/web\/wp-json\/wp\/v2\/users\/2"}],"replies":[{"embeddable":true,"href":"https:\/\/soloaseo.com\/web\/wp-json\/wp\/v2\/comments?post=3510"}],"version-history":[{"count":12,"href":"https:\/\/soloaseo.com\/web\/wp-json\/wp\/v2\/pages\/3510\/revisions"}],"predecessor-version":[{"id":3588,"href":"https:\/\/soloaseo.com\/web\/wp-json\/wp\/v2\/pages\/3510\/revisions\/3588"}],"wp:attachment":[{"href":"https:\/\/soloaseo.com\/web\/wp-json\/wp\/v2\/media?parent=3510"}],"curies":[{"name":"wp","href":"https:\/\/api.w.org\/{rel}","templated":true}]}}