{"id":3536,"date":"2024-06-05T14:37:45","date_gmt":"2024-06-05T19:37:45","guid":{"rendered":"https:\/\/soloaseo.com\/web\/?page_id=3536"},"modified":"2024-06-05T15:20:21","modified_gmt":"2024-06-05T20:20:21","slug":"wypall","status":"publish","type":"page","link":"https:\/\/soloaseo.com\/web\/wypall\/","title":{"rendered":"WypAll"},"content":{"rendered":"<p>[vc_row][vc_column][vc_column_text]<p>[\/vc_column_text][\/vc_column][\/vc_row][vc_row][vc_column][vc_single_image image=\u00bb3547&#8243; img_size=\u00bbfull\u00bb alignment=\u00bbcenter\u00bb][vc_column_text] [\/vc_column_text][\/vc_column][\/vc_row][vc_row][vc_column][vc_column_text]<\/p><p><p>[\/vc_column_text][\/vc_column][\/vc_row][vc_row][vc_column]\r\n\r\n        <div class=\"services-grid services-mobile-carousel\">\r\n                    <div class=\"col-xs-6 col-sm-6 col-md-4 service-box\">\r\n                            <a href=\"https:\/\/soloaseo.com\/web\/producto\/pano-de-limpieza-blanco-x70-wypall\/\"   class=\"service-box-img\"  rel=\"\"  >   \r\n                  \r\n                <img decoding=\"async\" src=\"https:\/\/soloaseo.com\/web\/wp-content\/uploads\/2024\/05\/A00722-PANO-DE-LIMPIEZA-ROLLO-88-PANOS-BLANCO-X70-REGULAR-REF.-30242860-WYPALL-1-309x309.png\" alt=\"Services Images\">\r\n                                     <\/a>\r\n                        <h3 class=\"service-box-title\">PA\u00d1O DE LIMPIEZA ROLLO 88 PA\u00d1OS BLANCO X70<\/h3>\r\n            <div class=\"service-box-text\"><\/p>\n<p>A00722<\/p>\n<p><\/div>\r\n                            <a href=\"https:\/\/soloaseo.com\/web\/producto\/pano-de-limpieza-blanco-x70-wypall\/\"     class=\"service-box-link\"  rel=\"\"  >   \r\n                    Conoce m\u00e1s   \r\n                <\/a>\r\n                    <\/div>\r\n\r\n                <div class=\"col-xs-6 col-sm-6 col-md-4 service-box\">\r\n                            <a href=\"https:\/\/soloaseo.com\/web\/producto\/pano-de-limpieza-interfold-30-panos-rojo-x80-wypall\/\"   class=\"service-box-img\"  rel=\"\"  >   \r\n                  \r\n                <img decoding=\"async\" src=\"https:\/\/soloaseo.com\/web\/wp-content\/uploads\/2024\/05\/A00937-PANO-DE-LIMPIEZA-INTERFOLD-30-PANOS-ROJO-X80-REF-30243076-WYPALL-1-309x309.png\" alt=\"Services Images\">\r\n                                     <\/a>\r\n                        <h3 class=\"service-box-title\">PA\u00d1O DE LIMPIEZA INTERFOLD 30 PA\u00d1OS ROJO X80<\/h3>\r\n            <div class=\"service-box-text\"><\/p>\n<p>A00937<\/p>\n<p><\/div>\r\n                            <a href=\"https:\/\/soloaseo.com\/web\/producto\/pano-de-limpieza-interfold-30-panos-rojo-x80-wypall\/\"     class=\"service-box-link\"  rel=\"\"  >   \r\n                    Conoce m\u00e1s   \r\n                <\/a>\r\n                    <\/div>\r\n\r\n                <div class=\"col-xs-6 col-sm-6 col-md-4 service-box\">\r\n                            <a href=\"https:\/\/soloaseo.com\/web\/producto\/pano-de-limpieza-interfold-30-panos-rojo-x80-wypall\/\"   class=\"service-box-img\"  rel=\"\"  >   \r\n                  \r\n                <img decoding=\"async\" src=\"https:\/\/soloaseo.com\/web\/wp-content\/uploads\/2024\/05\/A00938-PANO-DE-LIMPIEZA-INTERFOLD-30-PANOS-AZUL-X80-REF-30243107-WYPALL-1-309x309.png\" alt=\"Services Images\">\r\n                                     <\/a>\r\n                        <h3 class=\"service-box-title\">PA\u00d1O DE LIMPIEZA INTERFOLD 30 PA\u00d1OS AZUL X80<\/h3>\r\n            <div class=\"service-box-text\"><\/p>\n<p>A00938<\/p>\n<p><\/div>\r\n                            <a href=\"https:\/\/soloaseo.com\/web\/producto\/pano-de-limpieza-interfold-30-panos-rojo-x80-wypall\/\"     class=\"service-box-link\"  rel=\"\"  >   \r\n                    Conoce m\u00e1s   \r\n                <\/a>\r\n                    <\/div>\r\n\r\n                <div class=\"col-xs-6 col-sm-6 col-md-4 service-box\">\r\n                            <a href=\"https:\/\/soloaseo.com\/web\/producto\/pano-de-limpieza-interfold-30-panos-azul-x80-wypall\/\"   class=\"service-box-img\"  rel=\"\"  >   \r\n                  \r\n                <img decoding=\"async\" src=\"https:\/\/soloaseo.com\/web\/wp-content\/uploads\/2024\/05\/A00939-PANO-DE-LIMPIEZA-INTERFOLD-30-PANOS-VERDE-X80-REF-30243106-WYPALL-1-309x309.png\" alt=\"Services Images\">\r\n                                     <\/a>\r\n                        <h3 class=\"service-box-title\">PA\u00d1O DE LIMPIEZA INTERFOLD 30 PA\u00d1OS VERDE X80<\/h3>\r\n            <div class=\"service-box-text\"><\/p>\n<p>A00939<\/p>\n<p><\/div>\r\n                            <a href=\"https:\/\/soloaseo.com\/web\/producto\/pano-de-limpieza-interfold-30-panos-azul-x80-wypall\/\"     class=\"service-box-link\"  rel=\"\"  >   \r\n                    Conoce m\u00e1s   \r\n                <\/a>\r\n                    <\/div>\r\n\r\n                <div class=\"col-xs-6 col-sm-6 col-md-4 service-box\">\r\n                            <a href=\"https:\/\/soloaseo.com\/web\/producto\/pano-de-limpieza-interfold-30-panos-amarillo-x80-wypall\/\"   class=\"service-box-img\"  rel=\"\"  >   \r\n                  \r\n                <img decoding=\"async\" src=\"https:\/\/soloaseo.com\/web\/wp-content\/uploads\/2024\/05\/A00940-PANO-DE-LIMPIEZA-INTERFOLD-30-PANOS-AMARILLO-X80-REF-30243096-WYPALL-1-309x309.png\" alt=\"Services Images\">\r\n                                     <\/a>\r\n                        <h3 class=\"service-box-title\">PA\u00d1O DE LIMPIEZA INTERFOLD 30 PA\u00d1OS AMARILLO X80<\/h3>\r\n            <div class=\"service-box-text\"><\/p>\n<p>A00940<\/p>\n<p><\/div>\r\n                            <a href=\"https:\/\/soloaseo.com\/web\/producto\/pano-de-limpieza-interfold-30-panos-amarillo-x80-wypall\/\"     class=\"service-box-link\"  rel=\"\"  >   \r\n                    Conoce m\u00e1s   \r\n                <\/a>\r\n                    <\/div>\r\n\r\n                <div class=\"col-xs-6 col-sm-6 col-md-4 service-box\">\r\n                            <a href=\"https:\/\/soloaseo.com\/web\/producto\/pano-rollo-regular-x-80-blanco-wypall\/\"   class=\"service-box-img\"  rel=\"\"  >   \r\n                  \r\n                <img decoding=\"async\" src=\"https:\/\/soloaseo.com\/web\/wp-content\/uploads\/2024\/05\/A00941-PANO-ROLLO-REGULAR-X-80-BLANCO-REF.-30242848-WYPALL-1-309x309.png\" alt=\"Services Images\">\r\n                                     <\/a>\r\n                        <h3 class=\"service-box-title\">PA\u00d1O ROLLO REGULAR X 80 BLANCO<\/h3>\r\n            <div class=\"service-box-text\"><\/p>\n<p>A00941<\/p>\n<p><\/div>\r\n                            <a href=\"https:\/\/soloaseo.com\/web\/producto\/pano-rollo-regular-x-80-blanco-wypall\/\"     class=\"service-box-link\"  rel=\"\"  >   \r\n                    Conoce m\u00e1s   \r\n                <\/a>\r\n                    <\/div>\r\n\r\n                <div class=\"col-xs-6 col-sm-6 col-md-4 service-box\">\r\n                            <a href=\"https:\/\/soloaseo.com\/web\/producto\/pano-jumbo-rollo-300-mt-blanco-wypall\/\"   class=\"service-box-img\"  rel=\"\"  >   \r\n                  \r\n                <img decoding=\"async\" src=\"https:\/\/soloaseo.com\/web\/wp-content\/uploads\/2024\/05\/A00511-PANO-JUMBO-ROLLO-300-MT-BLANCO-REF.-30243063-WYPALL-1-309x309.png\" alt=\"Services Images\">\r\n                                     <\/a>\r\n                        <h3 class=\"service-box-title\">PA\u00d1O JUMBO ROLLO 300 MT BLANCO<\/h3>\r\n            <div class=\"service-box-text\"><\/p>\n<p>A00511<\/p>\n<p><\/div>\r\n                            <a href=\"https:\/\/soloaseo.com\/web\/producto\/pano-jumbo-rollo-300-mt-blanco-wypall\/\"     class=\"service-box-link\"  rel=\"\"  >   \r\n                    Conoce m\u00e1s   \r\n                <\/a>\r\n                    <\/div>\r\n\r\n                <\/div>\r\n        [\/vc_column][\/vc_row]<\/p>","protected":false},"excerpt":{"rendered":"<p>[vc_row][vc_column][vc_column_text]<\/p>\n","protected":false},"author":2,"featured_media":0,"parent":0,"menu_order":0,"comment_status":"closed","ping_status":"closed","template":"","meta":{"_editorskit_title_hidden":false,"_editorskit_reading_time":0,"_editorskit_is_block_options_detached":false,"_editorskit_block_options_position":"{}","_joinchat":{"telephone":"+573173710952","message_text":"\u00bfPrefieres hablar directamente?\n\nEnv\u00eda un mensaje a nuestro WhatsApp y recibe una respuesta r\u00e1pida y personalizada.\n\n\u00a1Estamos a solo un clic de distancia!","message_send":"\u00a1Hola! \ud83d\ude0a Estoy visitando tu p\u00e1gina web y me gustar\u00eda obtener m\u00e1s informaci\u00f3n sobre"},"footnotes":""},"class_list":["post-3536","page","type-page","status-publish","hentry"],"yoast_head":"<!-- This site is optimized with the Yoast SEO plugin v25.6 - https:\/\/yoast.com\/wordpress\/plugins\/seo\/ -->\n<title>WypAll - Soloaseo Distribuciones SAS<\/title>\n<meta name=\"description\" content=\"Nos especializamos en ofrecer productos de limpieza de alta calidad y rendimiento, como la reconocida marca WypAll\" \/>\n<meta name=\"robots\" content=\"index, follow, max-snippet:-1, max-image-preview:large, max-video-preview:-1\" \/>\n<link rel=\"canonical\" href=\"https:\/\/soloaseo.com\/web\/wypall\/\" \/>\n<meta property=\"og:locale\" content=\"es_ES\" \/>\n<meta property=\"og:type\" content=\"article\" \/>\n<meta property=\"og:title\" content=\"WypAll - Soloaseo Distribuciones SAS\" \/>\n<meta property=\"og:description\" content=\"Nos especializamos en ofrecer productos de limpieza de alta calidad y rendimiento, como la reconocida marca WypAll\" \/>\n<meta property=\"og:url\" content=\"https:\/\/soloaseo.com\/web\/wypall\/\" \/>\n<meta property=\"og:site_name\" content=\"Soloaseo Distribuciones SAS\" \/>\n<meta property=\"article:publisher\" content=\"https:\/\/www.facebook.com\/Soloaseo\/\" \/>\n<meta property=\"article:modified_time\" content=\"2024-06-05T20:20:21+00:00\" \/>\n<meta name=\"twitter:card\" content=\"summary_large_image\" \/>\n<meta name=\"twitter:label1\" content=\"Tiempo de lectura\" \/>\n\t<meta name=\"twitter:data1\" content=\"1 minuto\" \/>\n<script type=\"application\/ld+json\" class=\"yoast-schema-graph\">{\"@context\":\"https:\/\/schema.org\",\"@graph\":[{\"@type\":\"WebPage\",\"@id\":\"https:\/\/soloaseo.com\/web\/wypall\/\",\"url\":\"https:\/\/soloaseo.com\/web\/wypall\/\",\"name\":\"WypAll - Soloaseo Distribuciones SAS\",\"isPartOf\":{\"@id\":\"https:\/\/soloaseo.com\/web\/#website\"},\"datePublished\":\"2024-06-05T19:37:45+00:00\",\"dateModified\":\"2024-06-05T20:20:21+00:00\",\"description\":\"Nos especializamos en ofrecer productos de limpieza de alta calidad y rendimiento, como la reconocida marca WypAll\",\"breadcrumb\":{\"@id\":\"https:\/\/soloaseo.com\/web\/wypall\/#breadcrumb\"},\"inLanguage\":\"es\",\"potentialAction\":[{\"@type\":\"ReadAction\",\"target\":[\"https:\/\/soloaseo.com\/web\/wypall\/\"]}]},{\"@type\":\"BreadcrumbList\",\"@id\":\"https:\/\/soloaseo.com\/web\/wypall\/#breadcrumb\",\"itemListElement\":[{\"@type\":\"ListItem\",\"position\":1,\"name\":\"Home\",\"item\":\"https:\/\/soloaseo.com\/web\/\"},{\"@type\":\"ListItem\",\"position\":2,\"name\":\"WypAll\"}]},{\"@type\":\"WebSite\",\"@id\":\"https:\/\/soloaseo.com\/web\/#website\",\"url\":\"https:\/\/soloaseo.com\/web\/\",\"name\":\"Soloaseo Distribuciones SAS\",\"description\":\"Empresa distribuidora de productos de limpieza y suministros de higiene para su negocio.\",\"potentialAction\":[{\"@type\":\"SearchAction\",\"target\":{\"@type\":\"EntryPoint\",\"urlTemplate\":\"https:\/\/soloaseo.com\/web\/?s={search_term_string}\"},\"query-input\":{\"@type\":\"PropertyValueSpecification\",\"valueRequired\":true,\"valueName\":\"search_term_string\"}}],\"inLanguage\":\"es\"}]}<\/script>\n<!-- \/ Yoast SEO plugin. -->","yoast_head_json":{"title":"WypAll - Soloaseo Distribuciones SAS","description":"Nos especializamos en ofrecer productos de limpieza de alta calidad y rendimiento, como la reconocida marca WypAll","robots":{"index":"index","follow":"follow","max-snippet":"max-snippet:-1","max-image-preview":"max-image-preview:large","max-video-preview":"max-video-preview:-1"},"canonical":"https:\/\/soloaseo.com\/web\/wypall\/","og_locale":"es_ES","og_type":"article","og_title":"WypAll - Soloaseo Distribuciones SAS","og_description":"Nos especializamos en ofrecer productos de limpieza de alta calidad y rendimiento, como la reconocida marca WypAll","og_url":"https:\/\/soloaseo.com\/web\/wypall\/","og_site_name":"Soloaseo Distribuciones SAS","article_publisher":"https:\/\/www.facebook.com\/Soloaseo\/","article_modified_time":"2024-06-05T20:20:21+00:00","twitter_card":"summary_large_image","twitter_misc":{"Tiempo de lectura":"1 minuto"},"schema":{"@context":"https:\/\/schema.org","@graph":[{"@type":"WebPage","@id":"https:\/\/soloaseo.com\/web\/wypall\/","url":"https:\/\/soloaseo.com\/web\/wypall\/","name":"WypAll - Soloaseo Distribuciones SAS","isPartOf":{"@id":"https:\/\/soloaseo.com\/web\/#website"},"datePublished":"2024-06-05T19:37:45+00:00","dateModified":"2024-06-05T20:20:21+00:00","description":"Nos especializamos en ofrecer productos de limpieza de alta calidad y rendimiento, como la reconocida marca WypAll","breadcrumb":{"@id":"https:\/\/soloaseo.com\/web\/wypall\/#breadcrumb"},"inLanguage":"es","potentialAction":[{"@type":"ReadAction","target":["https:\/\/soloaseo.com\/web\/wypall\/"]}]},{"@type":"BreadcrumbList","@id":"https:\/\/soloaseo.com\/web\/wypall\/#breadcrumb","itemListElement":[{"@type":"ListItem","position":1,"name":"Home","item":"https:\/\/soloaseo.com\/web\/"},{"@type":"ListItem","position":2,"name":"WypAll"}]},{"@type":"WebSite","@id":"https:\/\/soloaseo.com\/web\/#website","url":"https:\/\/soloaseo.com\/web\/","name":"Soloaseo Distribuciones SAS","description":"Empresa distribuidora de productos de limpieza y suministros de higiene para su negocio.","potentialAction":[{"@type":"SearchAction","target":{"@type":"EntryPoint","urlTemplate":"https:\/\/soloaseo.com\/web\/?s={search_term_string}"},"query-input":{"@type":"PropertyValueSpecification","valueRequired":true,"valueName":"search_term_string"}}],"inLanguage":"es"}]}},"jetpack_sharing_enabled":true,"_links":{"self":[{"href":"https:\/\/soloaseo.com\/web\/wp-json\/wp\/v2\/pages\/3536"}],"collection":[{"href":"https:\/\/soloaseo.com\/web\/wp-json\/wp\/v2\/pages"}],"about":[{"href":"https:\/\/soloaseo.com\/web\/wp-json\/wp\/v2\/types\/page"}],"author":[{"embeddable":true,"href":"https:\/\/soloaseo.com\/web\/wp-json\/wp\/v2\/users\/2"}],"replies":[{"embeddable":true,"href":"https:\/\/soloaseo.com\/web\/wp-json\/wp\/v2\/comments?post=3536"}],"version-history":[{"count":5,"href":"https:\/\/soloaseo.com\/web\/wp-json\/wp\/v2\/pages\/3536\/revisions"}],"predecessor-version":[{"id":3549,"href":"https:\/\/soloaseo.com\/web\/wp-json\/wp\/v2\/pages\/3536\/revisions\/3549"}],"wp:attachment":[{"href":"https:\/\/soloaseo.com\/web\/wp-json\/wp\/v2\/media?parent=3536"}],"curies":[{"name":"wp","href":"https:\/\/api.w.org\/{rel}","templated":true}]}}