{"id":3550,"date":"2024-06-05T15:21:43","date_gmt":"2024-06-05T20:21:43","guid":{"rendered":"https:\/\/soloaseo.com\/web\/?page_id=3550"},"modified":"2024-06-05T15:25:38","modified_gmt":"2024-06-05T20:25:38","slug":"kleenex","status":"publish","type":"page","link":"https:\/\/soloaseo.com\/web\/kleenex\/","title":{"rendered":"Kleenex"},"content":{"rendered":"<p>[vc_row][vc_column][vc_column_text]<\/p>\r\n<p><p>[\/vc_column_text][\/vc_column][\/vc_row][vc_row][vc_column][vc_single_image image=\u00bb3546&#8243; img_size=\u00bbfull\u00bb alignment=\u00bbcenter\u00bb][vc_column_text] [\/vc_column_text][\/vc_column][\/vc_row][vc_row][vc_column][vc_column_text]<\/p>\n<p><p> [\/vc_column_text][\/vc_column][\/vc_row][vc_row][vc_column]\r\n\r\n        <div class=\"services-grid services-mobile-carousel\">\r\n                    <div class=\"col-xs-6 col-sm-6 col-md-4 service-box\">\r\n                            <a href=\"https:\/\/soloaseo.com\/web\/producto\/toalla-de-mano-hd-rollo-80-mt-blanca-supreme-kleenex-supreme\/\"   class=\"service-box-img\"  rel=\"\"  >   \r\n                  \r\n                <img decoding=\"async\" src=\"https:\/\/soloaseo.com\/web\/wp-content\/uploads\/2024\/05\/A01107-TOALLA-DE-MANO-HD-ROLLO-80-MT-BLANCA-SUPREME-REF.-30240348-KLEENEX-SUPREME-1-309x309.png\" alt=\"Services Images\">\r\n                                     <\/a>\r\n                        <h3 class=\"service-box-title\">TOALLA DE MANO HD ROLLO 80 MT BLANCA SUPREME<\/h3>\r\n            <div class=\"service-box-text\"><\/p>\n<p>A01107<\/p>\n<p><\/div>\r\n                            <a href=\"https:\/\/soloaseo.com\/web\/producto\/toalla-de-mano-hd-rollo-80-mt-blanca-supreme-kleenex-supreme\/\"     class=\"service-box-link\"  rel=\"\"  >   \r\n                    Conoce m\u00e1s   \r\n                <\/a>\r\n                    <\/div>\r\n\r\n                <\/div>\r\n        [\/vc_column][\/vc_row][vc_row][vc_column][vc_column_text]<\/p>\n<p>[\/vc_column_text][\/vc_column][\/vc_row]<\/p>","protected":false},"excerpt":{"rendered":"<p>[vc_row][vc_column][vc_column_text] [\/vc_column_text][\/vc_column][\/vc_row]<\/p>\n","protected":false},"author":2,"featured_media":0,"parent":0,"menu_order":0,"comment_status":"closed","ping_status":"closed","template":"","meta":{"_editorskit_title_hidden":false,"_editorskit_reading_time":0,"_editorskit_is_block_options_detached":false,"_editorskit_block_options_position":"{}","_joinchat":{"telephone":"+573173710952","message_text":"\u00a1Hablemos por WhatsApp!\n\nEstamos disponibles para resolver tus dudas y brindarte la informaci\u00f3n que necesitas.\n\n\u00a1No esperes m\u00e1s y cont\u00e1ctanos ahora!","message_send":"\u00a1Hola! \ud83d\ude0a Estoy visitando tu p\u00e1gina web y me gustar\u00eda obtener m\u00e1s informaci\u00f3n sobre"},"footnotes":""},"class_list":["post-3550","page","type-page","status-publish","hentry"],"yoast_head":"<!-- This site is optimized with the Yoast SEO plugin v25.6 - https:\/\/yoast.com\/wordpress\/plugins\/seo\/ -->\n<title>Kleenex - Soloaseo Distribuciones SAS<\/title>\n<meta name=\"description\" content=\"Nos especializamos en ofrecer productos de limpieza de alta calidad y rendimiento, como la reconocida marca Kleenex\" \/>\n<meta name=\"robots\" content=\"index, follow, max-snippet:-1, max-image-preview:large, max-video-preview:-1\" \/>\n<link rel=\"canonical\" href=\"https:\/\/soloaseo.com\/web\/kleenex\/\" \/>\n<meta property=\"og:locale\" content=\"es_ES\" \/>\n<meta property=\"og:type\" content=\"article\" \/>\n<meta property=\"og:title\" content=\"Kleenex - Soloaseo Distribuciones SAS\" \/>\n<meta property=\"og:description\" content=\"Nos especializamos en ofrecer productos de limpieza de alta calidad y rendimiento, como la reconocida marca Kleenex\" \/>\n<meta property=\"og:url\" content=\"https:\/\/soloaseo.com\/web\/kleenex\/\" \/>\n<meta property=\"og:site_name\" content=\"Soloaseo Distribuciones SAS\" \/>\n<meta property=\"article:publisher\" content=\"https:\/\/www.facebook.com\/Soloaseo\/\" \/>\n<meta property=\"article:modified_time\" content=\"2024-06-05T20:25:38+00:00\" \/>\n<meta name=\"twitter:card\" content=\"summary_large_image\" \/>\n<meta name=\"twitter:label1\" content=\"Tiempo de lectura\" \/>\n\t<meta name=\"twitter:data1\" content=\"1 minuto\" \/>\n<script type=\"application\/ld+json\" class=\"yoast-schema-graph\">{\"@context\":\"https:\/\/schema.org\",\"@graph\":[{\"@type\":\"WebPage\",\"@id\":\"https:\/\/soloaseo.com\/web\/kleenex\/\",\"url\":\"https:\/\/soloaseo.com\/web\/kleenex\/\",\"name\":\"Kleenex - Soloaseo Distribuciones SAS\",\"isPartOf\":{\"@id\":\"https:\/\/soloaseo.com\/web\/#website\"},\"datePublished\":\"2024-06-05T20:21:43+00:00\",\"dateModified\":\"2024-06-05T20:25:38+00:00\",\"description\":\"Nos especializamos en ofrecer productos de limpieza de alta calidad y rendimiento, como la reconocida marca Kleenex\",\"breadcrumb\":{\"@id\":\"https:\/\/soloaseo.com\/web\/kleenex\/#breadcrumb\"},\"inLanguage\":\"es\",\"potentialAction\":[{\"@type\":\"ReadAction\",\"target\":[\"https:\/\/soloaseo.com\/web\/kleenex\/\"]}]},{\"@type\":\"BreadcrumbList\",\"@id\":\"https:\/\/soloaseo.com\/web\/kleenex\/#breadcrumb\",\"itemListElement\":[{\"@type\":\"ListItem\",\"position\":1,\"name\":\"Home\",\"item\":\"https:\/\/soloaseo.com\/web\/\"},{\"@type\":\"ListItem\",\"position\":2,\"name\":\"Kleenex\"}]},{\"@type\":\"WebSite\",\"@id\":\"https:\/\/soloaseo.com\/web\/#website\",\"url\":\"https:\/\/soloaseo.com\/web\/\",\"name\":\"Soloaseo Distribuciones SAS\",\"description\":\"Empresa distribuidora de productos de limpieza y suministros de higiene para su negocio.\",\"potentialAction\":[{\"@type\":\"SearchAction\",\"target\":{\"@type\":\"EntryPoint\",\"urlTemplate\":\"https:\/\/soloaseo.com\/web\/?s={search_term_string}\"},\"query-input\":{\"@type\":\"PropertyValueSpecification\",\"valueRequired\":true,\"valueName\":\"search_term_string\"}}],\"inLanguage\":\"es\"}]}<\/script>\n<!-- \/ Yoast SEO plugin. -->","yoast_head_json":{"title":"Kleenex - Soloaseo Distribuciones SAS","description":"Nos especializamos en ofrecer productos de limpieza de alta calidad y rendimiento, como la reconocida marca Kleenex","robots":{"index":"index","follow":"follow","max-snippet":"max-snippet:-1","max-image-preview":"max-image-preview:large","max-video-preview":"max-video-preview:-1"},"canonical":"https:\/\/soloaseo.com\/web\/kleenex\/","og_locale":"es_ES","og_type":"article","og_title":"Kleenex - Soloaseo Distribuciones SAS","og_description":"Nos especializamos en ofrecer productos de limpieza de alta calidad y rendimiento, como la reconocida marca Kleenex","og_url":"https:\/\/soloaseo.com\/web\/kleenex\/","og_site_name":"Soloaseo Distribuciones SAS","article_publisher":"https:\/\/www.facebook.com\/Soloaseo\/","article_modified_time":"2024-06-05T20:25:38+00:00","twitter_card":"summary_large_image","twitter_misc":{"Tiempo de lectura":"1 minuto"},"schema":{"@context":"https:\/\/schema.org","@graph":[{"@type":"WebPage","@id":"https:\/\/soloaseo.com\/web\/kleenex\/","url":"https:\/\/soloaseo.com\/web\/kleenex\/","name":"Kleenex - Soloaseo Distribuciones SAS","isPartOf":{"@id":"https:\/\/soloaseo.com\/web\/#website"},"datePublished":"2024-06-05T20:21:43+00:00","dateModified":"2024-06-05T20:25:38+00:00","description":"Nos especializamos en ofrecer productos de limpieza de alta calidad y rendimiento, como la reconocida marca Kleenex","breadcrumb":{"@id":"https:\/\/soloaseo.com\/web\/kleenex\/#breadcrumb"},"inLanguage":"es","potentialAction":[{"@type":"ReadAction","target":["https:\/\/soloaseo.com\/web\/kleenex\/"]}]},{"@type":"BreadcrumbList","@id":"https:\/\/soloaseo.com\/web\/kleenex\/#breadcrumb","itemListElement":[{"@type":"ListItem","position":1,"name":"Home","item":"https:\/\/soloaseo.com\/web\/"},{"@type":"ListItem","position":2,"name":"Kleenex"}]},{"@type":"WebSite","@id":"https:\/\/soloaseo.com\/web\/#website","url":"https:\/\/soloaseo.com\/web\/","name":"Soloaseo Distribuciones SAS","description":"Empresa distribuidora de productos de limpieza y suministros de higiene para su negocio.","potentialAction":[{"@type":"SearchAction","target":{"@type":"EntryPoint","urlTemplate":"https:\/\/soloaseo.com\/web\/?s={search_term_string}"},"query-input":{"@type":"PropertyValueSpecification","valueRequired":true,"valueName":"search_term_string"}}],"inLanguage":"es"}]}},"jetpack_sharing_enabled":true,"_links":{"self":[{"href":"https:\/\/soloaseo.com\/web\/wp-json\/wp\/v2\/pages\/3550"}],"collection":[{"href":"https:\/\/soloaseo.com\/web\/wp-json\/wp\/v2\/pages"}],"about":[{"href":"https:\/\/soloaseo.com\/web\/wp-json\/wp\/v2\/types\/page"}],"author":[{"embeddable":true,"href":"https:\/\/soloaseo.com\/web\/wp-json\/wp\/v2\/users\/2"}],"replies":[{"embeddable":true,"href":"https:\/\/soloaseo.com\/web\/wp-json\/wp\/v2\/comments?post=3550"}],"version-history":[{"count":3,"href":"https:\/\/soloaseo.com\/web\/wp-json\/wp\/v2\/pages\/3550\/revisions"}],"predecessor-version":[{"id":3553,"href":"https:\/\/soloaseo.com\/web\/wp-json\/wp\/v2\/pages\/3550\/revisions\/3553"}],"wp:attachment":[{"href":"https:\/\/soloaseo.com\/web\/wp-json\/wp\/v2\/media?parent=3550"}],"curies":[{"name":"wp","href":"https:\/\/api.w.org\/{rel}","templated":true}]}}