{"id":3554,"date":"2024-06-05T15:29:15","date_gmt":"2024-06-05T20:29:15","guid":{"rendered":"https:\/\/soloaseo.com\/web\/?page_id=3554"},"modified":"2024-06-05T15:57:25","modified_gmt":"2024-06-05T20:57:25","slug":"scott","status":"publish","type":"page","link":"https:\/\/soloaseo.com\/web\/scott\/","title":{"rendered":"Scott"},"content":{"rendered":"<p>[vc_row][vc_column][vc_column_text]<\/p>\r\n<p><p> [\/vc_column_text][\/vc_column][\/vc_row][vc_row][vc_column][vc_single_image image=\u00bb3558&#8243; img_size=\u00bbfull\u00bb alignment=\u00bbcenter\u00bb][vc_column_text] [\/vc_column_text][\/vc_column][\/vc_row][vc_row][vc_column][vc_column_text]<\/p><p><p> [\/vc_column_text][\/vc_column][\/vc_row][vc_row][vc_column]\r\n\r\n        <div class=\"services-grid services-mobile-carousel\">\r\n                    <div class=\"col-xs-6 col-sm-6 col-md-4 service-box\">\r\n                            <a href=\"https:\/\/soloaseo.com\/web\/producto\/papel-higienico-hs-500-mt-blanco-scott-basic\/\"   class=\"service-box-img\"  rel=\"\"  >   \r\n                  \r\n                <img decoding=\"async\" src=\"https:\/\/soloaseo.com\/web\/wp-content\/uploads\/2024\/05\/A13012-PAPEL-HIGIENICO-HS-500-MT-BLANCO-REF.-30241407-SCOTT-BASIC-1-309x309.png\" alt=\"Services Images\">\r\n                                     <\/a>\r\n                        <h3 class=\"service-box-title\">PAPEL HIGIENICO HS 500 MT BLANCO <\/h3>\r\n            <div class=\"service-box-text\"><\/p>\n<p>A13012<\/p>\n<p><\/div>\r\n                            <a href=\"https:\/\/soloaseo.com\/web\/producto\/papel-higienico-hs-500-mt-blanco-scott-basic\/\"     class=\"service-box-link\"  rel=\"\"  >   \r\n                    Conoce m\u00e1s   \r\n                <\/a>\r\n                    <\/div>\r\n\r\n                <div class=\"col-xs-6 col-sm-6 col-md-4 service-box\">\r\n                            <a href=\"https:\/\/soloaseo.com\/web\/producto\/papel-higienico-dh-precorte-250-mt-blanco-scott-essential\/\"   class=\"service-box-img\"  rel=\"\"  >   \r\n                  \r\n                <img decoding=\"async\" src=\"https:\/\/soloaseo.com\/web\/wp-content\/uploads\/2024\/05\/A01395-PAPEL-HIGIENICO-DH-PRECORTE-250-MT-BLANCO-REF.-30224083-SCOTT-ESSENTIAL-1-309x309.png\" alt=\"Services Images\">\r\n                                     <\/a>\r\n                        <h3 class=\"service-box-title\">PAPEL HIGIENICO DH PRECORTE 250 MT BLANCO ESSENTIAL<\/h3>\r\n            <div class=\"service-box-text\"><\/p>\n<p>A01395<\/p>\n<p><\/div>\r\n                            <a href=\"https:\/\/soloaseo.com\/web\/producto\/papel-higienico-dh-precorte-250-mt-blanco-scott-essential\/\"     class=\"service-box-link\"  rel=\"\"  >   \r\n                    Conoce m\u00e1s   \r\n                <\/a>\r\n                    <\/div>\r\n\r\n                <div class=\"col-xs-6 col-sm-6 col-md-4 service-box\">\r\n                            <a href=\"https:\/\/soloaseo.com\/web\/producto\/toalla-de-mano-hs-rollo-100-mt-natural-ref-30240057-scott\/\"   class=\"service-box-img\"  rel=\"\"  >   \r\n                  \r\n                <img decoding=\"async\" src=\"https:\/\/soloaseo.com\/web\/wp-content\/uploads\/2024\/05\/A01117-TOALLA-DE-MANO-HS-ROLLO-100-MT-NATURAL-REF.-30240057-SCOTT-1-309x309.png\" alt=\"Services Images\">\r\n                                     <\/a>\r\n                        <h3 class=\"service-box-title\">TOALLA DE MANO HS ROLLO 100 MT NATURAL <\/h3>\r\n            <div class=\"service-box-text\"><\/p>\n<p>A01117<\/p>\n<p><\/div>\r\n                            <a href=\"https:\/\/soloaseo.com\/web\/producto\/toalla-de-mano-hs-rollo-100-mt-natural-ref-30240057-scott\/\"     class=\"service-box-link\"  rel=\"\"  >   \r\n                    Conoce m\u00e1s   \r\n                <\/a>\r\n                    <\/div>\r\n\r\n                <div class=\"col-xs-6 col-sm-6 col-md-4 service-box\">\r\n                            <a href=\"https:\/\/soloaseo.com\/web\/producto\/toalla-de-mano-hs-rollo-200-mt-blanco-scott-basic\/\"   class=\"service-box-img\"  rel=\"\"  >   \r\n                  \r\n                <img decoding=\"async\" src=\"https:\/\/soloaseo.com\/web\/wp-content\/uploads\/2024\/05\/A01244-TOALLA-DE-MANO-HS-ROLLO-200-MT-BLANCO-REF.-30224771-SCOTT-BASIC-1-309x309.png\" alt=\"Services Images\">\r\n                                     <\/a>\r\n                        <h3 class=\"service-box-title\">TOALLA DE MANO HS ROLLO 200 MT BLANCO<\/h3>\r\n            <div class=\"service-box-text\"><\/p>\n<p>A01244<\/p>\n<p><\/div>\r\n                            <a href=\"https:\/\/soloaseo.com\/web\/producto\/toalla-de-mano-hs-rollo-200-mt-blanco-scott-basic\/\"     class=\"service-box-link\"  rel=\"\"  >   \r\n                    Conoce m\u00e1s   \r\n                <\/a>\r\n                    <\/div>\r\n\r\n                <div class=\"col-xs-6 col-sm-6 col-md-4 service-box\">\r\n                            <a href=\"https:\/\/soloaseo.com\/web\/producto\/toalla-multiusos-rollo-64-hojas-scott\/\"   class=\"service-box-img\"  rel=\"\"  >   \r\n                  \r\n                <img decoding=\"async\" src=\"https:\/\/soloaseo.com\/web\/wp-content\/uploads\/2024\/05\/A00543-TOALLA-MULTIUSOS-ROLLO-64-HOJAS-REF.30242858-SCOTT-1-309x309.png\" alt=\"Services Images\">\r\n                                     <\/a>\r\n                        <h3 class=\"service-box-title\">TOALLA MULTIUSOS ROLLO 64 HOJAS<\/h3>\r\n            <div class=\"service-box-text\"><\/p>\n<p>A00543<\/p>\n<p><\/div>\r\n                            <a href=\"https:\/\/soloaseo.com\/web\/producto\/toalla-multiusos-rollo-64-hojas-scott\/\"     class=\"service-box-link\"  rel=\"\"  >   \r\n                    Conoce m\u00e1s   \r\n                <\/a>\r\n                    <\/div>\r\n\r\n                <div class=\"col-xs-6 col-sm-6 col-md-4 service-box\">\r\n                            <a href=\"https:\/\/soloaseo.com\/web\/producto\/a00386-toalla-de-mano-dh-blanca-plus-ref-34918-elite\/\"   class=\"service-box-img\"  rel=\"\"  >   \r\n                  \r\n                <img decoding=\"async\" src=\"https:\/\/soloaseo.com\/web\/wp-content\/uploads\/2024\/05\/A00385-TOALLA-DE-MANO-HS-INTERDOBLADA-EN-Z-BLANCA-REF.-30228392-PQ-X-150-SCOTT-1-309x309.png\" alt=\"Services Images\">\r\n                                     <\/a>\r\n                        <h3 class=\"service-box-title\">TOALLA DE MANO HS INTERDOBLADA EN Z BLANCA<\/h3>\r\n            <div class=\"service-box-text\"><\/p>\n<p>A00385<\/p>\n<p><\/div>\r\n                            <a href=\"https:\/\/soloaseo.com\/web\/producto\/a00386-toalla-de-mano-dh-blanca-plus-ref-34918-elite\/\"     class=\"service-box-link\"  rel=\"\"  >   \r\n                    Conoce m\u00e1s   \r\n                <\/a>\r\n                    <\/div>\r\n\r\n                <div class=\"col-xs-6 col-sm-6 col-md-4 service-box\">\r\n                            <a href=\"https:\/\/soloaseo.com\/web\/producto\/papel-higienico-dh-25-mt-blanco-scott\/\"   class=\"service-box-img\"  rel=\"\"  >   \r\n                  \r\n                <img decoding=\"async\" src=\"https:\/\/soloaseo.com\/web\/wp-content\/uploads\/2024\/05\/A00329-PAPEL-HIGIENICO-DH-25-MT-BLANCO-REF.-30243341-SCOTT-1-309x309.png\" alt=\"Services Images\">\r\n                                     <\/a>\r\n                        <h3 class=\"service-box-title\">PAPEL HIGIENICO DH 25 MT BLANCO<\/h3>\r\n            <div class=\"service-box-text\"><\/p>\n<p>A00329<\/p>\n<p><\/div>\r\n                            <a href=\"https:\/\/soloaseo.com\/web\/producto\/papel-higienico-dh-25-mt-blanco-scott\/\"     class=\"service-box-link\"  rel=\"\"  >   \r\n                    Conoce m\u00e1s   \r\n                <\/a>\r\n                    <\/div>\r\n\r\n                <\/div>\r\n        [\/vc_column][\/vc_row][vc_row][vc_column][vc_column_text]<\/p><p>[\/vc_column_text][\/vc_column][\/vc_row]<\/p>","protected":false},"excerpt":{"rendered":"<p>[vc_row][vc_column][vc_column_text] [\/vc_column_text][\/vc_column][\/vc_row]<\/p>\n","protected":false},"author":2,"featured_media":0,"parent":0,"menu_order":0,"comment_status":"closed","ping_status":"closed","template":"","meta":{"_editorskit_title_hidden":false,"_editorskit_reading_time":0,"_editorskit_is_block_options_detached":false,"_editorskit_block_options_position":"{}","_joinchat":{"telephone":"+573173710952","message_text":"\u00bfTienes preguntas o necesitas m\u00e1s informaci\u00f3n?\n\nEstamos aqu\u00ed para ayudarte. Haz clic en el bot\u00f3n de WhatsApp y chatea con nosotros al instante.\n\n\u00a1Esperamos tu mensaje!","message_send":"\u00a1Hola! \ud83d\ude0a Estoy visitando tu p\u00e1gina web y me gustar\u00eda obtener m\u00e1s informaci\u00f3n sobre"},"footnotes":""},"class_list":["post-3554","page","type-page","status-publish","hentry"],"yoast_head":"<!-- This site is optimized with the Yoast SEO plugin v25.6 - https:\/\/yoast.com\/wordpress\/plugins\/seo\/ -->\n<title>Scott - Soloaseo Distribuciones SAS<\/title>\n<meta name=\"description\" content=\"Scott l\u00edder en soluciones de limpieza profesional, encuentra sus productos en Soloaseo con los mejores precios del mercado.\" \/>\n<meta name=\"robots\" content=\"index, follow, max-snippet:-1, max-image-preview:large, max-video-preview:-1\" \/>\n<link rel=\"canonical\" href=\"https:\/\/soloaseo.com\/web\/scott\/\" \/>\n<meta property=\"og:locale\" content=\"es_ES\" \/>\n<meta property=\"og:type\" content=\"article\" \/>\n<meta property=\"og:title\" content=\"Scott - Soloaseo Distribuciones SAS\" \/>\n<meta property=\"og:description\" content=\"Scott l\u00edder en soluciones de limpieza profesional, encuentra sus productos en Soloaseo con los mejores precios del mercado.\" \/>\n<meta property=\"og:url\" content=\"https:\/\/soloaseo.com\/web\/scott\/\" \/>\n<meta property=\"og:site_name\" content=\"Soloaseo Distribuciones SAS\" \/>\n<meta property=\"article:publisher\" content=\"https:\/\/www.facebook.com\/Soloaseo\/\" \/>\n<meta property=\"article:modified_time\" content=\"2024-06-05T20:57:25+00:00\" \/>\n<meta name=\"twitter:card\" content=\"summary_large_image\" \/>\n<meta name=\"twitter:label1\" content=\"Tiempo de lectura\" \/>\n\t<meta name=\"twitter:data1\" content=\"1 minuto\" \/>\n<script type=\"application\/ld+json\" class=\"yoast-schema-graph\">{\"@context\":\"https:\/\/schema.org\",\"@graph\":[{\"@type\":\"WebPage\",\"@id\":\"https:\/\/soloaseo.com\/web\/scott\/\",\"url\":\"https:\/\/soloaseo.com\/web\/scott\/\",\"name\":\"Scott - Soloaseo Distribuciones SAS\",\"isPartOf\":{\"@id\":\"https:\/\/soloaseo.com\/web\/#website\"},\"datePublished\":\"2024-06-05T20:29:15+00:00\",\"dateModified\":\"2024-06-05T20:57:25+00:00\",\"description\":\"Scott l\u00edder en soluciones de limpieza profesional, encuentra sus productos en Soloaseo con los mejores precios del mercado.\",\"breadcrumb\":{\"@id\":\"https:\/\/soloaseo.com\/web\/scott\/#breadcrumb\"},\"inLanguage\":\"es\",\"potentialAction\":[{\"@type\":\"ReadAction\",\"target\":[\"https:\/\/soloaseo.com\/web\/scott\/\"]}]},{\"@type\":\"BreadcrumbList\",\"@id\":\"https:\/\/soloaseo.com\/web\/scott\/#breadcrumb\",\"itemListElement\":[{\"@type\":\"ListItem\",\"position\":1,\"name\":\"Home\",\"item\":\"https:\/\/soloaseo.com\/web\/\"},{\"@type\":\"ListItem\",\"position\":2,\"name\":\"Scott\"}]},{\"@type\":\"WebSite\",\"@id\":\"https:\/\/soloaseo.com\/web\/#website\",\"url\":\"https:\/\/soloaseo.com\/web\/\",\"name\":\"Soloaseo Distribuciones SAS\",\"description\":\"Empresa distribuidora de productos de limpieza y suministros de higiene para su negocio.\",\"potentialAction\":[{\"@type\":\"SearchAction\",\"target\":{\"@type\":\"EntryPoint\",\"urlTemplate\":\"https:\/\/soloaseo.com\/web\/?s={search_term_string}\"},\"query-input\":{\"@type\":\"PropertyValueSpecification\",\"valueRequired\":true,\"valueName\":\"search_term_string\"}}],\"inLanguage\":\"es\"}]}<\/script>\n<!-- \/ Yoast SEO plugin. -->","yoast_head_json":{"title":"Scott - Soloaseo Distribuciones SAS","description":"Scott l\u00edder en soluciones de limpieza profesional, encuentra sus productos en Soloaseo con los mejores precios del mercado.","robots":{"index":"index","follow":"follow","max-snippet":"max-snippet:-1","max-image-preview":"max-image-preview:large","max-video-preview":"max-video-preview:-1"},"canonical":"https:\/\/soloaseo.com\/web\/scott\/","og_locale":"es_ES","og_type":"article","og_title":"Scott - Soloaseo Distribuciones SAS","og_description":"Scott l\u00edder en soluciones de limpieza profesional, encuentra sus productos en Soloaseo con los mejores precios del mercado.","og_url":"https:\/\/soloaseo.com\/web\/scott\/","og_site_name":"Soloaseo Distribuciones SAS","article_publisher":"https:\/\/www.facebook.com\/Soloaseo\/","article_modified_time":"2024-06-05T20:57:25+00:00","twitter_card":"summary_large_image","twitter_misc":{"Tiempo de lectura":"1 minuto"},"schema":{"@context":"https:\/\/schema.org","@graph":[{"@type":"WebPage","@id":"https:\/\/soloaseo.com\/web\/scott\/","url":"https:\/\/soloaseo.com\/web\/scott\/","name":"Scott - Soloaseo Distribuciones SAS","isPartOf":{"@id":"https:\/\/soloaseo.com\/web\/#website"},"datePublished":"2024-06-05T20:29:15+00:00","dateModified":"2024-06-05T20:57:25+00:00","description":"Scott l\u00edder en soluciones de limpieza profesional, encuentra sus productos en Soloaseo con los mejores precios del mercado.","breadcrumb":{"@id":"https:\/\/soloaseo.com\/web\/scott\/#breadcrumb"},"inLanguage":"es","potentialAction":[{"@type":"ReadAction","target":["https:\/\/soloaseo.com\/web\/scott\/"]}]},{"@type":"BreadcrumbList","@id":"https:\/\/soloaseo.com\/web\/scott\/#breadcrumb","itemListElement":[{"@type":"ListItem","position":1,"name":"Home","item":"https:\/\/soloaseo.com\/web\/"},{"@type":"ListItem","position":2,"name":"Scott"}]},{"@type":"WebSite","@id":"https:\/\/soloaseo.com\/web\/#website","url":"https:\/\/soloaseo.com\/web\/","name":"Soloaseo Distribuciones SAS","description":"Empresa distribuidora de productos de limpieza y suministros de higiene para su negocio.","potentialAction":[{"@type":"SearchAction","target":{"@type":"EntryPoint","urlTemplate":"https:\/\/soloaseo.com\/web\/?s={search_term_string}"},"query-input":{"@type":"PropertyValueSpecification","valueRequired":true,"valueName":"search_term_string"}}],"inLanguage":"es"}]}},"jetpack_sharing_enabled":true,"_links":{"self":[{"href":"https:\/\/soloaseo.com\/web\/wp-json\/wp\/v2\/pages\/3554"}],"collection":[{"href":"https:\/\/soloaseo.com\/web\/wp-json\/wp\/v2\/pages"}],"about":[{"href":"https:\/\/soloaseo.com\/web\/wp-json\/wp\/v2\/types\/page"}],"author":[{"embeddable":true,"href":"https:\/\/soloaseo.com\/web\/wp-json\/wp\/v2\/users\/2"}],"replies":[{"embeddable":true,"href":"https:\/\/soloaseo.com\/web\/wp-json\/wp\/v2\/comments?post=3554"}],"version-history":[{"count":4,"href":"https:\/\/soloaseo.com\/web\/wp-json\/wp\/v2\/pages\/3554\/revisions"}],"predecessor-version":[{"id":3559,"href":"https:\/\/soloaseo.com\/web\/wp-json\/wp\/v2\/pages\/3554\/revisions\/3559"}],"wp:attachment":[{"href":"https:\/\/soloaseo.com\/web\/wp-json\/wp\/v2\/media?parent=3554"}],"curies":[{"name":"wp","href":"https:\/\/api.w.org\/{rel}","templated":true}]}}