{"id":2246,"date":"2023-02-21T15:09:21","date_gmt":"2023-02-21T20:09:21","guid":{"rendered":"https:\/\/soloaseo.com\/web\/?post_type=product&#038;p=2246"},"modified":"2024-05-28T10:20:30","modified_gmt":"2024-05-28T15:20:30","slug":"ambientador-lavanda","status":"publish","type":"product","link":"https:\/\/soloaseo.com\/web\/producto\/ambientador-lavanda\/","title":{"rendered":"Ambientador Lavanda"},"content":{"rendered":"<p>Ofrece una soluci\u00f3n \u00f3ptima para los problemas de malos olores en ambientes cerrados como inodoros o ba\u00f1os o simplemente para aromatizar alg\u00fan lugar del hogar, empresas o industrias. Tambi\u00e9n puede ser util\u00edzado en pisos, cortinas, muebles y alfombras.<\/p>\n<p><strong>INSTRUCCIONES DE USO<\/strong><\/p>\n<ul>\n<li>Envase el producto en un rociador o atomizador y apl\u00edquelo en el \u00e1rea que se desea olorizar.<\/li>\n<li>Se puede aplicar tambi\u00e9n con un pa\u00f1o sobre superficies duras diluyendo 1 parte de producto por 1 parte de agua.<\/li>\n<li>En pisos aplique 1 parte de producto por 2 a 3 partes de agua con un trapero limpio.<\/li>\n<\/ul>\n<p>&nbsp;<\/p>\n","protected":false},"excerpt":{"rendered":"<div class=\"col-xs-6\">\n<ul class=\"marker-list-arrow\">\n<li>Marca<\/li>\n<li>Fragancia<\/li>\n<li>Color<\/li>\n<li>Presentaci\u00f3n<\/li>\n<\/ul>\n<\/div>\n<div class=\"col-xs-6\">\n<ul class=\"no-marker\">\n<li>Soloaseo<\/li>\n<li>Caracter\u00edstico del producto<\/li>\n<li>Caracteristico del producto<\/li>\n<li>Garrafa, Gal\u00f3n y Atomizador<\/li>\n<\/ul>\n<\/div>\n<p>&nbsp;<\/p>\n<p>&nbsp;<\/p>\n","protected":false},"featured_media":2519,"comment_status":"open","ping_status":"closed","template":"","meta":{"_editorskit_title_hidden":false,"_editorskit_reading_time":0,"_editorskit_is_block_options_detached":false,"_editorskit_block_options_position":"{}","_joinchat":[]},"product_brand":[],"product_cat":[15,67],"product_tag":[],"class_list":{"0":"post-2246","1":"product","2":"type-product","3":"status-publish","4":"has-post-thumbnail","6":"product_cat-productos-soloaseo","7":"product_cat-limpiadores","9":"first","10":"instock","11":"virtual","12":"product-type-simple"},"yoast_head":"<!-- This site is optimized with the Yoast SEO plugin v25.6 - https:\/\/yoast.com\/wordpress\/plugins\/seo\/ -->\n<title>Ambientador Lavanda - Soloaseo Distribuciones SAS<\/title>\n<meta name=\"description\" content=\"Ambientador ofrece una soluci\u00f3n \u00f3ptima para los problemas de malos olores en los inodoros, ba\u00f1os, pisos, o simplemente para aromatizar alg\u00fan lugar del hogar, empresas o industrias, combinando el poder de higienizaci\u00f3n con gran ambientaci\u00f3n. Su alta concentraci\u00f3n en agradable fragancia, proporciona una intensa ambientaci\u00f3n en los lugares donde se aplica.\" \/>\n<meta name=\"robots\" content=\"index, follow, max-snippet:-1, max-image-preview:large, max-video-preview:-1\" \/>\n<link rel=\"canonical\" href=\"https:\/\/soloaseo.com\/web\/producto\/ambientador-lavanda\/\" \/>\n<meta property=\"og:locale\" content=\"es_ES\" \/>\n<meta property=\"og:type\" content=\"article\" \/>\n<meta property=\"og:title\" content=\"Ambientador Lavanda - Soloaseo Distribuciones SAS\" \/>\n<meta property=\"og:description\" content=\"Ambientador ofrece una soluci\u00f3n \u00f3ptima para los problemas de malos olores en los inodoros, ba\u00f1os, pisos, o simplemente para aromatizar alg\u00fan lugar del hogar, empresas o industrias, combinando el poder de higienizaci\u00f3n con gran ambientaci\u00f3n. Su alta concentraci\u00f3n en agradable fragancia, proporciona una intensa ambientaci\u00f3n en los lugares donde se aplica.\" \/>\n<meta property=\"og:url\" content=\"https:\/\/soloaseo.com\/web\/producto\/ambientador-lavanda\/\" \/>\n<meta property=\"og:site_name\" content=\"Soloaseo Distribuciones SAS\" \/>\n<meta property=\"article:publisher\" content=\"https:\/\/www.facebook.com\/Soloaseo\/\" \/>\n<meta property=\"article:modified_time\" content=\"2024-05-28T15:20:30+00:00\" \/>\n<meta property=\"og:image\" content=\"https:\/\/soloaseo.com\/web\/wp-content\/uploads\/2024\/04\/A00020-AMBIENTADOR-GL-3.8-L-SOLOASEO.png\" \/>\n\t<meta property=\"og:image:width\" content=\"500\" \/>\n\t<meta property=\"og:image:height\" content=\"375\" \/>\n\t<meta property=\"og:image:type\" content=\"image\/png\" \/>\n<meta name=\"twitter:card\" content=\"summary_large_image\" \/>\n<meta name=\"twitter:label1\" content=\"Tiempo de lectura\" \/>\n\t<meta name=\"twitter:data1\" content=\"1 minuto\" \/>\n<script type=\"application\/ld+json\" class=\"yoast-schema-graph\">{\"@context\":\"https:\/\/schema.org\",\"@graph\":[{\"@type\":\"WebPage\",\"@id\":\"https:\/\/soloaseo.com\/web\/producto\/ambientador-lavanda\/\",\"url\":\"https:\/\/soloaseo.com\/web\/producto\/ambientador-lavanda\/\",\"name\":\"Ambientador Lavanda - Soloaseo Distribuciones SAS\",\"isPartOf\":{\"@id\":\"https:\/\/soloaseo.com\/web\/#website\"},\"primaryImageOfPage\":{\"@id\":\"https:\/\/soloaseo.com\/web\/producto\/ambientador-lavanda\/#primaryimage\"},\"image\":{\"@id\":\"https:\/\/soloaseo.com\/web\/producto\/ambientador-lavanda\/#primaryimage\"},\"thumbnailUrl\":\"https:\/\/soloaseo.com\/web\/wp-content\/uploads\/2024\/04\/A00020-AMBIENTADOR-GL-3.8-L-SOLOASEO.png\",\"datePublished\":\"2023-02-21T20:09:21+00:00\",\"dateModified\":\"2024-05-28T15:20:30+00:00\",\"description\":\"Ambientador ofrece una soluci\u00f3n \u00f3ptima para los problemas de malos olores en los inodoros, ba\u00f1os, pisos, o simplemente para aromatizar alg\u00fan lugar del hogar, empresas o industrias, combinando el poder de higienizaci\u00f3n con gran ambientaci\u00f3n. Su alta concentraci\u00f3n en agradable fragancia, proporciona una intensa ambientaci\u00f3n en los lugares donde se aplica.\",\"breadcrumb\":{\"@id\":\"https:\/\/soloaseo.com\/web\/producto\/ambientador-lavanda\/#breadcrumb\"},\"inLanguage\":\"es\",\"potentialAction\":[{\"@type\":\"ReadAction\",\"target\":[\"https:\/\/soloaseo.com\/web\/producto\/ambientador-lavanda\/\"]}]},{\"@type\":\"ImageObject\",\"inLanguage\":\"es\",\"@id\":\"https:\/\/soloaseo.com\/web\/producto\/ambientador-lavanda\/#primaryimage\",\"url\":\"https:\/\/soloaseo.com\/web\/wp-content\/uploads\/2024\/04\/A00020-AMBIENTADOR-GL-3.8-L-SOLOASEO.png\",\"contentUrl\":\"https:\/\/soloaseo.com\/web\/wp-content\/uploads\/2024\/04\/A00020-AMBIENTADOR-GL-3.8-L-SOLOASEO.png\",\"width\":500,\"height\":375},{\"@type\":\"BreadcrumbList\",\"@id\":\"https:\/\/soloaseo.com\/web\/producto\/ambientador-lavanda\/#breadcrumb\",\"itemListElement\":[{\"@type\":\"ListItem\",\"position\":1,\"name\":\"Home\",\"item\":\"https:\/\/soloaseo.com\/web\/\"},{\"@type\":\"ListItem\",\"position\":2,\"name\":\"Productos\",\"item\":\"https:\/\/soloaseo.com\/web\/shop\/\"},{\"@type\":\"ListItem\",\"position\":3,\"name\":\"Ambientador Lavanda\"}]},{\"@type\":\"WebSite\",\"@id\":\"https:\/\/soloaseo.com\/web\/#website\",\"url\":\"https:\/\/soloaseo.com\/web\/\",\"name\":\"Soloaseo Distribuciones SAS\",\"description\":\"Empresa distribuidora de productos de limpieza y suministros de higiene para su negocio.\",\"potentialAction\":[{\"@type\":\"SearchAction\",\"target\":{\"@type\":\"EntryPoint\",\"urlTemplate\":\"https:\/\/soloaseo.com\/web\/?s={search_term_string}\"},\"query-input\":{\"@type\":\"PropertyValueSpecification\",\"valueRequired\":true,\"valueName\":\"search_term_string\"}}],\"inLanguage\":\"es\"}]}<\/script>\n<!-- \/ Yoast SEO plugin. -->","yoast_head_json":{"title":"Ambientador Lavanda - Soloaseo Distribuciones SAS","description":"Ambientador ofrece una soluci\u00f3n \u00f3ptima para los problemas de malos olores en los inodoros, ba\u00f1os, pisos, o simplemente para aromatizar alg\u00fan lugar del hogar, empresas o industrias, combinando el poder de higienizaci\u00f3n con gran ambientaci\u00f3n. Su alta concentraci\u00f3n en agradable fragancia, proporciona una intensa ambientaci\u00f3n en los lugares donde se aplica.","robots":{"index":"index","follow":"follow","max-snippet":"max-snippet:-1","max-image-preview":"max-image-preview:large","max-video-preview":"max-video-preview:-1"},"canonical":"https:\/\/soloaseo.com\/web\/producto\/ambientador-lavanda\/","og_locale":"es_ES","og_type":"article","og_title":"Ambientador Lavanda - Soloaseo Distribuciones SAS","og_description":"Ambientador ofrece una soluci\u00f3n \u00f3ptima para los problemas de malos olores en los inodoros, ba\u00f1os, pisos, o simplemente para aromatizar alg\u00fan lugar del hogar, empresas o industrias, combinando el poder de higienizaci\u00f3n con gran ambientaci\u00f3n. Su alta concentraci\u00f3n en agradable fragancia, proporciona una intensa ambientaci\u00f3n en los lugares donde se aplica.","og_url":"https:\/\/soloaseo.com\/web\/producto\/ambientador-lavanda\/","og_site_name":"Soloaseo Distribuciones SAS","article_publisher":"https:\/\/www.facebook.com\/Soloaseo\/","article_modified_time":"2024-05-28T15:20:30+00:00","og_image":[{"width":500,"height":375,"url":"https:\/\/soloaseo.com\/web\/wp-content\/uploads\/2024\/04\/A00020-AMBIENTADOR-GL-3.8-L-SOLOASEO.png","type":"image\/png"}],"twitter_card":"summary_large_image","twitter_misc":{"Tiempo de lectura":"1 minuto"},"schema":{"@context":"https:\/\/schema.org","@graph":[{"@type":"WebPage","@id":"https:\/\/soloaseo.com\/web\/producto\/ambientador-lavanda\/","url":"https:\/\/soloaseo.com\/web\/producto\/ambientador-lavanda\/","name":"Ambientador Lavanda - Soloaseo Distribuciones SAS","isPartOf":{"@id":"https:\/\/soloaseo.com\/web\/#website"},"primaryImageOfPage":{"@id":"https:\/\/soloaseo.com\/web\/producto\/ambientador-lavanda\/#primaryimage"},"image":{"@id":"https:\/\/soloaseo.com\/web\/producto\/ambientador-lavanda\/#primaryimage"},"thumbnailUrl":"https:\/\/soloaseo.com\/web\/wp-content\/uploads\/2024\/04\/A00020-AMBIENTADOR-GL-3.8-L-SOLOASEO.png","datePublished":"2023-02-21T20:09:21+00:00","dateModified":"2024-05-28T15:20:30+00:00","description":"Ambientador ofrece una soluci\u00f3n \u00f3ptima para los problemas de malos olores en los inodoros, ba\u00f1os, pisos, o simplemente para aromatizar alg\u00fan lugar del hogar, empresas o industrias, combinando el poder de higienizaci\u00f3n con gran ambientaci\u00f3n. Su alta concentraci\u00f3n en agradable fragancia, proporciona una intensa ambientaci\u00f3n en los lugares donde se aplica.","breadcrumb":{"@id":"https:\/\/soloaseo.com\/web\/producto\/ambientador-lavanda\/#breadcrumb"},"inLanguage":"es","potentialAction":[{"@type":"ReadAction","target":["https:\/\/soloaseo.com\/web\/producto\/ambientador-lavanda\/"]}]},{"@type":"ImageObject","inLanguage":"es","@id":"https:\/\/soloaseo.com\/web\/producto\/ambientador-lavanda\/#primaryimage","url":"https:\/\/soloaseo.com\/web\/wp-content\/uploads\/2024\/04\/A00020-AMBIENTADOR-GL-3.8-L-SOLOASEO.png","contentUrl":"https:\/\/soloaseo.com\/web\/wp-content\/uploads\/2024\/04\/A00020-AMBIENTADOR-GL-3.8-L-SOLOASEO.png","width":500,"height":375},{"@type":"BreadcrumbList","@id":"https:\/\/soloaseo.com\/web\/producto\/ambientador-lavanda\/#breadcrumb","itemListElement":[{"@type":"ListItem","position":1,"name":"Home","item":"https:\/\/soloaseo.com\/web\/"},{"@type":"ListItem","position":2,"name":"Productos","item":"https:\/\/soloaseo.com\/web\/shop\/"},{"@type":"ListItem","position":3,"name":"Ambientador Lavanda"}]},{"@type":"WebSite","@id":"https:\/\/soloaseo.com\/web\/#website","url":"https:\/\/soloaseo.com\/web\/","name":"Soloaseo Distribuciones SAS","description":"Empresa distribuidora de productos de limpieza y suministros de higiene para su negocio.","potentialAction":[{"@type":"SearchAction","target":{"@type":"EntryPoint","urlTemplate":"https:\/\/soloaseo.com\/web\/?s={search_term_string}"},"query-input":{"@type":"PropertyValueSpecification","valueRequired":true,"valueName":"search_term_string"}}],"inLanguage":"es"}]}},"jetpack_sharing_enabled":true,"_links":{"self":[{"href":"https:\/\/soloaseo.com\/web\/wp-json\/wp\/v2\/product\/2246"}],"collection":[{"href":"https:\/\/soloaseo.com\/web\/wp-json\/wp\/v2\/product"}],"about":[{"href":"https:\/\/soloaseo.com\/web\/wp-json\/wp\/v2\/types\/product"}],"replies":[{"embeddable":true,"href":"https:\/\/soloaseo.com\/web\/wp-json\/wp\/v2\/comments?post=2246"}],"wp:featuredmedia":[{"embeddable":true,"href":"https:\/\/soloaseo.com\/web\/wp-json\/wp\/v2\/media\/2519"}],"wp:attachment":[{"href":"https:\/\/soloaseo.com\/web\/wp-json\/wp\/v2\/media?parent=2246"}],"wp:term":[{"taxonomy":"product_brand","embeddable":true,"href":"https:\/\/soloaseo.com\/web\/wp-json\/wp\/v2\/product_brand?post=2246"},{"taxonomy":"product_cat","embeddable":true,"href":"https:\/\/soloaseo.com\/web\/wp-json\/wp\/v2\/product_cat?post=2246"},{"taxonomy":"product_tag","embeddable":true,"href":"https:\/\/soloaseo.com\/web\/wp-json\/wp\/v2\/product_tag?post=2246"}],"curies":[{"name":"wp","href":"https:\/\/api.w.org\/{rel}","templated":true}]}}