{"id":2559,"date":"2024-04-27T11:01:25","date_gmt":"2024-04-27T16:01:25","guid":{"rendered":"https:\/\/soloaseo.com\/web\/?post_type=product&#038;p=2559"},"modified":"2024-04-27T12:00:47","modified_gmt":"2024-04-27T17:00:47","slug":"cafe-instantaneo-clasico-colcafe","status":"publish","type":"product","link":"https:\/\/soloaseo.com\/web\/producto\/cafe-instantaneo-clasico-colcafe\/","title":{"rendered":"Caf\u00e9 Instant\u00e1neo Cl\u00e1sico Colcaf\u00e9"},"content":{"rendered":"<p>\u00a1Descubre la perfecta combinaci\u00f3n de sabor y conveniencia con nuestro Caf\u00e9 Instant\u00e1neo Cl\u00e1sico de 170 gramos de Colcaf\u00e9!<\/p>\n<p>En Soloaseo, entendemos que en tu d\u00eda a d\u00eda en la empresa, cada minuto cuenta. Es por eso que hemos seleccionado cuidadosamente productos de calidad para simplificar tu rutina, y nuestro Caf\u00e9 Instant\u00e1neo Cl\u00e1sico de Colcaf\u00e9 es la opci\u00f3n ideal para esos momentos en los que necesitas un delicioso caf\u00e9 r\u00e1pidamente.<\/p>\n<p>Con su sabor cl\u00e1sico y aroma irresistible, este caf\u00e9 instant\u00e1neo te ofrece la misma calidad y frescura que el caf\u00e9 reci\u00e9n preparado, pero en una presentaci\u00f3n pr\u00e1ctica y lista para disfrutar en cuesti\u00f3n de segundos. Basta con agregar agua caliente, y tendr\u00e1s una taza de caf\u00e9 perfecta para empezar el d\u00eda, mantener la productividad en la oficina o simplemente disfrutar de un momento de relajaci\u00f3n.<\/p>\n<p>Adem\u00e1s, con su envase de 170 gramos, es f\u00e1cil de almacenar y llevar contigo a donde quiera que vayas. Nunca m\u00e1s tendr\u00e1s que sacrificar el sabor por la conveniencia.<\/p>\n<p>Haz de cada pausa un momento especial con nuestro Caf\u00e9 Instant\u00e1neo Cl\u00e1sico de Colcaf\u00e9. Ordena ahora y descubre la forma m\u00e1s f\u00e1cil y deliciosa de disfrutar de tu caf\u00e9 favorito en la empresa.<\/p>\n","protected":false},"excerpt":{"rendered":"<div class=\"col-xs-6\">\n<ul class=\"marker-list-arrow\">\n<li>Marca<\/li>\n<li>Codigo Siigo<\/li>\n<li>Presentaci\u00f3n<\/li>\n<\/ul>\n<\/div>\n<div class=\"col-xs-6\">\n<ul class=\"no-marker\">\n<li>Colcaf\u00e9<\/li>\n<li>A00115<\/li>\n<li>170 gr<\/li>\n<\/ul>\n<\/div>\n<p>&nbsp;<\/p>\n<p>&nbsp;<\/p>\n","protected":false},"featured_media":2560,"comment_status":"open","ping_status":"closed","template":"","meta":{"_editorskit_title_hidden":false,"_editorskit_reading_time":0,"_editorskit_is_block_options_detached":false,"_editorskit_block_options_position":"{}","_joinchat":{"telephone":"+573173710952","message_text":"\u00a1Haz tu d\u00eda m\u00e1s f\u00e1cil y delicioso con nuestro Caf\u00e9 Instant\u00e1neo Cl\u00e1sico de Colcaf\u00e9! \u00a1Ordena ahora y disfruta de un caf\u00e9 perfecto en segundos!"}},"product_brand":[],"product_cat":[77,75],"product_tag":[],"class_list":{"0":"post-2559","1":"product","2":"type-product","3":"status-publish","4":"has-post-thumbnail","6":"product_cat-cafe-exclusivo-oficinas","7":"product_cat-productos-para-cafeteria","9":"first","10":"instock","11":"virtual","12":"product-type-simple"},"yoast_head":"<!-- This site is optimized with the Yoast SEO plugin v25.6 - https:\/\/yoast.com\/wordpress\/plugins\/seo\/ -->\n<title>Caf\u00e9 Instant\u00e1neo Cl\u00e1sico Colcaf\u00e9 - Soloaseo Distribuciones SAS<\/title>\n<meta name=\"description\" content=\"En Soloaseo, entendemos que en tu d\u00eda a d\u00eda en la empresa, cada minuto cuenta. Es por eso que hemos seleccionado cuidadosamente productos de calidad para simplificar tu rutina, y nuestro Caf\u00e9 Instant\u00e1neo Cl\u00e1sico de Colcaf\u00e9 es la opci\u00f3n ideal para esos momentos en los que necesitas un delicioso caf\u00e9 r\u00e1pidamente.\" \/>\n<meta name=\"robots\" content=\"index, follow, max-snippet:-1, max-image-preview:large, max-video-preview:-1\" \/>\n<link rel=\"canonical\" href=\"https:\/\/soloaseo.com\/web\/producto\/cafe-instantaneo-clasico-colcafe\/\" \/>\n<meta property=\"og:locale\" content=\"es_ES\" \/>\n<meta property=\"og:type\" content=\"article\" \/>\n<meta property=\"og:title\" content=\"Caf\u00e9 Instant\u00e1neo Cl\u00e1sico Colcaf\u00e9 - Soloaseo Distribuciones SAS\" \/>\n<meta property=\"og:description\" content=\"En Soloaseo, entendemos que en tu d\u00eda a d\u00eda en la empresa, cada minuto cuenta. Es por eso que hemos seleccionado cuidadosamente productos de calidad para simplificar tu rutina, y nuestro Caf\u00e9 Instant\u00e1neo Cl\u00e1sico de Colcaf\u00e9 es la opci\u00f3n ideal para esos momentos en los que necesitas un delicioso caf\u00e9 r\u00e1pidamente.\" \/>\n<meta property=\"og:url\" content=\"https:\/\/soloaseo.com\/web\/producto\/cafe-instantaneo-clasico-colcafe\/\" \/>\n<meta property=\"og:site_name\" content=\"Soloaseo Distribuciones SAS\" \/>\n<meta property=\"article:publisher\" content=\"https:\/\/www.facebook.com\/Soloaseo\/\" \/>\n<meta property=\"article:modified_time\" content=\"2024-04-27T17:00:47+00:00\" \/>\n<meta property=\"og:image\" content=\"https:\/\/soloaseo.com\/web\/wp-content\/uploads\/2024\/04\/A00115-CAFE-INSTANTANEO-CLASICO-170-GR-COLCAFE.png\" \/>\n\t<meta property=\"og:image:width\" content=\"500\" \/>\n\t<meta property=\"og:image:height\" content=\"375\" \/>\n\t<meta property=\"og:image:type\" content=\"image\/png\" \/>\n<meta name=\"twitter:card\" content=\"summary_large_image\" \/>\n<meta name=\"twitter:label1\" content=\"Tiempo de lectura\" \/>\n\t<meta name=\"twitter:data1\" content=\"1 minuto\" \/>\n<script type=\"application\/ld+json\" class=\"yoast-schema-graph\">{\"@context\":\"https:\/\/schema.org\",\"@graph\":[{\"@type\":\"WebPage\",\"@id\":\"https:\/\/soloaseo.com\/web\/producto\/cafe-instantaneo-clasico-colcafe\/\",\"url\":\"https:\/\/soloaseo.com\/web\/producto\/cafe-instantaneo-clasico-colcafe\/\",\"name\":\"Caf\u00e9 Instant\u00e1neo Cl\u00e1sico Colcaf\u00e9 - Soloaseo Distribuciones SAS\",\"isPartOf\":{\"@id\":\"https:\/\/soloaseo.com\/web\/#website\"},\"primaryImageOfPage\":{\"@id\":\"https:\/\/soloaseo.com\/web\/producto\/cafe-instantaneo-clasico-colcafe\/#primaryimage\"},\"image\":{\"@id\":\"https:\/\/soloaseo.com\/web\/producto\/cafe-instantaneo-clasico-colcafe\/#primaryimage\"},\"thumbnailUrl\":\"https:\/\/soloaseo.com\/web\/wp-content\/uploads\/2024\/04\/A00115-CAFE-INSTANTANEO-CLASICO-170-GR-COLCAFE.png\",\"datePublished\":\"2024-04-27T16:01:25+00:00\",\"dateModified\":\"2024-04-27T17:00:47+00:00\",\"description\":\"En Soloaseo, entendemos que en tu d\u00eda a d\u00eda en la empresa, cada minuto cuenta. Es por eso que hemos seleccionado cuidadosamente productos de calidad para simplificar tu rutina, y nuestro Caf\u00e9 Instant\u00e1neo Cl\u00e1sico de Colcaf\u00e9 es la opci\u00f3n ideal para esos momentos en los que necesitas un delicioso caf\u00e9 r\u00e1pidamente.\",\"breadcrumb\":{\"@id\":\"https:\/\/soloaseo.com\/web\/producto\/cafe-instantaneo-clasico-colcafe\/#breadcrumb\"},\"inLanguage\":\"es\",\"potentialAction\":[{\"@type\":\"ReadAction\",\"target\":[\"https:\/\/soloaseo.com\/web\/producto\/cafe-instantaneo-clasico-colcafe\/\"]}]},{\"@type\":\"ImageObject\",\"inLanguage\":\"es\",\"@id\":\"https:\/\/soloaseo.com\/web\/producto\/cafe-instantaneo-clasico-colcafe\/#primaryimage\",\"url\":\"https:\/\/soloaseo.com\/web\/wp-content\/uploads\/2024\/04\/A00115-CAFE-INSTANTANEO-CLASICO-170-GR-COLCAFE.png\",\"contentUrl\":\"https:\/\/soloaseo.com\/web\/wp-content\/uploads\/2024\/04\/A00115-CAFE-INSTANTANEO-CLASICO-170-GR-COLCAFE.png\",\"width\":500,\"height\":375},{\"@type\":\"BreadcrumbList\",\"@id\":\"https:\/\/soloaseo.com\/web\/producto\/cafe-instantaneo-clasico-colcafe\/#breadcrumb\",\"itemListElement\":[{\"@type\":\"ListItem\",\"position\":1,\"name\":\"Home\",\"item\":\"https:\/\/soloaseo.com\/web\/\"},{\"@type\":\"ListItem\",\"position\":2,\"name\":\"Productos\",\"item\":\"https:\/\/soloaseo.com\/web\/shop\/\"},{\"@type\":\"ListItem\",\"position\":3,\"name\":\"Caf\u00e9 Instant\u00e1neo Cl\u00e1sico Colcaf\u00e9\"}]},{\"@type\":\"WebSite\",\"@id\":\"https:\/\/soloaseo.com\/web\/#website\",\"url\":\"https:\/\/soloaseo.com\/web\/\",\"name\":\"Soloaseo Distribuciones SAS\",\"description\":\"Empresa distribuidora de productos de limpieza y suministros de higiene para su negocio.\",\"potentialAction\":[{\"@type\":\"SearchAction\",\"target\":{\"@type\":\"EntryPoint\",\"urlTemplate\":\"https:\/\/soloaseo.com\/web\/?s={search_term_string}\"},\"query-input\":{\"@type\":\"PropertyValueSpecification\",\"valueRequired\":true,\"valueName\":\"search_term_string\"}}],\"inLanguage\":\"es\"}]}<\/script>\n<!-- \/ Yoast SEO plugin. -->","yoast_head_json":{"title":"Caf\u00e9 Instant\u00e1neo Cl\u00e1sico Colcaf\u00e9 - Soloaseo Distribuciones SAS","description":"En Soloaseo, entendemos que en tu d\u00eda a d\u00eda en la empresa, cada minuto cuenta. Es por eso que hemos seleccionado cuidadosamente productos de calidad para simplificar tu rutina, y nuestro Caf\u00e9 Instant\u00e1neo Cl\u00e1sico de Colcaf\u00e9 es la opci\u00f3n ideal para esos momentos en los que necesitas un delicioso caf\u00e9 r\u00e1pidamente.","robots":{"index":"index","follow":"follow","max-snippet":"max-snippet:-1","max-image-preview":"max-image-preview:large","max-video-preview":"max-video-preview:-1"},"canonical":"https:\/\/soloaseo.com\/web\/producto\/cafe-instantaneo-clasico-colcafe\/","og_locale":"es_ES","og_type":"article","og_title":"Caf\u00e9 Instant\u00e1neo Cl\u00e1sico Colcaf\u00e9 - Soloaseo Distribuciones SAS","og_description":"En Soloaseo, entendemos que en tu d\u00eda a d\u00eda en la empresa, cada minuto cuenta. Es por eso que hemos seleccionado cuidadosamente productos de calidad para simplificar tu rutina, y nuestro Caf\u00e9 Instant\u00e1neo Cl\u00e1sico de Colcaf\u00e9 es la opci\u00f3n ideal para esos momentos en los que necesitas un delicioso caf\u00e9 r\u00e1pidamente.","og_url":"https:\/\/soloaseo.com\/web\/producto\/cafe-instantaneo-clasico-colcafe\/","og_site_name":"Soloaseo Distribuciones SAS","article_publisher":"https:\/\/www.facebook.com\/Soloaseo\/","article_modified_time":"2024-04-27T17:00:47+00:00","og_image":[{"width":500,"height":375,"url":"https:\/\/soloaseo.com\/web\/wp-content\/uploads\/2024\/04\/A00115-CAFE-INSTANTANEO-CLASICO-170-GR-COLCAFE.png","type":"image\/png"}],"twitter_card":"summary_large_image","twitter_misc":{"Tiempo de lectura":"1 minuto"},"schema":{"@context":"https:\/\/schema.org","@graph":[{"@type":"WebPage","@id":"https:\/\/soloaseo.com\/web\/producto\/cafe-instantaneo-clasico-colcafe\/","url":"https:\/\/soloaseo.com\/web\/producto\/cafe-instantaneo-clasico-colcafe\/","name":"Caf\u00e9 Instant\u00e1neo Cl\u00e1sico Colcaf\u00e9 - Soloaseo Distribuciones SAS","isPartOf":{"@id":"https:\/\/soloaseo.com\/web\/#website"},"primaryImageOfPage":{"@id":"https:\/\/soloaseo.com\/web\/producto\/cafe-instantaneo-clasico-colcafe\/#primaryimage"},"image":{"@id":"https:\/\/soloaseo.com\/web\/producto\/cafe-instantaneo-clasico-colcafe\/#primaryimage"},"thumbnailUrl":"https:\/\/soloaseo.com\/web\/wp-content\/uploads\/2024\/04\/A00115-CAFE-INSTANTANEO-CLASICO-170-GR-COLCAFE.png","datePublished":"2024-04-27T16:01:25+00:00","dateModified":"2024-04-27T17:00:47+00:00","description":"En Soloaseo, entendemos que en tu d\u00eda a d\u00eda en la empresa, cada minuto cuenta. Es por eso que hemos seleccionado cuidadosamente productos de calidad para simplificar tu rutina, y nuestro Caf\u00e9 Instant\u00e1neo Cl\u00e1sico de Colcaf\u00e9 es la opci\u00f3n ideal para esos momentos en los que necesitas un delicioso caf\u00e9 r\u00e1pidamente.","breadcrumb":{"@id":"https:\/\/soloaseo.com\/web\/producto\/cafe-instantaneo-clasico-colcafe\/#breadcrumb"},"inLanguage":"es","potentialAction":[{"@type":"ReadAction","target":["https:\/\/soloaseo.com\/web\/producto\/cafe-instantaneo-clasico-colcafe\/"]}]},{"@type":"ImageObject","inLanguage":"es","@id":"https:\/\/soloaseo.com\/web\/producto\/cafe-instantaneo-clasico-colcafe\/#primaryimage","url":"https:\/\/soloaseo.com\/web\/wp-content\/uploads\/2024\/04\/A00115-CAFE-INSTANTANEO-CLASICO-170-GR-COLCAFE.png","contentUrl":"https:\/\/soloaseo.com\/web\/wp-content\/uploads\/2024\/04\/A00115-CAFE-INSTANTANEO-CLASICO-170-GR-COLCAFE.png","width":500,"height":375},{"@type":"BreadcrumbList","@id":"https:\/\/soloaseo.com\/web\/producto\/cafe-instantaneo-clasico-colcafe\/#breadcrumb","itemListElement":[{"@type":"ListItem","position":1,"name":"Home","item":"https:\/\/soloaseo.com\/web\/"},{"@type":"ListItem","position":2,"name":"Productos","item":"https:\/\/soloaseo.com\/web\/shop\/"},{"@type":"ListItem","position":3,"name":"Caf\u00e9 Instant\u00e1neo Cl\u00e1sico Colcaf\u00e9"}]},{"@type":"WebSite","@id":"https:\/\/soloaseo.com\/web\/#website","url":"https:\/\/soloaseo.com\/web\/","name":"Soloaseo Distribuciones SAS","description":"Empresa distribuidora de productos de limpieza y suministros de higiene para su negocio.","potentialAction":[{"@type":"SearchAction","target":{"@type":"EntryPoint","urlTemplate":"https:\/\/soloaseo.com\/web\/?s={search_term_string}"},"query-input":{"@type":"PropertyValueSpecification","valueRequired":true,"valueName":"search_term_string"}}],"inLanguage":"es"}]}},"jetpack_sharing_enabled":true,"_links":{"self":[{"href":"https:\/\/soloaseo.com\/web\/wp-json\/wp\/v2\/product\/2559"}],"collection":[{"href":"https:\/\/soloaseo.com\/web\/wp-json\/wp\/v2\/product"}],"about":[{"href":"https:\/\/soloaseo.com\/web\/wp-json\/wp\/v2\/types\/product"}],"replies":[{"embeddable":true,"href":"https:\/\/soloaseo.com\/web\/wp-json\/wp\/v2\/comments?post=2559"}],"wp:featuredmedia":[{"embeddable":true,"href":"https:\/\/soloaseo.com\/web\/wp-json\/wp\/v2\/media\/2560"}],"wp:attachment":[{"href":"https:\/\/soloaseo.com\/web\/wp-json\/wp\/v2\/media?parent=2559"}],"wp:term":[{"taxonomy":"product_brand","embeddable":true,"href":"https:\/\/soloaseo.com\/web\/wp-json\/wp\/v2\/product_brand?post=2559"},{"taxonomy":"product_cat","embeddable":true,"href":"https:\/\/soloaseo.com\/web\/wp-json\/wp\/v2\/product_cat?post=2559"},{"taxonomy":"product_tag","embeddable":true,"href":"https:\/\/soloaseo.com\/web\/wp-json\/wp\/v2\/product_tag?post=2559"}],"curies":[{"name":"wp","href":"https:\/\/api.w.org\/{rel}","templated":true}]}}