{"id":2569,"date":"2024-04-27T13:43:31","date_gmt":"2024-04-27T18:43:31","guid":{"rendered":"https:\/\/soloaseo.com\/web\/?post_type=product&#038;p=2569"},"modified":"2024-04-27T13:53:26","modified_gmt":"2024-04-27T18:53:26","slug":"agua-con-gas-600cc-cristal","status":"publish","type":"product","link":"https:\/\/soloaseo.com\/web\/producto\/agua-con-gas-600cc-cristal\/","title":{"rendered":"Agua con Gas BT 600cc Cristal"},"content":{"rendered":"<p>Sum\u00e9rgete en la frescura pura con nuestro Agua con Gas BT en envase de 600cc. En Soloaseo, nos enorgullece ofrecer productos de calidad que satisfacen tus necesidades de hidrataci\u00f3n. Con su refrescante burbujeo y cristalina pureza, esta agua con gas es la compa\u00f1era perfecta para cualquier ocasi\u00f3n. Disfruta de su frescura en cada sorbo, ya sea en tu hogar, en la oficina o en movimiento. Mantente hidratado y revitalizado con nuestro Agua con Gas BT de 600cc. \u00a1Ord\u00e9nala ahora y experimenta la pureza en cada gota!<\/p>\n","protected":false},"excerpt":{"rendered":"<div class=\"col-xs-6\">\n<ul class=\"marker-list-arrow\">\n<li>Marca<\/li>\n<li>Codigo Siigo<\/li>\n<li>Presentaci\u00f3n<\/li>\n<\/ul>\n<\/div>\n<div class=\"col-xs-6\">\n<ul class=\"no-marker\">\n<li>Cristal<\/li>\n<li>A00002<\/li>\n<li>600 ml<\/li>\n<\/ul>\n<\/div>\n<p>&nbsp;<\/p>\n<p>&nbsp;<\/p>\n","protected":false},"featured_media":2570,"comment_status":"open","ping_status":"closed","template":"","meta":{"_editorskit_title_hidden":false,"_editorskit_reading_time":0,"_editorskit_is_block_options_detached":false,"_editorskit_block_options_position":"{}","_joinchat":{"telephone":"+573173710952","message_text":"\u00a1Refresca tu d\u00eda ahora mismo! Ordena nuestro Agua con Gas BT de 600cc de Cristal y sum\u00e9rgete en la pureza y el sabor cristalino. \u00a1No esperes m\u00e1s para hidratarte con estilo!"}},"product_brand":[],"product_cat":[79,75],"product_tag":[],"class_list":{"0":"post-2569","1":"product","2":"type-product","3":"status-publish","4":"has-post-thumbnail","6":"product_cat-bebidas-oficina","7":"product_cat-productos-para-cafeteria","9":"first","10":"instock","11":"virtual","12":"product-type-simple"},"yoast_head":"<!-- This site is optimized with the Yoast SEO plugin v25.6 - https:\/\/yoast.com\/wordpress\/plugins\/seo\/ -->\n<title>Agua con Gas BT 600cc Cristal - Soloaseo Distribuciones SAS<\/title>\n<meta name=\"description\" content=\"Sum\u00e9rgete en la frescura pura con nuestro Agua con Gas BT en envase de 600cc. En Soloaseo, nos enorgullece ofrecer productos de calidad que satisfacen tus necesidades de hidrataci\u00f3n. Con su refrescante burbujeo y cristalina pureza, esta agua con gas es la compa\u00f1era perfecta para cualquier ocasi\u00f3n. Disfruta de su frescura en cada sorbo, ya sea en tu hogar, en la oficina o en movimiento. Mantente hidratado y revitalizado con nuestro Agua con Gas BT de 600cc. \u00a1Ord\u00e9nala ahora y experimenta la pureza en cada gota!\" \/>\n<meta name=\"robots\" content=\"index, follow, max-snippet:-1, max-image-preview:large, max-video-preview:-1\" \/>\n<link rel=\"canonical\" href=\"https:\/\/soloaseo.com\/web\/producto\/agua-con-gas-600cc-cristal\/\" \/>\n<meta property=\"og:locale\" content=\"es_ES\" \/>\n<meta property=\"og:type\" content=\"article\" \/>\n<meta property=\"og:title\" content=\"Agua con Gas BT 600cc Cristal - Soloaseo Distribuciones SAS\" \/>\n<meta property=\"og:description\" content=\"Sum\u00e9rgete en la frescura pura con nuestro Agua con Gas BT en envase de 600cc. En Soloaseo, nos enorgullece ofrecer productos de calidad que satisfacen tus necesidades de hidrataci\u00f3n. Con su refrescante burbujeo y cristalina pureza, esta agua con gas es la compa\u00f1era perfecta para cualquier ocasi\u00f3n. Disfruta de su frescura en cada sorbo, ya sea en tu hogar, en la oficina o en movimiento. Mantente hidratado y revitalizado con nuestro Agua con Gas BT de 600cc. \u00a1Ord\u00e9nala ahora y experimenta la pureza en cada gota!\" \/>\n<meta property=\"og:url\" content=\"https:\/\/soloaseo.com\/web\/producto\/agua-con-gas-600cc-cristal\/\" \/>\n<meta property=\"og:site_name\" content=\"Soloaseo Distribuciones SAS\" \/>\n<meta property=\"article:publisher\" content=\"https:\/\/www.facebook.com\/Soloaseo\/\" \/>\n<meta property=\"article:modified_time\" content=\"2024-04-27T18:53:26+00:00\" \/>\n<meta property=\"og:image\" content=\"https:\/\/soloaseo.com\/web\/wp-content\/uploads\/2024\/04\/A00002-AGUA-CON-GAS-BT-600-CC-CRISTAL.png\" \/>\n\t<meta property=\"og:image:width\" content=\"500\" \/>\n\t<meta property=\"og:image:height\" content=\"375\" \/>\n\t<meta property=\"og:image:type\" content=\"image\/png\" \/>\n<meta name=\"twitter:card\" content=\"summary_large_image\" \/>\n<meta name=\"twitter:label1\" content=\"Tiempo de lectura\" \/>\n\t<meta name=\"twitter:data1\" content=\"1 minuto\" \/>\n<script type=\"application\/ld+json\" class=\"yoast-schema-graph\">{\"@context\":\"https:\/\/schema.org\",\"@graph\":[{\"@type\":\"WebPage\",\"@id\":\"https:\/\/soloaseo.com\/web\/producto\/agua-con-gas-600cc-cristal\/\",\"url\":\"https:\/\/soloaseo.com\/web\/producto\/agua-con-gas-600cc-cristal\/\",\"name\":\"Agua con Gas BT 600cc Cristal - Soloaseo Distribuciones SAS\",\"isPartOf\":{\"@id\":\"https:\/\/soloaseo.com\/web\/#website\"},\"primaryImageOfPage\":{\"@id\":\"https:\/\/soloaseo.com\/web\/producto\/agua-con-gas-600cc-cristal\/#primaryimage\"},\"image\":{\"@id\":\"https:\/\/soloaseo.com\/web\/producto\/agua-con-gas-600cc-cristal\/#primaryimage\"},\"thumbnailUrl\":\"https:\/\/soloaseo.com\/web\/wp-content\/uploads\/2024\/04\/A00002-AGUA-CON-GAS-BT-600-CC-CRISTAL.png\",\"datePublished\":\"2024-04-27T18:43:31+00:00\",\"dateModified\":\"2024-04-27T18:53:26+00:00\",\"description\":\"Sum\u00e9rgete en la frescura pura con nuestro Agua con Gas BT en envase de 600cc. En Soloaseo, nos enorgullece ofrecer productos de calidad que satisfacen tus necesidades de hidrataci\u00f3n. Con su refrescante burbujeo y cristalina pureza, esta agua con gas es la compa\u00f1era perfecta para cualquier ocasi\u00f3n. Disfruta de su frescura en cada sorbo, ya sea en tu hogar, en la oficina o en movimiento. Mantente hidratado y revitalizado con nuestro Agua con Gas BT de 600cc. \u00a1Ord\u00e9nala ahora y experimenta la pureza en cada gota!\",\"breadcrumb\":{\"@id\":\"https:\/\/soloaseo.com\/web\/producto\/agua-con-gas-600cc-cristal\/#breadcrumb\"},\"inLanguage\":\"es\",\"potentialAction\":[{\"@type\":\"ReadAction\",\"target\":[\"https:\/\/soloaseo.com\/web\/producto\/agua-con-gas-600cc-cristal\/\"]}]},{\"@type\":\"ImageObject\",\"inLanguage\":\"es\",\"@id\":\"https:\/\/soloaseo.com\/web\/producto\/agua-con-gas-600cc-cristal\/#primaryimage\",\"url\":\"https:\/\/soloaseo.com\/web\/wp-content\/uploads\/2024\/04\/A00002-AGUA-CON-GAS-BT-600-CC-CRISTAL.png\",\"contentUrl\":\"https:\/\/soloaseo.com\/web\/wp-content\/uploads\/2024\/04\/A00002-AGUA-CON-GAS-BT-600-CC-CRISTAL.png\",\"width\":500,\"height\":375},{\"@type\":\"BreadcrumbList\",\"@id\":\"https:\/\/soloaseo.com\/web\/producto\/agua-con-gas-600cc-cristal\/#breadcrumb\",\"itemListElement\":[{\"@type\":\"ListItem\",\"position\":1,\"name\":\"Home\",\"item\":\"https:\/\/soloaseo.com\/web\/\"},{\"@type\":\"ListItem\",\"position\":2,\"name\":\"Productos\",\"item\":\"https:\/\/soloaseo.com\/web\/shop\/\"},{\"@type\":\"ListItem\",\"position\":3,\"name\":\"Agua con Gas BT 600cc Cristal\"}]},{\"@type\":\"WebSite\",\"@id\":\"https:\/\/soloaseo.com\/web\/#website\",\"url\":\"https:\/\/soloaseo.com\/web\/\",\"name\":\"Soloaseo Distribuciones SAS\",\"description\":\"Empresa distribuidora de productos de limpieza y suministros de higiene para su negocio.\",\"potentialAction\":[{\"@type\":\"SearchAction\",\"target\":{\"@type\":\"EntryPoint\",\"urlTemplate\":\"https:\/\/soloaseo.com\/web\/?s={search_term_string}\"},\"query-input\":{\"@type\":\"PropertyValueSpecification\",\"valueRequired\":true,\"valueName\":\"search_term_string\"}}],\"inLanguage\":\"es\"}]}<\/script>\n<!-- \/ Yoast SEO plugin. -->","yoast_head_json":{"title":"Agua con Gas BT 600cc Cristal - Soloaseo Distribuciones SAS","description":"Sum\u00e9rgete en la frescura pura con nuestro Agua con Gas BT en envase de 600cc. En Soloaseo, nos enorgullece ofrecer productos de calidad que satisfacen tus necesidades de hidrataci\u00f3n. Con su refrescante burbujeo y cristalina pureza, esta agua con gas es la compa\u00f1era perfecta para cualquier ocasi\u00f3n. Disfruta de su frescura en cada sorbo, ya sea en tu hogar, en la oficina o en movimiento. Mantente hidratado y revitalizado con nuestro Agua con Gas BT de 600cc. \u00a1Ord\u00e9nala ahora y experimenta la pureza en cada gota!","robots":{"index":"index","follow":"follow","max-snippet":"max-snippet:-1","max-image-preview":"max-image-preview:large","max-video-preview":"max-video-preview:-1"},"canonical":"https:\/\/soloaseo.com\/web\/producto\/agua-con-gas-600cc-cristal\/","og_locale":"es_ES","og_type":"article","og_title":"Agua con Gas BT 600cc Cristal - Soloaseo Distribuciones SAS","og_description":"Sum\u00e9rgete en la frescura pura con nuestro Agua con Gas BT en envase de 600cc. En Soloaseo, nos enorgullece ofrecer productos de calidad que satisfacen tus necesidades de hidrataci\u00f3n. Con su refrescante burbujeo y cristalina pureza, esta agua con gas es la compa\u00f1era perfecta para cualquier ocasi\u00f3n. Disfruta de su frescura en cada sorbo, ya sea en tu hogar, en la oficina o en movimiento. Mantente hidratado y revitalizado con nuestro Agua con Gas BT de 600cc. \u00a1Ord\u00e9nala ahora y experimenta la pureza en cada gota!","og_url":"https:\/\/soloaseo.com\/web\/producto\/agua-con-gas-600cc-cristal\/","og_site_name":"Soloaseo Distribuciones SAS","article_publisher":"https:\/\/www.facebook.com\/Soloaseo\/","article_modified_time":"2024-04-27T18:53:26+00:00","og_image":[{"width":500,"height":375,"url":"https:\/\/soloaseo.com\/web\/wp-content\/uploads\/2024\/04\/A00002-AGUA-CON-GAS-BT-600-CC-CRISTAL.png","type":"image\/png"}],"twitter_card":"summary_large_image","twitter_misc":{"Tiempo de lectura":"1 minuto"},"schema":{"@context":"https:\/\/schema.org","@graph":[{"@type":"WebPage","@id":"https:\/\/soloaseo.com\/web\/producto\/agua-con-gas-600cc-cristal\/","url":"https:\/\/soloaseo.com\/web\/producto\/agua-con-gas-600cc-cristal\/","name":"Agua con Gas BT 600cc Cristal - Soloaseo Distribuciones SAS","isPartOf":{"@id":"https:\/\/soloaseo.com\/web\/#website"},"primaryImageOfPage":{"@id":"https:\/\/soloaseo.com\/web\/producto\/agua-con-gas-600cc-cristal\/#primaryimage"},"image":{"@id":"https:\/\/soloaseo.com\/web\/producto\/agua-con-gas-600cc-cristal\/#primaryimage"},"thumbnailUrl":"https:\/\/soloaseo.com\/web\/wp-content\/uploads\/2024\/04\/A00002-AGUA-CON-GAS-BT-600-CC-CRISTAL.png","datePublished":"2024-04-27T18:43:31+00:00","dateModified":"2024-04-27T18:53:26+00:00","description":"Sum\u00e9rgete en la frescura pura con nuestro Agua con Gas BT en envase de 600cc. En Soloaseo, nos enorgullece ofrecer productos de calidad que satisfacen tus necesidades de hidrataci\u00f3n. Con su refrescante burbujeo y cristalina pureza, esta agua con gas es la compa\u00f1era perfecta para cualquier ocasi\u00f3n. Disfruta de su frescura en cada sorbo, ya sea en tu hogar, en la oficina o en movimiento. Mantente hidratado y revitalizado con nuestro Agua con Gas BT de 600cc. \u00a1Ord\u00e9nala ahora y experimenta la pureza en cada gota!","breadcrumb":{"@id":"https:\/\/soloaseo.com\/web\/producto\/agua-con-gas-600cc-cristal\/#breadcrumb"},"inLanguage":"es","potentialAction":[{"@type":"ReadAction","target":["https:\/\/soloaseo.com\/web\/producto\/agua-con-gas-600cc-cristal\/"]}]},{"@type":"ImageObject","inLanguage":"es","@id":"https:\/\/soloaseo.com\/web\/producto\/agua-con-gas-600cc-cristal\/#primaryimage","url":"https:\/\/soloaseo.com\/web\/wp-content\/uploads\/2024\/04\/A00002-AGUA-CON-GAS-BT-600-CC-CRISTAL.png","contentUrl":"https:\/\/soloaseo.com\/web\/wp-content\/uploads\/2024\/04\/A00002-AGUA-CON-GAS-BT-600-CC-CRISTAL.png","width":500,"height":375},{"@type":"BreadcrumbList","@id":"https:\/\/soloaseo.com\/web\/producto\/agua-con-gas-600cc-cristal\/#breadcrumb","itemListElement":[{"@type":"ListItem","position":1,"name":"Home","item":"https:\/\/soloaseo.com\/web\/"},{"@type":"ListItem","position":2,"name":"Productos","item":"https:\/\/soloaseo.com\/web\/shop\/"},{"@type":"ListItem","position":3,"name":"Agua con Gas BT 600cc Cristal"}]},{"@type":"WebSite","@id":"https:\/\/soloaseo.com\/web\/#website","url":"https:\/\/soloaseo.com\/web\/","name":"Soloaseo Distribuciones SAS","description":"Empresa distribuidora de productos de limpieza y suministros de higiene para su negocio.","potentialAction":[{"@type":"SearchAction","target":{"@type":"EntryPoint","urlTemplate":"https:\/\/soloaseo.com\/web\/?s={search_term_string}"},"query-input":{"@type":"PropertyValueSpecification","valueRequired":true,"valueName":"search_term_string"}}],"inLanguage":"es"}]}},"jetpack_sharing_enabled":true,"_links":{"self":[{"href":"https:\/\/soloaseo.com\/web\/wp-json\/wp\/v2\/product\/2569"}],"collection":[{"href":"https:\/\/soloaseo.com\/web\/wp-json\/wp\/v2\/product"}],"about":[{"href":"https:\/\/soloaseo.com\/web\/wp-json\/wp\/v2\/types\/product"}],"replies":[{"embeddable":true,"href":"https:\/\/soloaseo.com\/web\/wp-json\/wp\/v2\/comments?post=2569"}],"wp:featuredmedia":[{"embeddable":true,"href":"https:\/\/soloaseo.com\/web\/wp-json\/wp\/v2\/media\/2570"}],"wp:attachment":[{"href":"https:\/\/soloaseo.com\/web\/wp-json\/wp\/v2\/media?parent=2569"}],"wp:term":[{"taxonomy":"product_brand","embeddable":true,"href":"https:\/\/soloaseo.com\/web\/wp-json\/wp\/v2\/product_brand?post=2569"},{"taxonomy":"product_cat","embeddable":true,"href":"https:\/\/soloaseo.com\/web\/wp-json\/wp\/v2\/product_cat?post=2569"},{"taxonomy":"product_tag","embeddable":true,"href":"https:\/\/soloaseo.com\/web\/wp-json\/wp\/v2\/product_tag?post=2569"}],"curies":[{"name":"wp","href":"https:\/\/api.w.org\/{rel}","templated":true}]}}