{"id":2583,"date":"2024-04-27T14:31:25","date_gmt":"2024-04-27T19:31:25","guid":{"rendered":"https:\/\/soloaseo.com\/web\/?post_type=product&#038;p=2583"},"modified":"2024-04-27T14:45:01","modified_gmt":"2024-04-27T19:45:01","slug":"aromatica-infusion-frutal-frutos-rojos-hindu","status":"publish","type":"product","link":"https:\/\/soloaseo.com\/web\/producto\/aromatica-infusion-frutal-frutos-rojos-hindu\/","title":{"rendered":"Arom\u00e1tica Infusi\u00f3n Frutal Frutos Rojos Hind\u00fa"},"content":{"rendered":"<p>Sum\u00e9rgete en una explosi\u00f3n de sabor con nuestra Arom\u00e1tica Infusi\u00f3n Frutal de 5 gramos, presentada en una caja que contiene 20 sobres individuales. Esta cautivadora infusi\u00f3n de frutos rojos hind\u00faes te transportar\u00e1 a un viaje de sabores vibrantes y aromas irresistibles en cada sorbo.<\/p>\n<p>En Soloaseo, nos enorgullece ofrecerte productos de calidad que deleitan tus sentidos, y esta arom\u00e1tica de frutos rojos no es la excepci\u00f3n. Cada sobre est\u00e1 cuidadosamente elaborado con una mezcla de frutos rojos seleccionados, que proporcionan una experiencia equilibrada entre dulzura y frescura.<\/p>\n<p>Con una presentaci\u00f3n pr\u00e1ctica en una caja de 20 sobres, tendr\u00e1s suficiente para disfrutar de esta deliciosa infusi\u00f3n en cualquier momento del d\u00eda. Ya sea para comenzar tu ma\u00f1ana con energ\u00eda, relajarte por la tarde o compartir con amigos y familiares, nuestra Arom\u00e1tica Infusi\u00f3n Frutal de Frutos Rojos Hind\u00fa es la elecci\u00f3n perfecta.<\/p>\n<p>\u00a1Ord\u00e9nala ahora y descubre la magia de los frutos rojos hind\u00faes en cada taza!<\/p>\n","protected":false},"excerpt":{"rendered":"<div class=\"col-xs-6\">\n<ul class=\"marker-list-arrow\">\n<li>Marca<\/li>\n<li>Codigo Siigo<\/li>\n<li>Presentaci\u00f3n<\/li>\n<\/ul>\n<\/div>\n<div class=\"col-xs-6\">\n<ul class=\"no-marker\">\n<li>Hindu<\/li>\n<li>A00032<\/li>\n<li>Sobres 5g &#8211; Caja x 20 sobres<\/li>\n<\/ul>\n<\/div>\n<p>&nbsp;<\/p>\n<p>&nbsp;<\/p>\n","protected":false},"featured_media":2584,"comment_status":"open","ping_status":"closed","template":"","meta":{"_editorskit_title_hidden":false,"_editorskit_reading_time":0,"_editorskit_is_block_options_detached":false,"_editorskit_block_options_position":"{}","_joinchat":{"telephone":"+573173710952","message_text":"\u00a1Explora el delicioso mundo de los frutos rojos hind\u00faes en cada sorbo! Ordena ahora nuestra Arom\u00e1tica Infusi\u00f3n Frutal!"}},"product_brand":[],"product_cat":[79,75],"product_tag":[],"class_list":{"0":"post-2583","1":"product","2":"type-product","3":"status-publish","4":"has-post-thumbnail","6":"product_cat-bebidas-oficina","7":"product_cat-productos-para-cafeteria","9":"first","10":"instock","11":"virtual","12":"product-type-simple"},"yoast_head":"<!-- This site is optimized with the Yoast SEO plugin v25.6 - https:\/\/yoast.com\/wordpress\/plugins\/seo\/ -->\n<title>Arom\u00e1tica Infusi\u00f3n Frutal Frutos Rojos Hind\u00fa - Soloaseo Distribuciones SAS<\/title>\n<meta name=\"description\" content=\"Con una presentaci\u00f3n pr\u00e1ctica en una caja de 20 sobres, tendr\u00e1s suficiente para disfrutar de esta deliciosa infusi\u00f3n en cualquier momento del d\u00eda. Ya sea para comenzar tu ma\u00f1ana con energ\u00eda, relajarte por la tarde o compartir con amigos y familiares, nuestra Arom\u00e1tica Infusi\u00f3n Frutal SB de Frutos Rojos Hind\u00fa es la elecci\u00f3n perfecta.\u00a1Ord\u00e9nala ahora y descubre la magia de los frutos rojos hind\u00faes en cada taza!\" \/>\n<meta name=\"robots\" content=\"index, follow, max-snippet:-1, max-image-preview:large, max-video-preview:-1\" \/>\n<link rel=\"canonical\" href=\"https:\/\/soloaseo.com\/web\/producto\/aromatica-infusion-frutal-frutos-rojos-hindu\/\" \/>\n<meta property=\"og:locale\" content=\"es_ES\" \/>\n<meta property=\"og:type\" content=\"article\" \/>\n<meta property=\"og:title\" content=\"Arom\u00e1tica Infusi\u00f3n Frutal Frutos Rojos Hind\u00fa - Soloaseo Distribuciones SAS\" \/>\n<meta property=\"og:description\" content=\"Con una presentaci\u00f3n pr\u00e1ctica en una caja de 20 sobres, tendr\u00e1s suficiente para disfrutar de esta deliciosa infusi\u00f3n en cualquier momento del d\u00eda. Ya sea para comenzar tu ma\u00f1ana con energ\u00eda, relajarte por la tarde o compartir con amigos y familiares, nuestra Arom\u00e1tica Infusi\u00f3n Frutal SB de Frutos Rojos Hind\u00fa es la elecci\u00f3n perfecta.\u00a1Ord\u00e9nala ahora y descubre la magia de los frutos rojos hind\u00faes en cada taza!\" \/>\n<meta property=\"og:url\" content=\"https:\/\/soloaseo.com\/web\/producto\/aromatica-infusion-frutal-frutos-rojos-hindu\/\" \/>\n<meta property=\"og:site_name\" content=\"Soloaseo Distribuciones SAS\" \/>\n<meta property=\"article:publisher\" content=\"https:\/\/www.facebook.com\/Soloaseo\/\" \/>\n<meta property=\"article:modified_time\" content=\"2024-04-27T19:45:01+00:00\" \/>\n<meta property=\"og:image\" content=\"https:\/\/soloaseo.com\/web\/wp-content\/uploads\/2024\/04\/A00032-AROMATICA-INFUSION-FRUTAL-SB-5-GR-FRUTOS-ROJOS-CJ-X-20-HINDU.png\" \/>\n\t<meta property=\"og:image:width\" content=\"500\" \/>\n\t<meta property=\"og:image:height\" content=\"375\" \/>\n\t<meta property=\"og:image:type\" content=\"image\/png\" \/>\n<meta name=\"twitter:card\" content=\"summary_large_image\" \/>\n<meta name=\"twitter:label1\" content=\"Tiempo de lectura\" \/>\n\t<meta name=\"twitter:data1\" content=\"1 minuto\" \/>\n<script type=\"application\/ld+json\" class=\"yoast-schema-graph\">{\"@context\":\"https:\/\/schema.org\",\"@graph\":[{\"@type\":\"WebPage\",\"@id\":\"https:\/\/soloaseo.com\/web\/producto\/aromatica-infusion-frutal-frutos-rojos-hindu\/\",\"url\":\"https:\/\/soloaseo.com\/web\/producto\/aromatica-infusion-frutal-frutos-rojos-hindu\/\",\"name\":\"Arom\u00e1tica Infusi\u00f3n Frutal Frutos Rojos Hind\u00fa - Soloaseo Distribuciones SAS\",\"isPartOf\":{\"@id\":\"https:\/\/soloaseo.com\/web\/#website\"},\"primaryImageOfPage\":{\"@id\":\"https:\/\/soloaseo.com\/web\/producto\/aromatica-infusion-frutal-frutos-rojos-hindu\/#primaryimage\"},\"image\":{\"@id\":\"https:\/\/soloaseo.com\/web\/producto\/aromatica-infusion-frutal-frutos-rojos-hindu\/#primaryimage\"},\"thumbnailUrl\":\"https:\/\/soloaseo.com\/web\/wp-content\/uploads\/2024\/04\/A00032-AROMATICA-INFUSION-FRUTAL-SB-5-GR-FRUTOS-ROJOS-CJ-X-20-HINDU.png\",\"datePublished\":\"2024-04-27T19:31:25+00:00\",\"dateModified\":\"2024-04-27T19:45:01+00:00\",\"description\":\"Con una presentaci\u00f3n pr\u00e1ctica en una caja de 20 sobres, tendr\u00e1s suficiente para disfrutar de esta deliciosa infusi\u00f3n en cualquier momento del d\u00eda. Ya sea para comenzar tu ma\u00f1ana con energ\u00eda, relajarte por la tarde o compartir con amigos y familiares, nuestra Arom\u00e1tica Infusi\u00f3n Frutal SB de Frutos Rojos Hind\u00fa es la elecci\u00f3n perfecta.\u00a1Ord\u00e9nala ahora y descubre la magia de los frutos rojos hind\u00faes en cada taza!\",\"breadcrumb\":{\"@id\":\"https:\/\/soloaseo.com\/web\/producto\/aromatica-infusion-frutal-frutos-rojos-hindu\/#breadcrumb\"},\"inLanguage\":\"es\",\"potentialAction\":[{\"@type\":\"ReadAction\",\"target\":[\"https:\/\/soloaseo.com\/web\/producto\/aromatica-infusion-frutal-frutos-rojos-hindu\/\"]}]},{\"@type\":\"ImageObject\",\"inLanguage\":\"es\",\"@id\":\"https:\/\/soloaseo.com\/web\/producto\/aromatica-infusion-frutal-frutos-rojos-hindu\/#primaryimage\",\"url\":\"https:\/\/soloaseo.com\/web\/wp-content\/uploads\/2024\/04\/A00032-AROMATICA-INFUSION-FRUTAL-SB-5-GR-FRUTOS-ROJOS-CJ-X-20-HINDU.png\",\"contentUrl\":\"https:\/\/soloaseo.com\/web\/wp-content\/uploads\/2024\/04\/A00032-AROMATICA-INFUSION-FRUTAL-SB-5-GR-FRUTOS-ROJOS-CJ-X-20-HINDU.png\",\"width\":500,\"height\":375},{\"@type\":\"BreadcrumbList\",\"@id\":\"https:\/\/soloaseo.com\/web\/producto\/aromatica-infusion-frutal-frutos-rojos-hindu\/#breadcrumb\",\"itemListElement\":[{\"@type\":\"ListItem\",\"position\":1,\"name\":\"Home\",\"item\":\"https:\/\/soloaseo.com\/web\/\"},{\"@type\":\"ListItem\",\"position\":2,\"name\":\"Productos\",\"item\":\"https:\/\/soloaseo.com\/web\/shop\/\"},{\"@type\":\"ListItem\",\"position\":3,\"name\":\"Arom\u00e1tica Infusi\u00f3n Frutal Frutos Rojos Hind\u00fa\"}]},{\"@type\":\"WebSite\",\"@id\":\"https:\/\/soloaseo.com\/web\/#website\",\"url\":\"https:\/\/soloaseo.com\/web\/\",\"name\":\"Soloaseo Distribuciones SAS\",\"description\":\"Empresa distribuidora de productos de limpieza y suministros de higiene para su negocio.\",\"potentialAction\":[{\"@type\":\"SearchAction\",\"target\":{\"@type\":\"EntryPoint\",\"urlTemplate\":\"https:\/\/soloaseo.com\/web\/?s={search_term_string}\"},\"query-input\":{\"@type\":\"PropertyValueSpecification\",\"valueRequired\":true,\"valueName\":\"search_term_string\"}}],\"inLanguage\":\"es\"}]}<\/script>\n<!-- \/ Yoast SEO plugin. -->","yoast_head_json":{"title":"Arom\u00e1tica Infusi\u00f3n Frutal Frutos Rojos Hind\u00fa - Soloaseo Distribuciones SAS","description":"Con una presentaci\u00f3n pr\u00e1ctica en una caja de 20 sobres, tendr\u00e1s suficiente para disfrutar de esta deliciosa infusi\u00f3n en cualquier momento del d\u00eda. Ya sea para comenzar tu ma\u00f1ana con energ\u00eda, relajarte por la tarde o compartir con amigos y familiares, nuestra Arom\u00e1tica Infusi\u00f3n Frutal SB de Frutos Rojos Hind\u00fa es la elecci\u00f3n perfecta.\u00a1Ord\u00e9nala ahora y descubre la magia de los frutos rojos hind\u00faes en cada taza!","robots":{"index":"index","follow":"follow","max-snippet":"max-snippet:-1","max-image-preview":"max-image-preview:large","max-video-preview":"max-video-preview:-1"},"canonical":"https:\/\/soloaseo.com\/web\/producto\/aromatica-infusion-frutal-frutos-rojos-hindu\/","og_locale":"es_ES","og_type":"article","og_title":"Arom\u00e1tica Infusi\u00f3n Frutal Frutos Rojos Hind\u00fa - Soloaseo Distribuciones SAS","og_description":"Con una presentaci\u00f3n pr\u00e1ctica en una caja de 20 sobres, tendr\u00e1s suficiente para disfrutar de esta deliciosa infusi\u00f3n en cualquier momento del d\u00eda. Ya sea para comenzar tu ma\u00f1ana con energ\u00eda, relajarte por la tarde o compartir con amigos y familiares, nuestra Arom\u00e1tica Infusi\u00f3n Frutal SB de Frutos Rojos Hind\u00fa es la elecci\u00f3n perfecta.\u00a1Ord\u00e9nala ahora y descubre la magia de los frutos rojos hind\u00faes en cada taza!","og_url":"https:\/\/soloaseo.com\/web\/producto\/aromatica-infusion-frutal-frutos-rojos-hindu\/","og_site_name":"Soloaseo Distribuciones SAS","article_publisher":"https:\/\/www.facebook.com\/Soloaseo\/","article_modified_time":"2024-04-27T19:45:01+00:00","og_image":[{"width":500,"height":375,"url":"https:\/\/soloaseo.com\/web\/wp-content\/uploads\/2024\/04\/A00032-AROMATICA-INFUSION-FRUTAL-SB-5-GR-FRUTOS-ROJOS-CJ-X-20-HINDU.png","type":"image\/png"}],"twitter_card":"summary_large_image","twitter_misc":{"Tiempo de lectura":"1 minuto"},"schema":{"@context":"https:\/\/schema.org","@graph":[{"@type":"WebPage","@id":"https:\/\/soloaseo.com\/web\/producto\/aromatica-infusion-frutal-frutos-rojos-hindu\/","url":"https:\/\/soloaseo.com\/web\/producto\/aromatica-infusion-frutal-frutos-rojos-hindu\/","name":"Arom\u00e1tica Infusi\u00f3n Frutal Frutos Rojos Hind\u00fa - Soloaseo Distribuciones SAS","isPartOf":{"@id":"https:\/\/soloaseo.com\/web\/#website"},"primaryImageOfPage":{"@id":"https:\/\/soloaseo.com\/web\/producto\/aromatica-infusion-frutal-frutos-rojos-hindu\/#primaryimage"},"image":{"@id":"https:\/\/soloaseo.com\/web\/producto\/aromatica-infusion-frutal-frutos-rojos-hindu\/#primaryimage"},"thumbnailUrl":"https:\/\/soloaseo.com\/web\/wp-content\/uploads\/2024\/04\/A00032-AROMATICA-INFUSION-FRUTAL-SB-5-GR-FRUTOS-ROJOS-CJ-X-20-HINDU.png","datePublished":"2024-04-27T19:31:25+00:00","dateModified":"2024-04-27T19:45:01+00:00","description":"Con una presentaci\u00f3n pr\u00e1ctica en una caja de 20 sobres, tendr\u00e1s suficiente para disfrutar de esta deliciosa infusi\u00f3n en cualquier momento del d\u00eda. Ya sea para comenzar tu ma\u00f1ana con energ\u00eda, relajarte por la tarde o compartir con amigos y familiares, nuestra Arom\u00e1tica Infusi\u00f3n Frutal SB de Frutos Rojos Hind\u00fa es la elecci\u00f3n perfecta.\u00a1Ord\u00e9nala ahora y descubre la magia de los frutos rojos hind\u00faes en cada taza!","breadcrumb":{"@id":"https:\/\/soloaseo.com\/web\/producto\/aromatica-infusion-frutal-frutos-rojos-hindu\/#breadcrumb"},"inLanguage":"es","potentialAction":[{"@type":"ReadAction","target":["https:\/\/soloaseo.com\/web\/producto\/aromatica-infusion-frutal-frutos-rojos-hindu\/"]}]},{"@type":"ImageObject","inLanguage":"es","@id":"https:\/\/soloaseo.com\/web\/producto\/aromatica-infusion-frutal-frutos-rojos-hindu\/#primaryimage","url":"https:\/\/soloaseo.com\/web\/wp-content\/uploads\/2024\/04\/A00032-AROMATICA-INFUSION-FRUTAL-SB-5-GR-FRUTOS-ROJOS-CJ-X-20-HINDU.png","contentUrl":"https:\/\/soloaseo.com\/web\/wp-content\/uploads\/2024\/04\/A00032-AROMATICA-INFUSION-FRUTAL-SB-5-GR-FRUTOS-ROJOS-CJ-X-20-HINDU.png","width":500,"height":375},{"@type":"BreadcrumbList","@id":"https:\/\/soloaseo.com\/web\/producto\/aromatica-infusion-frutal-frutos-rojos-hindu\/#breadcrumb","itemListElement":[{"@type":"ListItem","position":1,"name":"Home","item":"https:\/\/soloaseo.com\/web\/"},{"@type":"ListItem","position":2,"name":"Productos","item":"https:\/\/soloaseo.com\/web\/shop\/"},{"@type":"ListItem","position":3,"name":"Arom\u00e1tica Infusi\u00f3n Frutal Frutos Rojos Hind\u00fa"}]},{"@type":"WebSite","@id":"https:\/\/soloaseo.com\/web\/#website","url":"https:\/\/soloaseo.com\/web\/","name":"Soloaseo Distribuciones SAS","description":"Empresa distribuidora de productos de limpieza y suministros de higiene para su negocio.","potentialAction":[{"@type":"SearchAction","target":{"@type":"EntryPoint","urlTemplate":"https:\/\/soloaseo.com\/web\/?s={search_term_string}"},"query-input":{"@type":"PropertyValueSpecification","valueRequired":true,"valueName":"search_term_string"}}],"inLanguage":"es"}]}},"jetpack_sharing_enabled":true,"_links":{"self":[{"href":"https:\/\/soloaseo.com\/web\/wp-json\/wp\/v2\/product\/2583"}],"collection":[{"href":"https:\/\/soloaseo.com\/web\/wp-json\/wp\/v2\/product"}],"about":[{"href":"https:\/\/soloaseo.com\/web\/wp-json\/wp\/v2\/types\/product"}],"replies":[{"embeddable":true,"href":"https:\/\/soloaseo.com\/web\/wp-json\/wp\/v2\/comments?post=2583"}],"wp:featuredmedia":[{"embeddable":true,"href":"https:\/\/soloaseo.com\/web\/wp-json\/wp\/v2\/media\/2584"}],"wp:attachment":[{"href":"https:\/\/soloaseo.com\/web\/wp-json\/wp\/v2\/media?parent=2583"}],"wp:term":[{"taxonomy":"product_brand","embeddable":true,"href":"https:\/\/soloaseo.com\/web\/wp-json\/wp\/v2\/product_brand?post=2583"},{"taxonomy":"product_cat","embeddable":true,"href":"https:\/\/soloaseo.com\/web\/wp-json\/wp\/v2\/product_cat?post=2583"},{"taxonomy":"product_tag","embeddable":true,"href":"https:\/\/soloaseo.com\/web\/wp-json\/wp\/v2\/product_tag?post=2583"}],"curies":[{"name":"wp","href":"https:\/\/api.w.org\/{rel}","templated":true}]}}