{"id":2586,"date":"2024-04-27T14:45:14","date_gmt":"2024-04-27T19:45:14","guid":{"rendered":"https:\/\/soloaseo.com\/web\/?post_type=product&#038;p=2586"},"modified":"2024-04-27T15:13:27","modified_gmt":"2024-04-27T20:13:27","slug":"aromatica-panela-caja-x-25-sobres-jaibel","status":"publish","type":"product","link":"https:\/\/soloaseo.com\/web\/producto\/aromatica-panela-caja-x-25-sobres-jaibel\/","title":{"rendered":"Arom\u00e1tica Panela Caja x 25 Sobres Jaibel"},"content":{"rendered":"<p>Toma el camino hacia la tradici\u00f3n y el sabor con nuestra Arom\u00e1tica Panela, ahora disponible en cajas de 25 sobres individuales. Esta infusi\u00f3n de Jaibel ofrece una experiencia sensorial \u00fanica, fusionando el sabor aut\u00e9ntico de la panela con la frescura de Jaibel.<\/p>\n<p>En Soloaseo, entendemos las necesidades de tu empresa. Por eso, ofrecemos productos de calidad que elevan la experiencia del t\u00e9 en el lugar de trabajo. Cada sobre est\u00e1 cuidadosamente elaborado con una mezcla equilibrada de ingredientes seleccionados para brindar un momento de relajaci\u00f3n y confort en medio de la jornada laboral.<\/p>\n<p>Con una presentaci\u00f3n pr\u00e1ctica y conveniente, nuestra Arom\u00e1tica Panela es la opci\u00f3n perfecta para tus empleados. Ya sea para una pausa revitalizante en la ma\u00f1ana o para un momento de descanso por la tarde, esta infusi\u00f3n satisfar\u00e1 sus necesidades y elevar\u00e1 su experiencia en la oficina.<\/p>\n<p>\u00a1Haz tu pedido ahora y permite que tus empleados disfruten del reconfortante sabor de la tradici\u00f3n con nuestra Arom\u00e1tica Panela\u00a0 de Jaibel!<\/p>\n","protected":false},"excerpt":{"rendered":"<div class=\"col-xs-6\">\n<ul class=\"marker-list-arrow\">\n<li>Marca<\/li>\n<li>Codigo Siigo<\/li>\n<li>Presentaci\u00f3n<\/li>\n<\/ul>\n<\/div>\n<div class=\"col-xs-6\">\n<ul class=\"no-marker\">\n<li>Jaibel<\/li>\n<li>A00039<\/li>\n<li>Caja x 25 sobres<\/li>\n<\/ul>\n<\/div>\n<p>&nbsp;<\/p>\n<p>&nbsp;<\/p>\n","protected":false},"featured_media":2587,"comment_status":"open","ping_status":"closed","template":"","meta":{"_editorskit_title_hidden":false,"_editorskit_reading_time":0,"_editorskit_is_block_options_detached":false,"_editorskit_block_options_position":"{}","_joinchat":{"telephone":"+573173710952","message_text":"\u00a1Eleva la experiencia de tus empleados en la oficina con nuestra Arom\u00e1tica Panela Surt SB de Jaibel! Ordena ahora y br\u00edndales un momento de relajaci\u00f3n y confort en medio de su jornada laboral. \u00a1No esperes m\u00e1s para disfrutar del aut\u00e9ntico sabor de la tradici\u00f3n!"}},"product_brand":[],"product_cat":[79,75],"product_tag":[],"class_list":{"0":"post-2586","1":"product","2":"type-product","3":"status-publish","4":"has-post-thumbnail","6":"product_cat-bebidas-oficina","7":"product_cat-productos-para-cafeteria","9":"first","10":"instock","11":"virtual","12":"product-type-simple"},"yoast_head":"<!-- This site is optimized with the Yoast SEO plugin v25.6 - https:\/\/yoast.com\/wordpress\/plugins\/seo\/ -->\n<title>Arom\u00e1tica Panela Caja x 25 Sobres Jaibel - Soloaseo Distribuciones SAS<\/title>\n<meta name=\"description\" content=\"Toma el camino hacia la tradici\u00f3n y el sabor con nuestra Arom\u00e1tica Panela, ahora disponible en cajas de 25 sobres individuales. Esta infusi\u00f3n de Jaibel ofrece una experiencia sensorial \u00fanica, fusionando el sabor aut\u00e9ntico de la panela con la frescura de Jaibel.En Soloaseo, entendemos las necesidades de tu empresa. Por eso, ofrecemos productos de calidad que elevan la experiencia del t\u00e9 en el lugar de trabajo. Cada sobre est\u00e1 cuidadosamente elaborado con una mezcla equilibrada de ingredientes seleccionados para brindar un momento de relajaci\u00f3n y confort en medio de la jornada laboral.\" \/>\n<meta name=\"robots\" content=\"index, follow, max-snippet:-1, max-image-preview:large, max-video-preview:-1\" \/>\n<link rel=\"canonical\" href=\"https:\/\/soloaseo.com\/web\/producto\/aromatica-panela-caja-x-25-sobres-jaibel\/\" \/>\n<meta property=\"og:locale\" content=\"es_ES\" \/>\n<meta property=\"og:type\" content=\"article\" \/>\n<meta property=\"og:title\" content=\"Arom\u00e1tica Panela Caja x 25 Sobres Jaibel - Soloaseo Distribuciones SAS\" \/>\n<meta property=\"og:description\" content=\"Toma el camino hacia la tradici\u00f3n y el sabor con nuestra Arom\u00e1tica Panela, ahora disponible en cajas de 25 sobres individuales. Esta infusi\u00f3n de Jaibel ofrece una experiencia sensorial \u00fanica, fusionando el sabor aut\u00e9ntico de la panela con la frescura de Jaibel.En Soloaseo, entendemos las necesidades de tu empresa. Por eso, ofrecemos productos de calidad que elevan la experiencia del t\u00e9 en el lugar de trabajo. Cada sobre est\u00e1 cuidadosamente elaborado con una mezcla equilibrada de ingredientes seleccionados para brindar un momento de relajaci\u00f3n y confort en medio de la jornada laboral.\" \/>\n<meta property=\"og:url\" content=\"https:\/\/soloaseo.com\/web\/producto\/aromatica-panela-caja-x-25-sobres-jaibel\/\" \/>\n<meta property=\"og:site_name\" content=\"Soloaseo Distribuciones SAS\" \/>\n<meta property=\"article:publisher\" content=\"https:\/\/www.facebook.com\/Soloaseo\/\" \/>\n<meta property=\"article:modified_time\" content=\"2024-04-27T20:13:27+00:00\" \/>\n<meta property=\"og:image\" content=\"https:\/\/soloaseo.com\/web\/wp-content\/uploads\/2024\/04\/A00039-AROMATICA-PANELA-SURT-SB-CJ-X-25-JAIBEL.png\" \/>\n\t<meta property=\"og:image:width\" content=\"500\" \/>\n\t<meta property=\"og:image:height\" content=\"375\" \/>\n\t<meta property=\"og:image:type\" content=\"image\/png\" \/>\n<meta name=\"twitter:card\" content=\"summary_large_image\" \/>\n<meta name=\"twitter:label1\" content=\"Tiempo de lectura\" \/>\n\t<meta name=\"twitter:data1\" content=\"1 minuto\" \/>\n<script type=\"application\/ld+json\" class=\"yoast-schema-graph\">{\"@context\":\"https:\/\/schema.org\",\"@graph\":[{\"@type\":\"WebPage\",\"@id\":\"https:\/\/soloaseo.com\/web\/producto\/aromatica-panela-caja-x-25-sobres-jaibel\/\",\"url\":\"https:\/\/soloaseo.com\/web\/producto\/aromatica-panela-caja-x-25-sobres-jaibel\/\",\"name\":\"Arom\u00e1tica Panela Caja x 25 Sobres Jaibel - Soloaseo Distribuciones SAS\",\"isPartOf\":{\"@id\":\"https:\/\/soloaseo.com\/web\/#website\"},\"primaryImageOfPage\":{\"@id\":\"https:\/\/soloaseo.com\/web\/producto\/aromatica-panela-caja-x-25-sobres-jaibel\/#primaryimage\"},\"image\":{\"@id\":\"https:\/\/soloaseo.com\/web\/producto\/aromatica-panela-caja-x-25-sobres-jaibel\/#primaryimage\"},\"thumbnailUrl\":\"https:\/\/soloaseo.com\/web\/wp-content\/uploads\/2024\/04\/A00039-AROMATICA-PANELA-SURT-SB-CJ-X-25-JAIBEL.png\",\"datePublished\":\"2024-04-27T19:45:14+00:00\",\"dateModified\":\"2024-04-27T20:13:27+00:00\",\"description\":\"Toma el camino hacia la tradici\u00f3n y el sabor con nuestra Arom\u00e1tica Panela, ahora disponible en cajas de 25 sobres individuales. Esta infusi\u00f3n de Jaibel ofrece una experiencia sensorial \u00fanica, fusionando el sabor aut\u00e9ntico de la panela con la frescura de Jaibel.En Soloaseo, entendemos las necesidades de tu empresa. Por eso, ofrecemos productos de calidad que elevan la experiencia del t\u00e9 en el lugar de trabajo. Cada sobre est\u00e1 cuidadosamente elaborado con una mezcla equilibrada de ingredientes seleccionados para brindar un momento de relajaci\u00f3n y confort en medio de la jornada laboral.\",\"breadcrumb\":{\"@id\":\"https:\/\/soloaseo.com\/web\/producto\/aromatica-panela-caja-x-25-sobres-jaibel\/#breadcrumb\"},\"inLanguage\":\"es\",\"potentialAction\":[{\"@type\":\"ReadAction\",\"target\":[\"https:\/\/soloaseo.com\/web\/producto\/aromatica-panela-caja-x-25-sobres-jaibel\/\"]}]},{\"@type\":\"ImageObject\",\"inLanguage\":\"es\",\"@id\":\"https:\/\/soloaseo.com\/web\/producto\/aromatica-panela-caja-x-25-sobres-jaibel\/#primaryimage\",\"url\":\"https:\/\/soloaseo.com\/web\/wp-content\/uploads\/2024\/04\/A00039-AROMATICA-PANELA-SURT-SB-CJ-X-25-JAIBEL.png\",\"contentUrl\":\"https:\/\/soloaseo.com\/web\/wp-content\/uploads\/2024\/04\/A00039-AROMATICA-PANELA-SURT-SB-CJ-X-25-JAIBEL.png\",\"width\":500,\"height\":375},{\"@type\":\"BreadcrumbList\",\"@id\":\"https:\/\/soloaseo.com\/web\/producto\/aromatica-panela-caja-x-25-sobres-jaibel\/#breadcrumb\",\"itemListElement\":[{\"@type\":\"ListItem\",\"position\":1,\"name\":\"Home\",\"item\":\"https:\/\/soloaseo.com\/web\/\"},{\"@type\":\"ListItem\",\"position\":2,\"name\":\"Productos\",\"item\":\"https:\/\/soloaseo.com\/web\/shop\/\"},{\"@type\":\"ListItem\",\"position\":3,\"name\":\"Arom\u00e1tica Panela Caja x 25 Sobres Jaibel\"}]},{\"@type\":\"WebSite\",\"@id\":\"https:\/\/soloaseo.com\/web\/#website\",\"url\":\"https:\/\/soloaseo.com\/web\/\",\"name\":\"Soloaseo Distribuciones SAS\",\"description\":\"Empresa distribuidora de productos de limpieza y suministros de higiene para su negocio.\",\"potentialAction\":[{\"@type\":\"SearchAction\",\"target\":{\"@type\":\"EntryPoint\",\"urlTemplate\":\"https:\/\/soloaseo.com\/web\/?s={search_term_string}\"},\"query-input\":{\"@type\":\"PropertyValueSpecification\",\"valueRequired\":true,\"valueName\":\"search_term_string\"}}],\"inLanguage\":\"es\"}]}<\/script>\n<!-- \/ Yoast SEO plugin. -->","yoast_head_json":{"title":"Arom\u00e1tica Panela Caja x 25 Sobres Jaibel - Soloaseo Distribuciones SAS","description":"Toma el camino hacia la tradici\u00f3n y el sabor con nuestra Arom\u00e1tica Panela, ahora disponible en cajas de 25 sobres individuales. Esta infusi\u00f3n de Jaibel ofrece una experiencia sensorial \u00fanica, fusionando el sabor aut\u00e9ntico de la panela con la frescura de Jaibel.En Soloaseo, entendemos las necesidades de tu empresa. Por eso, ofrecemos productos de calidad que elevan la experiencia del t\u00e9 en el lugar de trabajo. Cada sobre est\u00e1 cuidadosamente elaborado con una mezcla equilibrada de ingredientes seleccionados para brindar un momento de relajaci\u00f3n y confort en medio de la jornada laboral.","robots":{"index":"index","follow":"follow","max-snippet":"max-snippet:-1","max-image-preview":"max-image-preview:large","max-video-preview":"max-video-preview:-1"},"canonical":"https:\/\/soloaseo.com\/web\/producto\/aromatica-panela-caja-x-25-sobres-jaibel\/","og_locale":"es_ES","og_type":"article","og_title":"Arom\u00e1tica Panela Caja x 25 Sobres Jaibel - Soloaseo Distribuciones SAS","og_description":"Toma el camino hacia la tradici\u00f3n y el sabor con nuestra Arom\u00e1tica Panela, ahora disponible en cajas de 25 sobres individuales. Esta infusi\u00f3n de Jaibel ofrece una experiencia sensorial \u00fanica, fusionando el sabor aut\u00e9ntico de la panela con la frescura de Jaibel.En Soloaseo, entendemos las necesidades de tu empresa. Por eso, ofrecemos productos de calidad que elevan la experiencia del t\u00e9 en el lugar de trabajo. Cada sobre est\u00e1 cuidadosamente elaborado con una mezcla equilibrada de ingredientes seleccionados para brindar un momento de relajaci\u00f3n y confort en medio de la jornada laboral.","og_url":"https:\/\/soloaseo.com\/web\/producto\/aromatica-panela-caja-x-25-sobres-jaibel\/","og_site_name":"Soloaseo Distribuciones SAS","article_publisher":"https:\/\/www.facebook.com\/Soloaseo\/","article_modified_time":"2024-04-27T20:13:27+00:00","og_image":[{"width":500,"height":375,"url":"https:\/\/soloaseo.com\/web\/wp-content\/uploads\/2024\/04\/A00039-AROMATICA-PANELA-SURT-SB-CJ-X-25-JAIBEL.png","type":"image\/png"}],"twitter_card":"summary_large_image","twitter_misc":{"Tiempo de lectura":"1 minuto"},"schema":{"@context":"https:\/\/schema.org","@graph":[{"@type":"WebPage","@id":"https:\/\/soloaseo.com\/web\/producto\/aromatica-panela-caja-x-25-sobres-jaibel\/","url":"https:\/\/soloaseo.com\/web\/producto\/aromatica-panela-caja-x-25-sobres-jaibel\/","name":"Arom\u00e1tica Panela Caja x 25 Sobres Jaibel - Soloaseo Distribuciones SAS","isPartOf":{"@id":"https:\/\/soloaseo.com\/web\/#website"},"primaryImageOfPage":{"@id":"https:\/\/soloaseo.com\/web\/producto\/aromatica-panela-caja-x-25-sobres-jaibel\/#primaryimage"},"image":{"@id":"https:\/\/soloaseo.com\/web\/producto\/aromatica-panela-caja-x-25-sobres-jaibel\/#primaryimage"},"thumbnailUrl":"https:\/\/soloaseo.com\/web\/wp-content\/uploads\/2024\/04\/A00039-AROMATICA-PANELA-SURT-SB-CJ-X-25-JAIBEL.png","datePublished":"2024-04-27T19:45:14+00:00","dateModified":"2024-04-27T20:13:27+00:00","description":"Toma el camino hacia la tradici\u00f3n y el sabor con nuestra Arom\u00e1tica Panela, ahora disponible en cajas de 25 sobres individuales. Esta infusi\u00f3n de Jaibel ofrece una experiencia sensorial \u00fanica, fusionando el sabor aut\u00e9ntico de la panela con la frescura de Jaibel.En Soloaseo, entendemos las necesidades de tu empresa. Por eso, ofrecemos productos de calidad que elevan la experiencia del t\u00e9 en el lugar de trabajo. Cada sobre est\u00e1 cuidadosamente elaborado con una mezcla equilibrada de ingredientes seleccionados para brindar un momento de relajaci\u00f3n y confort en medio de la jornada laboral.","breadcrumb":{"@id":"https:\/\/soloaseo.com\/web\/producto\/aromatica-panela-caja-x-25-sobres-jaibel\/#breadcrumb"},"inLanguage":"es","potentialAction":[{"@type":"ReadAction","target":["https:\/\/soloaseo.com\/web\/producto\/aromatica-panela-caja-x-25-sobres-jaibel\/"]}]},{"@type":"ImageObject","inLanguage":"es","@id":"https:\/\/soloaseo.com\/web\/producto\/aromatica-panela-caja-x-25-sobres-jaibel\/#primaryimage","url":"https:\/\/soloaseo.com\/web\/wp-content\/uploads\/2024\/04\/A00039-AROMATICA-PANELA-SURT-SB-CJ-X-25-JAIBEL.png","contentUrl":"https:\/\/soloaseo.com\/web\/wp-content\/uploads\/2024\/04\/A00039-AROMATICA-PANELA-SURT-SB-CJ-X-25-JAIBEL.png","width":500,"height":375},{"@type":"BreadcrumbList","@id":"https:\/\/soloaseo.com\/web\/producto\/aromatica-panela-caja-x-25-sobres-jaibel\/#breadcrumb","itemListElement":[{"@type":"ListItem","position":1,"name":"Home","item":"https:\/\/soloaseo.com\/web\/"},{"@type":"ListItem","position":2,"name":"Productos","item":"https:\/\/soloaseo.com\/web\/shop\/"},{"@type":"ListItem","position":3,"name":"Arom\u00e1tica Panela Caja x 25 Sobres Jaibel"}]},{"@type":"WebSite","@id":"https:\/\/soloaseo.com\/web\/#website","url":"https:\/\/soloaseo.com\/web\/","name":"Soloaseo Distribuciones SAS","description":"Empresa distribuidora de productos de limpieza y suministros de higiene para su negocio.","potentialAction":[{"@type":"SearchAction","target":{"@type":"EntryPoint","urlTemplate":"https:\/\/soloaseo.com\/web\/?s={search_term_string}"},"query-input":{"@type":"PropertyValueSpecification","valueRequired":true,"valueName":"search_term_string"}}],"inLanguage":"es"}]}},"jetpack_sharing_enabled":true,"_links":{"self":[{"href":"https:\/\/soloaseo.com\/web\/wp-json\/wp\/v2\/product\/2586"}],"collection":[{"href":"https:\/\/soloaseo.com\/web\/wp-json\/wp\/v2\/product"}],"about":[{"href":"https:\/\/soloaseo.com\/web\/wp-json\/wp\/v2\/types\/product"}],"replies":[{"embeddable":true,"href":"https:\/\/soloaseo.com\/web\/wp-json\/wp\/v2\/comments?post=2586"}],"wp:featuredmedia":[{"embeddable":true,"href":"https:\/\/soloaseo.com\/web\/wp-json\/wp\/v2\/media\/2587"}],"wp:attachment":[{"href":"https:\/\/soloaseo.com\/web\/wp-json\/wp\/v2\/media?parent=2586"}],"wp:term":[{"taxonomy":"product_brand","embeddable":true,"href":"https:\/\/soloaseo.com\/web\/wp-json\/wp\/v2\/product_brand?post=2586"},{"taxonomy":"product_cat","embeddable":true,"href":"https:\/\/soloaseo.com\/web\/wp-json\/wp\/v2\/product_cat?post=2586"},{"taxonomy":"product_tag","embeddable":true,"href":"https:\/\/soloaseo.com\/web\/wp-json\/wp\/v2\/product_tag?post=2586"}],"curies":[{"name":"wp","href":"https:\/\/api.w.org\/{rel}","templated":true}]}}