{"id":2620,"date":"2024-04-30T11:38:54","date_gmt":"2024-04-30T16:38:54","guid":{"rendered":"https:\/\/soloaseo.com\/web\/?post_type=product&#038;p=2620"},"modified":"2024-04-30T11:42:44","modified_gmt":"2024-04-30T16:42:44","slug":"termo-liso-basico-1-000-ml-imusa","status":"publish","type":"product","link":"https:\/\/soloaseo.com\/web\/producto\/termo-liso-basico-1-000-ml-imusa\/","title":{"rendered":"Termo Liso Basico 1.000 ml Imusa"},"content":{"rendered":"<p>Introduce la practicidad en tu d\u00eda a d\u00eda con nuestro Termo Liso B\u00e1sico de 1.000 ml, una creaci\u00f3n de Imusa dise\u00f1ada para acompa\u00f1arte en todas tus actividades. Este termo confiable y duradero es tu compa\u00f1ero ideal para mantener tus bebidas calientes o fr\u00edas durante horas, sin importar d\u00f3nde te encuentres.<\/p>\n<p>En Soloaseo, comprendemos la importancia de contar con productos que faciliten tu rutina diaria. Por eso, nuestro Termo Liso B\u00e1sico de Imusa ofrece un dise\u00f1o simple pero funcional, perfecto para cualquier ocasi\u00f3n, ya sea en la oficina, en el campo o en un viaje.<\/p>\n<p>Con una capacidad de 1.000 ml, este termo te ofrece la libertad de llevar contigo la cantidad adecuada de tu bebida favorita, mientras que su construcci\u00f3n resistente garantiza su durabilidad a lo largo del tiempo. Adem\u00e1s, su dise\u00f1o liso y elegante lo convierte en un accesorio vers\u00e1til que combina f\u00e1cilmente con cualquier estilo.<\/p>\n<p>&nbsp;<\/p>\n","protected":false},"excerpt":{"rendered":"<div class=\"col-xs-6\">\n<ul class=\"marker-list-arrow\">\n<li>Marca<\/li>\n<li>Codigo Siigo<\/li>\n<li>Referencia de Marca<\/li>\n<li>Capacidad<\/li>\n<\/ul>\n<\/div>\n<div class=\"col-xs-6\">\n<ul class=\"no-marker\">\n<li>Imusa<\/li>\n<li>A00368<\/li>\n<li>12480<\/li>\n<li>1.000 ml<\/li>\n<\/ul>\n<\/div>\n<p>&nbsp;<\/p>\n<p>&nbsp;<\/p>\n","protected":false},"featured_media":2621,"comment_status":"open","ping_status":"closed","template":"","meta":{"_editorskit_title_hidden":false,"_editorskit_reading_time":0,"_editorskit_is_block_options_detached":false,"_editorskit_block_options_position":"{}","_joinchat":{"telephone":"+573173710952","message_text":"\u00a1Aprovecha la conveniencia y la calidad de nuestro Termo Liso B\u00e1sico de 1.000 ml de Imusa! Ordena ahora y disfruta de tus bebidas siempre a la temperatura perfecta."}},"product_brand":[],"product_cat":[75,80],"product_tag":[],"class_list":{"0":"post-2620","1":"product","2":"type-product","3":"status-publish","4":"has-post-thumbnail","6":"product_cat-productos-para-cafeteria","7":"product_cat-suministros-cafeteria-corporativa","9":"first","10":"instock","11":"virtual","12":"product-type-simple"},"yoast_head":"<!-- This site is optimized with the Yoast SEO plugin v25.6 - https:\/\/yoast.com\/wordpress\/plugins\/seo\/ -->\n<title>Termo Liso Basico 1.000 ml Imusa - Soloaseo Distribuciones SAS<\/title>\n<meta name=\"description\" content=\"Introduce la practicidad en tu d\u00eda a d\u00eda con nuestro Termo Liso B\u00e1sico de 1.000 ml, una creaci\u00f3n de Imusa dise\u00f1ada para acompa\u00f1arte en todas tus actividades. Este termo confiable y duradero es tu compa\u00f1ero ideal para mantener tus bebidas calientes o fr\u00edas durante horas, sin importar d\u00f3nde te encuentres.En Soloaseo, comprendemos la importancia de contar con productos que faciliten tu rutina diaria. Por eso, nuestro Termo Liso B\u00e1sico de Imusa ofrece un dise\u00f1o simple pero funcional, perfecto para cualquier ocasi\u00f3n, ya sea en la oficina, en el campo o en un viaje.\" \/>\n<meta name=\"robots\" content=\"index, follow, max-snippet:-1, max-image-preview:large, max-video-preview:-1\" \/>\n<link rel=\"canonical\" href=\"https:\/\/soloaseo.com\/web\/producto\/termo-liso-basico-1-000-ml-imusa\/\" \/>\n<meta property=\"og:locale\" content=\"es_ES\" \/>\n<meta property=\"og:type\" content=\"article\" \/>\n<meta property=\"og:title\" content=\"Termo Liso Basico 1.000 ml Imusa - Soloaseo Distribuciones SAS\" \/>\n<meta property=\"og:description\" content=\"Introduce la practicidad en tu d\u00eda a d\u00eda con nuestro Termo Liso B\u00e1sico de 1.000 ml, una creaci\u00f3n de Imusa dise\u00f1ada para acompa\u00f1arte en todas tus actividades. Este termo confiable y duradero es tu compa\u00f1ero ideal para mantener tus bebidas calientes o fr\u00edas durante horas, sin importar d\u00f3nde te encuentres.En Soloaseo, comprendemos la importancia de contar con productos que faciliten tu rutina diaria. Por eso, nuestro Termo Liso B\u00e1sico de Imusa ofrece un dise\u00f1o simple pero funcional, perfecto para cualquier ocasi\u00f3n, ya sea en la oficina, en el campo o en un viaje.\" \/>\n<meta property=\"og:url\" content=\"https:\/\/soloaseo.com\/web\/producto\/termo-liso-basico-1-000-ml-imusa\/\" \/>\n<meta property=\"og:site_name\" content=\"Soloaseo Distribuciones SAS\" \/>\n<meta property=\"article:publisher\" content=\"https:\/\/www.facebook.com\/Soloaseo\/\" \/>\n<meta property=\"article:modified_time\" content=\"2024-04-30T16:42:44+00:00\" \/>\n<meta property=\"og:image\" content=\"https:\/\/soloaseo.com\/web\/wp-content\/uploads\/2024\/04\/A00368-TERMO-LISO-BASICO-REF.-12480-1000-ML-IMUSA-1.png\" \/>\n\t<meta property=\"og:image:width\" content=\"500\" \/>\n\t<meta property=\"og:image:height\" content=\"375\" \/>\n\t<meta property=\"og:image:type\" content=\"image\/png\" \/>\n<meta name=\"twitter:card\" content=\"summary_large_image\" \/>\n<meta name=\"twitter:label1\" content=\"Tiempo de lectura\" \/>\n\t<meta name=\"twitter:data1\" content=\"1 minuto\" \/>\n<script type=\"application\/ld+json\" class=\"yoast-schema-graph\">{\"@context\":\"https:\/\/schema.org\",\"@graph\":[{\"@type\":\"WebPage\",\"@id\":\"https:\/\/soloaseo.com\/web\/producto\/termo-liso-basico-1-000-ml-imusa\/\",\"url\":\"https:\/\/soloaseo.com\/web\/producto\/termo-liso-basico-1-000-ml-imusa\/\",\"name\":\"Termo Liso Basico 1.000 ml Imusa - Soloaseo Distribuciones SAS\",\"isPartOf\":{\"@id\":\"https:\/\/soloaseo.com\/web\/#website\"},\"primaryImageOfPage\":{\"@id\":\"https:\/\/soloaseo.com\/web\/producto\/termo-liso-basico-1-000-ml-imusa\/#primaryimage\"},\"image\":{\"@id\":\"https:\/\/soloaseo.com\/web\/producto\/termo-liso-basico-1-000-ml-imusa\/#primaryimage\"},\"thumbnailUrl\":\"https:\/\/soloaseo.com\/web\/wp-content\/uploads\/2024\/04\/A00368-TERMO-LISO-BASICO-REF.-12480-1000-ML-IMUSA-1.png\",\"datePublished\":\"2024-04-30T16:38:54+00:00\",\"dateModified\":\"2024-04-30T16:42:44+00:00\",\"description\":\"Introduce la practicidad en tu d\u00eda a d\u00eda con nuestro Termo Liso B\u00e1sico de 1.000 ml, una creaci\u00f3n de Imusa dise\u00f1ada para acompa\u00f1arte en todas tus actividades. Este termo confiable y duradero es tu compa\u00f1ero ideal para mantener tus bebidas calientes o fr\u00edas durante horas, sin importar d\u00f3nde te encuentres.En Soloaseo, comprendemos la importancia de contar con productos que faciliten tu rutina diaria. Por eso, nuestro Termo Liso B\u00e1sico de Imusa ofrece un dise\u00f1o simple pero funcional, perfecto para cualquier ocasi\u00f3n, ya sea en la oficina, en el campo o en un viaje.\",\"breadcrumb\":{\"@id\":\"https:\/\/soloaseo.com\/web\/producto\/termo-liso-basico-1-000-ml-imusa\/#breadcrumb\"},\"inLanguage\":\"es\",\"potentialAction\":[{\"@type\":\"ReadAction\",\"target\":[\"https:\/\/soloaseo.com\/web\/producto\/termo-liso-basico-1-000-ml-imusa\/\"]}]},{\"@type\":\"ImageObject\",\"inLanguage\":\"es\",\"@id\":\"https:\/\/soloaseo.com\/web\/producto\/termo-liso-basico-1-000-ml-imusa\/#primaryimage\",\"url\":\"https:\/\/soloaseo.com\/web\/wp-content\/uploads\/2024\/04\/A00368-TERMO-LISO-BASICO-REF.-12480-1000-ML-IMUSA-1.png\",\"contentUrl\":\"https:\/\/soloaseo.com\/web\/wp-content\/uploads\/2024\/04\/A00368-TERMO-LISO-BASICO-REF.-12480-1000-ML-IMUSA-1.png\",\"width\":500,\"height\":375},{\"@type\":\"BreadcrumbList\",\"@id\":\"https:\/\/soloaseo.com\/web\/producto\/termo-liso-basico-1-000-ml-imusa\/#breadcrumb\",\"itemListElement\":[{\"@type\":\"ListItem\",\"position\":1,\"name\":\"Home\",\"item\":\"https:\/\/soloaseo.com\/web\/\"},{\"@type\":\"ListItem\",\"position\":2,\"name\":\"Productos\",\"item\":\"https:\/\/soloaseo.com\/web\/shop\/\"},{\"@type\":\"ListItem\",\"position\":3,\"name\":\"Termo Liso Basico 1.000 ml Imusa\"}]},{\"@type\":\"WebSite\",\"@id\":\"https:\/\/soloaseo.com\/web\/#website\",\"url\":\"https:\/\/soloaseo.com\/web\/\",\"name\":\"Soloaseo Distribuciones SAS\",\"description\":\"Empresa distribuidora de productos de limpieza y suministros de higiene para su negocio.\",\"potentialAction\":[{\"@type\":\"SearchAction\",\"target\":{\"@type\":\"EntryPoint\",\"urlTemplate\":\"https:\/\/soloaseo.com\/web\/?s={search_term_string}\"},\"query-input\":{\"@type\":\"PropertyValueSpecification\",\"valueRequired\":true,\"valueName\":\"search_term_string\"}}],\"inLanguage\":\"es\"}]}<\/script>\n<!-- \/ Yoast SEO plugin. -->","yoast_head_json":{"title":"Termo Liso Basico 1.000 ml Imusa - Soloaseo Distribuciones SAS","description":"Introduce la practicidad en tu d\u00eda a d\u00eda con nuestro Termo Liso B\u00e1sico de 1.000 ml, una creaci\u00f3n de Imusa dise\u00f1ada para acompa\u00f1arte en todas tus actividades. Este termo confiable y duradero es tu compa\u00f1ero ideal para mantener tus bebidas calientes o fr\u00edas durante horas, sin importar d\u00f3nde te encuentres.En Soloaseo, comprendemos la importancia de contar con productos que faciliten tu rutina diaria. Por eso, nuestro Termo Liso B\u00e1sico de Imusa ofrece un dise\u00f1o simple pero funcional, perfecto para cualquier ocasi\u00f3n, ya sea en la oficina, en el campo o en un viaje.","robots":{"index":"index","follow":"follow","max-snippet":"max-snippet:-1","max-image-preview":"max-image-preview:large","max-video-preview":"max-video-preview:-1"},"canonical":"https:\/\/soloaseo.com\/web\/producto\/termo-liso-basico-1-000-ml-imusa\/","og_locale":"es_ES","og_type":"article","og_title":"Termo Liso Basico 1.000 ml Imusa - Soloaseo Distribuciones SAS","og_description":"Introduce la practicidad en tu d\u00eda a d\u00eda con nuestro Termo Liso B\u00e1sico de 1.000 ml, una creaci\u00f3n de Imusa dise\u00f1ada para acompa\u00f1arte en todas tus actividades. Este termo confiable y duradero es tu compa\u00f1ero ideal para mantener tus bebidas calientes o fr\u00edas durante horas, sin importar d\u00f3nde te encuentres.En Soloaseo, comprendemos la importancia de contar con productos que faciliten tu rutina diaria. Por eso, nuestro Termo Liso B\u00e1sico de Imusa ofrece un dise\u00f1o simple pero funcional, perfecto para cualquier ocasi\u00f3n, ya sea en la oficina, en el campo o en un viaje.","og_url":"https:\/\/soloaseo.com\/web\/producto\/termo-liso-basico-1-000-ml-imusa\/","og_site_name":"Soloaseo Distribuciones SAS","article_publisher":"https:\/\/www.facebook.com\/Soloaseo\/","article_modified_time":"2024-04-30T16:42:44+00:00","og_image":[{"width":500,"height":375,"url":"https:\/\/soloaseo.com\/web\/wp-content\/uploads\/2024\/04\/A00368-TERMO-LISO-BASICO-REF.-12480-1000-ML-IMUSA-1.png","type":"image\/png"}],"twitter_card":"summary_large_image","twitter_misc":{"Tiempo de lectura":"1 minuto"},"schema":{"@context":"https:\/\/schema.org","@graph":[{"@type":"WebPage","@id":"https:\/\/soloaseo.com\/web\/producto\/termo-liso-basico-1-000-ml-imusa\/","url":"https:\/\/soloaseo.com\/web\/producto\/termo-liso-basico-1-000-ml-imusa\/","name":"Termo Liso Basico 1.000 ml Imusa - Soloaseo Distribuciones SAS","isPartOf":{"@id":"https:\/\/soloaseo.com\/web\/#website"},"primaryImageOfPage":{"@id":"https:\/\/soloaseo.com\/web\/producto\/termo-liso-basico-1-000-ml-imusa\/#primaryimage"},"image":{"@id":"https:\/\/soloaseo.com\/web\/producto\/termo-liso-basico-1-000-ml-imusa\/#primaryimage"},"thumbnailUrl":"https:\/\/soloaseo.com\/web\/wp-content\/uploads\/2024\/04\/A00368-TERMO-LISO-BASICO-REF.-12480-1000-ML-IMUSA-1.png","datePublished":"2024-04-30T16:38:54+00:00","dateModified":"2024-04-30T16:42:44+00:00","description":"Introduce la practicidad en tu d\u00eda a d\u00eda con nuestro Termo Liso B\u00e1sico de 1.000 ml, una creaci\u00f3n de Imusa dise\u00f1ada para acompa\u00f1arte en todas tus actividades. Este termo confiable y duradero es tu compa\u00f1ero ideal para mantener tus bebidas calientes o fr\u00edas durante horas, sin importar d\u00f3nde te encuentres.En Soloaseo, comprendemos la importancia de contar con productos que faciliten tu rutina diaria. Por eso, nuestro Termo Liso B\u00e1sico de Imusa ofrece un dise\u00f1o simple pero funcional, perfecto para cualquier ocasi\u00f3n, ya sea en la oficina, en el campo o en un viaje.","breadcrumb":{"@id":"https:\/\/soloaseo.com\/web\/producto\/termo-liso-basico-1-000-ml-imusa\/#breadcrumb"},"inLanguage":"es","potentialAction":[{"@type":"ReadAction","target":["https:\/\/soloaseo.com\/web\/producto\/termo-liso-basico-1-000-ml-imusa\/"]}]},{"@type":"ImageObject","inLanguage":"es","@id":"https:\/\/soloaseo.com\/web\/producto\/termo-liso-basico-1-000-ml-imusa\/#primaryimage","url":"https:\/\/soloaseo.com\/web\/wp-content\/uploads\/2024\/04\/A00368-TERMO-LISO-BASICO-REF.-12480-1000-ML-IMUSA-1.png","contentUrl":"https:\/\/soloaseo.com\/web\/wp-content\/uploads\/2024\/04\/A00368-TERMO-LISO-BASICO-REF.-12480-1000-ML-IMUSA-1.png","width":500,"height":375},{"@type":"BreadcrumbList","@id":"https:\/\/soloaseo.com\/web\/producto\/termo-liso-basico-1-000-ml-imusa\/#breadcrumb","itemListElement":[{"@type":"ListItem","position":1,"name":"Home","item":"https:\/\/soloaseo.com\/web\/"},{"@type":"ListItem","position":2,"name":"Productos","item":"https:\/\/soloaseo.com\/web\/shop\/"},{"@type":"ListItem","position":3,"name":"Termo Liso Basico 1.000 ml Imusa"}]},{"@type":"WebSite","@id":"https:\/\/soloaseo.com\/web\/#website","url":"https:\/\/soloaseo.com\/web\/","name":"Soloaseo Distribuciones SAS","description":"Empresa distribuidora de productos de limpieza y suministros de higiene para su negocio.","potentialAction":[{"@type":"SearchAction","target":{"@type":"EntryPoint","urlTemplate":"https:\/\/soloaseo.com\/web\/?s={search_term_string}"},"query-input":{"@type":"PropertyValueSpecification","valueRequired":true,"valueName":"search_term_string"}}],"inLanguage":"es"}]}},"jetpack_sharing_enabled":true,"_links":{"self":[{"href":"https:\/\/soloaseo.com\/web\/wp-json\/wp\/v2\/product\/2620"}],"collection":[{"href":"https:\/\/soloaseo.com\/web\/wp-json\/wp\/v2\/product"}],"about":[{"href":"https:\/\/soloaseo.com\/web\/wp-json\/wp\/v2\/types\/product"}],"replies":[{"embeddable":true,"href":"https:\/\/soloaseo.com\/web\/wp-json\/wp\/v2\/comments?post=2620"}],"wp:featuredmedia":[{"embeddable":true,"href":"https:\/\/soloaseo.com\/web\/wp-json\/wp\/v2\/media\/2621"}],"wp:attachment":[{"href":"https:\/\/soloaseo.com\/web\/wp-json\/wp\/v2\/media?parent=2620"}],"wp:term":[{"taxonomy":"product_brand","embeddable":true,"href":"https:\/\/soloaseo.com\/web\/wp-json\/wp\/v2\/product_brand?post=2620"},{"taxonomy":"product_cat","embeddable":true,"href":"https:\/\/soloaseo.com\/web\/wp-json\/wp\/v2\/product_cat?post=2620"},{"taxonomy":"product_tag","embeddable":true,"href":"https:\/\/soloaseo.com\/web\/wp-json\/wp\/v2\/product_tag?post=2620"}],"curies":[{"name":"wp","href":"https:\/\/api.w.org\/{rel}","templated":true}]}}