{"id":2661,"date":"2024-04-30T14:42:05","date_gmt":"2024-04-30T19:42:05","guid":{"rendered":"https:\/\/soloaseo.com\/web\/?post_type=product&#038;p=2661"},"modified":"2024-04-30T14:46:38","modified_gmt":"2024-04-30T19:46:38","slug":"servilleta-doble-hoja-lujo-extra-33x33-cm-blanco-paquete-x200-elite","status":"publish","type":"product","link":"https:\/\/soloaseo.com\/web\/producto\/servilleta-doble-hoja-lujo-extra-33x33-cm-blanco-paquete-x200-elite\/","title":{"rendered":"Servilleta Doble Hoja Lujo Extra 33&#215;33 cm Blanco Paquete x200 Elite"},"content":{"rendered":"<p><strong>\u00a1Super Promoci\u00f3n!<\/strong><\/p>\n<p>\u00a1No te pierdas nuestra promoci\u00f3n especial hasta agotar existencias en Servilletas Doble Hoja Lujo Extra! Disfruta de la elegancia y la calidad en cada servicio con nuestro paquete de 200 unidades por Elite. Estas servilletas, con un tama\u00f1o de 33&#215;33 cm y en un hermoso color blanco, son la opci\u00f3n perfecta para elevar la presentaci\u00f3n en tu negocio.<\/p>\n<p>En Soloaseo, nos enorgullece ofrecer productos que satisfagan las demandas de nuestros clientes m\u00e1s exigentes. Por eso, nuestras Servilletas Doble Hoja Lujo Extra est\u00e1n dise\u00f1adas para proporcionar una experiencia de servicio de alta gama, garantizando la satisfacci\u00f3n de tus clientes en cada visita.<\/p>\n<p>Con su doble hoja y su acabado de lujo, estas servilletas ofrecen una sensaci\u00f3n de calidad y sofisticaci\u00f3n que impresionar\u00e1 a tus comensales. Adem\u00e1s, su tama\u00f1o generoso las hace perfectas para acompa\u00f1ar cualquier comida y garantizar una experiencia c\u00f3moda y placentera.<\/p>\n<p>&nbsp;<\/p>\n","protected":false},"excerpt":{"rendered":"<div class=\"col-xs-6\">\n<ul class=\"marker-list-arrow\">\n<li>Marca<\/li>\n<li>Codigo Siigo<\/li>\n<li>Referencia de Marca<\/li>\n<li>Tama\u00f1o<\/li>\n<li>Presentaci\u00f3n<\/li>\n<\/ul>\n<\/div>\n<div class=\"col-xs-6\">\n<ul class=\"no-marker\">\n<li>Elite<\/li>\n<li>A00763<\/li>\n<li>622001<\/li>\n<li>33&#215;33 cm<\/li>\n<li>Paquete x 200 Unidades<\/li>\n<\/ul>\n<\/div>\n<p>&nbsp;<\/p>\n<p>&nbsp;<\/p>\n","protected":false},"featured_media":2662,"comment_status":"open","ping_status":"closed","template":"","meta":{"_editorskit_title_hidden":false,"_editorskit_reading_time":0,"_editorskit_is_block_options_detached":false,"_editorskit_block_options_position":"{}","_joinchat":{"telephone":"+573173710952","message_text":"\u00a1Aprovecha esta promoci\u00f3n exclusiva y eleva el nivel de servicio en tu establecimiento con nuestras Servilletas Doble Hoja Lujo Extra! Ordena ahora y asegura una presentaci\u00f3n impecable en cada mesa."}},"product_brand":[],"product_cat":[75,80],"product_tag":[],"class_list":{"0":"post-2661","1":"product","2":"type-product","3":"status-publish","4":"has-post-thumbnail","6":"product_cat-productos-para-cafeteria","7":"product_cat-suministros-cafeteria-corporativa","9":"first","10":"instock","11":"virtual","12":"product-type-simple"},"yoast_head":"<!-- This site is optimized with the Yoast SEO plugin v25.6 - https:\/\/yoast.com\/wordpress\/plugins\/seo\/ -->\n<title>Servilleta Doble Hoja Lujo Extra 33x33 cm Blanco Paquete x200 Elite - Soloaseo Distribuciones SAS<\/title>\n<meta name=\"description\" content=\"\u00a1No te pierdas nuestra promoci\u00f3n especial hasta agotar existencias en Servilletas Doble Hoja Lujo Extra! Disfruta de la elegancia y la calidad en cada servicio con nuestro paquete de 200 unidades por Elite. Estas servilletas, con un tama\u00f1o de 33x33 cm y en un hermoso color blanco, son la opci\u00f3n perfecta para elevar la presentaci\u00f3n en tu negocio.\" \/>\n<meta name=\"robots\" content=\"index, follow, max-snippet:-1, max-image-preview:large, max-video-preview:-1\" \/>\n<link rel=\"canonical\" href=\"https:\/\/soloaseo.com\/web\/producto\/servilleta-doble-hoja-lujo-extra-33x33-cm-blanco-paquete-x200-elite\/\" \/>\n<meta property=\"og:locale\" content=\"es_ES\" \/>\n<meta property=\"og:type\" content=\"article\" \/>\n<meta property=\"og:title\" content=\"Servilleta Doble Hoja Lujo Extra 33x33 cm Blanco Paquete x200 Elite - Soloaseo Distribuciones SAS\" \/>\n<meta property=\"og:description\" content=\"\u00a1No te pierdas nuestra promoci\u00f3n especial hasta agotar existencias en Servilletas Doble Hoja Lujo Extra! Disfruta de la elegancia y la calidad en cada servicio con nuestro paquete de 200 unidades por Elite. Estas servilletas, con un tama\u00f1o de 33x33 cm y en un hermoso color blanco, son la opci\u00f3n perfecta para elevar la presentaci\u00f3n en tu negocio.\" \/>\n<meta property=\"og:url\" content=\"https:\/\/soloaseo.com\/web\/producto\/servilleta-doble-hoja-lujo-extra-33x33-cm-blanco-paquete-x200-elite\/\" \/>\n<meta property=\"og:site_name\" content=\"Soloaseo Distribuciones SAS\" \/>\n<meta property=\"article:publisher\" content=\"https:\/\/www.facebook.com\/Soloaseo\/\" \/>\n<meta property=\"article:modified_time\" content=\"2024-04-30T19:46:38+00:00\" \/>\n<meta property=\"og:image\" content=\"https:\/\/soloaseo.com\/web\/wp-content\/uploads\/2024\/04\/A00763-PROMO-SERVILLETA-DH-LUJO-EXTRA-33-X-33-CM-BLANCO-REF.-622001-PQ-X-200-ELITE.png\" \/>\n\t<meta property=\"og:image:width\" content=\"500\" \/>\n\t<meta property=\"og:image:height\" content=\"375\" \/>\n\t<meta property=\"og:image:type\" content=\"image\/png\" \/>\n<meta name=\"twitter:card\" content=\"summary_large_image\" \/>\n<meta name=\"twitter:label1\" content=\"Tiempo de lectura\" \/>\n\t<meta name=\"twitter:data1\" content=\"1 minuto\" \/>\n<script type=\"application\/ld+json\" class=\"yoast-schema-graph\">{\"@context\":\"https:\/\/schema.org\",\"@graph\":[{\"@type\":\"WebPage\",\"@id\":\"https:\/\/soloaseo.com\/web\/producto\/servilleta-doble-hoja-lujo-extra-33x33-cm-blanco-paquete-x200-elite\/\",\"url\":\"https:\/\/soloaseo.com\/web\/producto\/servilleta-doble-hoja-lujo-extra-33x33-cm-blanco-paquete-x200-elite\/\",\"name\":\"Servilleta Doble Hoja Lujo Extra 33x33 cm Blanco Paquete x200 Elite - Soloaseo Distribuciones SAS\",\"isPartOf\":{\"@id\":\"https:\/\/soloaseo.com\/web\/#website\"},\"primaryImageOfPage\":{\"@id\":\"https:\/\/soloaseo.com\/web\/producto\/servilleta-doble-hoja-lujo-extra-33x33-cm-blanco-paquete-x200-elite\/#primaryimage\"},\"image\":{\"@id\":\"https:\/\/soloaseo.com\/web\/producto\/servilleta-doble-hoja-lujo-extra-33x33-cm-blanco-paquete-x200-elite\/#primaryimage\"},\"thumbnailUrl\":\"https:\/\/soloaseo.com\/web\/wp-content\/uploads\/2024\/04\/A00763-PROMO-SERVILLETA-DH-LUJO-EXTRA-33-X-33-CM-BLANCO-REF.-622001-PQ-X-200-ELITE.png\",\"datePublished\":\"2024-04-30T19:42:05+00:00\",\"dateModified\":\"2024-04-30T19:46:38+00:00\",\"description\":\"\u00a1No te pierdas nuestra promoci\u00f3n especial hasta agotar existencias en Servilletas Doble Hoja Lujo Extra! Disfruta de la elegancia y la calidad en cada servicio con nuestro paquete de 200 unidades por Elite. Estas servilletas, con un tama\u00f1o de 33x33 cm y en un hermoso color blanco, son la opci\u00f3n perfecta para elevar la presentaci\u00f3n en tu negocio.\",\"breadcrumb\":{\"@id\":\"https:\/\/soloaseo.com\/web\/producto\/servilleta-doble-hoja-lujo-extra-33x33-cm-blanco-paquete-x200-elite\/#breadcrumb\"},\"inLanguage\":\"es\",\"potentialAction\":[{\"@type\":\"ReadAction\",\"target\":[\"https:\/\/soloaseo.com\/web\/producto\/servilleta-doble-hoja-lujo-extra-33x33-cm-blanco-paquete-x200-elite\/\"]}]},{\"@type\":\"ImageObject\",\"inLanguage\":\"es\",\"@id\":\"https:\/\/soloaseo.com\/web\/producto\/servilleta-doble-hoja-lujo-extra-33x33-cm-blanco-paquete-x200-elite\/#primaryimage\",\"url\":\"https:\/\/soloaseo.com\/web\/wp-content\/uploads\/2024\/04\/A00763-PROMO-SERVILLETA-DH-LUJO-EXTRA-33-X-33-CM-BLANCO-REF.-622001-PQ-X-200-ELITE.png\",\"contentUrl\":\"https:\/\/soloaseo.com\/web\/wp-content\/uploads\/2024\/04\/A00763-PROMO-SERVILLETA-DH-LUJO-EXTRA-33-X-33-CM-BLANCO-REF.-622001-PQ-X-200-ELITE.png\",\"width\":500,\"height\":375},{\"@type\":\"BreadcrumbList\",\"@id\":\"https:\/\/soloaseo.com\/web\/producto\/servilleta-doble-hoja-lujo-extra-33x33-cm-blanco-paquete-x200-elite\/#breadcrumb\",\"itemListElement\":[{\"@type\":\"ListItem\",\"position\":1,\"name\":\"Home\",\"item\":\"https:\/\/soloaseo.com\/web\/\"},{\"@type\":\"ListItem\",\"position\":2,\"name\":\"Productos\",\"item\":\"https:\/\/soloaseo.com\/web\/shop\/\"},{\"@type\":\"ListItem\",\"position\":3,\"name\":\"Servilleta Doble Hoja Lujo Extra 33&#215;33 cm Blanco Paquete x200 Elite\"}]},{\"@type\":\"WebSite\",\"@id\":\"https:\/\/soloaseo.com\/web\/#website\",\"url\":\"https:\/\/soloaseo.com\/web\/\",\"name\":\"Soloaseo Distribuciones SAS\",\"description\":\"Empresa distribuidora de productos de limpieza y suministros de higiene para su negocio.\",\"potentialAction\":[{\"@type\":\"SearchAction\",\"target\":{\"@type\":\"EntryPoint\",\"urlTemplate\":\"https:\/\/soloaseo.com\/web\/?s={search_term_string}\"},\"query-input\":{\"@type\":\"PropertyValueSpecification\",\"valueRequired\":true,\"valueName\":\"search_term_string\"}}],\"inLanguage\":\"es\"}]}<\/script>\n<!-- \/ Yoast SEO plugin. -->","yoast_head_json":{"title":"Servilleta Doble Hoja Lujo Extra 33x33 cm Blanco Paquete x200 Elite - Soloaseo Distribuciones SAS","description":"\u00a1No te pierdas nuestra promoci\u00f3n especial hasta agotar existencias en Servilletas Doble Hoja Lujo Extra! Disfruta de la elegancia y la calidad en cada servicio con nuestro paquete de 200 unidades por Elite. Estas servilletas, con un tama\u00f1o de 33x33 cm y en un hermoso color blanco, son la opci\u00f3n perfecta para elevar la presentaci\u00f3n en tu negocio.","robots":{"index":"index","follow":"follow","max-snippet":"max-snippet:-1","max-image-preview":"max-image-preview:large","max-video-preview":"max-video-preview:-1"},"canonical":"https:\/\/soloaseo.com\/web\/producto\/servilleta-doble-hoja-lujo-extra-33x33-cm-blanco-paquete-x200-elite\/","og_locale":"es_ES","og_type":"article","og_title":"Servilleta Doble Hoja Lujo Extra 33x33 cm Blanco Paquete x200 Elite - Soloaseo Distribuciones SAS","og_description":"\u00a1No te pierdas nuestra promoci\u00f3n especial hasta agotar existencias en Servilletas Doble Hoja Lujo Extra! Disfruta de la elegancia y la calidad en cada servicio con nuestro paquete de 200 unidades por Elite. Estas servilletas, con un tama\u00f1o de 33x33 cm y en un hermoso color blanco, son la opci\u00f3n perfecta para elevar la presentaci\u00f3n en tu negocio.","og_url":"https:\/\/soloaseo.com\/web\/producto\/servilleta-doble-hoja-lujo-extra-33x33-cm-blanco-paquete-x200-elite\/","og_site_name":"Soloaseo Distribuciones SAS","article_publisher":"https:\/\/www.facebook.com\/Soloaseo\/","article_modified_time":"2024-04-30T19:46:38+00:00","og_image":[{"width":500,"height":375,"url":"https:\/\/soloaseo.com\/web\/wp-content\/uploads\/2024\/04\/A00763-PROMO-SERVILLETA-DH-LUJO-EXTRA-33-X-33-CM-BLANCO-REF.-622001-PQ-X-200-ELITE.png","type":"image\/png"}],"twitter_card":"summary_large_image","twitter_misc":{"Tiempo de lectura":"1 minuto"},"schema":{"@context":"https:\/\/schema.org","@graph":[{"@type":"WebPage","@id":"https:\/\/soloaseo.com\/web\/producto\/servilleta-doble-hoja-lujo-extra-33x33-cm-blanco-paquete-x200-elite\/","url":"https:\/\/soloaseo.com\/web\/producto\/servilleta-doble-hoja-lujo-extra-33x33-cm-blanco-paquete-x200-elite\/","name":"Servilleta Doble Hoja Lujo Extra 33x33 cm Blanco Paquete x200 Elite - Soloaseo Distribuciones SAS","isPartOf":{"@id":"https:\/\/soloaseo.com\/web\/#website"},"primaryImageOfPage":{"@id":"https:\/\/soloaseo.com\/web\/producto\/servilleta-doble-hoja-lujo-extra-33x33-cm-blanco-paquete-x200-elite\/#primaryimage"},"image":{"@id":"https:\/\/soloaseo.com\/web\/producto\/servilleta-doble-hoja-lujo-extra-33x33-cm-blanco-paquete-x200-elite\/#primaryimage"},"thumbnailUrl":"https:\/\/soloaseo.com\/web\/wp-content\/uploads\/2024\/04\/A00763-PROMO-SERVILLETA-DH-LUJO-EXTRA-33-X-33-CM-BLANCO-REF.-622001-PQ-X-200-ELITE.png","datePublished":"2024-04-30T19:42:05+00:00","dateModified":"2024-04-30T19:46:38+00:00","description":"\u00a1No te pierdas nuestra promoci\u00f3n especial hasta agotar existencias en Servilletas Doble Hoja Lujo Extra! Disfruta de la elegancia y la calidad en cada servicio con nuestro paquete de 200 unidades por Elite. Estas servilletas, con un tama\u00f1o de 33x33 cm y en un hermoso color blanco, son la opci\u00f3n perfecta para elevar la presentaci\u00f3n en tu negocio.","breadcrumb":{"@id":"https:\/\/soloaseo.com\/web\/producto\/servilleta-doble-hoja-lujo-extra-33x33-cm-blanco-paquete-x200-elite\/#breadcrumb"},"inLanguage":"es","potentialAction":[{"@type":"ReadAction","target":["https:\/\/soloaseo.com\/web\/producto\/servilleta-doble-hoja-lujo-extra-33x33-cm-blanco-paquete-x200-elite\/"]}]},{"@type":"ImageObject","inLanguage":"es","@id":"https:\/\/soloaseo.com\/web\/producto\/servilleta-doble-hoja-lujo-extra-33x33-cm-blanco-paquete-x200-elite\/#primaryimage","url":"https:\/\/soloaseo.com\/web\/wp-content\/uploads\/2024\/04\/A00763-PROMO-SERVILLETA-DH-LUJO-EXTRA-33-X-33-CM-BLANCO-REF.-622001-PQ-X-200-ELITE.png","contentUrl":"https:\/\/soloaseo.com\/web\/wp-content\/uploads\/2024\/04\/A00763-PROMO-SERVILLETA-DH-LUJO-EXTRA-33-X-33-CM-BLANCO-REF.-622001-PQ-X-200-ELITE.png","width":500,"height":375},{"@type":"BreadcrumbList","@id":"https:\/\/soloaseo.com\/web\/producto\/servilleta-doble-hoja-lujo-extra-33x33-cm-blanco-paquete-x200-elite\/#breadcrumb","itemListElement":[{"@type":"ListItem","position":1,"name":"Home","item":"https:\/\/soloaseo.com\/web\/"},{"@type":"ListItem","position":2,"name":"Productos","item":"https:\/\/soloaseo.com\/web\/shop\/"},{"@type":"ListItem","position":3,"name":"Servilleta Doble Hoja Lujo Extra 33&#215;33 cm Blanco Paquete x200 Elite"}]},{"@type":"WebSite","@id":"https:\/\/soloaseo.com\/web\/#website","url":"https:\/\/soloaseo.com\/web\/","name":"Soloaseo Distribuciones SAS","description":"Empresa distribuidora de productos de limpieza y suministros de higiene para su negocio.","potentialAction":[{"@type":"SearchAction","target":{"@type":"EntryPoint","urlTemplate":"https:\/\/soloaseo.com\/web\/?s={search_term_string}"},"query-input":{"@type":"PropertyValueSpecification","valueRequired":true,"valueName":"search_term_string"}}],"inLanguage":"es"}]}},"jetpack_sharing_enabled":true,"_links":{"self":[{"href":"https:\/\/soloaseo.com\/web\/wp-json\/wp\/v2\/product\/2661"}],"collection":[{"href":"https:\/\/soloaseo.com\/web\/wp-json\/wp\/v2\/product"}],"about":[{"href":"https:\/\/soloaseo.com\/web\/wp-json\/wp\/v2\/types\/product"}],"replies":[{"embeddable":true,"href":"https:\/\/soloaseo.com\/web\/wp-json\/wp\/v2\/comments?post=2661"}],"wp:featuredmedia":[{"embeddable":true,"href":"https:\/\/soloaseo.com\/web\/wp-json\/wp\/v2\/media\/2662"}],"wp:attachment":[{"href":"https:\/\/soloaseo.com\/web\/wp-json\/wp\/v2\/media?parent=2661"}],"wp:term":[{"taxonomy":"product_brand","embeddable":true,"href":"https:\/\/soloaseo.com\/web\/wp-json\/wp\/v2\/product_brand?post=2661"},{"taxonomy":"product_cat","embeddable":true,"href":"https:\/\/soloaseo.com\/web\/wp-json\/wp\/v2\/product_cat?post=2661"},{"taxonomy":"product_tag","embeddable":true,"href":"https:\/\/soloaseo.com\/web\/wp-json\/wp\/v2\/product_tag?post=2661"}],"curies":[{"name":"wp","href":"https:\/\/api.w.org\/{rel}","templated":true}]}}