{"id":2663,"date":"2024-04-30T14:46:53","date_gmt":"2024-04-30T19:46:53","guid":{"rendered":"https:\/\/soloaseo.com\/web\/?post_type=product&#038;p=2663"},"modified":"2024-04-30T14:56:07","modified_gmt":"2024-04-30T19:56:07","slug":"servilleta-hoja-sensilla-lujo-33x33-cm-blanca-paquete-x100-elite","status":"publish","type":"product","link":"https:\/\/soloaseo.com\/web\/producto\/servilleta-hoja-sensilla-lujo-33x33-cm-blanca-paquete-x100-elite\/","title":{"rendered":"Servilleta Hoja Sensilla Lujo 33&#215;33 cm Blanca Paquete x100 Elite"},"content":{"rendered":"<p>Mejora la presentaci\u00f3n y la experiencia de tus clientes con nuestras Servilletas Hoja Sensilla Lujo, en un tama\u00f1o de 33&#215;33 cm y en color blanco. Este pr\u00e1ctico paquete de 100 unidades por Elite ofrece una soluci\u00f3n elegante y de alta calidad para tus necesidades de servicio en restaurantes, cafeter\u00edas y eventos.<\/p>\n<p>En Soloaseo, entendemos la importancia de contar con productos que no solo sean funcionales, sino tambi\u00e9n est\u00e9n dise\u00f1ados para impresionar. Por eso, nuestras Servilletas Hoja Sensilla Lujo son ideales para mejorar la experiencia de tus clientes y ofrecer un servicio de alta gama.<\/p>\n<p>Con un dise\u00f1o elegante y una presentaci\u00f3n impecable, estas servilletas a\u00f1aden un toque de sofisticaci\u00f3n a cualquier entorno. Adem\u00e1s, su tama\u00f1o generoso y su suavidad las hacen perfectas para acompa\u00f1ar cualquier comida y garantizar una experiencia c\u00f3moda y placentera para tus clientes.<\/p>\n<p>&nbsp;<\/p>\n","protected":false},"excerpt":{"rendered":"<div class=\"col-xs-6\">\n<ul class=\"marker-list-arrow\">\n<li>Marca<\/li>\n<li>Codigo Siigo<\/li>\n<li>Referencia de Marca<\/li>\n<li>Tama\u00f1o<\/li>\n<li>Presentaci\u00f3n<\/li>\n<\/ul>\n<\/div>\n<div class=\"col-xs-6\">\n<ul class=\"no-marker\">\n<li>Elite<\/li>\n<li>A00764<\/li>\n<li>622024<\/li>\n<li>33&#215;33 cm<\/li>\n<li>Paquete x 100 Unidades<\/li>\n<\/ul>\n<\/div>\n<p>&nbsp;<\/p>\n<p>&nbsp;<\/p>\n","protected":false},"featured_media":2664,"comment_status":"open","ping_status":"closed","template":"","meta":{"_editorskit_title_hidden":false,"_editorskit_reading_time":0,"_editorskit_is_block_options_detached":false,"_editorskit_block_options_position":"{}","_joinchat":{"telephone":"+573173710952","message_text":"\u00a1Aprovecha la calidad y la elegancia de nuestras Servilletas Hoja Sensilla Lujo! Ordena ahora y eleva el nivel de servicio en tu establecimiento."}},"product_brand":[],"product_cat":[75,80],"product_tag":[],"class_list":{"0":"post-2663","1":"product","2":"type-product","3":"status-publish","4":"has-post-thumbnail","6":"product_cat-productos-para-cafeteria","7":"product_cat-suministros-cafeteria-corporativa","9":"first","10":"instock","11":"virtual","12":"product-type-simple"},"yoast_head":"<!-- This site is optimized with the Yoast SEO plugin v25.6 - https:\/\/yoast.com\/wordpress\/plugins\/seo\/ -->\n<title>Servilleta Hoja Sensilla Lujo 33x33 cm Blanca Paquete x100 Elite - Soloaseo Distribuciones SAS<\/title>\n<meta name=\"description\" content=\"Mejora la presentaci\u00f3n y la experiencia de tus clientes con nuestras Servilletas Hoja Sensilla Lujo, en un tama\u00f1o de 33x33 cm y en color blanco. Este pr\u00e1ctico paquete de 100 unidades por Elite ofrece una soluci\u00f3n elegante y de alta calidad para tus necesidades de servicio en restaurantes, cafeter\u00edas y eventos.En Soloaseo, entendemos la importancia de contar con productos que no solo sean funcionales, sino tambi\u00e9n est\u00e9n dise\u00f1ados para impresionar. Por eso, nuestras Servilletas Hoja Sensilla Lujo son ideales para mejorar la experiencia de tus clientes y ofrecer un servicio de alta gama.\" \/>\n<meta name=\"robots\" content=\"index, follow, max-snippet:-1, max-image-preview:large, max-video-preview:-1\" \/>\n<link rel=\"canonical\" href=\"https:\/\/soloaseo.com\/web\/producto\/servilleta-hoja-sensilla-lujo-33x33-cm-blanca-paquete-x100-elite\/\" \/>\n<meta property=\"og:locale\" content=\"es_ES\" \/>\n<meta property=\"og:type\" content=\"article\" \/>\n<meta property=\"og:title\" content=\"Servilleta Hoja Sensilla Lujo 33x33 cm Blanca Paquete x100 Elite - Soloaseo Distribuciones SAS\" \/>\n<meta property=\"og:description\" content=\"Mejora la presentaci\u00f3n y la experiencia de tus clientes con nuestras Servilletas Hoja Sensilla Lujo, en un tama\u00f1o de 33x33 cm y en color blanco. Este pr\u00e1ctico paquete de 100 unidades por Elite ofrece una soluci\u00f3n elegante y de alta calidad para tus necesidades de servicio en restaurantes, cafeter\u00edas y eventos.En Soloaseo, entendemos la importancia de contar con productos que no solo sean funcionales, sino tambi\u00e9n est\u00e9n dise\u00f1ados para impresionar. Por eso, nuestras Servilletas Hoja Sensilla Lujo son ideales para mejorar la experiencia de tus clientes y ofrecer un servicio de alta gama.\" \/>\n<meta property=\"og:url\" content=\"https:\/\/soloaseo.com\/web\/producto\/servilleta-hoja-sensilla-lujo-33x33-cm-blanca-paquete-x100-elite\/\" \/>\n<meta property=\"og:site_name\" content=\"Soloaseo Distribuciones SAS\" \/>\n<meta property=\"article:publisher\" content=\"https:\/\/www.facebook.com\/Soloaseo\/\" \/>\n<meta property=\"article:modified_time\" content=\"2024-04-30T19:56:07+00:00\" \/>\n<meta property=\"og:image\" content=\"https:\/\/soloaseo.com\/web\/wp-content\/uploads\/2024\/04\/A00764-SERVILLETA-HS-LUJO-DOBLADA-33-X-33-CM-BLANCA-REF.-622024-PQ-X-100-ELITE.png\" \/>\n\t<meta property=\"og:image:width\" content=\"500\" \/>\n\t<meta property=\"og:image:height\" content=\"375\" \/>\n\t<meta property=\"og:image:type\" content=\"image\/png\" \/>\n<meta name=\"twitter:card\" content=\"summary_large_image\" \/>\n<meta name=\"twitter:label1\" content=\"Tiempo de lectura\" \/>\n\t<meta name=\"twitter:data1\" content=\"1 minuto\" \/>\n<script type=\"application\/ld+json\" class=\"yoast-schema-graph\">{\"@context\":\"https:\/\/schema.org\",\"@graph\":[{\"@type\":\"WebPage\",\"@id\":\"https:\/\/soloaseo.com\/web\/producto\/servilleta-hoja-sensilla-lujo-33x33-cm-blanca-paquete-x100-elite\/\",\"url\":\"https:\/\/soloaseo.com\/web\/producto\/servilleta-hoja-sensilla-lujo-33x33-cm-blanca-paquete-x100-elite\/\",\"name\":\"Servilleta Hoja Sensilla Lujo 33x33 cm Blanca Paquete x100 Elite - Soloaseo Distribuciones SAS\",\"isPartOf\":{\"@id\":\"https:\/\/soloaseo.com\/web\/#website\"},\"primaryImageOfPage\":{\"@id\":\"https:\/\/soloaseo.com\/web\/producto\/servilleta-hoja-sensilla-lujo-33x33-cm-blanca-paquete-x100-elite\/#primaryimage\"},\"image\":{\"@id\":\"https:\/\/soloaseo.com\/web\/producto\/servilleta-hoja-sensilla-lujo-33x33-cm-blanca-paquete-x100-elite\/#primaryimage\"},\"thumbnailUrl\":\"https:\/\/soloaseo.com\/web\/wp-content\/uploads\/2024\/04\/A00764-SERVILLETA-HS-LUJO-DOBLADA-33-X-33-CM-BLANCA-REF.-622024-PQ-X-100-ELITE.png\",\"datePublished\":\"2024-04-30T19:46:53+00:00\",\"dateModified\":\"2024-04-30T19:56:07+00:00\",\"description\":\"Mejora la presentaci\u00f3n y la experiencia de tus clientes con nuestras Servilletas Hoja Sensilla Lujo, en un tama\u00f1o de 33x33 cm y en color blanco. Este pr\u00e1ctico paquete de 100 unidades por Elite ofrece una soluci\u00f3n elegante y de alta calidad para tus necesidades de servicio en restaurantes, cafeter\u00edas y eventos.En Soloaseo, entendemos la importancia de contar con productos que no solo sean funcionales, sino tambi\u00e9n est\u00e9n dise\u00f1ados para impresionar. Por eso, nuestras Servilletas Hoja Sensilla Lujo son ideales para mejorar la experiencia de tus clientes y ofrecer un servicio de alta gama.\",\"breadcrumb\":{\"@id\":\"https:\/\/soloaseo.com\/web\/producto\/servilleta-hoja-sensilla-lujo-33x33-cm-blanca-paquete-x100-elite\/#breadcrumb\"},\"inLanguage\":\"es\",\"potentialAction\":[{\"@type\":\"ReadAction\",\"target\":[\"https:\/\/soloaseo.com\/web\/producto\/servilleta-hoja-sensilla-lujo-33x33-cm-blanca-paquete-x100-elite\/\"]}]},{\"@type\":\"ImageObject\",\"inLanguage\":\"es\",\"@id\":\"https:\/\/soloaseo.com\/web\/producto\/servilleta-hoja-sensilla-lujo-33x33-cm-blanca-paquete-x100-elite\/#primaryimage\",\"url\":\"https:\/\/soloaseo.com\/web\/wp-content\/uploads\/2024\/04\/A00764-SERVILLETA-HS-LUJO-DOBLADA-33-X-33-CM-BLANCA-REF.-622024-PQ-X-100-ELITE.png\",\"contentUrl\":\"https:\/\/soloaseo.com\/web\/wp-content\/uploads\/2024\/04\/A00764-SERVILLETA-HS-LUJO-DOBLADA-33-X-33-CM-BLANCA-REF.-622024-PQ-X-100-ELITE.png\",\"width\":500,\"height\":375},{\"@type\":\"BreadcrumbList\",\"@id\":\"https:\/\/soloaseo.com\/web\/producto\/servilleta-hoja-sensilla-lujo-33x33-cm-blanca-paquete-x100-elite\/#breadcrumb\",\"itemListElement\":[{\"@type\":\"ListItem\",\"position\":1,\"name\":\"Home\",\"item\":\"https:\/\/soloaseo.com\/web\/\"},{\"@type\":\"ListItem\",\"position\":2,\"name\":\"Productos\",\"item\":\"https:\/\/soloaseo.com\/web\/shop\/\"},{\"@type\":\"ListItem\",\"position\":3,\"name\":\"Servilleta Hoja Sensilla Lujo 33&#215;33 cm Blanca Paquete x100 Elite\"}]},{\"@type\":\"WebSite\",\"@id\":\"https:\/\/soloaseo.com\/web\/#website\",\"url\":\"https:\/\/soloaseo.com\/web\/\",\"name\":\"Soloaseo Distribuciones SAS\",\"description\":\"Empresa distribuidora de productos de limpieza y suministros de higiene para su negocio.\",\"potentialAction\":[{\"@type\":\"SearchAction\",\"target\":{\"@type\":\"EntryPoint\",\"urlTemplate\":\"https:\/\/soloaseo.com\/web\/?s={search_term_string}\"},\"query-input\":{\"@type\":\"PropertyValueSpecification\",\"valueRequired\":true,\"valueName\":\"search_term_string\"}}],\"inLanguage\":\"es\"}]}<\/script>\n<!-- \/ Yoast SEO plugin. -->","yoast_head_json":{"title":"Servilleta Hoja Sensilla Lujo 33x33 cm Blanca Paquete x100 Elite - Soloaseo Distribuciones SAS","description":"Mejora la presentaci\u00f3n y la experiencia de tus clientes con nuestras Servilletas Hoja Sensilla Lujo, en un tama\u00f1o de 33x33 cm y en color blanco. Este pr\u00e1ctico paquete de 100 unidades por Elite ofrece una soluci\u00f3n elegante y de alta calidad para tus necesidades de servicio en restaurantes, cafeter\u00edas y eventos.En Soloaseo, entendemos la importancia de contar con productos que no solo sean funcionales, sino tambi\u00e9n est\u00e9n dise\u00f1ados para impresionar. Por eso, nuestras Servilletas Hoja Sensilla Lujo son ideales para mejorar la experiencia de tus clientes y ofrecer un servicio de alta gama.","robots":{"index":"index","follow":"follow","max-snippet":"max-snippet:-1","max-image-preview":"max-image-preview:large","max-video-preview":"max-video-preview:-1"},"canonical":"https:\/\/soloaseo.com\/web\/producto\/servilleta-hoja-sensilla-lujo-33x33-cm-blanca-paquete-x100-elite\/","og_locale":"es_ES","og_type":"article","og_title":"Servilleta Hoja Sensilla Lujo 33x33 cm Blanca Paquete x100 Elite - Soloaseo Distribuciones SAS","og_description":"Mejora la presentaci\u00f3n y la experiencia de tus clientes con nuestras Servilletas Hoja Sensilla Lujo, en un tama\u00f1o de 33x33 cm y en color blanco. Este pr\u00e1ctico paquete de 100 unidades por Elite ofrece una soluci\u00f3n elegante y de alta calidad para tus necesidades de servicio en restaurantes, cafeter\u00edas y eventos.En Soloaseo, entendemos la importancia de contar con productos que no solo sean funcionales, sino tambi\u00e9n est\u00e9n dise\u00f1ados para impresionar. Por eso, nuestras Servilletas Hoja Sensilla Lujo son ideales para mejorar la experiencia de tus clientes y ofrecer un servicio de alta gama.","og_url":"https:\/\/soloaseo.com\/web\/producto\/servilleta-hoja-sensilla-lujo-33x33-cm-blanca-paquete-x100-elite\/","og_site_name":"Soloaseo Distribuciones SAS","article_publisher":"https:\/\/www.facebook.com\/Soloaseo\/","article_modified_time":"2024-04-30T19:56:07+00:00","og_image":[{"width":500,"height":375,"url":"https:\/\/soloaseo.com\/web\/wp-content\/uploads\/2024\/04\/A00764-SERVILLETA-HS-LUJO-DOBLADA-33-X-33-CM-BLANCA-REF.-622024-PQ-X-100-ELITE.png","type":"image\/png"}],"twitter_card":"summary_large_image","twitter_misc":{"Tiempo de lectura":"1 minuto"},"schema":{"@context":"https:\/\/schema.org","@graph":[{"@type":"WebPage","@id":"https:\/\/soloaseo.com\/web\/producto\/servilleta-hoja-sensilla-lujo-33x33-cm-blanca-paquete-x100-elite\/","url":"https:\/\/soloaseo.com\/web\/producto\/servilleta-hoja-sensilla-lujo-33x33-cm-blanca-paquete-x100-elite\/","name":"Servilleta Hoja Sensilla Lujo 33x33 cm Blanca Paquete x100 Elite - Soloaseo Distribuciones SAS","isPartOf":{"@id":"https:\/\/soloaseo.com\/web\/#website"},"primaryImageOfPage":{"@id":"https:\/\/soloaseo.com\/web\/producto\/servilleta-hoja-sensilla-lujo-33x33-cm-blanca-paquete-x100-elite\/#primaryimage"},"image":{"@id":"https:\/\/soloaseo.com\/web\/producto\/servilleta-hoja-sensilla-lujo-33x33-cm-blanca-paquete-x100-elite\/#primaryimage"},"thumbnailUrl":"https:\/\/soloaseo.com\/web\/wp-content\/uploads\/2024\/04\/A00764-SERVILLETA-HS-LUJO-DOBLADA-33-X-33-CM-BLANCA-REF.-622024-PQ-X-100-ELITE.png","datePublished":"2024-04-30T19:46:53+00:00","dateModified":"2024-04-30T19:56:07+00:00","description":"Mejora la presentaci\u00f3n y la experiencia de tus clientes con nuestras Servilletas Hoja Sensilla Lujo, en un tama\u00f1o de 33x33 cm y en color blanco. Este pr\u00e1ctico paquete de 100 unidades por Elite ofrece una soluci\u00f3n elegante y de alta calidad para tus necesidades de servicio en restaurantes, cafeter\u00edas y eventos.En Soloaseo, entendemos la importancia de contar con productos que no solo sean funcionales, sino tambi\u00e9n est\u00e9n dise\u00f1ados para impresionar. Por eso, nuestras Servilletas Hoja Sensilla Lujo son ideales para mejorar la experiencia de tus clientes y ofrecer un servicio de alta gama.","breadcrumb":{"@id":"https:\/\/soloaseo.com\/web\/producto\/servilleta-hoja-sensilla-lujo-33x33-cm-blanca-paquete-x100-elite\/#breadcrumb"},"inLanguage":"es","potentialAction":[{"@type":"ReadAction","target":["https:\/\/soloaseo.com\/web\/producto\/servilleta-hoja-sensilla-lujo-33x33-cm-blanca-paquete-x100-elite\/"]}]},{"@type":"ImageObject","inLanguage":"es","@id":"https:\/\/soloaseo.com\/web\/producto\/servilleta-hoja-sensilla-lujo-33x33-cm-blanca-paquete-x100-elite\/#primaryimage","url":"https:\/\/soloaseo.com\/web\/wp-content\/uploads\/2024\/04\/A00764-SERVILLETA-HS-LUJO-DOBLADA-33-X-33-CM-BLANCA-REF.-622024-PQ-X-100-ELITE.png","contentUrl":"https:\/\/soloaseo.com\/web\/wp-content\/uploads\/2024\/04\/A00764-SERVILLETA-HS-LUJO-DOBLADA-33-X-33-CM-BLANCA-REF.-622024-PQ-X-100-ELITE.png","width":500,"height":375},{"@type":"BreadcrumbList","@id":"https:\/\/soloaseo.com\/web\/producto\/servilleta-hoja-sensilla-lujo-33x33-cm-blanca-paquete-x100-elite\/#breadcrumb","itemListElement":[{"@type":"ListItem","position":1,"name":"Home","item":"https:\/\/soloaseo.com\/web\/"},{"@type":"ListItem","position":2,"name":"Productos","item":"https:\/\/soloaseo.com\/web\/shop\/"},{"@type":"ListItem","position":3,"name":"Servilleta Hoja Sensilla Lujo 33&#215;33 cm Blanca Paquete x100 Elite"}]},{"@type":"WebSite","@id":"https:\/\/soloaseo.com\/web\/#website","url":"https:\/\/soloaseo.com\/web\/","name":"Soloaseo Distribuciones SAS","description":"Empresa distribuidora de productos de limpieza y suministros de higiene para su negocio.","potentialAction":[{"@type":"SearchAction","target":{"@type":"EntryPoint","urlTemplate":"https:\/\/soloaseo.com\/web\/?s={search_term_string}"},"query-input":{"@type":"PropertyValueSpecification","valueRequired":true,"valueName":"search_term_string"}}],"inLanguage":"es"}]}},"jetpack_sharing_enabled":true,"_links":{"self":[{"href":"https:\/\/soloaseo.com\/web\/wp-json\/wp\/v2\/product\/2663"}],"collection":[{"href":"https:\/\/soloaseo.com\/web\/wp-json\/wp\/v2\/product"}],"about":[{"href":"https:\/\/soloaseo.com\/web\/wp-json\/wp\/v2\/types\/product"}],"replies":[{"embeddable":true,"href":"https:\/\/soloaseo.com\/web\/wp-json\/wp\/v2\/comments?post=2663"}],"wp:featuredmedia":[{"embeddable":true,"href":"https:\/\/soloaseo.com\/web\/wp-json\/wp\/v2\/media\/2664"}],"wp:attachment":[{"href":"https:\/\/soloaseo.com\/web\/wp-json\/wp\/v2\/media?parent=2663"}],"wp:term":[{"taxonomy":"product_brand","embeddable":true,"href":"https:\/\/soloaseo.com\/web\/wp-json\/wp\/v2\/product_brand?post=2663"},{"taxonomy":"product_cat","embeddable":true,"href":"https:\/\/soloaseo.com\/web\/wp-json\/wp\/v2\/product_cat?post=2663"},{"taxonomy":"product_tag","embeddable":true,"href":"https:\/\/soloaseo.com\/web\/wp-json\/wp\/v2\/product_tag?post=2663"}],"curies":[{"name":"wp","href":"https:\/\/api.w.org\/{rel}","templated":true}]}}