{"id":3199,"date":"2026-01-30T09:46:13","date_gmt":"2026-01-30T14:46:13","guid":{"rendered":"https:\/\/soloaseo.com\/web\/?post_type=product&#038;p=3199"},"modified":"2026-03-12T16:04:53","modified_gmt":"2026-03-12T21:04:53","slug":"detergente-liquido-lavanderia-gl-4-l-pqp","status":"publish","type":"product","link":"https:\/\/soloaseo.com\/web\/producto\/detergente-liquido-lavanderia-gl-4-l-pqp\/","title":{"rendered":"DETERGENTE LIQUIDO LAVANDERIA GL 4 L PQP"},"content":{"rendered":"<p>El Detergente L\u00edquido Lavander\u00eda GL 4 L PQP est\u00e1 formulado para ofrecer una limpieza eficaz en todo tipo de prendas, ayudando a remover suciedad y manchas comunes sin maltratar los tejidos. Su presentaci\u00f3n l\u00edquida facilita la dosificaci\u00f3n y una mejor disoluci\u00f3n durante el lavado. No tiene aroma y es adecuado para todo tipo de tejidos: blancos y de color.<\/p>\n<p>La presentaci\u00f3n de 4 litros es pr\u00e1ctica y rendidora, ideal para uso dom\u00e9stico intensivo, lavander\u00edas comerciales e institucionales. Puede utilizarse en lavadoras autom\u00e1ticas o lavado manual, dejando la ropa limpia y fresca.<\/p>\n<p>PQP ofrece un detergente l\u00edquido confiable y de calidad, dise\u00f1ado para optimizar los procesos de lavado y el cuidado de la ropa.<\/p>\n","protected":false},"excerpt":{"rendered":"<p>Detergente l\u00edquido para lavander\u00eda en presentaci\u00f3n GL de 4 litros, ideal para una limpieza profunda y cuidado de las prendas.<\/p>\n","protected":false},"featured_media":3514,"template":"","meta":[],"product_brand":[],"product_cat":[54,64,55],"product_tag":[181],"class_list":{"0":"post-3199","1":"product","2":"type-product","3":"status-publish","4":"has-post-thumbnail","6":"product_cat-aseo","7":"product_cat-lavanderia","8":"product_cat-productos-de-limpieza","9":"product_tag-aseo","11":"first","12":"instock","13":"shipping-taxable","14":"purchasable","15":"product-type-simple"},"_links":{"self":[{"href":"https:\/\/soloaseo.com\/web\/wp-json\/wp\/v2\/product\/3199","targetHints":{"allow":["GET"]}}],"collection":[{"href":"https:\/\/soloaseo.com\/web\/wp-json\/wp\/v2\/product"}],"about":[{"href":"https:\/\/soloaseo.com\/web\/wp-json\/wp\/v2\/types\/product"}],"wp:featuredmedia":[{"embeddable":true,"href":"https:\/\/soloaseo.com\/web\/wp-json\/wp\/v2\/media\/3514"}],"wp:attachment":[{"href":"https:\/\/soloaseo.com\/web\/wp-json\/wp\/v2\/media?parent=3199"}],"wp:term":[{"taxonomy":"product_brand","embeddable":true,"href":"https:\/\/soloaseo.com\/web\/wp-json\/wp\/v2\/product_brand?post=3199"},{"taxonomy":"product_cat","embeddable":true,"href":"https:\/\/soloaseo.com\/web\/wp-json\/wp\/v2\/product_cat?post=3199"},{"taxonomy":"product_tag","embeddable":true,"href":"https:\/\/soloaseo.com\/web\/wp-json\/wp\/v2\/product_tag?post=3199"}],"curies":[{"name":"wp","href":"https:\/\/api.w.org\/{rel}","templated":true}]}}