{"id":3225,"date":"2026-01-30T09:46:15","date_gmt":"2026-01-30T14:46:15","guid":{"rendered":"https:\/\/soloaseo.com\/web\/?post_type=product&#038;p=3225"},"modified":"2026-03-12T15:07:57","modified_gmt":"2026-03-12T20:07:57","slug":"crema-para-cuero-bt-200-ml-ref-142951-fullfresh-fuller","status":"publish","type":"product","link":"https:\/\/soloaseo.com\/web\/producto\/crema-para-cuero-bt-200-ml-ref-142951-fullfresh-fuller\/","title":{"rendered":"CREMA PARA CUERO BT 200 ML REF. 142951 FULLFRESH FULLER"},"content":{"rendered":"<p>La Crema para Cuero BT 200 ml Ref. 142951 FULLFRESH FULLER est\u00e1 formulada para el cuidado y mantenimiento de art\u00edculos y superficies de cuero, ayudando a limpiar, nutrir y proteger el material, manteni\u00e9ndolo suave y con una apariencia renovada.<\/p>\n<p>Su presentaci\u00f3n de 200 ml es pr\u00e1ctica y f\u00e1cil de usar, ideal para calzado, muebles, tapicer\u00eda, bolsos y otros art\u00edculos de cuero. Ayuda a prevenir el resecamiento y el desgaste, prolongando la vida \u00fatil del cuero y realzando su apariencia natural.<\/p>\n<p>FULLFRESH FULLER ofrece una crema para cuero confiable y de calidad, dise\u00f1ada para brindar protecci\u00f3n y cuidado efectivo en el mantenimiento diario de superficies de cuero.<\/p>\n","protected":false},"excerpt":{"rendered":"<p>Crema para cuero BT de 200 ml, ideal para limpiar, nutrir y proteger superficies de cuero.<\/p>\n","protected":false},"featured_media":3498,"template":"","meta":[],"product_brand":[],"product_cat":[54,65,55,16],"product_tag":[181],"class_list":{"0":"post-3225","1":"product","2":"type-product","3":"status-publish","4":"has-post-thumbnail","6":"product_cat-aseo","7":"product_cat-limpiadores-productos-de-limpieza","8":"product_cat-productos-de-limpieza","9":"product_cat-sin-categorizar","10":"product_tag-aseo","12":"first","13":"instock","14":"shipping-taxable","15":"purchasable","16":"product-type-simple"},"_links":{"self":[{"href":"https:\/\/soloaseo.com\/web\/wp-json\/wp\/v2\/product\/3225","targetHints":{"allow":["GET"]}}],"collection":[{"href":"https:\/\/soloaseo.com\/web\/wp-json\/wp\/v2\/product"}],"about":[{"href":"https:\/\/soloaseo.com\/web\/wp-json\/wp\/v2\/types\/product"}],"wp:featuredmedia":[{"embeddable":true,"href":"https:\/\/soloaseo.com\/web\/wp-json\/wp\/v2\/media\/3498"}],"wp:attachment":[{"href":"https:\/\/soloaseo.com\/web\/wp-json\/wp\/v2\/media?parent=3225"}],"wp:term":[{"taxonomy":"product_brand","embeddable":true,"href":"https:\/\/soloaseo.com\/web\/wp-json\/wp\/v2\/product_brand?post=3225"},{"taxonomy":"product_cat","embeddable":true,"href":"https:\/\/soloaseo.com\/web\/wp-json\/wp\/v2\/product_cat?post=3225"},{"taxonomy":"product_tag","embeddable":true,"href":"https:\/\/soloaseo.com\/web\/wp-json\/wp\/v2\/product_tag?post=3225"}],"curies":[{"name":"wp","href":"https:\/\/api.w.org\/{rel}","templated":true}]}}