{"id":3233,"date":"2026-01-30T09:46:16","date_gmt":"2026-01-30T14:46:16","guid":{"rendered":"https:\/\/soloaseo.com\/web\/?post_type=product&#038;p=3233"},"modified":"2026-03-12T15:24:10","modified_gmt":"2026-03-12T20:24:10","slug":"lustramuebles-en-aerosol-limon-bt-378-ml-pledge","status":"publish","type":"product","link":"https:\/\/soloaseo.com\/web\/producto\/lustramuebles-en-aerosol-limon-bt-378-ml-pledge\/","title":{"rendered":"LUSTRAMUEBLES EN AEROSOL LIMON BT 378 ML PLEDGE"},"content":{"rendered":"<p>El Lustramuebles en Aerosol Lim\u00f3n BT 378 ml PLEDGE est\u00e1 formulado para limpiar y realzar la apariencia de muebles y superficies, ayudando a eliminar polvo, huellas y marcas mientras aporta brillo y protecci\u00f3n.<\/p>\n<p>Su presentaci\u00f3n en aerosol de 378 ml permite una aplicaci\u00f3n pr\u00e1ctica y uniforme, ideal para el mantenimiento diario de muebles de madera y superficies tratadas. El fresco aroma a lim\u00f3n deja una agradable sensaci\u00f3n de limpieza en el ambiente.<\/p>\n<p>PLEDGE ofrece un lustramuebles confiable y reconocido, dise\u00f1ado para cuidar y prolongar la vida \u00fatil de los muebles, manteni\u00e9ndolos con un acabado limpio y brillante.<\/p>\n","protected":false},"excerpt":{"rendered":"<p>Lustramuebles en aerosol aroma lim\u00f3n de 378 ml, ideal para limpiar, proteger y dar brillo a muebles.<\/p>\n","protected":false},"featured_media":3564,"template":"","meta":[],"product_brand":[],"product_cat":[54,65,55,16],"product_tag":[181],"class_list":{"0":"post-3233","1":"product","2":"type-product","3":"status-publish","4":"has-post-thumbnail","6":"product_cat-aseo","7":"product_cat-limpiadores-productos-de-limpieza","8":"product_cat-productos-de-limpieza","9":"product_cat-sin-categorizar","10":"product_tag-aseo","12":"first","13":"instock","14":"shipping-taxable","15":"purchasable","16":"product-type-simple"},"_links":{"self":[{"href":"https:\/\/soloaseo.com\/web\/wp-json\/wp\/v2\/product\/3233","targetHints":{"allow":["GET"]}}],"collection":[{"href":"https:\/\/soloaseo.com\/web\/wp-json\/wp\/v2\/product"}],"about":[{"href":"https:\/\/soloaseo.com\/web\/wp-json\/wp\/v2\/types\/product"}],"wp:featuredmedia":[{"embeddable":true,"href":"https:\/\/soloaseo.com\/web\/wp-json\/wp\/v2\/media\/3564"}],"wp:attachment":[{"href":"https:\/\/soloaseo.com\/web\/wp-json\/wp\/v2\/media?parent=3233"}],"wp:term":[{"taxonomy":"product_brand","embeddable":true,"href":"https:\/\/soloaseo.com\/web\/wp-json\/wp\/v2\/product_brand?post=3233"},{"taxonomy":"product_cat","embeddable":true,"href":"https:\/\/soloaseo.com\/web\/wp-json\/wp\/v2\/product_cat?post=3233"},{"taxonomy":"product_tag","embeddable":true,"href":"https:\/\/soloaseo.com\/web\/wp-json\/wp\/v2\/product_tag?post=3233"}],"curies":[{"name":"wp","href":"https:\/\/api.w.org\/{rel}","templated":true}]}}