{"id":3234,"date":"2026-01-30T09:46:16","date_gmt":"2026-01-30T14:46:16","guid":{"rendered":"https:\/\/soloaseo.com\/web\/?post_type=product&#038;p=3234"},"modified":"2026-03-12T14:22:36","modified_gmt":"2026-03-12T19:22:36","slug":"cristalizador-gl-rosado-multiclean","status":"publish","type":"product","link":"https:\/\/soloaseo.com\/web\/producto\/cristalizador-gl-rosado-multiclean\/","title":{"rendered":"CRISTALIZADOR GL ROSADO MULTICLEAN"},"content":{"rendered":"<p>El Cristalizador GL Rosado MULTICLEAN est\u00e1 formulado para realzar el brillo y proporcionar un acabado cristalizado en pisos, mejorando notablemente su apariencia y protecci\u00f3n. Ayuda a crear una pel\u00edcula resistente que realza el color y facilita el mantenimiento de las superficies.<\/p>\n<p>Su presentaci\u00f3n en gal\u00f3n (GL) ofrece buen rendimiento, siendo ideal para uso dom\u00e9stico, comercial e institucional. Es recomendado para el tratamiento y mantenimiento de pisos como granito, m\u00e1rmol, terrazo y otras superficies duras, especialmente en \u00e1reas de tr\u00e1nsito frecuente.<\/p>\n<p>MULTICLEAN ofrece un cristalizador confiable y de calidad, dise\u00f1ado para lograr pisos m\u00e1s brillantes, protegidos y con un acabado profesional.<\/p>\n","protected":false},"excerpt":{"rendered":"<p>Cristalizador rosado en presentaci\u00f3n GL, ideal para dar brillo, protecci\u00f3n y acabado cristalizado a pisos.<\/p>\n","protected":false},"featured_media":3502,"template":"","meta":[],"product_brand":[],"product_cat":[54,55,61,16],"product_tag":[181],"class_list":{"0":"post-3234","1":"product","2":"type-product","3":"status-publish","4":"has-post-thumbnail","6":"product_cat-aseo","7":"product_cat-productos-de-limpieza","8":"product_cat-productos-para-pisos","9":"product_cat-sin-categorizar","10":"product_tag-aseo","12":"first","13":"instock","14":"shipping-taxable","15":"purchasable","16":"product-type-simple"},"_links":{"self":[{"href":"https:\/\/soloaseo.com\/web\/wp-json\/wp\/v2\/product\/3234","targetHints":{"allow":["GET"]}}],"collection":[{"href":"https:\/\/soloaseo.com\/web\/wp-json\/wp\/v2\/product"}],"about":[{"href":"https:\/\/soloaseo.com\/web\/wp-json\/wp\/v2\/types\/product"}],"wp:featuredmedia":[{"embeddable":true,"href":"https:\/\/soloaseo.com\/web\/wp-json\/wp\/v2\/media\/3502"}],"wp:attachment":[{"href":"https:\/\/soloaseo.com\/web\/wp-json\/wp\/v2\/media?parent=3234"}],"wp:term":[{"taxonomy":"product_brand","embeddable":true,"href":"https:\/\/soloaseo.com\/web\/wp-json\/wp\/v2\/product_brand?post=3234"},{"taxonomy":"product_cat","embeddable":true,"href":"https:\/\/soloaseo.com\/web\/wp-json\/wp\/v2\/product_cat?post=3234"},{"taxonomy":"product_tag","embeddable":true,"href":"https:\/\/soloaseo.com\/web\/wp-json\/wp\/v2\/product_tag?post=3234"}],"curies":[{"name":"wp","href":"https:\/\/api.w.org\/{rel}","templated":true}]}}