{"id":3238,"date":"2026-01-30T09:46:16","date_gmt":"2026-01-30T14:46:16","guid":{"rendered":"https:\/\/soloaseo.com\/web\/?post_type=product&#038;p=3238"},"modified":"2026-03-12T14:38:31","modified_gmt":"2026-03-12T19:38:31","slug":"insecticida-mata-cucarachas-y-hormigas-bt-400-ml-rayol","status":"publish","type":"product","link":"https:\/\/soloaseo.com\/web\/producto\/insecticida-mata-cucarachas-y-hormigas-bt-400-ml-rayol\/","title":{"rendered":"INSECTICIDA MATA CUCARACHAS Y HORMIGAS BT 400 ML RAYOL"},"content":{"rendered":"<p>El Insecticida Mata Cucarachas y Hormigas BT 400 ml RAYOL est\u00e1 formulado para el control eficaz de insectos rastreros, ayudando a eliminar cucarachas y hormigas de manera r\u00e1pida cuando se aplica seg\u00fan las indicaciones.<\/p>\n<p>Su presentaci\u00f3n en aerosol de 400 ml permite una aplicaci\u00f3n pr\u00e1ctica y dirigida en grietas, rincones y zonas de paso de los insectos. Es ideal para uso dom\u00e9stico y contribuye a mantener espacios m\u00e1s limpios y libres de plagas.<\/p>\n<p>RAYOL ofrece un insecticida confiable y de alto desempe\u00f1o, dise\u00f1ado para brindar una soluci\u00f3n efectiva en el control de insectos rastreros en el hogar.<\/p>\n","protected":false},"excerpt":{"rendered":"<p>Insecticida en aerosol de 400 ml, ideal para eliminar cucarachas y hormigas de forma r\u00e1pida y efectiva.<\/p>\n","protected":false},"featured_media":3518,"template":"","meta":[],"product_brand":[],"product_cat":[54,182,16],"product_tag":[181],"class_list":{"0":"post-3238","1":"product","2":"type-product","3":"status-publish","4":"has-post-thumbnail","6":"product_cat-aseo","7":"product_cat-insecticidas","8":"product_cat-sin-categorizar","9":"product_tag-aseo","11":"first","12":"instock","13":"shipping-taxable","14":"purchasable","15":"product-type-simple"},"_links":{"self":[{"href":"https:\/\/soloaseo.com\/web\/wp-json\/wp\/v2\/product\/3238","targetHints":{"allow":["GET"]}}],"collection":[{"href":"https:\/\/soloaseo.com\/web\/wp-json\/wp\/v2\/product"}],"about":[{"href":"https:\/\/soloaseo.com\/web\/wp-json\/wp\/v2\/types\/product"}],"wp:featuredmedia":[{"embeddable":true,"href":"https:\/\/soloaseo.com\/web\/wp-json\/wp\/v2\/media\/3518"}],"wp:attachment":[{"href":"https:\/\/soloaseo.com\/web\/wp-json\/wp\/v2\/media?parent=3238"}],"wp:term":[{"taxonomy":"product_brand","embeddable":true,"href":"https:\/\/soloaseo.com\/web\/wp-json\/wp\/v2\/product_brand?post=3238"},{"taxonomy":"product_cat","embeddable":true,"href":"https:\/\/soloaseo.com\/web\/wp-json\/wp\/v2\/product_cat?post=3238"},{"taxonomy":"product_tag","embeddable":true,"href":"https:\/\/soloaseo.com\/web\/wp-json\/wp\/v2\/product_tag?post=3238"}],"curies":[{"name":"wp","href":"https:\/\/api.w.org\/{rel}","templated":true}]}}