{"id":3241,"date":"2026-01-30T09:46:16","date_gmt":"2026-01-30T14:46:16","guid":{"rendered":"https:\/\/soloaseo.com\/web\/?post_type=product&#038;p=3241"},"modified":"2026-03-12T14:42:37","modified_gmt":"2026-03-12T19:42:37","slug":"jabon-liquido-para-manos-antibacterial-frutos-verdes-1-lt-sibyla-fuller","status":"publish","type":"product","link":"https:\/\/soloaseo.com\/web\/producto\/jabon-liquido-para-manos-antibacterial-frutos-verdes-1-lt-sibyla-fuller\/","title":{"rendered":"JABON LIQUIDO PARA MANOS ANTIBACTERIAL FRUTOS VERDES 1 LT SIBYLA FULLER"},"content":{"rendered":"<p>El Jab\u00f3n L\u00edquido para Manos Antibacterial Frutos Verdes 1 Lt SIBYLA FULLER est\u00e1 formulado para limpiar eficazmente las manos, ayudando a eliminar bacterias mientras deja una agradable y refrescante fragancia a frutos verdes.<\/p>\n<p>Su presentaci\u00f3n de 1 litro es pr\u00e1ctica y rendidora, ideal para el hogar, oficinas, comercios e instituciones. Su f\u00f3rmula permite un uso frecuente sin resecar la piel, promoviendo una correcta higiene de manos con una sensaci\u00f3n de frescura y limpieza.<\/p>\n<p>SIBYLA FULLER ofrece un jab\u00f3n l\u00edquido antibacterial confiable y de calidad, dise\u00f1ado para combinar protecci\u00f3n, limpieza y una experiencia arom\u00e1tica agradable en el lavado diario de manos.<\/p>\n","protected":false},"excerpt":{"rendered":"<p>Jab\u00f3n l\u00edquido antibacterial para manos con aroma a frutos verdes en presentaci\u00f3n de 1 litro, ideal para higiene diaria.<\/p>\n","protected":false},"featured_media":3530,"template":"","meta":[],"product_brand":[],"product_cat":[54,164,16],"product_tag":[181],"class_list":{"0":"post-3241","1":"product","2":"type-product","3":"status-publish","4":"has-post-thumbnail","6":"product_cat-aseo","7":"product_cat-cuidado-personal-aseo","8":"product_cat-sin-categorizar","9":"product_tag-aseo","11":"first","12":"instock","13":"shipping-taxable","14":"purchasable","15":"product-type-simple"},"_links":{"self":[{"href":"https:\/\/soloaseo.com\/web\/wp-json\/wp\/v2\/product\/3241","targetHints":{"allow":["GET"]}}],"collection":[{"href":"https:\/\/soloaseo.com\/web\/wp-json\/wp\/v2\/product"}],"about":[{"href":"https:\/\/soloaseo.com\/web\/wp-json\/wp\/v2\/types\/product"}],"wp:featuredmedia":[{"embeddable":true,"href":"https:\/\/soloaseo.com\/web\/wp-json\/wp\/v2\/media\/3530"}],"wp:attachment":[{"href":"https:\/\/soloaseo.com\/web\/wp-json\/wp\/v2\/media?parent=3241"}],"wp:term":[{"taxonomy":"product_brand","embeddable":true,"href":"https:\/\/soloaseo.com\/web\/wp-json\/wp\/v2\/product_brand?post=3241"},{"taxonomy":"product_cat","embeddable":true,"href":"https:\/\/soloaseo.com\/web\/wp-json\/wp\/v2\/product_cat?post=3241"},{"taxonomy":"product_tag","embeddable":true,"href":"https:\/\/soloaseo.com\/web\/wp-json\/wp\/v2\/product_tag?post=3241"}],"curies":[{"name":"wp","href":"https:\/\/api.w.org\/{rel}","templated":true}]}}