{"id":3254,"date":"2026-01-30T09:46:17","date_gmt":"2026-01-30T14:46:17","guid":{"rendered":"https:\/\/soloaseo.com\/web\/?post_type=product&#038;p=3254"},"modified":"2026-03-12T11:17:54","modified_gmt":"2026-03-12T16:17:54","slug":"ambientador-chicle-gl-3-8-l-soloaseo","status":"publish","type":"product","link":"https:\/\/soloaseo.com\/web\/producto\/ambientador-chicle-gl-3-8-l-soloaseo\/","title":{"rendered":"AMBIENTADOR CHICLE GL 3.8 L SOLOASEO"},"content":{"rendered":"<p>El Ambientador Chicle GL 3.8 L Soloaseo es un producto dise\u00f1ado para aromatizar y refrescar ambientes, dejando una fragancia dulce y agradable a chicle que mejora la sensaci\u00f3n de limpieza y bienestar.<\/p>\n<p>Su formato de 3.8 litros (1 gal\u00f3n) lo convierte en una opci\u00f3n pr\u00e1ctica y econ\u00f3mica para uso frecuente en hogares, oficinas, comercios, ba\u00f1os, instituciones y \u00e1reas de alto tr\u00e1nsito. Ayuda a neutralizar malos olores y a mantener los espacios con un aroma constante y duradero.<\/p>\n<p>Soloaseo garantiza un ambientador de excelente rendimiento, ideal para quienes buscan calidad, frescura y una experiencia arom\u00e1tica agradable en sus espacios.<\/p>\n","protected":false},"excerpt":{"rendered":"<p>Ambientador aroma chicle en presentaci\u00f3n GL de 3.8 litros, ideal para perfumar y neutralizar olores en diferentes espacios.<\/p>\n","protected":false},"featured_media":4043,"template":"","meta":[],"product_brand":[],"product_cat":[51,48],"product_tag":[155],"class_list":{"0":"post-3254","1":"product","2":"type-product","3":"status-publish","4":"has-post-thumbnail","6":"product_cat-ambientadores","7":"product_cat-soloaseo","8":"product_tag-soloaseo","10":"first","11":"instock","12":"shipping-taxable","13":"purchasable","14":"product-type-simple"},"_links":{"self":[{"href":"https:\/\/soloaseo.com\/web\/wp-json\/wp\/v2\/product\/3254","targetHints":{"allow":["GET"]}}],"collection":[{"href":"https:\/\/soloaseo.com\/web\/wp-json\/wp\/v2\/product"}],"about":[{"href":"https:\/\/soloaseo.com\/web\/wp-json\/wp\/v2\/types\/product"}],"wp:featuredmedia":[{"embeddable":true,"href":"https:\/\/soloaseo.com\/web\/wp-json\/wp\/v2\/media\/4043"}],"wp:attachment":[{"href":"https:\/\/soloaseo.com\/web\/wp-json\/wp\/v2\/media?parent=3254"}],"wp:term":[{"taxonomy":"product_brand","embeddable":true,"href":"https:\/\/soloaseo.com\/web\/wp-json\/wp\/v2\/product_brand?post=3254"},{"taxonomy":"product_cat","embeddable":true,"href":"https:\/\/soloaseo.com\/web\/wp-json\/wp\/v2\/product_cat?post=3254"},{"taxonomy":"product_tag","embeddable":true,"href":"https:\/\/soloaseo.com\/web\/wp-json\/wp\/v2\/product_tag?post=3254"}],"curies":[{"name":"wp","href":"https:\/\/api.w.org\/{rel}","templated":true}]}}