{"id":3258,"date":"2026-01-30T09:46:21","date_gmt":"2026-01-30T14:46:21","guid":{"rendered":"https:\/\/soloaseo.com\/web\/?post_type=product&#038;p=3258"},"modified":"2026-03-12T11:16:32","modified_gmt":"2026-03-12T16:16:32","slug":"cera-emulsionada-gl-3-8-l-roja-soloaseo","status":"publish","type":"product","link":"https:\/\/soloaseo.com\/web\/producto\/cera-emulsionada-gl-3-8-l-roja-soloaseo\/","title":{"rendered":"CERA EMULSIONADA GL 3.8 L ROJA SOLOASEO"},"content":{"rendered":"<p>La Cera Emulsionada Roja GL 3.8 L Soloaseo es ideal para el mantenimiento y protecci\u00f3n de pisos, aportando un brillo atractivo y una capa protectora que ayuda a prevenir el desgaste por el uso diario.<\/p>\n<p>Su f\u00f3rmula emulsionada facilita una aplicaci\u00f3n uniforme y un secado eficiente, logrando un acabado brillante y duradero. La presentaci\u00f3n de 3.8 litros (1 gal\u00f3n) es perfecta para hogares, oficinas, comercios, instituciones y \u00e1reas con alto tr\u00e1nsito.<\/p>\n<p>Con la calidad de Soloaseo, esta cera emulsionada permite conservar los pisos en \u00f3ptimas condiciones, realzando su apariencia y facilitando su limpieza y mantenimiento.<\/p>\n","protected":false},"excerpt":{"rendered":"<p>Cera emulsionada roja GL de 3.8 litros, dise\u00f1ada para dar brillo, protecci\u00f3n y mejor apariencia a pisos y superficies.<\/p>\n","protected":false},"featured_media":4041,"template":"","meta":[],"product_brand":[],"product_cat":[52,48],"product_tag":[155],"class_list":{"0":"post-3258","1":"product","2":"type-product","3":"status-publish","4":"has-post-thumbnail","6":"product_cat-cuidado-de-pisos","7":"product_cat-soloaseo","8":"product_tag-soloaseo","10":"first","11":"instock","12":"shipping-taxable","13":"purchasable","14":"product-type-simple"},"_links":{"self":[{"href":"https:\/\/soloaseo.com\/web\/wp-json\/wp\/v2\/product\/3258","targetHints":{"allow":["GET"]}}],"collection":[{"href":"https:\/\/soloaseo.com\/web\/wp-json\/wp\/v2\/product"}],"about":[{"href":"https:\/\/soloaseo.com\/web\/wp-json\/wp\/v2\/types\/product"}],"wp:featuredmedia":[{"embeddable":true,"href":"https:\/\/soloaseo.com\/web\/wp-json\/wp\/v2\/media\/4041"}],"wp:attachment":[{"href":"https:\/\/soloaseo.com\/web\/wp-json\/wp\/v2\/media?parent=3258"}],"wp:term":[{"taxonomy":"product_brand","embeddable":true,"href":"https:\/\/soloaseo.com\/web\/wp-json\/wp\/v2\/product_brand?post=3258"},{"taxonomy":"product_cat","embeddable":true,"href":"https:\/\/soloaseo.com\/web\/wp-json\/wp\/v2\/product_cat?post=3258"},{"taxonomy":"product_tag","embeddable":true,"href":"https:\/\/soloaseo.com\/web\/wp-json\/wp\/v2\/product_tag?post=3258"}],"curies":[{"name":"wp","href":"https:\/\/api.w.org\/{rel}","templated":true}]}}