{"id":3260,"date":"2026-01-30T09:46:21","date_gmt":"2026-01-30T14:46:21","guid":{"rendered":"https:\/\/soloaseo.com\/web\/?post_type=product&#038;p=3260"},"modified":"2026-03-12T11:17:01","modified_gmt":"2026-03-12T16:17:01","slug":"cera-emulsionada-grf-20-l-soloaseo","status":"publish","type":"product","link":"https:\/\/soloaseo.com\/web\/producto\/cera-emulsionada-grf-20-l-soloaseo\/","title":{"rendered":"CERA EMULSIONADA GRF 20 L SOLOASEO"},"content":{"rendered":"<p>La Cera Emulsionada GRF 20 L Soloaseo est\u00e1 formulada para el mantenimiento y protecci\u00f3n de pisos, proporcionando brillo uniforme y una capa protectora que ayuda a reducir el desgaste por el uso constante.<\/p>\n<p>Su presentaci\u00f3n de 20 litros ofrece alto rendimiento y econom\u00eda, siendo ideal para uso institucional, comercial e industrial, como empresas de aseo, centros comerciales, hospitales, oficinas y establecimientos educativos. Es f\u00e1cil de aplicar y contribuye a prolongar la vida \u00fatil de los pisos, mejorando su apariencia.<\/p>\n<p>Soloaseo ofrece una cera emulsionada confiable y de calidad profesional, dise\u00f1ada para el cuidado eficiente de pisos en grandes superficies.<\/p>\n","protected":false},"excerpt":{"rendered":"<p>Cera emulsionada en presentaci\u00f3n GRF de 20 litros, ideal para proteger y dar brillo a pisos en \u00e1reas de alto tr\u00e1nsito.<\/p>\n","protected":false},"featured_media":4074,"template":"","meta":[],"product_brand":[],"product_cat":[52,48],"product_tag":[155],"class_list":{"0":"post-3260","1":"product","2":"type-product","3":"status-publish","4":"has-post-thumbnail","6":"product_cat-cuidado-de-pisos","7":"product_cat-soloaseo","8":"product_tag-soloaseo","10":"first","11":"instock","12":"shipping-taxable","13":"purchasable","14":"product-type-simple"},"_links":{"self":[{"href":"https:\/\/soloaseo.com\/web\/wp-json\/wp\/v2\/product\/3260","targetHints":{"allow":["GET"]}}],"collection":[{"href":"https:\/\/soloaseo.com\/web\/wp-json\/wp\/v2\/product"}],"about":[{"href":"https:\/\/soloaseo.com\/web\/wp-json\/wp\/v2\/types\/product"}],"wp:featuredmedia":[{"embeddable":true,"href":"https:\/\/soloaseo.com\/web\/wp-json\/wp\/v2\/media\/4074"}],"wp:attachment":[{"href":"https:\/\/soloaseo.com\/web\/wp-json\/wp\/v2\/media?parent=3260"}],"wp:term":[{"taxonomy":"product_brand","embeddable":true,"href":"https:\/\/soloaseo.com\/web\/wp-json\/wp\/v2\/product_brand?post=3260"},{"taxonomy":"product_cat","embeddable":true,"href":"https:\/\/soloaseo.com\/web\/wp-json\/wp\/v2\/product_cat?post=3260"},{"taxonomy":"product_tag","embeddable":true,"href":"https:\/\/soloaseo.com\/web\/wp-json\/wp\/v2\/product_tag?post=3260"}],"curies":[{"name":"wp","href":"https:\/\/api.w.org\/{rel}","templated":true}]}}