{"id":3270,"date":"2026-01-30T09:46:22","date_gmt":"2026-01-30T14:46:22","guid":{"rendered":"https:\/\/soloaseo.com\/web\/?post_type=product&#038;p=3270"},"modified":"2026-03-12T10:57:48","modified_gmt":"2026-03-12T15:57:48","slug":"gel-antibacterial-gl-3-8-l-soloaseo","status":"publish","type":"product","link":"https:\/\/soloaseo.com\/web\/producto\/gel-antibacterial-gl-3-8-l-soloaseo\/","title":{"rendered":"GEL ANTIBACTERIAL GL 3.8 L SOLOASEO"},"content":{"rendered":"<p>El Gel Antibacterial GL 3.8 L Soloaseo est\u00e1 formulado para ayudar a eliminar g\u00e9rmenes y bacterias de las manos de manera r\u00e1pida y efectiva, sin necesidad de agua ni enjuague. Su textura en gel facilita la aplicaci\u00f3n y permite una absorci\u00f3n r\u00e1pida.<\/p>\n<p>La presentaci\u00f3n de 3.8 litros (1 gal\u00f3n) es ideal para uso frecuente en hogares, oficinas, comercios, instituciones educativas, centros de salud y \u00e1reas de alto tr\u00e1nsito. Puede utilizarse para recargar dispensadores, ofreciendo una soluci\u00f3n pr\u00e1ctica y econ\u00f3mica para mantener una correcta higiene de manos.<\/p>\n<p>Soloaseo ofrece un gel antibacterial confiable y de alto rendimiento, pensado para promover h\u00e1bitos de limpieza y cuidado personal en distintos entornos.<\/p>\n","protected":false},"excerpt":{"rendered":"<p>Gel antibacterial GL de 3.8 litros, ideal para la higiene y desinfecci\u00f3n de manos sin necesidad de enjuague.<\/p>\n","protected":false},"featured_media":4035,"template":"","meta":[],"product_brand":[],"product_cat":[53,48],"product_tag":[155],"class_list":{"0":"post-3270","1":"product","2":"type-product","3":"status-publish","4":"has-post-thumbnail","6":"product_cat-cuidado-personal","7":"product_cat-soloaseo","8":"product_tag-soloaseo","10":"first","11":"instock","12":"shipping-taxable","13":"purchasable","14":"product-type-simple"},"_links":{"self":[{"href":"https:\/\/soloaseo.com\/web\/wp-json\/wp\/v2\/product\/3270","targetHints":{"allow":["GET"]}}],"collection":[{"href":"https:\/\/soloaseo.com\/web\/wp-json\/wp\/v2\/product"}],"about":[{"href":"https:\/\/soloaseo.com\/web\/wp-json\/wp\/v2\/types\/product"}],"wp:featuredmedia":[{"embeddable":true,"href":"https:\/\/soloaseo.com\/web\/wp-json\/wp\/v2\/media\/4035"}],"wp:attachment":[{"href":"https:\/\/soloaseo.com\/web\/wp-json\/wp\/v2\/media?parent=3270"}],"wp:term":[{"taxonomy":"product_brand","embeddable":true,"href":"https:\/\/soloaseo.com\/web\/wp-json\/wp\/v2\/product_brand?post=3270"},{"taxonomy":"product_cat","embeddable":true,"href":"https:\/\/soloaseo.com\/web\/wp-json\/wp\/v2\/product_cat?post=3270"},{"taxonomy":"product_tag","embeddable":true,"href":"https:\/\/soloaseo.com\/web\/wp-json\/wp\/v2\/product_tag?post=3270"}],"curies":[{"name":"wp","href":"https:\/\/api.w.org\/{rel}","templated":true}]}}