{"id":3278,"date":"2026-01-30T09:46:22","date_gmt":"2026-01-30T14:46:22","guid":{"rendered":"https:\/\/soloaseo.com\/web\/?post_type=product&#038;p=3278"},"modified":"2026-03-12T11:10:14","modified_gmt":"2026-03-12T16:10:14","slug":"limpiador-multiusos-limon-gl-3-8-l-soloaseo","status":"publish","type":"product","link":"https:\/\/soloaseo.com\/web\/producto\/limpiador-multiusos-limon-gl-3-8-l-soloaseo\/","title":{"rendered":"LIMPIADOR MULTIUSOS LIMON GL 3.8 L SOLOASEO"},"content":{"rendered":"<p>El Limpiador Multiusos Lim\u00f3n GL 3.8 L Soloaseo est\u00e1 dise\u00f1ado para ofrecer una limpieza efectiva y pr\u00e1ctica en el d\u00eda a d\u00eda. Su f\u00f3rmula ayuda a remover suciedad y residuos en diferentes superficies, mientras deja un agradable y fresco aroma a lim\u00f3n.<\/p>\n<p>Gracias a su presentaci\u00f3n de 3.8 litros (1 gal\u00f3n), es ideal para uso dom\u00e9stico, comercial e institucional. Puede utilizarse en pisos, paredes, mesas, cocinas, ba\u00f1os y \u00e1reas comunes, facilitando la limpieza y manteniendo los espacios con una sensaci\u00f3n de frescura y limpieza.<\/p>\n<p>Soloaseo ofrece un limpiador multiusos confiable y de alto rendimiento, pensado para simplificar las tareas de limpieza diaria con resultados visibles.<\/p>\n","protected":false},"excerpt":{"rendered":"<p>Limpiador multiusos aroma lim\u00f3n GL de 3.8 litros, ideal para la limpieza diaria de diversas superficies.<\/p>\n","protected":false},"featured_media":4031,"template":"","meta":[],"product_brand":[],"product_cat":[49,48],"product_tag":[155],"class_list":{"0":"post-3278","1":"product","2":"type-product","3":"status-publish","4":"has-post-thumbnail","6":"product_cat-limpiadores","7":"product_cat-soloaseo","8":"product_tag-soloaseo","10":"first","11":"instock","12":"shipping-taxable","13":"purchasable","14":"product-type-simple"},"_links":{"self":[{"href":"https:\/\/soloaseo.com\/web\/wp-json\/wp\/v2\/product\/3278"}],"collection":[{"href":"https:\/\/soloaseo.com\/web\/wp-json\/wp\/v2\/product"}],"about":[{"href":"https:\/\/soloaseo.com\/web\/wp-json\/wp\/v2\/types\/product"}],"wp:featuredmedia":[{"embeddable":true,"href":"https:\/\/soloaseo.com\/web\/wp-json\/wp\/v2\/media\/4031"}],"wp:attachment":[{"href":"https:\/\/soloaseo.com\/web\/wp-json\/wp\/v2\/media?parent=3278"}],"wp:term":[{"taxonomy":"product_brand","embeddable":true,"href":"https:\/\/soloaseo.com\/web\/wp-json\/wp\/v2\/product_brand?post=3278"},{"taxonomy":"product_cat","embeddable":true,"href":"https:\/\/soloaseo.com\/web\/wp-json\/wp\/v2\/product_cat?post=3278"},{"taxonomy":"product_tag","embeddable":true,"href":"https:\/\/soloaseo.com\/web\/wp-json\/wp\/v2\/product_tag?post=3278"}],"curies":[{"name":"wp","href":"https:\/\/api.w.org\/{rel}","templated":true}]}}