{"id":3300,"date":"2026-01-30T09:46:24","date_gmt":"2026-01-30T14:46:24","guid":{"rendered":"https:\/\/soloaseo.com\/web\/?post_type=product&#038;p=3300"},"modified":"2026-03-12T10:22:23","modified_gmt":"2026-03-12T15:22:23","slug":"limpiador-desinfectante-citronela-grf-20-l-soloaseo","status":"publish","type":"product","link":"https:\/\/soloaseo.com\/web\/producto\/limpiador-desinfectante-citronela-grf-20-l-soloaseo\/","title":{"rendered":"LIMPIADOR DESINFECTANTE CITRONELA GRF 20 L SOLOASEO"},"content":{"rendered":"<p>El Limpiador Desinfectante Citronela GRF 20 L Soloaseo est\u00e1 formulado para limpiar y desinfectar eficazmente diversas superficies, ayudando a eliminar suciedad y g\u00e9rmenes mientras deja una agradable fragancia a citronela.<\/p>\n<p>Su presentaci\u00f3n de 20 litros ofrece alto rendimiento y econom\u00eda, siendo ideal para uso institucional, comercial e industrial, como empresas de aseo, hospitales, colegios, centros comerciales y \u00e1reas de alto tr\u00e1nsito. Es adecuado para la limpieza de pisos, ba\u00f1os, cocinas y \u00e1reas comunes, aportando higiene y frescura.<\/p>\n<p>Soloaseo ofrece un limpiador desinfectante confiable y de calidad profesional, dise\u00f1ado para mantener espacios limpios, desinfectados y con un aroma fresco y natural.<\/p>\n","protected":false},"excerpt":{"rendered":"<p>Limpiador desinfectante aroma citronela en presentaci\u00f3n GRF de 20 litros, ideal para limpieza y desinfecci\u00f3n de grandes superficies.<\/p>\n","protected":false},"featured_media":4085,"template":"","meta":[],"product_brand":[],"product_cat":[50,49,48],"product_tag":[155],"class_list":{"0":"post-3300","1":"product","2":"type-product","3":"status-publish","4":"has-post-thumbnail","6":"product_cat-desinfectantes","7":"product_cat-limpiadores","8":"product_cat-soloaseo","9":"product_tag-soloaseo","11":"first","12":"instock","13":"shipping-taxable","14":"purchasable","15":"product-type-simple"},"_links":{"self":[{"href":"https:\/\/soloaseo.com\/web\/wp-json\/wp\/v2\/product\/3300","targetHints":{"allow":["GET"]}}],"collection":[{"href":"https:\/\/soloaseo.com\/web\/wp-json\/wp\/v2\/product"}],"about":[{"href":"https:\/\/soloaseo.com\/web\/wp-json\/wp\/v2\/types\/product"}],"wp:featuredmedia":[{"embeddable":true,"href":"https:\/\/soloaseo.com\/web\/wp-json\/wp\/v2\/media\/4085"}],"wp:attachment":[{"href":"https:\/\/soloaseo.com\/web\/wp-json\/wp\/v2\/media?parent=3300"}],"wp:term":[{"taxonomy":"product_brand","embeddable":true,"href":"https:\/\/soloaseo.com\/web\/wp-json\/wp\/v2\/product_brand?post=3300"},{"taxonomy":"product_cat","embeddable":true,"href":"https:\/\/soloaseo.com\/web\/wp-json\/wp\/v2\/product_cat?post=3300"},{"taxonomy":"product_tag","embeddable":true,"href":"https:\/\/soloaseo.com\/web\/wp-json\/wp\/v2\/product_tag?post=3300"}],"curies":[{"name":"wp","href":"https:\/\/api.w.org\/{rel}","templated":true}]}}