{"id":3634,"date":"2026-03-10T10:31:02","date_gmt":"2026-03-10T15:31:02","guid":{"rendered":"https:\/\/soloaseo.com\/web\/?post_type=product&#038;p=3634"},"modified":"2026-03-12T12:15:36","modified_gmt":"2026-03-12T17:15:36","slug":"papel-higienico-hs-400-mt-blanco-coltisu","status":"publish","type":"product","link":"https:\/\/soloaseo.com\/web\/producto\/papel-higienico-hs-400-mt-blanco-coltisu\/","title":{"rendered":"PAPEL HIGIENICO HS 400 MT BLANCO COLTISU"},"content":{"rendered":"<p>El Papel Higi\u00e9nico Coltis\u00fa HS blanco de 400 metros est\u00e1 dise\u00f1ado para cubrir las exigencias de higiene en entornos institucionales de alto consumo. Su rollo de gran metraje garantiza larga duraci\u00f3n, reduciendo la frecuencia de reposici\u00f3n y optimizando la gesti\u00f3n operativa.<\/p>\n<p>Fabricado en papel blanco de buena calidad, combina suavidad y resistencia para un uso confiable y eficiente en ba\u00f1os de alto tr\u00e1nsito. Asegura continuidad en el servicio, practicidad y una presentaci\u00f3n profesional, manteniendo altos est\u00e1ndares de limpieza.<\/p>\n","protected":false},"excerpt":{"rendered":"<p>Papel higi\u00e9nico institucional Coltis\u00fa HS blanco de 400 m, m\u00e1xima duraci\u00f3n y rendimiento para ba\u00f1os de alto tr\u00e1nsito.<\/p>\n","protected":false},"featured_media":3663,"template":"","meta":[],"product_brand":[],"product_cat":[84,86,83],"product_tag":[180],"class_list":{"0":"post-3634","1":"product","2":"type-product","3":"status-publish","4":"has-post-thumbnail","6":"product_cat-blanca","7":"product_cat-papel-higienico","8":"product_cat-papeleros","9":"product_tag-papeleros","11":"first","12":"instock","13":"shipping-taxable","14":"product-type-simple"},"_links":{"self":[{"href":"https:\/\/soloaseo.com\/web\/wp-json\/wp\/v2\/product\/3634","targetHints":{"allow":["GET"]}}],"collection":[{"href":"https:\/\/soloaseo.com\/web\/wp-json\/wp\/v2\/product"}],"about":[{"href":"https:\/\/soloaseo.com\/web\/wp-json\/wp\/v2\/types\/product"}],"wp:featuredmedia":[{"embeddable":true,"href":"https:\/\/soloaseo.com\/web\/wp-json\/wp\/v2\/media\/3663"}],"wp:attachment":[{"href":"https:\/\/soloaseo.com\/web\/wp-json\/wp\/v2\/media?parent=3634"}],"wp:term":[{"taxonomy":"product_brand","embeddable":true,"href":"https:\/\/soloaseo.com\/web\/wp-json\/wp\/v2\/product_brand?post=3634"},{"taxonomy":"product_cat","embeddable":true,"href":"https:\/\/soloaseo.com\/web\/wp-json\/wp\/v2\/product_cat?post=3634"},{"taxonomy":"product_tag","embeddable":true,"href":"https:\/\/soloaseo.com\/web\/wp-json\/wp\/v2\/product_tag?post=3634"}],"curies":[{"name":"wp","href":"https:\/\/api.w.org\/{rel}","templated":true}]}}