{"id":3637,"date":"2026-03-10T10:26:49","date_gmt":"2026-03-10T15:26:49","guid":{"rendered":"https:\/\/soloaseo.com\/web\/?post_type=product&#038;p=3637"},"modified":"2026-03-12T12:17:23","modified_gmt":"2026-03-12T17:17:23","slug":"servilleta-hs-lujo-doblada-33-x-33-cm-blanca-ref-622022-pq-x-200-elite","status":"publish","type":"product","link":"https:\/\/soloaseo.com\/web\/producto\/servilleta-hs-lujo-doblada-33-x-33-cm-blanca-ref-622022-pq-x-200-elite\/","title":{"rendered":"SERVILLETA HS LUJO DOBLADA 33 X 33 CM BLANCA REF. 622022 PQ X 200 ELITE"},"content":{"rendered":"<p>La Promo Servilleta HS Lujo Doblada Elite blanca de 33 \u00d7 33 cm en presentaci\u00f3n de 200 unidades est\u00e1 dise\u00f1ada para ofrecer elegancia, higiene y alto desempe\u00f1o en servicios de alimentaci\u00f3n. Fabricadas en papel de calidad superior, brindan excelente absorci\u00f3n, suavidad y resistencia, ideales para entornos que requieren una presentaci\u00f3n profesional.<\/p>\n<p>Su formato doblado facilita la colocaci\u00f3n en mesas y dispensadores, optimizando el servicio en restaurantes, hoteles, cafeter\u00edas, eventos y espacios institucionales.<\/p>\n","protected":false},"excerpt":{"rendered":"<p>Servilleta Elite HS lujo 33\u00d733 cm blanca, paquete x 200. Presentaci\u00f3n elegante y alta absorci\u00f3n para servicio profesional.<\/p>\n","protected":false},"featured_media":3675,"template":"","meta":[],"product_brand":[],"product_cat":[84,83,88],"product_tag":[180],"class_list":{"0":"post-3637","1":"product","2":"type-product","3":"status-publish","4":"has-post-thumbnail","6":"product_cat-blanca","7":"product_cat-papeleros","8":"product_cat-servilletas","9":"product_tag-papeleros","11":"first","12":"instock","13":"shipping-taxable","14":"product-type-simple"},"_links":{"self":[{"href":"https:\/\/soloaseo.com\/web\/wp-json\/wp\/v2\/product\/3637","targetHints":{"allow":["GET"]}}],"collection":[{"href":"https:\/\/soloaseo.com\/web\/wp-json\/wp\/v2\/product"}],"about":[{"href":"https:\/\/soloaseo.com\/web\/wp-json\/wp\/v2\/types\/product"}],"wp:featuredmedia":[{"embeddable":true,"href":"https:\/\/soloaseo.com\/web\/wp-json\/wp\/v2\/media\/3675"}],"wp:attachment":[{"href":"https:\/\/soloaseo.com\/web\/wp-json\/wp\/v2\/media?parent=3637"}],"wp:term":[{"taxonomy":"product_brand","embeddable":true,"href":"https:\/\/soloaseo.com\/web\/wp-json\/wp\/v2\/product_brand?post=3637"},{"taxonomy":"product_cat","embeddable":true,"href":"https:\/\/soloaseo.com\/web\/wp-json\/wp\/v2\/product_cat?post=3637"},{"taxonomy":"product_tag","embeddable":true,"href":"https:\/\/soloaseo.com\/web\/wp-json\/wp\/v2\/product_tag?post=3637"}],"curies":[{"name":"wp","href":"https:\/\/api.w.org\/{rel}","templated":true}]}}