{"id":3729,"date":"2026-02-24T11:41:49","date_gmt":"2026-02-24T16:41:49","guid":{"rendered":"https:\/\/soloaseo.com\/web\/?post_type=product&#038;p=3729"},"modified":"2026-03-04T09:26:25","modified_gmt":"2026-03-04T14:26:25","slug":"toalla-multiusos-rollo-reusable-x-64h-20-5-x-22-cm-scott","status":"publish","type":"product","link":"https:\/\/soloaseo.com\/web\/producto\/toalla-multiusos-rollo-reusable-x-64h-20-5-x-22-cm-scott\/","title":{"rendered":"TOALLA MULTIUSOS ROLLO REUSABLE X 64H 20.5 X 22 CM SCOTT"},"content":{"rendered":"<p>La Toalla Multiusos Scott Reusable en rollo de 64 hojas est\u00e1 dise\u00f1ada para ofrecer limpieza eficiente y mayor durabilidad en tareas diarias. Sus hojas de 20.5 \u00d7 22 cm proporcionan excelente absorci\u00f3n y resistencia, permitiendo m\u00faltiples usos antes de desecharlas, lo que ayuda a optimizar el consumo.<\/p>\n<p>Ideal para limpiar superficies, y absorber derrames. Su formato en rollo facilita la dispensaci\u00f3n y el almacenamiento, brindando practicidad y control en el uso.<\/p>\n<p>Pensada para quienes buscan una soluci\u00f3n resistente y funcional, esta toalla multiusos combina rendimiento, ahorro y comodidad en cada aplicaci\u00f3n.<\/p>\n","protected":false},"excerpt":{"rendered":"<p>Toalla multiusos Scott reusable, rollo x 64 hojas. Alta absorci\u00f3n y resistencia para limpieza pr\u00e1ctica y reutilizable.<\/p>\n","protected":false},"featured_media":3730,"template":"","meta":[],"product_brand":[],"product_cat":[84,83,89],"product_tag":[152],"class_list":{"0":"post-3729","1":"product","2":"type-product","3":"status-publish","4":"has-post-thumbnail","6":"product_cat-blanca","7":"product_cat-papeleros","8":"product_cat-toallas-multiusos","9":"product_tag-descuentos","11":"first","12":"instock","13":"shipping-taxable","14":"product-type-simple"},"_links":{"self":[{"href":"https:\/\/soloaseo.com\/web\/wp-json\/wp\/v2\/product\/3729","targetHints":{"allow":["GET"]}}],"collection":[{"href":"https:\/\/soloaseo.com\/web\/wp-json\/wp\/v2\/product"}],"about":[{"href":"https:\/\/soloaseo.com\/web\/wp-json\/wp\/v2\/types\/product"}],"wp:featuredmedia":[{"embeddable":true,"href":"https:\/\/soloaseo.com\/web\/wp-json\/wp\/v2\/media\/3730"}],"wp:attachment":[{"href":"https:\/\/soloaseo.com\/web\/wp-json\/wp\/v2\/media?parent=3729"}],"wp:term":[{"taxonomy":"product_brand","embeddable":true,"href":"https:\/\/soloaseo.com\/web\/wp-json\/wp\/v2\/product_brand?post=3729"},{"taxonomy":"product_cat","embeddable":true,"href":"https:\/\/soloaseo.com\/web\/wp-json\/wp\/v2\/product_cat?post=3729"},{"taxonomy":"product_tag","embeddable":true,"href":"https:\/\/soloaseo.com\/web\/wp-json\/wp\/v2\/product_tag?post=3729"}],"curies":[{"name":"wp","href":"https:\/\/api.w.org\/{rel}","templated":true}]}}