{"id":4014,"date":"2026-03-10T10:08:54","date_gmt":"2026-03-10T15:08:54","guid":{"rendered":"https:\/\/soloaseo.com\/web\/?post_type=product&#038;p=4014"},"modified":"2026-03-11T16:26:06","modified_gmt":"2026-03-11T21:26:06","slug":"jabon-limpiador-multiusos-lavanda-20-l-soloaseo","status":"publish","type":"product","link":"https:\/\/soloaseo.com\/web\/producto\/jabon-limpiador-multiusos-lavanda-20-l-soloaseo\/","title":{"rendered":"JAB\u00d3N LIMPIADOR MULTIUSOS LAVANDA  20 L SOLOASEO"},"content":{"rendered":"<p>El Jab\u00f3n Limpiador Multiusos Lavanda Soloaseo en presentaci\u00f3n de 20 litros est\u00e1 dise\u00f1ado para facilitar la limpieza de diferentes superficies mientras deja un agradable y duradero aroma a lavanda. Su f\u00f3rmula permite eliminar suciedad y residuos del uso cotidiano, ayudando a mantener los espacios limpios y con una sensaci\u00f3n de frescura.<\/p>\n<p>Su presentaci\u00f3n en garrafa de 20 litros permite mayor rendimiento y eficiencia en el manejo de insumos de limpieza, facilitando el abastecimiento en operaciones continuas. Este producto ofrece una combinaci\u00f3n equilibrada entre poder de limpieza, practicidad y una fragancia agradable que mejora el ambiente de los espacios.<\/p>\n","protected":false},"excerpt":{"rendered":"<p>Jab\u00f3n limpiador multiusos Lavanda Soloaseo 20 L, limpieza eficaz y aroma fresco para uso institucional.<\/p>\n","protected":false},"featured_media":4089,"template":"","meta":[],"product_brand":[],"product_cat":[49,48],"product_tag":[155],"class_list":{"0":"post-4014","1":"product","2":"type-product","3":"status-publish","4":"has-post-thumbnail","6":"product_cat-limpiadores","7":"product_cat-soloaseo","8":"product_tag-soloaseo","10":"first","11":"instock","12":"shipping-taxable","13":"product-type-simple"},"_links":{"self":[{"href":"https:\/\/soloaseo.com\/web\/wp-json\/wp\/v2\/product\/4014","targetHints":{"allow":["GET"]}}],"collection":[{"href":"https:\/\/soloaseo.com\/web\/wp-json\/wp\/v2\/product"}],"about":[{"href":"https:\/\/soloaseo.com\/web\/wp-json\/wp\/v2\/types\/product"}],"wp:featuredmedia":[{"embeddable":true,"href":"https:\/\/soloaseo.com\/web\/wp-json\/wp\/v2\/media\/4089"}],"wp:attachment":[{"href":"https:\/\/soloaseo.com\/web\/wp-json\/wp\/v2\/media?parent=4014"}],"wp:term":[{"taxonomy":"product_brand","embeddable":true,"href":"https:\/\/soloaseo.com\/web\/wp-json\/wp\/v2\/product_brand?post=4014"},{"taxonomy":"product_cat","embeddable":true,"href":"https:\/\/soloaseo.com\/web\/wp-json\/wp\/v2\/product_cat?post=4014"},{"taxonomy":"product_tag","embeddable":true,"href":"https:\/\/soloaseo.com\/web\/wp-json\/wp\/v2\/product_tag?post=4014"}],"curies":[{"name":"wp","href":"https:\/\/api.w.org\/{rel}","templated":true}]}}