{"id":4107,"date":"2026-03-17T11:01:18","date_gmt":"2026-03-17T16:01:18","guid":{"rendered":"https:\/\/soloaseo.com\/web\/?post_type=product&#038;p=4107"},"modified":"2026-03-17T11:03:53","modified_gmt":"2026-03-17T16:03:53","slug":"senal-de-prevencion-amarillo-desinfeccion-estra","status":"publish","type":"product","link":"https:\/\/soloaseo.com\/web\/producto\/senal-de-prevencion-amarillo-desinfeccion-estra\/","title":{"rendered":"SE\u00d1AL DE PREVENCI\u00d3N AMARILLO DESINFECCI\u00d3N ESTRA"},"content":{"rendered":"<p>La Se\u00f1al de Prevenci\u00f3n Amarilla \u201cDesinfecci\u00f3n\u201d est\u00e1 dise\u00f1ada para alertar de manera clara y visible sobre \u00e1reas que se encuentran en proceso de limpieza o sanitizaci\u00f3n. Su color amarillo de alta visibilidad permite advertir a los usuarios y prevenir el acceso a zonas temporalmente restringidas.<\/p>\n<p>Fabricada en material resistente y liviano, facilita su traslado y colocaci\u00f3n en diferentes espacios seg\u00fan las necesidades del personal de limpieza. Su dise\u00f1o plegable permite almacenarla f\u00e1cilmente cuando no est\u00e1 en uso, optimizando el espacio y la organizaci\u00f3n.<\/p>\n","protected":false},"excerpt":{"rendered":"<p>Se\u00f1al de prevenci\u00f3n amarilla \u201cDesinfecci\u00f3n\u201d, alta visibilidad para advertir \u00e1reas en proceso de limpieza y sanitizaci\u00f3n.<\/p>\n","protected":false},"featured_media":4108,"template":"","meta":[],"product_brand":[],"product_cat":[54,184],"product_tag":[181],"class_list":{"0":"post-4107","1":"product","2":"type-product","3":"status-publish","4":"has-post-thumbnail","6":"product_cat-aseo","7":"product_cat-senalizacion","8":"product_tag-aseo","10":"first","11":"instock","12":"shipping-taxable","13":"product-type-simple"},"_links":{"self":[{"href":"https:\/\/soloaseo.com\/web\/wp-json\/wp\/v2\/product\/4107","targetHints":{"allow":["GET"]}}],"collection":[{"href":"https:\/\/soloaseo.com\/web\/wp-json\/wp\/v2\/product"}],"about":[{"href":"https:\/\/soloaseo.com\/web\/wp-json\/wp\/v2\/types\/product"}],"wp:featuredmedia":[{"embeddable":true,"href":"https:\/\/soloaseo.com\/web\/wp-json\/wp\/v2\/media\/4108"}],"wp:attachment":[{"href":"https:\/\/soloaseo.com\/web\/wp-json\/wp\/v2\/media?parent=4107"}],"wp:term":[{"taxonomy":"product_brand","embeddable":true,"href":"https:\/\/soloaseo.com\/web\/wp-json\/wp\/v2\/product_brand?post=4107"},{"taxonomy":"product_cat","embeddable":true,"href":"https:\/\/soloaseo.com\/web\/wp-json\/wp\/v2\/product_cat?post=4107"},{"taxonomy":"product_tag","embeddable":true,"href":"https:\/\/soloaseo.com\/web\/wp-json\/wp\/v2\/product_tag?post=4107"}],"curies":[{"name":"wp","href":"https:\/\/api.w.org\/{rel}","templated":true}]}}