{"id":4160,"date":"2026-03-17T16:00:39","date_gmt":"2026-03-17T21:00:39","guid":{"rendered":"https:\/\/soloaseo.com\/web\/?post_type=product&#038;p=4160"},"modified":"2026-03-17T16:00:40","modified_gmt":"2026-03-17T21:00:40","slug":"papelera-vaiven-plana-estrabins-53-lt-negra-no-aprovechable-estra","status":"publish","type":"product","link":"https:\/\/soloaseo.com\/web\/producto\/papelera-vaiven-plana-estrabins-53-lt-negra-no-aprovechable-estra\/","title":{"rendered":"PAPELERA VAIVEN PLANA ESTRABINS 53 LT NEGRA NO APROVECHABLE ESTRA"},"content":{"rendered":"<p>La Papelera Vaiv\u00e9n Plana Estrabins Estra de 53 litros en color negro est\u00e1 dise\u00f1ada para la correcta disposici\u00f3n de residuos no aprovechables, siendo ideal para su uso en oficinas, empresas, instituciones, comercios y espacios de alto tr\u00e1nsito.<\/p>\n<p>Su tapa vaiv\u00e9n plana permite depositar residuos de forma pr\u00e1ctica y r\u00e1pida, ayudando a mantener el contenido fuera de la vista y contribuyendo a una mejor higiene del espacio. Adem\u00e1s, su gran capacidad de 53 litros la hace perfecta para lugares donde se genera una mayor cantidad de residuos.<\/p>\n<p>Fabricada en pl\u00e1stico resistente de alta calidad, esta papelera ofrece durabilidad, f\u00e1cil limpieza y un dise\u00f1o funcional que se adapta a diferentes entornos.<\/p>\n","protected":false},"excerpt":{"rendered":"<p>Papelera Estrabins Estra de 53 litros color negro con tapa vaiv\u00e9n plana, ideal para la disposici\u00f3n de residuos no aprovechables en oficinas, comercios o espacios institucionales.<\/p>\n","protected":false},"featured_media":4161,"template":"","meta":[],"product_brand":[],"product_cat":[121,106,107],"product_tag":[185],"class_list":{"0":"post-4160","1":"product","2":"type-product","3":"status-publish","4":"has-post-thumbnail","6":"product_cat-53-lt","7":"product_cat-canecas-y-contenedores","8":"product_cat-papeleras","9":"product_tag-papeleras-y-contenedores","11":"first","12":"instock","13":"shipping-taxable","14":"product-type-simple"},"_links":{"self":[{"href":"https:\/\/soloaseo.com\/web\/wp-json\/wp\/v2\/product\/4160","targetHints":{"allow":["GET"]}}],"collection":[{"href":"https:\/\/soloaseo.com\/web\/wp-json\/wp\/v2\/product"}],"about":[{"href":"https:\/\/soloaseo.com\/web\/wp-json\/wp\/v2\/types\/product"}],"wp:featuredmedia":[{"embeddable":true,"href":"https:\/\/soloaseo.com\/web\/wp-json\/wp\/v2\/media\/4161"}],"wp:attachment":[{"href":"https:\/\/soloaseo.com\/web\/wp-json\/wp\/v2\/media?parent=4160"}],"wp:term":[{"taxonomy":"product_brand","embeddable":true,"href":"https:\/\/soloaseo.com\/web\/wp-json\/wp\/v2\/product_brand?post=4160"},{"taxonomy":"product_cat","embeddable":true,"href":"https:\/\/soloaseo.com\/web\/wp-json\/wp\/v2\/product_cat?post=4160"},{"taxonomy":"product_tag","embeddable":true,"href":"https:\/\/soloaseo.com\/web\/wp-json\/wp\/v2\/product_tag?post=4160"}],"curies":[{"name":"wp","href":"https:\/\/api.w.org\/{rel}","templated":true}]}}