{"id":4164,"date":"2026-03-17T16:23:47","date_gmt":"2026-03-17T21:23:47","guid":{"rendered":"https:\/\/soloaseo.com\/web\/?post_type=product&#038;p=4164"},"modified":"2026-03-17T16:23:47","modified_gmt":"2026-03-17T21:23:47","slug":"papelera-vaiven-plana-53-lt-negra-tapa-verde-estra","status":"publish","type":"product","link":"https:\/\/soloaseo.com\/web\/producto\/papelera-vaiven-plana-53-lt-negra-tapa-verde-estra\/","title":{"rendered":"PAPELERA VAIVEN PLANA 53 LT NEGRA TAPA VERDE ESTRA"},"content":{"rendered":"<p>La Papelera Vaiv\u00e9n Plana Estra de 53 litros color negro con tapa verde es una soluci\u00f3n pr\u00e1ctica para la clasificaci\u00f3n y disposici\u00f3n de residuos aprovechables. Su dise\u00f1o es ideal para implementar sistemas de reciclaje en oficinas, empresas, instituciones, centros educativos y espacios de alto tr\u00e1nsito.<\/p>\n<p>Cuenta con tapa vaiv\u00e9n plana, que facilita el dep\u00f3sito de residuos de manera r\u00e1pida y c\u00f3moda, ayudando a mantener el contenido fuera de la vista y favoreciendo la higiene del entorno.<\/p>\n<p>Gracias a su capacidad de 53 litros, permite manejar mayores vol\u00famenes de residuos, mientras que su fabricaci\u00f3n en pl\u00e1stico resistente de alta calidad garantiza durabilidad y f\u00e1cil limpieza.<\/p>\n","protected":false},"excerpt":{"rendered":"<p>Papelera Estra de 53 litros color negro con tapa vaiv\u00e9n plana verde, ideal para la correcta disposici\u00f3n de residuos aprovechables en oficinas, comercios o espacios institucionales.<\/p>\n","protected":false},"featured_media":4166,"template":"","meta":[],"product_brand":[],"product_cat":[121,106,107],"product_tag":[185],"class_list":{"0":"post-4164","1":"product","2":"type-product","3":"status-publish","4":"has-post-thumbnail","6":"product_cat-53-lt","7":"product_cat-canecas-y-contenedores","8":"product_cat-papeleras","9":"product_tag-papeleras-y-contenedores","11":"first","12":"instock","13":"shipping-taxable","14":"product-type-simple"},"_links":{"self":[{"href":"https:\/\/soloaseo.com\/web\/wp-json\/wp\/v2\/product\/4164","targetHints":{"allow":["GET"]}}],"collection":[{"href":"https:\/\/soloaseo.com\/web\/wp-json\/wp\/v2\/product"}],"about":[{"href":"https:\/\/soloaseo.com\/web\/wp-json\/wp\/v2\/types\/product"}],"wp:featuredmedia":[{"embeddable":true,"href":"https:\/\/soloaseo.com\/web\/wp-json\/wp\/v2\/media\/4166"}],"wp:attachment":[{"href":"https:\/\/soloaseo.com\/web\/wp-json\/wp\/v2\/media?parent=4164"}],"wp:term":[{"taxonomy":"product_brand","embeddable":true,"href":"https:\/\/soloaseo.com\/web\/wp-json\/wp\/v2\/product_brand?post=4164"},{"taxonomy":"product_cat","embeddable":true,"href":"https:\/\/soloaseo.com\/web\/wp-json\/wp\/v2\/product_cat?post=4164"},{"taxonomy":"product_tag","embeddable":true,"href":"https:\/\/soloaseo.com\/web\/wp-json\/wp\/v2\/product_tag?post=4164"}],"curies":[{"name":"wp","href":"https:\/\/api.w.org\/{rel}","templated":true}]}}