{"id":4171,"date":"2026-03-17T16:44:32","date_gmt":"2026-03-17T21:44:32","guid":{"rendered":"https:\/\/soloaseo.com\/web\/?post_type=product&#038;p=4171"},"modified":"2026-03-17T16:44:32","modified_gmt":"2026-03-17T21:44:32","slug":"contenedor-redondo-con-tapa-cupula-121-lt-negro-no-aprovechables-estra","status":"publish","type":"product","link":"https:\/\/soloaseo.com\/web\/producto\/contenedor-redondo-con-tapa-cupula-121-lt-negro-no-aprovechables-estra\/","title":{"rendered":"CONTENEDOR REDONDO CON TAPA C\u00daPULA 121 LT NEGRO NO APROVECHABLES ESTRA"},"content":{"rendered":"<p>El Contenedor Redondo con Tapa C\u00fapula Estra de 121 litros en color negro es una soluci\u00f3n pr\u00e1ctica y resistente para la recolecci\u00f3n y manejo de residuos no aprovechables en espacios de alto uso.<\/p>\n<p>Su tapa tipo c\u00fapula permite depositar los residuos de forma c\u00f3moda y ayuda a mantener el contenido protegido, contribuyendo a una mejor higiene del entorno. Gracias a su gran capacidad de 121 litros, es ideal para lugares donde se generan grandes vol\u00famenes de residuos.<\/p>\n","protected":false},"excerpt":{"rendered":"<p>Contenedor Estra de 121 litros color negro con tapa tipo c\u00fapula, ideal para la disposici\u00f3n de residuos no aprovechables en espacios institucionales, comerciales o industriales.<\/p>\n","protected":false},"featured_media":4172,"template":"","meta":[],"product_brand":[],"product_cat":[125,106,109],"product_tag":[185],"class_list":{"0":"post-4171","1":"product","2":"type-product","3":"status-publish","4":"has-post-thumbnail","6":"product_cat-121-lt","7":"product_cat-canecas-y-contenedores","8":"product_cat-contenedores-de-basura","9":"product_tag-papeleras-y-contenedores","11":"first","12":"instock","13":"shipping-taxable","14":"product-type-simple"},"_links":{"self":[{"href":"https:\/\/soloaseo.com\/web\/wp-json\/wp\/v2\/product\/4171","targetHints":{"allow":["GET"]}}],"collection":[{"href":"https:\/\/soloaseo.com\/web\/wp-json\/wp\/v2\/product"}],"about":[{"href":"https:\/\/soloaseo.com\/web\/wp-json\/wp\/v2\/types\/product"}],"wp:featuredmedia":[{"embeddable":true,"href":"https:\/\/soloaseo.com\/web\/wp-json\/wp\/v2\/media\/4172"}],"wp:attachment":[{"href":"https:\/\/soloaseo.com\/web\/wp-json\/wp\/v2\/media?parent=4171"}],"wp:term":[{"taxonomy":"product_brand","embeddable":true,"href":"https:\/\/soloaseo.com\/web\/wp-json\/wp\/v2\/product_brand?post=4171"},{"taxonomy":"product_cat","embeddable":true,"href":"https:\/\/soloaseo.com\/web\/wp-json\/wp\/v2\/product_cat?post=4171"},{"taxonomy":"product_tag","embeddable":true,"href":"https:\/\/soloaseo.com\/web\/wp-json\/wp\/v2\/product_tag?post=4171"}],"curies":[{"name":"wp","href":"https:\/\/api.w.org\/{rel}","templated":true}]}}