{"id":4176,"date":"2026-03-17T16:56:48","date_gmt":"2026-03-17T21:56:48","guid":{"rendered":"https:\/\/soloaseo.com\/web\/?post_type=product&#038;p=4176"},"modified":"2026-03-17T16:56:48","modified_gmt":"2026-03-17T21:56:48","slug":"papelera-pedal-20-lt-blanco-reciclable-aprovechable-estra","status":"publish","type":"product","link":"https:\/\/soloaseo.com\/web\/producto\/papelera-pedal-20-lt-blanco-reciclable-aprovechable-estra\/","title":{"rendered":"PAPELERA PEDAL 20 LT BLANCO RECICLABLE APROVECHABLE ESTRA"},"content":{"rendered":"<p>La Papelera con Pedal Estra de 20 litros en color blanco es una soluci\u00f3n pr\u00e1ctica para la clasificaci\u00f3n y disposici\u00f3n de residuos reciclables o aprovechables en diferentes espacios.<\/p>\n<p>Cuenta con sistema de apertura mediante pedal, que permite abrir la tapa sin usar las manos, brindando mayor higiene y comodidad en el uso diario. Su capacidad de 20 litros permite manejar una cantidad adecuada de residuos sin ocupar demasiado espacio.<\/p>\n","protected":false},"excerpt":{"rendered":"<p>Papelera Estra de 20 litros color blanco con pedal, ideal para la disposici\u00f3n de residuos reciclables o aprovechables en hogares, oficinas o espacios de trabajo.<\/p>\n","protected":false},"featured_media":4177,"template":"","meta":[],"product_brand":[],"product_cat":[116,106,107],"product_tag":[185],"class_list":{"0":"post-4176","1":"product","2":"type-product","3":"status-publish","4":"has-post-thumbnail","6":"product_cat-2o-lt","7":"product_cat-canecas-y-contenedores","8":"product_cat-papeleras","9":"product_tag-papeleras-y-contenedores","11":"first","12":"instock","13":"shipping-taxable","14":"product-type-simple"},"_links":{"self":[{"href":"https:\/\/soloaseo.com\/web\/wp-json\/wp\/v2\/product\/4176","targetHints":{"allow":["GET"]}}],"collection":[{"href":"https:\/\/soloaseo.com\/web\/wp-json\/wp\/v2\/product"}],"about":[{"href":"https:\/\/soloaseo.com\/web\/wp-json\/wp\/v2\/types\/product"}],"wp:featuredmedia":[{"embeddable":true,"href":"https:\/\/soloaseo.com\/web\/wp-json\/wp\/v2\/media\/4177"}],"wp:attachment":[{"href":"https:\/\/soloaseo.com\/web\/wp-json\/wp\/v2\/media?parent=4176"}],"wp:term":[{"taxonomy":"product_brand","embeddable":true,"href":"https:\/\/soloaseo.com\/web\/wp-json\/wp\/v2\/product_brand?post=4176"},{"taxonomy":"product_cat","embeddable":true,"href":"https:\/\/soloaseo.com\/web\/wp-json\/wp\/v2\/product_cat?post=4176"},{"taxonomy":"product_tag","embeddable":true,"href":"https:\/\/soloaseo.com\/web\/wp-json\/wp\/v2\/product_tag?post=4176"}],"curies":[{"name":"wp","href":"https:\/\/api.w.org\/{rel}","templated":true}]}}