{"id":4178,"date":"2026-03-17T16:58:41","date_gmt":"2026-03-17T21:58:41","guid":{"rendered":"https:\/\/soloaseo.com\/web\/?post_type=product&#038;p=4178"},"modified":"2026-03-18T08:19:26","modified_gmt":"2026-03-18T13:19:26","slug":"papelera-vaiven-plana-35-lt-blanco-estra","status":"publish","type":"product","link":"https:\/\/soloaseo.com\/web\/producto\/papelera-vaiven-plana-35-lt-blanco-estra\/","title":{"rendered":"PAPELERA VAIVEN PLANA 35 LT BLANCO ESTRA"},"content":{"rendered":"<p>La Papelera Vaiv\u00e9n Plana Estra de 35 litros en color blanco es una opci\u00f3n pr\u00e1ctica y resistente para mantener los espacios limpios y organizados. Su dise\u00f1o funcional la hace ideal para cocinas, oficinas, consultorios, instituciones o \u00e1reas de trabajo.<\/p>\n<p>Cuenta con tapa vaiv\u00e9n plana, que permite depositar los residuos de manera f\u00e1cil y r\u00e1pida, ayudando a mantener el contenido fuera de la vista y favoreciendo la higiene del entorno.<\/p>\n","protected":false},"excerpt":{"rendered":"<p>Papelera Estra de 35 litros color blanco con tapa vaiv\u00e9n plana, pr\u00e1ctica y funcional para la disposici\u00f3n de residuos en hogares, oficinas o espacios de trabajo.<\/p>\n","protected":false},"featured_media":4179,"template":"","meta":[],"product_brand":[],"product_cat":[118,106,107],"product_tag":[185],"class_list":{"0":"post-4178","1":"product","2":"type-product","3":"status-publish","4":"has-post-thumbnail","6":"product_cat-35-lt","7":"product_cat-canecas-y-contenedores","8":"product_cat-papeleras","9":"product_tag-papeleras-y-contenedores","11":"first","12":"instock","13":"shipping-taxable","14":"product-type-simple"},"_links":{"self":[{"href":"https:\/\/soloaseo.com\/web\/wp-json\/wp\/v2\/product\/4178","targetHints":{"allow":["GET"]}}],"collection":[{"href":"https:\/\/soloaseo.com\/web\/wp-json\/wp\/v2\/product"}],"about":[{"href":"https:\/\/soloaseo.com\/web\/wp-json\/wp\/v2\/types\/product"}],"wp:featuredmedia":[{"embeddable":true,"href":"https:\/\/soloaseo.com\/web\/wp-json\/wp\/v2\/media\/4179"}],"wp:attachment":[{"href":"https:\/\/soloaseo.com\/web\/wp-json\/wp\/v2\/media?parent=4178"}],"wp:term":[{"taxonomy":"product_brand","embeddable":true,"href":"https:\/\/soloaseo.com\/web\/wp-json\/wp\/v2\/product_brand?post=4178"},{"taxonomy":"product_cat","embeddable":true,"href":"https:\/\/soloaseo.com\/web\/wp-json\/wp\/v2\/product_cat?post=4178"},{"taxonomy":"product_tag","embeddable":true,"href":"https:\/\/soloaseo.com\/web\/wp-json\/wp\/v2\/product_tag?post=4178"}],"curies":[{"name":"wp","href":"https:\/\/api.w.org\/{rel}","templated":true}]}}