{"id":4181,"date":"2026-03-18T08:23:31","date_gmt":"2026-03-18T13:23:31","guid":{"rendered":"https:\/\/soloaseo.com\/web\/?post_type=product&#038;p=4181"},"modified":"2026-03-18T08:23:31","modified_gmt":"2026-03-18T13:23:31","slug":"recipiente-plastico-rectangular-2l-blanco-estra","status":"publish","type":"product","link":"https:\/\/soloaseo.com\/web\/producto\/recipiente-plastico-rectangular-2l-blanco-estra\/","title":{"rendered":"RECIPIENTE PL\u00c1STICO RECTANGULAR 2L BLANCO ESTRA"},"content":{"rendered":"<p>El Recipiente Pl\u00e1stico Rectangular Estra de 2 litros en color blanco es una soluci\u00f3n pr\u00e1ctica para almacenar, conservar y organizar alimentos u otros productos.<\/p>\n<p>Su dise\u00f1o rectangular permite aprovechar mejor el espacio dentro de la nevera, despensa o gabinetes, facilitando la organizaci\u00f3n. Gracias a su capacidad de 2 litros, es ideal para guardar alimentos, ingredientes o diferentes art\u00edculos de uso diario.<\/p>\n","protected":false},"excerpt":{"rendered":"<p>Recipiente pl\u00e1stico Estra de 2 litros color blanco, pr\u00e1ctico y resistente para almacenar y organizar alimentos u otros productos.<\/p>\n","protected":false},"featured_media":4182,"template":"","meta":[],"product_brand":[],"product_cat":[127,106,110],"product_tag":[185],"class_list":{"0":"post-4181","1":"product","2":"type-product","3":"status-publish","4":"has-post-thumbnail","6":"product_cat-2-lt","7":"product_cat-canecas-y-contenedores","8":"product_cat-contenedores-de-almacenaje","9":"product_tag-papeleras-y-contenedores","11":"first","12":"instock","13":"shipping-taxable","14":"product-type-simple"},"_links":{"self":[{"href":"https:\/\/soloaseo.com\/web\/wp-json\/wp\/v2\/product\/4181","targetHints":{"allow":["GET"]}}],"collection":[{"href":"https:\/\/soloaseo.com\/web\/wp-json\/wp\/v2\/product"}],"about":[{"href":"https:\/\/soloaseo.com\/web\/wp-json\/wp\/v2\/types\/product"}],"wp:featuredmedia":[{"embeddable":true,"href":"https:\/\/soloaseo.com\/web\/wp-json\/wp\/v2\/media\/4182"}],"wp:attachment":[{"href":"https:\/\/soloaseo.com\/web\/wp-json\/wp\/v2\/media?parent=4181"}],"wp:term":[{"taxonomy":"product_brand","embeddable":true,"href":"https:\/\/soloaseo.com\/web\/wp-json\/wp\/v2\/product_brand?post=4181"},{"taxonomy":"product_cat","embeddable":true,"href":"https:\/\/soloaseo.com\/web\/wp-json\/wp\/v2\/product_cat?post=4181"},{"taxonomy":"product_tag","embeddable":true,"href":"https:\/\/soloaseo.com\/web\/wp-json\/wp\/v2\/product_tag?post=4181"}],"curies":[{"name":"wp","href":"https:\/\/api.w.org\/{rel}","templated":true}]}}