{"id":4191,"date":"2026-03-20T11:41:13","date_gmt":"2026-03-20T16:41:13","guid":{"rendered":"https:\/\/soloaseo.com\/web\/?post_type=product&#038;p=4191"},"modified":"2026-03-20T11:41:29","modified_gmt":"2026-03-20T16:41:29","slug":"promo-servilleta-cuadrada-dh-blanca-pq-x-100-rosal","status":"publish","type":"product","link":"https:\/\/soloaseo.com\/web\/producto\/promo-servilleta-cuadrada-dh-blanca-pq-x-100-rosal\/","title":{"rendered":"SERVILLETA CUADRADA DH BLANCA PQ X 100 ROSAL"},"content":{"rendered":"<p>La Servilleta Cuadrada Doble Hoja Rosal Blanca (paquete x 100 unidades) es una opci\u00f3n pr\u00e1ctica y de calidad para diferentes necesidades.<\/p>\n<p>Fabricada con doble hoja (DH), ofrece mayor absorci\u00f3n, suavidad y resistencia, brindando una mejor experiencia en su uso. Su color blanco y dise\u00f1o cl\u00e1sico la hacen vers\u00e1til y f\u00e1cil de integrar en cualquier entorno.<\/p>\n<p>Su presentaci\u00f3n en paquete de 100 unidades permite un consumo eficiente y conveniente.<\/p>\n","protected":false},"excerpt":{"rendered":"<p>Servilleta cuadrada Rosal doble hoja blanca, paquete x 100 unidades, suave, resistente y de excelente absorci\u00f3n.<\/p>\n","protected":false},"featured_media":4192,"template":"","meta":[],"product_brand":[],"product_cat":[84,83,88,16],"product_tag":[180],"class_list":{"0":"post-4191","1":"product","2":"type-product","3":"status-publish","4":"has-post-thumbnail","6":"product_cat-blanca","7":"product_cat-papeleros","8":"product_cat-servilletas","9":"product_cat-sin-categorizar","10":"product_tag-papeleros","12":"first","13":"instock","14":"shipping-taxable","15":"product-type-simple"},"_links":{"self":[{"href":"https:\/\/soloaseo.com\/web\/wp-json\/wp\/v2\/product\/4191","targetHints":{"allow":["GET"]}}],"collection":[{"href":"https:\/\/soloaseo.com\/web\/wp-json\/wp\/v2\/product"}],"about":[{"href":"https:\/\/soloaseo.com\/web\/wp-json\/wp\/v2\/types\/product"}],"wp:featuredmedia":[{"embeddable":true,"href":"https:\/\/soloaseo.com\/web\/wp-json\/wp\/v2\/media\/4192"}],"wp:attachment":[{"href":"https:\/\/soloaseo.com\/web\/wp-json\/wp\/v2\/media?parent=4191"}],"wp:term":[{"taxonomy":"product_brand","embeddable":true,"href":"https:\/\/soloaseo.com\/web\/wp-json\/wp\/v2\/product_brand?post=4191"},{"taxonomy":"product_cat","embeddable":true,"href":"https:\/\/soloaseo.com\/web\/wp-json\/wp\/v2\/product_cat?post=4191"},{"taxonomy":"product_tag","embeddable":true,"href":"https:\/\/soloaseo.com\/web\/wp-json\/wp\/v2\/product_tag?post=4191"}],"curies":[{"name":"wp","href":"https:\/\/api.w.org\/{rel}","templated":true}]}}