{"id":4271,"date":"2026-04-07T09:54:21","date_gmt":"2026-04-07T14:54:21","guid":{"rendered":"https:\/\/soloaseo.com\/web\/?post_type=product&#038;p=4271"},"modified":"2026-04-07T14:43:57","modified_gmt":"2026-04-07T19:43:57","slug":"mecha-trapero-copa-500-gr-azul-con-blanco-ref-1000","status":"publish","type":"product","link":"https:\/\/soloaseo.com\/web\/producto\/mecha-trapero-copa-500-gr-azul-con-blanco-ref-1000\/","title":{"rendered":"MECHA TRAPERO COPA 500 GR AZUL CON BLANCO REF. 1000"},"content":{"rendered":"<p>La Mecha Trapero Tipo Copa de 500 gramos color azul con blanco (Ref. 1000) est\u00e1 dise\u00f1ada para ofrecer una limpieza eficiente, destac\u00e1ndose por su alta absorci\u00f3n y durabilidad.<\/p>\n<p>Su formato tipo copa permite una mejor adaptaci\u00f3n al soporte del trapero, facilitando su instalaci\u00f3n y uso. Gracias a su peso de 500 gramos, ofrece un buen rendimiento en la absorci\u00f3n de l\u00edquidos y limpieza de superficies.<\/p>\n<p>Fabricada con fibras resistentes, permite un uso continuo sin perder efectividad, ayudando a mantener los espacios limpios con mayor facilidad.<\/p>\n","protected":false},"excerpt":{"rendered":"<p>La Mecha Trapero Tipo Copa de 500 gramos color azul con blanco (Ref. 1000) est\u00e1 dise\u00f1ada para ofrecer una limpieza eficiente, destac\u00e1ndose por su alta absorci\u00f3n y durabilidad. Su formato tipo copa permite una mejor adaptaci\u00f3n al soporte del trapero, facilitando su instalaci\u00f3n y uso. Gracias a su peso de 500 gramos, ofrece un buen [&hellip;]<\/p>\n","protected":false},"featured_media":4312,"template":"","meta":[],"product_brand":[],"product_cat":[57,54,73],"product_tag":[181],"class_list":{"0":"post-4271","1":"product","2":"type-product","3":"status-publish","4":"has-post-thumbnail","6":"product_cat-accesorios-de-limpieza","7":"product_cat-aseo","8":"product_cat-traperos-y-mopas","9":"product_tag-aseo","11":"first","12":"instock","13":"shipping-taxable","14":"product-type-simple"},"_links":{"self":[{"href":"https:\/\/soloaseo.com\/web\/wp-json\/wp\/v2\/product\/4271","targetHints":{"allow":["GET"]}}],"collection":[{"href":"https:\/\/soloaseo.com\/web\/wp-json\/wp\/v2\/product"}],"about":[{"href":"https:\/\/soloaseo.com\/web\/wp-json\/wp\/v2\/types\/product"}],"wp:featuredmedia":[{"embeddable":true,"href":"https:\/\/soloaseo.com\/web\/wp-json\/wp\/v2\/media\/4312"}],"wp:attachment":[{"href":"https:\/\/soloaseo.com\/web\/wp-json\/wp\/v2\/media?parent=4271"}],"wp:term":[{"taxonomy":"product_brand","embeddable":true,"href":"https:\/\/soloaseo.com\/web\/wp-json\/wp\/v2\/product_brand?post=4271"},{"taxonomy":"product_cat","embeddable":true,"href":"https:\/\/soloaseo.com\/web\/wp-json\/wp\/v2\/product_cat?post=4271"},{"taxonomy":"product_tag","embeddable":true,"href":"https:\/\/soloaseo.com\/web\/wp-json\/wp\/v2\/product_tag?post=4271"}],"curies":[{"name":"wp","href":"https:\/\/api.w.org\/{rel}","templated":true}]}}