{"id":4289,"date":"2026-04-07T11:10:25","date_gmt":"2026-04-07T16:10:25","guid":{"rendered":"https:\/\/soloaseo.com\/web\/?post_type=product&#038;p=4289"},"modified":"2026-04-07T14:55:56","modified_gmt":"2026-04-07T19:55:56","slug":"mecha-trapero-plana-500-gr-ref-1000","status":"publish","type":"product","link":"https:\/\/soloaseo.com\/web\/producto\/mecha-trapero-plana-500-gr-ref-1000\/","title":{"rendered":"MECHA TRAPERO PLANA 500 GR REF. 1000"},"content":{"rendered":"<p>La Mecha Trapero Plana de 500 gramos (Ref. 1000) est\u00e1 dise\u00f1ada para ofrecer un desempe\u00f1o eficiente en labores de limpieza, gracias a su alta capacidad de absorci\u00f3n y durabilidad.<\/p>\n<p>Su dise\u00f1o plano permite abarcar mayor superficie en cada pasada, facilitando una limpieza m\u00e1s r\u00e1pida y uniforme. Con un peso de 500 gramos, proporciona un buen equilibrio entre rendimiento y facilidad de uso.<\/p>\n<p>Fabricada con materiales resistentes, permite un uso continuo manteniendo su efectividad en la recolecci\u00f3n de l\u00edquidos y suciedad.<\/p>\n","protected":false},"excerpt":{"rendered":"<p>Mecha trapero plana de 500 g (Ref. 1000), resistente, absorbente y de excelente rendimiento.<\/p>\n","protected":false},"featured_media":4290,"template":"","meta":[],"product_brand":[],"product_cat":[57,54,73],"product_tag":[181],"class_list":{"0":"post-4289","1":"product","2":"type-product","3":"status-publish","4":"has-post-thumbnail","6":"product_cat-accesorios-de-limpieza","7":"product_cat-aseo","8":"product_cat-traperos-y-mopas","9":"product_tag-aseo","11":"first","12":"instock","13":"shipping-taxable","14":"product-type-simple"},"_links":{"self":[{"href":"https:\/\/soloaseo.com\/web\/wp-json\/wp\/v2\/product\/4289","targetHints":{"allow":["GET"]}}],"collection":[{"href":"https:\/\/soloaseo.com\/web\/wp-json\/wp\/v2\/product"}],"about":[{"href":"https:\/\/soloaseo.com\/web\/wp-json\/wp\/v2\/types\/product"}],"wp:featuredmedia":[{"embeddable":true,"href":"https:\/\/soloaseo.com\/web\/wp-json\/wp\/v2\/media\/4290"}],"wp:attachment":[{"href":"https:\/\/soloaseo.com\/web\/wp-json\/wp\/v2\/media?parent=4289"}],"wp:term":[{"taxonomy":"product_brand","embeddable":true,"href":"https:\/\/soloaseo.com\/web\/wp-json\/wp\/v2\/product_brand?post=4289"},{"taxonomy":"product_cat","embeddable":true,"href":"https:\/\/soloaseo.com\/web\/wp-json\/wp\/v2\/product_cat?post=4289"},{"taxonomy":"product_tag","embeddable":true,"href":"https:\/\/soloaseo.com\/web\/wp-json\/wp\/v2\/product_tag?post=4289"}],"curies":[{"name":"wp","href":"https:\/\/api.w.org\/{rel}","templated":true}]}}