{"id":4310,"date":"2026-04-07T14:16:41","date_gmt":"2026-04-07T19:16:41","guid":{"rendered":"https:\/\/soloaseo.com\/web\/?post_type=product&#038;p=4310"},"modified":"2026-04-07T14:16:41","modified_gmt":"2026-04-07T19:16:41","slug":"papelera-pedal-45-lt-roja-estra","status":"publish","type":"product","link":"https:\/\/soloaseo.com\/web\/producto\/papelera-pedal-45-lt-roja-estra\/","title":{"rendered":"PAPELERA PEDAL 45 LT ROJA ESTRA"},"content":{"rendered":"<p>La Papelera con Pedal Estra de 45 litros en color rojo es una soluci\u00f3n pr\u00e1ctica y funcional para mantener los espacios limpios y organizados. Su dise\u00f1o moderno y su mayor capacidad la hacen ideal para cocinas, oficinas, consultorios, comercios o \u00e1reas de trabajo.<\/p>\n<p>Cuenta con sistema de apertura mediante pedal, que permite levantar la tapa sin necesidad de usar las manos, brindando mayor higiene y comodidad en el uso diario. Gracias a su capacidad de 45 litros, permite manejar una mayor cantidad de residuos sin ocupar demasiado espacio.<\/p>\n","protected":false},"excerpt":{"rendered":"<p>Papelera Estra de 45 litros color rojo con pedal, pr\u00e1ctica e higi\u00e9nica para la disposici\u00f3n de residuos en hogares, oficinas o espacios de trabajo.<\/p>\n","protected":false},"featured_media":4311,"template":"","meta":[],"product_brand":[],"product_cat":[120,106,107],"product_tag":[187],"class_list":{"0":"post-4310","1":"product","2":"type-product","3":"status-publish","4":"has-post-thumbnail","6":"product_cat-45-lt","7":"product_cat-canecas-y-contenedores","8":"product_cat-papeleras","9":"product_tag-canecas-y-contenedores","11":"first","12":"instock","13":"shipping-taxable","14":"product-type-simple"},"_links":{"self":[{"href":"https:\/\/soloaseo.com\/web\/wp-json\/wp\/v2\/product\/4310","targetHints":{"allow":["GET"]}}],"collection":[{"href":"https:\/\/soloaseo.com\/web\/wp-json\/wp\/v2\/product"}],"about":[{"href":"https:\/\/soloaseo.com\/web\/wp-json\/wp\/v2\/types\/product"}],"wp:featuredmedia":[{"embeddable":true,"href":"https:\/\/soloaseo.com\/web\/wp-json\/wp\/v2\/media\/4311"}],"wp:attachment":[{"href":"https:\/\/soloaseo.com\/web\/wp-json\/wp\/v2\/media?parent=4310"}],"wp:term":[{"taxonomy":"product_brand","embeddable":true,"href":"https:\/\/soloaseo.com\/web\/wp-json\/wp\/v2\/product_brand?post=4310"},{"taxonomy":"product_cat","embeddable":true,"href":"https:\/\/soloaseo.com\/web\/wp-json\/wp\/v2\/product_cat?post=4310"},{"taxonomy":"product_tag","embeddable":true,"href":"https:\/\/soloaseo.com\/web\/wp-json\/wp\/v2\/product_tag?post=4310"}],"curies":[{"name":"wp","href":"https:\/\/api.w.org\/{rel}","templated":true}]}}