{"id":4532,"date":"2026-04-16T11:10:53","date_gmt":"2026-04-16T16:10:53","guid":{"rendered":"https:\/\/soloaseo.com\/web\/?post_type=product&#038;p=4532"},"modified":"2026-04-16T11:10:53","modified_gmt":"2026-04-16T16:10:53","slug":"panela-pulverizada-sb-pq-x-100-soy-panela","status":"publish","type":"product","link":"https:\/\/soloaseo.com\/web\/producto\/panela-pulverizada-sb-pq-x-100-soy-panela\/","title":{"rendered":"PANELA PULVERIZADA SB PQ X 100 SOY PANELA"},"content":{"rendered":"<p>La Panela Pulverizada en Sobres paquete x100 unidades de Soy Panela es una soluci\u00f3n pr\u00e1ctica, natural e higi\u00e9nica para endulzar bebidas con el aut\u00e9ntico sabor de la panela.<\/p>\n<p>Cada sobre contiene la porci\u00f3n ideal de panela pulverizada, lista para usar y de f\u00e1cil disoluci\u00f3n en bebidas calientes o fr\u00edas. Su formato individual permite un mejor control del consumo, evita desperdicios y garantiza mayor higiene, siendo ideal para autoservicio en oficinas, cafeter\u00edas, hoteles y eventos.<\/p>\n<p>Elaborada a partir de ca\u00f1a de az\u00facar, conserva su sabor tradicional y caracter\u00edsticas naturales, ofreciendo una alternativa al az\u00facar refinada con mayor practicidad.<\/p>\n","protected":false},"excerpt":{"rendered":"<p>Panela pulverizada en sobres Soy Panela, paquete x100 unidades. Natural, pr\u00e1ctica y de f\u00e1cil disoluci\u00f3n, ideal para oficinas y uso institucional.<\/p>\n","protected":false},"featured_media":4533,"template":"","meta":[],"product_brand":[],"product_cat":[94,97],"product_tag":[197],"class_list":{"0":"post-4532","1":"product","2":"type-product","3":"status-publish","4":"has-post-thumbnail","6":"product_cat-cafeteria","7":"product_cat-endulzantes","8":"product_tag-cafeteria","10":"first","11":"instock","12":"shipping-taxable","13":"product-type-simple"},"_links":{"self":[{"href":"https:\/\/soloaseo.com\/web\/wp-json\/wp\/v2\/product\/4532","targetHints":{"allow":["GET"]}}],"collection":[{"href":"https:\/\/soloaseo.com\/web\/wp-json\/wp\/v2\/product"}],"about":[{"href":"https:\/\/soloaseo.com\/web\/wp-json\/wp\/v2\/types\/product"}],"wp:featuredmedia":[{"embeddable":true,"href":"https:\/\/soloaseo.com\/web\/wp-json\/wp\/v2\/media\/4533"}],"wp:attachment":[{"href":"https:\/\/soloaseo.com\/web\/wp-json\/wp\/v2\/media?parent=4532"}],"wp:term":[{"taxonomy":"product_brand","embeddable":true,"href":"https:\/\/soloaseo.com\/web\/wp-json\/wp\/v2\/product_brand?post=4532"},{"taxonomy":"product_cat","embeddable":true,"href":"https:\/\/soloaseo.com\/web\/wp-json\/wp\/v2\/product_cat?post=4532"},{"taxonomy":"product_tag","embeddable":true,"href":"https:\/\/soloaseo.com\/web\/wp-json\/wp\/v2\/product_tag?post=4532"}],"curies":[{"name":"wp","href":"https:\/\/api.w.org\/{rel}","templated":true}]}}