{"id":4608,"date":"2026-04-20T15:04:36","date_gmt":"2026-04-20T20:04:36","guid":{"rendered":"https:\/\/soloaseo.com\/web\/?post_type=product&#038;p=4608"},"modified":"2026-04-20T15:04:36","modified_gmt":"2026-04-20T20:04:36","slug":"bolsa-de-basura-especial-marcada-55-x-60-cm-blanca-pq-x-6","status":"publish","type":"product","link":"https:\/\/soloaseo.com\/web\/producto\/bolsa-de-basura-especial-marcada-55-x-60-cm-blanca-pq-x-6\/","title":{"rendered":"BOLSA DE BASURA ESPECIAL MARCADA 55 X 60 CM BLANCA PQ X 6"},"content":{"rendered":"<p>La Bolsa de Basura Especial Marcada Blanca de 55 x 60 cm en presentaci\u00f3n de paquete por 6 unidades es una soluci\u00f3n pr\u00e1ctica y confiable para la recolecci\u00f3n y manejo de residuos en espacios institucionales, comerciales e industriales.<\/p>\n<p>Fabricadas con material resistente, estas bolsas ofrecen buena capacidad y durabilidad para el manejo de residuos livianos y medianos. Su dise\u00f1o marcado facilita la identificaci\u00f3n y clasificaci\u00f3n dentro de los procesos de limpieza, optimizando la organizaci\u00f3n y control de desechos.<\/p>\n","protected":false},"excerpt":{"rendered":"<p>Bolsa de basura especial marcada blanca 55&#215;60 cm, paquete x6 unidades. Resistente y funcional, ideal para manejo de residuos en entornos institucionales y comerciales.<\/p>\n","protected":false},"featured_media":4609,"template":"","meta":[],"product_brand":[],"product_cat":[54,56,69],"product_tag":[181],"class_list":{"0":"post-4608","1":"product","2":"type-product","3":"status-publish","4":"has-post-thumbnail","6":"product_cat-aseo","7":"product_cat-bolsas-de-aseo","8":"product_cat-industrial","9":"product_tag-aseo","11":"first","12":"instock","13":"shipping-taxable","14":"product-type-simple"},"_links":{"self":[{"href":"https:\/\/soloaseo.com\/web\/wp-json\/wp\/v2\/product\/4608","targetHints":{"allow":["GET"]}}],"collection":[{"href":"https:\/\/soloaseo.com\/web\/wp-json\/wp\/v2\/product"}],"about":[{"href":"https:\/\/soloaseo.com\/web\/wp-json\/wp\/v2\/types\/product"}],"wp:featuredmedia":[{"embeddable":true,"href":"https:\/\/soloaseo.com\/web\/wp-json\/wp\/v2\/media\/4609"}],"wp:attachment":[{"href":"https:\/\/soloaseo.com\/web\/wp-json\/wp\/v2\/media?parent=4608"}],"wp:term":[{"taxonomy":"product_brand","embeddable":true,"href":"https:\/\/soloaseo.com\/web\/wp-json\/wp\/v2\/product_brand?post=4608"},{"taxonomy":"product_cat","embeddable":true,"href":"https:\/\/soloaseo.com\/web\/wp-json\/wp\/v2\/product_cat?post=4608"},{"taxonomy":"product_tag","embeddable":true,"href":"https:\/\/soloaseo.com\/web\/wp-json\/wp\/v2\/product_tag?post=4608"}],"curies":[{"name":"wp","href":"https:\/\/api.w.org\/{rel}","templated":true}]}}