{"id":790,"date":"2017-06-06T11:37:23","date_gmt":"2017-06-06T11:37:23","guid":{"rendered":"http:\/\/demo.woothemes.com\/woocommerce\/?post_type=product&#038;p=96"},"modified":"2024-05-28T10:18:55","modified_gmt":"2024-05-28T15:18:55","slug":"varsol-ecologico","status":"publish","type":"product","link":"https:\/\/soloaseo.com\/web\/producto\/varsol-ecologico\/","title":{"rendered":"Varsol Ecol\u00f3gico"},"content":{"rendered":"<p>Es un limpiador multiusos que remueve con facilidad la mugre de superficies y textiles sin atacarlas. Protege toda clase de superficies como metal, formica, acero, pl\u00e1stico, madera, poliuretano, pa\u00f1os, telas, cuero, sint\u00e9ticos o cuerinas, enchapes, cocinas y neveras.<\/p>\n<p><strong>INSTRUCCIONES DE USO<\/strong><br \/>\nImpregne un pa\u00f1o limpio con el producto y frote sobre la superficie a limpiar.<\/p>\n<p>&nbsp;<\/p>\n<p><strong><em>LIMPIADOR MULTIUSOS &#8211; LIMPIEZA DE TODO TIPO DE SUPERFICIES<\/em><\/strong><\/p>\n","protected":false},"excerpt":{"rendered":"<div class=\"col-xs-6\">\n<ul class=\"marker-list-arrow\">\n<li>Marca<\/li>\n<li>Fragancia<\/li>\n<li>Color<\/li>\n<li>Presentaci\u00f3n<\/li>\n<\/ul>\n<\/div>\n<div class=\"col-xs-6\">\n<ul class=\"no-marker\">\n<li>Soloaseo<\/li>\n<li>Caracter\u00edstico del producto<\/li>\n<li>Blanco<\/li>\n<li>Gal\u00f3n y Frasco<\/li>\n<\/ul>\n<\/div>\n<p>&nbsp;<\/p>\n<p>&nbsp;<\/p>\n","protected":false},"featured_media":2527,"comment_status":"open","ping_status":"closed","template":"","meta":{"_editorskit_title_hidden":false,"_editorskit_reading_time":0,"_editorskit_is_block_options_detached":false,"_editorskit_block_options_position":"{}","_joinchat":[]},"product_brand":[],"product_cat":[15,67],"product_tag":[],"class_list":{"0":"post-790","1":"product","2":"type-product","3":"status-publish","4":"has-post-thumbnail","6":"product_cat-productos-soloaseo","7":"product_cat-limpiadores","9":"first","10":"instock","11":"virtual","12":"product-type-simple"},"yoast_head":"<!-- This site is optimized with the Yoast SEO plugin v25.6 - https:\/\/yoast.com\/wordpress\/plugins\/seo\/ -->\n<title>Varsol Ecol\u00f3gico - Soloaseo Distribuciones SAS<\/title>\n<meta name=\"description\" content=\"Elimina suciedad y microorganismos en ba\u00f1o,pisos, paredes y baldosas, no remueve las capas de cera, ni necesita enjuague posterior. El uso del producto concentrado permite limpieza de sanitario, desag\u00fces, rejillas, entre otros.\" \/>\n<meta name=\"robots\" content=\"index, follow, max-snippet:-1, max-image-preview:large, max-video-preview:-1\" \/>\n<link rel=\"canonical\" href=\"https:\/\/soloaseo.com\/web\/producto\/varsol-ecologico\/\" \/>\n<meta property=\"og:locale\" content=\"es_ES\" \/>\n<meta property=\"og:type\" content=\"article\" \/>\n<meta property=\"og:title\" content=\"Varsol Ecol\u00f3gico - Soloaseo Distribuciones SAS\" \/>\n<meta property=\"og:description\" content=\"Elimina suciedad y microorganismos en ba\u00f1o,pisos, paredes y baldosas, no remueve las capas de cera, ni necesita enjuague posterior. El uso del producto concentrado permite limpieza de sanitario, desag\u00fces, rejillas, entre otros.\" \/>\n<meta property=\"og:url\" content=\"https:\/\/soloaseo.com\/web\/producto\/varsol-ecologico\/\" \/>\n<meta property=\"og:site_name\" content=\"Soloaseo Distribuciones SAS\" \/>\n<meta property=\"article:publisher\" content=\"https:\/\/www.facebook.com\/Soloaseo\/\" \/>\n<meta property=\"article:modified_time\" content=\"2024-05-28T15:18:55+00:00\" \/>\n<meta property=\"og:image\" content=\"https:\/\/soloaseo.com\/web\/wp-content\/uploads\/2024\/04\/A00088-VARSOL-ECOLOGICO-GL-3.8-L-SOLOASEO.png\" \/>\n\t<meta property=\"og:image:width\" content=\"500\" \/>\n\t<meta property=\"og:image:height\" content=\"375\" \/>\n\t<meta property=\"og:image:type\" content=\"image\/png\" \/>\n<meta name=\"twitter:card\" content=\"summary_large_image\" \/>\n<meta name=\"twitter:label1\" content=\"Tiempo de lectura\" \/>\n\t<meta name=\"twitter:data1\" content=\"1 minuto\" \/>\n<script type=\"application\/ld+json\" class=\"yoast-schema-graph\">{\"@context\":\"https:\/\/schema.org\",\"@graph\":[{\"@type\":\"WebPage\",\"@id\":\"https:\/\/soloaseo.com\/web\/producto\/varsol-ecologico\/\",\"url\":\"https:\/\/soloaseo.com\/web\/producto\/varsol-ecologico\/\",\"name\":\"Varsol Ecol\u00f3gico - Soloaseo Distribuciones SAS\",\"isPartOf\":{\"@id\":\"https:\/\/soloaseo.com\/web\/#website\"},\"primaryImageOfPage\":{\"@id\":\"https:\/\/soloaseo.com\/web\/producto\/varsol-ecologico\/#primaryimage\"},\"image\":{\"@id\":\"https:\/\/soloaseo.com\/web\/producto\/varsol-ecologico\/#primaryimage\"},\"thumbnailUrl\":\"https:\/\/soloaseo.com\/web\/wp-content\/uploads\/2024\/04\/A00088-VARSOL-ECOLOGICO-GL-3.8-L-SOLOASEO.png\",\"datePublished\":\"2017-06-06T11:37:23+00:00\",\"dateModified\":\"2024-05-28T15:18:55+00:00\",\"description\":\"Elimina suciedad y microorganismos en ba\u00f1o,pisos, paredes y baldosas, no remueve las capas de cera, ni necesita enjuague posterior. El uso del producto concentrado permite limpieza de sanitario, desag\u00fces, rejillas, entre otros.\",\"breadcrumb\":{\"@id\":\"https:\/\/soloaseo.com\/web\/producto\/varsol-ecologico\/#breadcrumb\"},\"inLanguage\":\"es\",\"potentialAction\":[{\"@type\":\"ReadAction\",\"target\":[\"https:\/\/soloaseo.com\/web\/producto\/varsol-ecologico\/\"]}]},{\"@type\":\"ImageObject\",\"inLanguage\":\"es\",\"@id\":\"https:\/\/soloaseo.com\/web\/producto\/varsol-ecologico\/#primaryimage\",\"url\":\"https:\/\/soloaseo.com\/web\/wp-content\/uploads\/2024\/04\/A00088-VARSOL-ECOLOGICO-GL-3.8-L-SOLOASEO.png\",\"contentUrl\":\"https:\/\/soloaseo.com\/web\/wp-content\/uploads\/2024\/04\/A00088-VARSOL-ECOLOGICO-GL-3.8-L-SOLOASEO.png\",\"width\":500,\"height\":375},{\"@type\":\"BreadcrumbList\",\"@id\":\"https:\/\/soloaseo.com\/web\/producto\/varsol-ecologico\/#breadcrumb\",\"itemListElement\":[{\"@type\":\"ListItem\",\"position\":1,\"name\":\"Home\",\"item\":\"https:\/\/soloaseo.com\/web\/\"},{\"@type\":\"ListItem\",\"position\":2,\"name\":\"Productos\",\"item\":\"https:\/\/soloaseo.com\/web\/shop\/\"},{\"@type\":\"ListItem\",\"position\":3,\"name\":\"Varsol Ecol\u00f3gico\"}]},{\"@type\":\"WebSite\",\"@id\":\"https:\/\/soloaseo.com\/web\/#website\",\"url\":\"https:\/\/soloaseo.com\/web\/\",\"name\":\"Soloaseo Distribuciones SAS\",\"description\":\"Empresa distribuidora de productos de limpieza y suministros de higiene para su negocio.\",\"potentialAction\":[{\"@type\":\"SearchAction\",\"target\":{\"@type\":\"EntryPoint\",\"urlTemplate\":\"https:\/\/soloaseo.com\/web\/?s={search_term_string}\"},\"query-input\":{\"@type\":\"PropertyValueSpecification\",\"valueRequired\":true,\"valueName\":\"search_term_string\"}}],\"inLanguage\":\"es\"}]}<\/script>\n<!-- \/ Yoast SEO plugin. -->","yoast_head_json":{"title":"Varsol Ecol\u00f3gico - Soloaseo Distribuciones SAS","description":"Elimina suciedad y microorganismos en ba\u00f1o,pisos, paredes y baldosas, no remueve las capas de cera, ni necesita enjuague posterior. El uso del producto concentrado permite limpieza de sanitario, desag\u00fces, rejillas, entre otros.","robots":{"index":"index","follow":"follow","max-snippet":"max-snippet:-1","max-image-preview":"max-image-preview:large","max-video-preview":"max-video-preview:-1"},"canonical":"https:\/\/soloaseo.com\/web\/producto\/varsol-ecologico\/","og_locale":"es_ES","og_type":"article","og_title":"Varsol Ecol\u00f3gico - Soloaseo Distribuciones SAS","og_description":"Elimina suciedad y microorganismos en ba\u00f1o,pisos, paredes y baldosas, no remueve las capas de cera, ni necesita enjuague posterior. El uso del producto concentrado permite limpieza de sanitario, desag\u00fces, rejillas, entre otros.","og_url":"https:\/\/soloaseo.com\/web\/producto\/varsol-ecologico\/","og_site_name":"Soloaseo Distribuciones SAS","article_publisher":"https:\/\/www.facebook.com\/Soloaseo\/","article_modified_time":"2024-05-28T15:18:55+00:00","og_image":[{"width":500,"height":375,"url":"https:\/\/soloaseo.com\/web\/wp-content\/uploads\/2024\/04\/A00088-VARSOL-ECOLOGICO-GL-3.8-L-SOLOASEO.png","type":"image\/png"}],"twitter_card":"summary_large_image","twitter_misc":{"Tiempo de lectura":"1 minuto"},"schema":{"@context":"https:\/\/schema.org","@graph":[{"@type":"WebPage","@id":"https:\/\/soloaseo.com\/web\/producto\/varsol-ecologico\/","url":"https:\/\/soloaseo.com\/web\/producto\/varsol-ecologico\/","name":"Varsol Ecol\u00f3gico - Soloaseo Distribuciones SAS","isPartOf":{"@id":"https:\/\/soloaseo.com\/web\/#website"},"primaryImageOfPage":{"@id":"https:\/\/soloaseo.com\/web\/producto\/varsol-ecologico\/#primaryimage"},"image":{"@id":"https:\/\/soloaseo.com\/web\/producto\/varsol-ecologico\/#primaryimage"},"thumbnailUrl":"https:\/\/soloaseo.com\/web\/wp-content\/uploads\/2024\/04\/A00088-VARSOL-ECOLOGICO-GL-3.8-L-SOLOASEO.png","datePublished":"2017-06-06T11:37:23+00:00","dateModified":"2024-05-28T15:18:55+00:00","description":"Elimina suciedad y microorganismos en ba\u00f1o,pisos, paredes y baldosas, no remueve las capas de cera, ni necesita enjuague posterior. El uso del producto concentrado permite limpieza de sanitario, desag\u00fces, rejillas, entre otros.","breadcrumb":{"@id":"https:\/\/soloaseo.com\/web\/producto\/varsol-ecologico\/#breadcrumb"},"inLanguage":"es","potentialAction":[{"@type":"ReadAction","target":["https:\/\/soloaseo.com\/web\/producto\/varsol-ecologico\/"]}]},{"@type":"ImageObject","inLanguage":"es","@id":"https:\/\/soloaseo.com\/web\/producto\/varsol-ecologico\/#primaryimage","url":"https:\/\/soloaseo.com\/web\/wp-content\/uploads\/2024\/04\/A00088-VARSOL-ECOLOGICO-GL-3.8-L-SOLOASEO.png","contentUrl":"https:\/\/soloaseo.com\/web\/wp-content\/uploads\/2024\/04\/A00088-VARSOL-ECOLOGICO-GL-3.8-L-SOLOASEO.png","width":500,"height":375},{"@type":"BreadcrumbList","@id":"https:\/\/soloaseo.com\/web\/producto\/varsol-ecologico\/#breadcrumb","itemListElement":[{"@type":"ListItem","position":1,"name":"Home","item":"https:\/\/soloaseo.com\/web\/"},{"@type":"ListItem","position":2,"name":"Productos","item":"https:\/\/soloaseo.com\/web\/shop\/"},{"@type":"ListItem","position":3,"name":"Varsol Ecol\u00f3gico"}]},{"@type":"WebSite","@id":"https:\/\/soloaseo.com\/web\/#website","url":"https:\/\/soloaseo.com\/web\/","name":"Soloaseo Distribuciones SAS","description":"Empresa distribuidora de productos de limpieza y suministros de higiene para su negocio.","potentialAction":[{"@type":"SearchAction","target":{"@type":"EntryPoint","urlTemplate":"https:\/\/soloaseo.com\/web\/?s={search_term_string}"},"query-input":{"@type":"PropertyValueSpecification","valueRequired":true,"valueName":"search_term_string"}}],"inLanguage":"es"}]}},"jetpack_sharing_enabled":true,"_links":{"self":[{"href":"https:\/\/soloaseo.com\/web\/wp-json\/wp\/v2\/product\/790"}],"collection":[{"href":"https:\/\/soloaseo.com\/web\/wp-json\/wp\/v2\/product"}],"about":[{"href":"https:\/\/soloaseo.com\/web\/wp-json\/wp\/v2\/types\/product"}],"replies":[{"embeddable":true,"href":"https:\/\/soloaseo.com\/web\/wp-json\/wp\/v2\/comments?post=790"}],"wp:featuredmedia":[{"embeddable":true,"href":"https:\/\/soloaseo.com\/web\/wp-json\/wp\/v2\/media\/2527"}],"wp:attachment":[{"href":"https:\/\/soloaseo.com\/web\/wp-json\/wp\/v2\/media?parent=790"}],"wp:term":[{"taxonomy":"product_brand","embeddable":true,"href":"https:\/\/soloaseo.com\/web\/wp-json\/wp\/v2\/product_brand?post=790"},{"taxonomy":"product_cat","embeddable":true,"href":"https:\/\/soloaseo.com\/web\/wp-json\/wp\/v2\/product_cat?post=790"},{"taxonomy":"product_tag","embeddable":true,"href":"https:\/\/soloaseo.com\/web\/wp-json\/wp\/v2\/product_tag?post=790"}],"curies":[{"name":"wp","href":"https:\/\/api.w.org\/{rel}","templated":true}]}}